{"id":10054,"date":"2024-02-04T10:24:31","date_gmt":"2024-02-04T10:24:31","guid":{"rendered":"http:\/\/maldives-paradise.com\/?page_id=10054"},"modified":"2025-02-21T07:26:27","modified_gmt":"2025-02-21T07:26:27","slug":"4-sterne-hotelresorts-auf-den-malediven-2","status":"publish","type":"page","link":"http:\/\/maldives-paradise.com\/de\/4-sterne-hotelresorts-auf-den-malediven-2\/","title":{"rendered":"4-Sterne-Hotels und Resorts auf den Malediven 2"},"content":{"rendered":"<div class=\"wpb-content-wrapper\"><div class=\"vc_row wpb_row vc_row-fluid\"><div class=\"wpb_column vc_column_container vc_col-sm-12\"><div class=\"vc_column-inner\"><div class=\"wpb_wrapper\">\n\t<div class=\"wpb_text_column wpb_content_element\" >\n\t\t<div class=\"wpb_wrapper\">\n\t\t\t<h3>Eine Auswahl von 4-Sterne-Hotels und Resorts auf den Malediven<\/h3>\n<p>Die Malediven sind die Heimat zahlreicher <strong data-start=\"82\" data-end=\"111\">4-Sterne-Hotels und Resorts<\/strong>und bietet eine perfekte Balance aus <strong data-start=\"143\" data-end=\"181\">Luxus, Komfort und Erschwinglichkeit<\/strong>Diese Resorts bieten <strong data-start=\"205\" data-end=\"282\">atemberaubende Strandvillen, \u00dcberwasserbungalows und hervorragende Einrichtungen<\/strong>, einschlie\u00dflich <strong data-start=\"294\" data-end=\"338\">Pools, Spas und mehrere gastronomische Einrichtungen<\/strong>. Die G\u00e4ste k\u00f6nnen sich verw\u00f6hnen lassen <strong data-start=\"362\" data-end=\"404\">Schnorcheln, Tauchen und Sonnenuntergangskreuzfahrten<\/strong>und genie\u00dfen Sie dabei <strong data-start=\"425\" data-end=\"481\">au\u00dfergew\u00f6hnliche Gastfreundschaft und atemberaubende Meerblicke<\/strong>Mit einer Mischung aus <strong data-start=\"499\" data-end=\"538\">moderne Annehmlichkeiten und nat\u00fcrliche Sch\u00f6nheit<\/strong>, <strong data-start=\"540\" data-end=\"574\">4-Sterne-Resorts auf den Malediven<\/strong> versprechen einen unvergesslichen Inselurlaub ohne die Premiumpreise ultraluxuri\u00f6ser Resorts.<\/p>\n\n\t\t<\/div>\n\t<\/div>\n<\/div><\/div><\/div><\/div><div class=\"vc_row wpb_row vc_row-fluid\"><div class=\"wpb_column vc_column_container vc_col-sm-3\"><div class=\"vc_column-inner\"><div class=\"wpb_wrapper\">\n\t<div  class=\"wpb_single_image wpb_content_element vc_align_left wpb_content_element\">\n\t\t\n\t\t<figure class=\"wpb_wrapper vc_figure\">\n\t\t\t<a href=\"http:\/\/maldives-paradise.com\/de\/fiyavalhu-resort-malediven\/\" target=\"_self\" class=\"vc_single_image-wrapper   vc_box_border_grey\"><img loading=\"lazy\" decoding=\"async\" width=\"150\" height=\"150\" src=\"https:\/\/maldives-paradise.com\/wp-content\/uploads\/2024\/02\/fiyavalhu-150x150.jpg\" class=\"vc_single_image-img attachment-thumbnail\" alt=\"Fiyavalhu Resort Malediven\" title=\"Fiyavalhu\" \/><\/a>\n\t\t<\/figure>\n\t<\/div>\n<\/div><\/div><\/div><div class=\"wpb_column vc_column_container vc_col-sm-9\"><div class=\"vc_column-inner\"><div class=\"wpb_wrapper\">\n\t<div class=\"wpb_text_column wpb_content_element\" >\n\t\t<div class=\"wpb_wrapper\">\n\t\t\t<h4><a href=\"http:\/\/maldives-paradise.com\/de\/fiyavalhu-resort-malediven\/\">Fiyavalhu Resort Malediven<\/a><\/h4>\n<p>Das Fiyavalhu Resort Maldives ist ein tropisches Paradies, das einen unvergesslichen Urlaub verspricht. Seine atemberaubende Lage, luxuri\u00f6se Unterk\u00fcnfte, k\u00f6stliche K\u00fcche und sein Engagement f\u00fcr Nachhaltigkeit machen es zur idealen Wahl f\u00fcr Reisende, die in eine Welt voller nat\u00fcrlicher Sch\u00f6nheit und Ruhe entfliehen m\u00f6chten.<\/p>\n\n\t\t<\/div>\n\t<\/div>\n<\/div><\/div><\/div><\/div><div class=\"vc_row wpb_row vc_row-fluid\"><div class=\"wpb_column vc_column_container vc_col-sm-3\"><div class=\"vc_column-inner\"><div class=\"wpb_wrapper\">\n\t<div  class=\"wpb_single_image wpb_content_element vc_align_left wpb_content_element\">\n\t\t\n\t\t<figure class=\"wpb_wrapper vc_figure\">\n\t\t\t<a href=\"http:\/\/maldives-paradise.com\/de\/holiday-inn-resort-kandooma-malediven\/\" target=\"_self\" class=\"vc_single_image-wrapper   vc_box_border_grey\"><img loading=\"lazy\" decoding=\"async\" width=\"150\" height=\"150\" src=\"https:\/\/maldives-paradise.com\/wp-content\/uploads\/2024\/02\/kandooma2-150x150.jpg\" class=\"vc_single_image-img attachment-thumbnail\" alt=\"Das Holiday Inn Resort Kandooma Malediven\" title=\"Kandooma2\" \/><\/a>\n\t\t<\/figure>\n\t<\/div>\n<\/div><\/div><\/div><div class=\"wpb_column vc_column_container vc_col-sm-9\"><div class=\"vc_column-inner\"><div class=\"wpb_wrapper\">\n\t<div class=\"wpb_text_column wpb_content_element\" >\n\t\t<div class=\"wpb_wrapper\">\n\t\t\t<h4><a href=\"http:\/\/maldives-paradise.com\/de\/holiday-inn-resort-kandooma-malediven\/\">Holiday Inn Resort Kandooma Malediven<\/a><\/h4>\n<p>Mit seiner atemberaubenden Lage, den luxuri\u00f6sen Unterk\u00fcnften, der k\u00f6stlichen K\u00fcche und dem Engagement f\u00fcr Nachhaltigkeit ist es die perfekte Wahl f\u00fcr Reisende, die gleicherma\u00dfen Entspannung und Abenteuer suchen.<\/p>\n\n\t\t<\/div>\n\t<\/div>\n<\/div><\/div><\/div><\/div><div class=\"vc_row wpb_row vc_row-fluid\"><div class=\"wpb_column vc_column_container vc_col-sm-3\"><div class=\"vc_column-inner\"><div class=\"wpb_wrapper\">\n\t<div  class=\"wpb_single_image wpb_content_element vc_align_left wpb_content_element\">\n\t\t\n\t\t<figure class=\"wpb_wrapper vc_figure\">\n\t\t\t<a href=\"http:\/\/maldives-paradise.com\/de\/ferieninsel-resort-malediven\/\" target=\"_self\" class=\"vc_single_image-wrapper   vc_box_border_grey\"><img loading=\"lazy\" decoding=\"async\" width=\"150\" height=\"150\" src=\"https:\/\/maldives-paradise.com\/wp-content\/uploads\/2024\/02\/holiday-island-resort-slides-7831-150x150.jpg\" class=\"vc_single_image-img attachment-thumbnail\" alt=\"Ferieninsel-Resort\" title=\"Ferieninsel-Resort-Rutschen-7831\" \/><\/a>\n\t\t<\/figure>\n\t<\/div>\n<\/div><\/div><\/div><div class=\"wpb_column vc_column_container vc_col-sm-9\"><div class=\"vc_column-inner\"><div class=\"wpb_wrapper\">\n\t<div class=\"wpb_text_column wpb_content_element\" >\n\t\t<div class=\"wpb_wrapper\">\n\t\t\t<h4><a href=\"http:\/\/maldives-paradise.com\/de\/ferieninsel-resort-malediven\/\">Ferieninsel-Resort<\/a><\/h4>\n<p>Das Holiday Island Resort auf den Malediven ist eine bezaubernde tropische Oase, die einen unvergesslichen Urlaub verspricht. Seine atemberaubende Lage, luxuri\u00f6se Unterk\u00fcnfte, k\u00f6stliche K\u00fcche und sein Engagement f\u00fcr Nachhaltigkeit machen es zur idealen Wahl f\u00fcr Reisende, die eine harmonische Mischung aus Entspannung und Abenteuer suchen.<\/p>\n\n\t\t<\/div>\n\t<\/div>\n<\/div><\/div><\/div><\/div><div class=\"vc_row wpb_row vc_row-fluid\"><div class=\"wpb_column vc_column_container vc_col-sm-3\"><div class=\"vc_column-inner\"><div class=\"wpb_wrapper\">\n\t<div  class=\"wpb_single_image wpb_content_element vc_align_left wpb_content_element\">\n\t\t\n\t\t<figure class=\"wpb_wrapper vc_figure\">\n\t\t\t<a href=\"http:\/\/maldives-paradise.com\/de\/hotel-riu-atoll\/\" target=\"_self\" class=\"vc_single_image-wrapper   vc_box_border_grey\"><img loading=\"lazy\" decoding=\"async\" width=\"150\" height=\"150\" src=\"https:\/\/maldives-paradise.com\/wp-content\/uploads\/2024\/01\/Cora-Cora-maldives-2-150x150.jpg\" class=\"vc_single_image-img attachment-thumbnail\" alt=\"Cora Cora Malediven\" title=\"Cora-Cora-Malediven-2\" \/><\/a>\n\t\t<\/figure>\n\t<\/div>\n<\/div><\/div><\/div><div class=\"wpb_column vc_column_container vc_col-sm-9\"><div class=\"vc_column-inner\"><div class=\"wpb_wrapper\">\n\t<div class=\"wpb_text_column wpb_content_element\" >\n\t\t<div class=\"wpb_wrapper\">\n\t\t\t<h4><a href=\"http:\/\/maldives-paradise.com\/de\/hotel-riu-atoll\/\">Hotel Riu Atoll<\/a><\/h4>\n<p>Das Hotel Riu Atoll liegt strategisch g\u00fcnstig auf der Insel Maafushi, einem Teil des S\u00fcd-Mal\u00e9-Atolls. Das Resort ist \u00fcber eine malerische 45-min\u00fctige Fahrt mit dem Schnellboot vom internationalen Flughafen Velana aus erreichbar, sodass G\u00e4ste ihren Urlaub bequem direkt nach der Ankunft beginnen k\u00f6nnen.<\/p>\n\n\t\t<\/div>\n\t<\/div>\n<\/div><\/div><\/div><\/div><div class=\"vc_row wpb_row vc_row-fluid\"><div class=\"wpb_column vc_column_container vc_col-sm-3\"><div class=\"vc_column-inner\"><div class=\"wpb_wrapper\">\n\t<div  class=\"wpb_single_image wpb_content_element vc_align_left wpb_content_element\">\n\t\t\n\t\t<figure class=\"wpb_wrapper vc_figure\">\n\t\t\t<a href=\"http:\/\/maldives-paradise.com\/de\/innahura-malediven-resort\/\" target=\"_self\" class=\"vc_single_image-wrapper   vc_box_border_grey\"><img loading=\"lazy\" decoding=\"async\" width=\"150\" height=\"150\" src=\"https:\/\/maldives-paradise.com\/wp-content\/uploads\/2024\/02\/innahura-maldives-resort-150x150.jpg\" class=\"vc_single_image-img attachment-thumbnail\" alt=\"Innahura Malediven Resort\" title=\"Innahura-Malediven-Resort\" \/><\/a>\n\t\t<\/figure>\n\t<\/div>\n<\/div><\/div><\/div><div class=\"wpb_column vc_column_container vc_col-sm-9\"><div class=\"vc_column-inner\"><div class=\"wpb_wrapper\">\n\t<div class=\"wpb_text_column wpb_content_element\" >\n\t\t<div class=\"wpb_wrapper\">\n\t\t\t<h4><a href=\"http:\/\/maldives-paradise.com\/de\/innahura-malediven-resort\/\">Innahura Malediven Resort<\/a><\/h4>\n<p>Das Resort bietet eine Reihe komfortabler und charmanter Unterkunftsm\u00f6glichkeiten f\u00fcr jeden Geschmack. Von Strandbungalows bis hin zu \u00dcberwasservillen ist jede Einheit sorgf\u00e4ltig gestaltet, um eine Mischung aus Komfort und Luxus im Inselstil zu bieten. Mit modernen Annehmlichkeiten und privaten Terrassen mit Blick auf das t\u00fcrkisfarbene Wasser finden Sie in jeder Ecke Ruhe und Entspannung.<\/p>\n\n\t\t<\/div>\n\t<\/div>\n<\/div><\/div><\/div><\/div><div class=\"vc_row wpb_row vc_row-fluid\"><div class=\"wpb_column vc_column_container vc_col-sm-3\"><div class=\"vc_column-inner\"><div class=\"wpb_wrapper\">\n\t<div  class=\"wpb_single_image wpb_content_element vc_align_left wpb_content_element\">\n\t\t\n\t\t<figure class=\"wpb_wrapper vc_figure\">\n\t\t\t<a href=\"http:\/\/maldives-paradise.com\/de\/komandoo-island-resort-spa\/\" target=\"_self\" class=\"vc_single_image-wrapper   vc_box_border_grey\"><img loading=\"lazy\" decoding=\"async\" width=\"150\" height=\"150\" src=\"https:\/\/maldives-paradise.com\/wp-content\/uploads\/2024\/01\/komandoo3.-150x150.jpg\" class=\"vc_single_image-img attachment-thumbnail\" alt=\"Komandoo Island Resort &amp; Spa\" title=\"Komandoo Infinity-Pool\" \/><\/a>\n\t\t<\/figure>\n\t<\/div>\n<\/div><\/div><\/div><div class=\"wpb_column vc_column_container vc_col-sm-9\"><div class=\"vc_column-inner\"><div class=\"wpb_wrapper\">\n\t<div class=\"wpb_text_column wpb_content_element\" >\n\t\t<div class=\"wpb_wrapper\">\n\t\t\t<h4><a href=\"http:\/\/maldives-paradise.com\/de\/komandoo-island-resort-spa\/\">Komandoo Island Resort &amp; Spa<\/a><\/h4>\n<p>Entfliehen Sie in eine Welt voller Opulenz und Ruhe bei <strong>Komandoo Island Resort &amp; Spa<\/strong>, ein exquisiter Zufluchtsort nur f\u00fcr Erwachsene im Herzen der Malediven. Dieses Luxusresort ist f\u00fcr seine unvergleichliche Sch\u00f6nheit und seinen unvergleichlichen Service bekannt und verspricht einen idyllischen R\u00fcckzugsort f\u00fcr alle, die den Inbegriff eines tropischen Paradieses suchen.<\/p>\n\n\t\t<\/div>\n\t<\/div>\n<\/div><\/div><\/div><\/div><div class=\"vc_row wpb_row vc_row-fluid\"><div class=\"wpb_column vc_column_container vc_col-sm-3\"><div class=\"vc_column-inner\"><div class=\"wpb_wrapper\">\n\t<div  class=\"wpb_single_image wpb_content_element vc_align_left wpb_content_element\">\n\t\t\n\t\t<figure class=\"wpb_wrapper vc_figure\">\n\t\t\t<a href=\"http:\/\/maldives-paradise.com\/de\/kuramathi-inselresort\/\" target=\"_self\" class=\"vc_single_image-wrapper   vc_box_border_grey\"><img loading=\"lazy\" decoding=\"async\" width=\"150\" height=\"150\" src=\"https:\/\/maldives-paradise.com\/wp-content\/uploads\/2024\/02\/Kuramathi_Sandbank-400-150x150.jpg\" class=\"vc_single_image-img attachment-thumbnail\" alt=\"Kuramathi Island Resort\" title=\"Kuramathi_Sandbank-400\" \/><\/a>\n\t\t<\/figure>\n\t<\/div>\n<\/div><\/div><\/div><div class=\"wpb_column vc_column_container vc_col-sm-9\"><div class=\"vc_column-inner\"><div class=\"wpb_wrapper\">\n\t<div class=\"wpb_text_column wpb_content_element\" >\n\t\t<div class=\"wpb_wrapper\">\n\t\t\t<h4><a href=\"http:\/\/maldives-paradise.com\/de\/kuramathi-inselresort\/\">Kuramathi Island Resort<\/a><\/h4>\n<p>Das Kuramathi Island Resort ist ein Zufluchtsort voller nat\u00fcrlicher Sch\u00f6nheit, Luxus und Ruhe. Es ist ein unwiderstehliches Reiseziel f\u00fcr Reisende, die sich nach einer perfekten Mischung aus Entspannung, Abenteuer und dem atemberaubenden Reiz des maledivischen Archipels sehnen.<\/p>\n\n\t\t<\/div>\n\t<\/div>\n<\/div><\/div><\/div><\/div><div class=\"vc_row wpb_row vc_row-fluid\"><div class=\"wpb_column vc_column_container vc_col-sm-3\"><div class=\"vc_column-inner\"><div class=\"wpb_wrapper\">\n\t<div  class=\"wpb_single_image wpb_content_element vc_align_left wpb_content_element\">\n\t\t\n\t\t<figure class=\"wpb_wrapper vc_figure\">\n\t\t\t<a href=\"http:\/\/maldives-paradise.com\/de\/kuredu-island-resort-spa\/\" target=\"_self\" class=\"vc_single_image-wrapper   vc_box_border_grey\"><img loading=\"lazy\" decoding=\"async\" width=\"150\" height=\"150\" src=\"https:\/\/maldives-paradise.com\/wp-content\/uploads\/2024\/02\/kuredu3-150x150.jpg\" class=\"vc_single_image-img attachment-thumbnail\" alt=\"Kuredu Island Resort &amp; Spa\" title=\"kuredu3\" \/><\/a>\n\t\t<\/figure>\n\t<\/div>\n<\/div><\/div><\/div><div class=\"wpb_column vc_column_container vc_col-sm-9\"><div class=\"vc_column-inner\"><div class=\"wpb_wrapper\">\n\t<div class=\"wpb_text_column wpb_content_element\" >\n\t\t<div class=\"wpb_wrapper\">\n\t\t\t<h4><a href=\"http:\/\/maldives-paradise.com\/de\/kuredu-island-resort-spa\/\">Kuredu Island Resort &amp; Spa<\/a><\/h4>\n<p>Das Kuredu Island Resort &amp; Spa liegt auf der malerischen Insel Kuredu im Lhaviyani-Atoll. Um dieses Inselparadies zu erreichen, k\u00f6nnen sich G\u00e4ste f\u00fcr einen 40-min\u00fctigen malerischen Wasserflugzeugtransfer entscheiden. Von Bungalows am Strand bis zu Villen \u00fcber dem Wasser ist jede Einheit sorgf\u00e4ltig gestaltet, um die perfekte Mischung aus Komfort und Luxus zu bieten.<\/p>\n\n\t\t<\/div>\n\t<\/div>\n<\/div><\/div><\/div><\/div><div class=\"vc_row wpb_row vc_row-fluid\"><div class=\"wpb_column vc_column_container vc_col-sm-3\"><div class=\"vc_column-inner\"><div class=\"wpb_wrapper\">\n\t<div  class=\"wpb_single_image wpb_content_element vc_align_left wpb_content_element\">\n\t\t\n\t\t<figure class=\"wpb_wrapper vc_figure\">\n\t\t\t<a href=\"http:\/\/maldives-paradise.com\/de\/makunudu-insel\/\" target=\"_self\" class=\"vc_single_image-wrapper   vc_box_border_grey\"><img loading=\"lazy\" decoding=\"async\" width=\"150\" height=\"150\" src=\"https:\/\/maldives-paradise.com\/wp-content\/uploads\/2024\/02\/makundu-island-150x150.jpg\" class=\"vc_single_image-img attachment-thumbnail\" alt=\"Makunudu-Insel\" title=\"Makundu-Insel\" \/><\/a>\n\t\t<\/figure>\n\t<\/div>\n<\/div><\/div><\/div><div class=\"wpb_column vc_column_container vc_col-sm-9\"><div class=\"vc_column-inner\"><div class=\"wpb_wrapper\">\n\t<div class=\"wpb_text_column wpb_content_element\" >\n\t\t<div class=\"wpb_wrapper\">\n\t\t\t<h4><a href=\"http:\/\/maldives-paradise.com\/de\/makunudu-insel\/\">Makunudu-Insel<\/a><\/h4>\n<p>Die Insel Makunudu ist ein verstecktes Paradies, das einen unvergesslichen Kurzurlaub verspricht. Seine abgeschiedene Lage, die rustikalen Unterk\u00fcnfte, die k\u00f6stliche K\u00fcche und sein Engagement f\u00fcr Nachhaltigkeit machen es zur idealen Wahl f\u00fcr Reisende, die ein friedliches und authentisches maledivisches Erlebnis suchen.<\/p>\n\n\t\t<\/div>\n\t<\/div>\n<\/div><\/div><\/div><\/div><div class=\"vc_row wpb_row vc_row-fluid\"><div class=\"wpb_column vc_column_container vc_col-sm-3\"><div class=\"vc_column-inner\"><div class=\"wpb_wrapper\">\n\t<div  class=\"wpb_single_image wpb_content_element vc_align_left wpb_content_element\">\n\t\t\n\t\t<figure class=\"wpb_wrapper vc_figure\">\n\t\t\t<a href=\"http:\/\/maldives-paradise.com\/de\/malahini-kuda-bandos-resort\/\" target=\"_self\" class=\"vc_single_image-wrapper   vc_box_border_grey\"><img loading=\"lazy\" decoding=\"async\" width=\"150\" height=\"150\" src=\"https:\/\/maldives-paradise.com\/wp-content\/uploads\/2024\/02\/malahini-kuda-bandos400-150x150.jpg\" class=\"vc_single_image-img attachment-thumbnail\" alt=\"Malahini Kuda Bandos Resort\" title=\"malahini-kuda-bandos400\" \/><\/a>\n\t\t<\/figure>\n\t<\/div>\n<\/div><\/div><\/div><div class=\"wpb_column vc_column_container vc_col-sm-9\"><div class=\"vc_column-inner\"><div class=\"wpb_wrapper\">\n\t<div class=\"wpb_text_column wpb_content_element\" >\n\t\t<div class=\"wpb_wrapper\">\n\t\t\t<h4><a href=\"http:\/\/maldives-paradise.com\/de\/malahini-kuda-bandos-resort\/\">Malahini Kuda Bandos Resort<\/a><\/h4>\n<p>Das Malahini Kuda Bandos Resort ist ein tropisches Refugium, das einen au\u00dfergew\u00f6hnlichen Urlaub verspricht. Seine g\u00fcnstige Lage, komfortable Unterk\u00fcnfte, k\u00f6stliche K\u00fcche und sein Engagement f\u00fcr Nachhaltigkeit machen es zur perfekten Wahl f\u00fcr Reisende, die Entspannung und Abenteuer suchen.<\/p>\n\n\t\t<\/div>\n\t<\/div>\n<\/div><\/div><\/div><\/div><div class=\"vc_row wpb_row vc_row-fluid\"><div class=\"wpb_column vc_column_container vc_col-sm-3\"><div class=\"vc_column-inner\"><div class=\"wpb_wrapper\">\n\t<div  class=\"wpb_single_image wpb_content_element vc_align_left wpb_content_element\">\n\t\t\n\t\t<figure class=\"wpb_wrapper vc_figure\">\n\t\t\t<a href=\"http:\/\/maldives-paradise.com\/de\/medhufushi-inselresort\/\" target=\"_self\" class=\"vc_single_image-wrapper   vc_box_border_grey\"><img loading=\"lazy\" decoding=\"async\" width=\"150\" height=\"150\" src=\"https:\/\/maldives-paradise.com\/wp-content\/uploads\/2024\/02\/medhufushi-island-resort-150x150.jpg\" class=\"vc_single_image-img attachment-thumbnail\" alt=\"Medhufushi Island Resort\" title=\"Medhufushi-Insel-Resort\" \/><\/a>\n\t\t<\/figure>\n\t<\/div>\n<\/div><\/div><\/div><div class=\"wpb_column vc_column_container vc_col-sm-9\"><div class=\"vc_column-inner\"><div class=\"wpb_wrapper\">\n\t<div class=\"wpb_text_column wpb_content_element\" >\n\t\t<div class=\"wpb_wrapper\">\n\t\t\t<h4><a href=\"http:\/\/maldives-paradise.com\/de\/medhufushi-inselresort\/\">Medhufushi Island Resort<\/a><\/h4>\n<p>Eingebettet in dieses Paradies ist <strong>Medhufushi Island Resort<\/strong>, ein idyllischer R\u00fcckzugsort, der Ruhe, Abenteuer und die unvergleichliche Sch\u00f6nheit der Malediven verspricht. In diesem Artikel werden wir erkunden, was das Medhufushi Island Resort zu einem unwiderstehlichen Reiseziel f\u00fcr diejenigen macht, die sich nach Entspannung, Abenteuer und einem Hauch vom Paradies sehnen.<\/p>\n\n\t\t<\/div>\n\t<\/div>\n<\/div><\/div><\/div><\/div><div class=\"vc_row wpb_row vc_row-fluid\"><div class=\"wpb_column vc_column_container vc_col-sm-3\"><div class=\"vc_column-inner\"><div class=\"wpb_wrapper\">\n\t<div  class=\"wpb_single_image wpb_content_element vc_align_left wpb_content_element\">\n\t\t\n\t\t<figure class=\"wpb_wrapper vc_figure\">\n\t\t\t<a href=\"http:\/\/maldives-paradise.com\/de\/meeru-malediven-ferieninsel\/\" target=\"_self\" class=\"vc_single_image-wrapper   vc_box_border_grey\"><img loading=\"lazy\" decoding=\"async\" width=\"150\" height=\"150\" src=\"https:\/\/maldives-paradise.com\/wp-content\/uploads\/2024\/02\/meeru2-150x150.jpg\" class=\"vc_single_image-img attachment-thumbnail\" alt=\"Meeru Malediven Resortinsel\" title=\"meeru2\" \/><\/a>\n\t\t<\/figure>\n\t<\/div>\n<\/div><\/div><\/div><div class=\"wpb_column vc_column_container vc_col-sm-9\"><div class=\"vc_column-inner\"><div class=\"wpb_wrapper\">\n\t<div class=\"wpb_text_column wpb_content_element\" >\n\t\t<div class=\"wpb_wrapper\">\n\t\t\t<h4><a href=\"http:\/\/maldives-paradise.com\/de\/meeru-malediven-ferieninsel\/\">Meeru Malediven Resortinsel<\/a><\/h4>\n<p>Meeru Maldives Resort Island ist ein <strong>Nur f\u00fcr Erwachsene<\/strong> und ein idyllischer R\u00fcckzugsort, der eine einzigartige Mischung aus Entspannung, Abenteuer und der unvergleichlichen Sch\u00f6nheit der Malediven verspricht. Das Resort bietet eine gro\u00dfe Auswahl an luxuri\u00f6sen Unterkunftsm\u00f6glichkeiten f\u00fcr unterschiedliche Geschm\u00e4cker und Vorlieben. Von Strandvillen bis hin zu \u00dcberwasserbungalows.<\/p>\n\n\t\t<\/div>\n\t<\/div>\n<\/div><\/div><\/div><\/div><div class=\"vc_row wpb_row vc_row-fluid\"><div class=\"wpb_column vc_column_container vc_col-sm-12\"><div class=\"vc_column-inner\"><div class=\"wpb_wrapper\">\n\t<div class=\"wpb_text_column wpb_content_element\" >\n\t\t<div class=\"wpb_wrapper\">\n\t\t\t<h3>4-Sterne-Hotels und Resorts auf den Malediven\u00a0\u00a0<a href=\"http:\/\/maldives-paradise.com\/de\/4-sterne-hotelresorts-auf-den-malediven\/\">Seite 1<\/a>\u00a0\u00a0 <a href=\"http:\/\/maldives-paradise.com\/de\/4-sterne-hotelresorts-auf-den-malediven-3\/\">Seite 3<\/a>\u00a0 <a href=\"http:\/\/maldives-paradise.com\/de\/4-sterne-hotelresorts-auf-den-malediven-4\/\">Seite 4<\/a><\/h3>\n\n\t\t<\/div>\n\t<\/div>\n<\/div><\/div><\/div><\/div>\n<\/div>","protected":false},"excerpt":{"rendered":"<div class=\"mh-excerpt\"><\/div>","protected":false},"author":1,"featured_media":10050,"parent":0,"menu_order":0,"comment_status":"closed","ping_status":"closed","template":"","meta":{"footnotes":""},"class_list":["post-10054","page","type-page","status-publish","has-post-thumbnail"],"aioseo_notices":[],"_links":{"self":[{"href":"http:\/\/maldives-paradise.com\/de\/wp-json\/wp\/v2\/pages\/10054","targetHints":{"allow":["GET"]}}],"collection":[{"href":"http:\/\/maldives-paradise.com\/de\/wp-json\/wp\/v2\/pages"}],"about":[{"href":"http:\/\/maldives-paradise.com\/de\/wp-json\/wp\/v2\/types\/page"}],"author":[{"embeddable":true,"href":"http:\/\/maldives-paradise.com\/de\/wp-json\/wp\/v2\/users\/1"}],"replies":[{"embeddable":true,"href":"http:\/\/maldives-paradise.com\/de\/wp-json\/wp\/v2\/comments?post=10054"}],"version-history":[{"count":6,"href":"http:\/\/maldives-paradise.com\/de\/wp-json\/wp\/v2\/pages\/10054\/revisions"}],"predecessor-version":[{"id":34285,"href":"http:\/\/maldives-paradise.com\/de\/wp-json\/wp\/v2\/pages\/10054\/revisions\/34285"}],"wp:featuredmedia":[{"embeddable":true,"href":"http:\/\/maldives-paradise.com\/de\/wp-json\/wp\/v2\/media\/10050"}],"wp:attachment":[{"href":"http:\/\/maldives-paradise.com\/de\/wp-json\/wp\/v2\/media?parent=10054"}],"curies":[{"name":"wp","href":"https:\/\/api.w.org\/{rel}","templated":true}]}}