{"id":9973,"date":"2024-02-03T13:53:26","date_gmt":"2024-02-03T13:53:26","guid":{"rendered":"http:\/\/maldives-paradise.com\/?page_id=9973"},"modified":"2025-10-10T10:11:04","modified_gmt":"2025-10-10T10:11:04","slug":"makunudu-o","status":"publish","type":"page","link":"http:\/\/maldives-paradise.com\/da\/makunudu-o\/","title":{"rendered":"Makunudu Island"},"content":{"rendered":"<div class=\"wpb-content-wrapper\"><div class=\"vc_row wpb_row vc_row-fluid\"><div class=\"wpb_column vc_column_container vc_col-sm-12\"><div class=\"vc_column-inner\"><div class=\"wpb_wrapper\">\n\t<div class=\"wpb_text_column wpb_content_element\" >\n\t\t<div class=\"wpb_wrapper\">\n\t\t\t<h3>Makunudu Island Maldiverne: En skjult perle i paradis<\/h3>\n\n\t\t<\/div>\n\t<\/div>\n<\/div><\/div><\/div><\/div><div class=\"vc_row wpb_row vc_row-fluid\"><div class=\"wpb_column vc_column_container vc_col-sm-12\"><div class=\"vc_column-inner\"><div class=\"wpb_wrapper\">\n\t<div class=\"wpb_video_widget wpb_content_element vc_clearfix   vc_video-aspect-ratio-169 vc_video-el-width-100 vc_video-align-left\" >\n\t\t<div class=\"wpb_wrapper\">\n\t\t\t\n\t\t\t<div class=\"wpb_video_wrapper\"><iframe loading=\"lazy\" title=\"Makunudu Island Velkommen tilbage til Makunudu Island Vi er glade for at kunne meddele, at vi NU er \u00c5BEN\" width=\"500\" height=\"281\" src=\"https:\/\/www.youtube.com\/embed\/menMqeCJgo4?feature=oembed\" frameborder=\"0\" allow=\"accelerometer; autoplay; clipboard-write; encrypted-media; gyroscope; picture-in-picture; web-share\" allowfullscreen><\/iframe><\/div>\n\t\t<\/div>\n\t<\/div>\n<\/div><\/div><\/div><\/div><div class=\"vc_row wpb_row vc_row-fluid\"><div class=\"wpb_column vc_column_container vc_col-sm-12\"><div class=\"vc_column-inner\"><div class=\"wpb_wrapper\">\n\t<div class=\"wpb_text_column wpb_content_element\" >\n\t\t<div class=\"wpb_wrapper\">\n\t\t\t<p>Maldiverne er med sine hvide sandstrande og krystalklare vand en dr\u00f8mmedestination for rejsende, der s\u00f8ger en fredfyldt tropisk flugt. Gemt v\u00e6k i denne betagende \u00f8gruppe er <strong>Makunudu Island<\/strong>, en skjult perle, der lover en unik og rolig oplevelse. I denne artikel vil vi udforske, hvad der g\u00f8r Makunudu Island til et must-bes\u00f8g destination for dem, der l\u00e6nges efter afslapning, eventyr og Maldivernes uber\u00f8rte sk\u00f8nhed.<\/p>\n<p><strong>Beliggenhed og tilg\u00e6ngelighed<\/strong><\/p>\n<p>Makunudu Island ligger i det nordlige Mal\u00e9-atol, en kort og natursk\u00f8n speedb\u00e5dstur v\u00e6k fra Velanas internationale lufthavn. Denne problemfri overf\u00f8rsel sikrer, at du kan begynde dit \u00f8-retr\u00e6te, s\u00e5 snart du ankommer, uden besv\u00e6r.<\/p>\n<p><strong>Indkvartering<\/strong><\/p>\n<p>Resortet tilbyder et begr\u00e6nset antal bungalows med str\u00e5tag, der hver is\u00e6r er omhyggeligt designet til at give en intim og autentisk maldivisk oplevelse. Med rustik charme, moderne bekvemmeligheder og direkte adgang til den hvide sandstrand tilbyder hver bungalow en unik blanding af komfort og ro. Ingen fjernsyn eller distraktioner her - kun lyden af havet og den blide susen fra palmer.<\/p>\n<p><strong>Spisning<\/strong><\/p>\n<p>Makunudu Island frister dine smagsl\u00f8g med et lille, men dejligt udvalg af kulinariske oplevelser. Hovedrestauranten, Ara Iru, serverer en r\u00e6kke internationale og maldiviske retter tilberedt med friske lokale r\u00e5varer. At spise her er en intim oplevelse, med borde sat under \u00e5ben himmel, hvilket skaber den perfekte stemning til romantiske middage.<\/p>\n<p><strong>Aktiviteter og eventyr<\/strong><\/p>\n<p>Mens Makunudu Island fokuserer p\u00e5 afslapning, er der stadig masser af aktiviteter for dem, der s\u00f8ger eventyr. Udforsk den pulserende undervandsverden med snorkling og dykkeeventyr. Resortet tilbyder ogs\u00e5 forskellige vandsportsaktiviteter, herunder windsurfing og kajaksejlads. For ultimativ afslapning tilbyder spaen beroligende behandlinger og wellness-aktiviteter.<\/p>\n<p><strong>B\u00e6redygtighed og bevaring<\/strong><\/p>\n<p>Makunudu Island er dybt engageret i b\u00e6redygtighed og havbevaring. Resortet deltager aktivt i koralrestaureringsinitiativer og st\u00f8tter lokale bevaringsindsatser. G\u00e6ster kan l\u00e6re om disse aktiviteter og bidrage positivt til bevarelsen af Maldivernes dyrebare marine \u00f8kosystem.<\/p>\n<p><strong>Unikke oplevelser<\/strong><\/p>\n<p>For at g\u00f8re dit ophold helt specielt tilbyder resortet unikke oplevelser s\u00e5som solnedgangskrydstogter, traditionelle maldiviske fisketure og guidede snorkeludflugter til n\u00e6rliggende koralrev. Uanset om du \u00f8nsker at fordybe dig i lokal kultur, opleve betagende solnedgange eller blot slappe af i paradis, sikrer Makunudu Island, at der er noget for enhver smag.<\/p>\n<p><strong>Konklusion<\/strong><\/p>\n<p>Afslutningsvis er Makunudu Island et skjult paradis, der lover en uforglemmelig flugt. Dens afsondrede beliggenhed, rustikke indkvartering, dejlige retter og dedikation til b\u00e6redygtighed g\u00f8r det til det ideelle valg for rejsende, der s\u00f8ger en fredelig og autentisk maldivisk oplevelse. Uanset om du fejrer en s\u00e6rlig lejlighed eller s\u00f8ger en fredfyldt ferie, tilbyder Makunudu Island en oplevelse, der skaber tidl\u00f8se minder. Reserver dit ophold i dag, og tag p\u00e5 en bem\u00e6rkelsesv\u00e6rdig rejse til denne skjulte perle p\u00e5 Maldiverne.<\/p>\n\n\t\t<\/div>\n\t<\/div>\n<\/div><\/div><\/div><\/div><div class=\"vc_row wpb_row vc_row-fluid\"><div class=\"wpb_column vc_column_container vc_col-sm-12\"><div class=\"vc_column-inner\"><div class=\"wpb_wrapper\">\n\t<div class=\"wpb_text_column wpb_content_element\" >\n\t\t<div class=\"wpb_wrapper\">\n\t\t\t<h3><a title=\"Makunudu Island\" href=\"https:\/\/trip.tpo.lv\/VmYMdeUR\" target=\"blanc2\" rel=\"nofollow\">Tjek tilg\u00e6ngelighed og bedste pris p\u00e5 Makunudu Island her &gt;&gt;<\/a><\/h3>\n\n\t\t<\/div>\n\t<\/div>\n<\/div><\/div><\/div><\/div>\n<\/div>","protected":false},"excerpt":{"rendered":"<div class=\"mh-excerpt\"><\/div>","protected":false},"author":1,"featured_media":9974,"parent":0,"menu_order":0,"comment_status":"closed","ping_status":"closed","template":"","meta":{"footnotes":""},"class_list":["post-9973","page","type-page","status-publish","has-post-thumbnail"],"aioseo_notices":[],"_links":{"self":[{"href":"http:\/\/maldives-paradise.com\/da\/wp-json\/wp\/v2\/pages\/9973","targetHints":{"allow":["GET"]}}],"collection":[{"href":"http:\/\/maldives-paradise.com\/da\/wp-json\/wp\/v2\/pages"}],"about":[{"href":"http:\/\/maldives-paradise.com\/da\/wp-json\/wp\/v2\/types\/page"}],"author":[{"embeddable":true,"href":"http:\/\/maldives-paradise.com\/da\/wp-json\/wp\/v2\/users\/1"}],"replies":[{"embeddable":true,"href":"http:\/\/maldives-paradise.com\/da\/wp-json\/wp\/v2\/comments?post=9973"}],"version-history":[{"count":3,"href":"http:\/\/maldives-paradise.com\/da\/wp-json\/wp\/v2\/pages\/9973\/revisions"}],"predecessor-version":[{"id":43461,"href":"http:\/\/maldives-paradise.com\/da\/wp-json\/wp\/v2\/pages\/9973\/revisions\/43461"}],"wp:featuredmedia":[{"embeddable":true,"href":"http:\/\/maldives-paradise.com\/da\/wp-json\/wp\/v2\/media\/9974"}],"wp:attachment":[{"href":"http:\/\/maldives-paradise.com\/da\/wp-json\/wp\/v2\/media?parent=9973"}],"curies":[{"name":"wp","href":"https:\/\/api.w.org\/{rel}","templated":true}]}}