{"id":9961,"date":"2024-02-03T13:27:06","date_gmt":"2024-02-03T13:27:06","guid":{"rendered":"http:\/\/maldives-paradise.com\/?page_id=9961"},"modified":"2025-10-10T10:05:59","modified_gmt":"2025-10-10T10:05:59","slug":"innahura-maldiverne-resort","status":"publish","type":"page","link":"http:\/\/maldives-paradise.com\/da\/innahura-maldiverne-resort\/","title":{"rendered":"Innahura Maldives Resort"},"content":{"rendered":"<div class=\"wpb-content-wrapper\"><div class=\"vc_row wpb_row vc_row-fluid\"><div class=\"wpb_column vc_column_container vc_col-sm-12\"><div class=\"vc_column-inner\"><div class=\"wpb_wrapper\">\n\t<div class=\"wpb_text_column wpb_content_element\" >\n\t\t<div class=\"wpb_wrapper\">\n\t\t\t<h3>Innahura Maldives Resort: Din port til tropisk lyksalighed<\/h3>\n\n\t\t<\/div>\n\t<\/div>\n<\/div><\/div><\/div><\/div><div class=\"vc_row wpb_row vc_row-fluid\"><div class=\"wpb_column vc_column_container vc_col-sm-12\"><div class=\"vc_column-inner\"><div class=\"wpb_wrapper\">\n\t<div class=\"wpb_video_widget wpb_content_element vc_clearfix   vc_video-aspect-ratio-169 vc_video-el-width-100 vc_video-align-left\" >\n\t\t<div class=\"wpb_wrapper\">\n\t\t\t\n\t\t\t<div class=\"wpb_video_wrapper\"><iframe loading=\"lazy\" title=\"Innahura Maldives Resort, hvor livet er nemt!\" width=\"500\" height=\"281\" src=\"https:\/\/www.youtube.com\/embed\/iaEvkUiBs5w?feature=oembed\" frameborder=\"0\" allow=\"accelerometer; autoplay; clipboard-write; encrypted-media; gyroscope; picture-in-picture; web-share\" allowfullscreen><\/iframe><\/div>\n\t\t<\/div>\n\t<\/div>\n<\/div><\/div><\/div><\/div><div class=\"vc_row wpb_row vc_row-fluid\"><div class=\"wpb_column vc_column_container vc_col-sm-12\"><div class=\"vc_column-inner\"><div class=\"wpb_wrapper\">\n\t<div class=\"wpb_text_column wpb_content_element\" >\n\t\t<div class=\"wpb_wrapper\">\n\t\t\t<p>Maldiverne er med sine hvide sandstrande, krystalklare vand og pulserende havliv et tropisk paradis som ingen anden. Beliggende i disse maleriske omgivelser er Innahura Maldives Resort, et paradis for dem, der s\u00f8ger en autentisk \u00f8-oplevelse. I denne SEO-venlige artikel vil vi dykke ned i, hvad der g\u00f8r <strong>Innahura Maldives Resort<\/strong> en eftertragtet destination for rejsende p\u00e5 udkig efter afslapning, eventyr og det maldiviske landskabs fortryllelse.<\/p>\n<p><strong>Beliggenhed og tilg\u00e6ngelighed<\/strong><\/p>\n<p>Innahura Maldives Resort er strategisk placeret p\u00e5 den fantastiske \u00f8 Innahura, inden for Lhaviyani Atoll. For at n\u00e5 dette tropiske paradis kan g\u00e6sterne v\u00e6lge mellem en 35-minutters natursk\u00f8n vandflyvertransport fra Velana Internationale Lufthavn eller en indenrigsflyvning til Ifuru Lufthavn efterfulgt af en tur med speedb\u00e5d. Den s\u00f8ml\u00f8se adgang sikrer, at din ferie begynder i det \u00f8jeblik, du ankommer.<\/p>\n<p><strong>Indkvartering<\/strong><\/p>\n<p>Resortet tilbyder en r\u00e6kke komfortable og charmerende overnatningsmuligheder for at im\u00f8dekomme alle pr\u00e6ferencer. Fra strandbungalower til overvandsvillaer, hver enhed er gennemt\u00e6nkt designet til at give en blanding af komfort og \u00f8-stil luksus. Med moderne bekvemmeligheder og private terrasser, der har udsigt over det turkise vand, vil du finde ro og afslapning i hvert hj\u00f8rne.<\/p>\n<p><strong>Spisning<\/strong><\/p>\n<p>Innahura Maldives Resort frister dine smagsl\u00f8g med en r\u00e6kke forskellige madoplevelser. Dhandifulhu Restaurant serverer en dejlig blanding af internationale og maldiviske retter, hvilket sikrer, at du kan nyde regionens smag. Til en romantisk aften tilbyder resortet strandmiddage under stjernerne. Uanset om det er frisk fisk og skaldyr eller internationale retter, s\u00f8rger resortets kulinariske team for en mindev\u00e6rdig gastronomisk rejse.<\/p>\n<p><strong>Aktiviteter og eventyr<\/strong><\/p>\n<p>Uanset om du er eventyrentusiast eller s\u00f8ger afslapning, henvender resortet sig til alle interesser. Dyk ned i den pulserende undervandsverden med snorkling og dykkeeventyr. Vandsport som windsurfing, kajaksejlads og paddleboarding er tilg\u00e6ngelige for sp\u00e6ndingss\u00f8gende. Hvis du leder efter afslapning, tilbyder resortets spa foryngende behandlinger for at fork\u00e6le dine sanser.<\/p>\n<p><strong>B\u00e6redygtighed og bevaring<\/strong><\/p>\n<p>Innahura Maldives Resort er forpligtet til b\u00e6redygtig praksis og havbevaring. Resortet deltager aktivt i koralrestaureringsinitiativer, oprydning af havaffald og st\u00f8tter lokale bevaringsindsatser. G\u00e6ster kan deltage i disse aktiviteter, hvilket bidrager positivt til beskyttelsen af Maldivernes dyrebare milj\u00f8.<\/p>\n<p><strong>Unikke oplevelser<\/strong><\/p>\n<p>For at g\u00f8re dit ophold helt specielt tilbyder resortet unikke oplevelser s\u00e5som solnedgangskrydstogter, \u00f8-hop og guidede snorkelture til n\u00e6rliggende rev. Uanset om du \u00f8nsker at udforske den lokale kultur, opleve betagende solnedgange eller blot slappe af i paradis, sikrer Innahura Maldives Resort, at der er noget for enhver smag.<\/p>\n<p><strong>Konklusion<\/strong><\/p>\n<p>Afslutningsvis er Innahura Maldives Resort en idyllisk tropisk flugt, der lover en uforglemmelig oplevelse. Dens betagende beliggenhed, komfortable indkvartering, l\u00e6kre retter og engagement i b\u00e6redygtighed g\u00f8r det til det ideelle valg for rejsende, der s\u00f8ger afslapning og eventyr. Uanset om du fejrer en s\u00e6rlig lejlighed eller s\u00f8ger en foryngende flugt, tilbyder Innahura Maldives Resort en oplevelse, der efterlader dig med elskede minder. Book dit ophold i dag, og tag p\u00e5 en bem\u00e6rkelsesv\u00e6rdig rejse til paradis p\u00e5 Maldiverne.<\/p>\n\n\t\t<\/div>\n\t<\/div>\n<\/div><\/div><\/div><\/div><div class=\"vc_row wpb_row vc_row-fluid\"><div class=\"wpb_column vc_column_container vc_col-sm-12\"><div class=\"vc_column-inner\"><div class=\"wpb_wrapper\">\n\t<div class=\"wpb_text_column wpb_content_element\" >\n\t\t<div class=\"wpb_wrapper\">\n\t\t\t<h3><a title=\"Innahura Maldives Resort\" href=\"https:\/\/trip.tpo.lv\/O8n6srxB\" target=\"blanc2\" rel=\"nofollow\">Tjek tilg\u00e6ngelighed og bedste pris p\u00e5 Innahura Maldives Resort her &gt;&gt;<\/a><\/h3>\n\n\t\t<\/div>\n\t<\/div>\n<\/div><\/div><\/div><\/div>\n<\/div>","protected":false},"excerpt":{"rendered":"<div class=\"mh-excerpt\"><\/div>","protected":false},"author":1,"featured_media":9962,"parent":0,"menu_order":0,"comment_status":"closed","ping_status":"closed","template":"","meta":{"footnotes":""},"class_list":["post-9961","page","type-page","status-publish","has-post-thumbnail"],"aioseo_notices":[],"_links":{"self":[{"href":"http:\/\/maldives-paradise.com\/da\/wp-json\/wp\/v2\/pages\/9961","targetHints":{"allow":["GET"]}}],"collection":[{"href":"http:\/\/maldives-paradise.com\/da\/wp-json\/wp\/v2\/pages"}],"about":[{"href":"http:\/\/maldives-paradise.com\/da\/wp-json\/wp\/v2\/types\/page"}],"author":[{"embeddable":true,"href":"http:\/\/maldives-paradise.com\/da\/wp-json\/wp\/v2\/users\/1"}],"replies":[{"embeddable":true,"href":"http:\/\/maldives-paradise.com\/da\/wp-json\/wp\/v2\/comments?post=9961"}],"version-history":[{"count":3,"href":"http:\/\/maldives-paradise.com\/da\/wp-json\/wp\/v2\/pages\/9961\/revisions"}],"predecessor-version":[{"id":43459,"href":"http:\/\/maldives-paradise.com\/da\/wp-json\/wp\/v2\/pages\/9961\/revisions\/43459"}],"wp:featuredmedia":[{"embeddable":true,"href":"http:\/\/maldives-paradise.com\/da\/wp-json\/wp\/v2\/media\/9962"}],"wp:attachment":[{"href":"http:\/\/maldives-paradise.com\/da\/wp-json\/wp\/v2\/media?parent=9961"}],"curies":[{"name":"wp","href":"https:\/\/api.w.org\/{rel}","templated":true}]}}