{"id":9952,"date":"2024-02-02T07:45:52","date_gmt":"2024-02-02T07:45:52","guid":{"rendered":"http:\/\/maldives-paradise.com\/?page_id=9952"},"modified":"2025-10-10T10:02:23","modified_gmt":"2025-10-10T10:02:23","slug":"hotel-riu-atollen","status":"publish","type":"page","link":"http:\/\/maldives-paradise.com\/da\/hotel-riu-atollen\/","title":{"rendered":"Hotel Riu Atoll"},"content":{"rendered":"<div class=\"wpb-content-wrapper\"><div class=\"vc_row wpb_row vc_row-fluid\"><div class=\"wpb_column vc_column_container vc_col-sm-12\"><div class=\"vc_column-inner\"><div class=\"wpb_wrapper\">\n\t<div class=\"wpb_text_column wpb_content_element\" >\n\t\t<div class=\"wpb_wrapper\">\n\t\t\t<h3>Oplev Tropical Luxury p\u00e5 Hotel Riu Atoll Maldives<\/h3>\n\n\t\t<\/div>\n\t<\/div>\n<\/div><\/div><\/div><\/div><div class=\"vc_row wpb_row vc_row-fluid\"><div class=\"wpb_column vc_column_container vc_col-sm-12\"><div class=\"vc_column-inner\"><div class=\"wpb_wrapper\">\n\t<div class=\"wpb_video_widget wpb_content_element vc_clearfix   vc_video-aspect-ratio-169 vc_video-el-width-100 vc_video-align-left\" >\n\t\t<div class=\"wpb_wrapper\">\n\t\t\t\n\t\t\t<div class=\"wpb_video_wrapper\"><iframe loading=\"lazy\" title=\"Hotel Riu Atoll og Riu Palace Maldivas - All Inclusive Maldiverne - RIU Hotels &amp; Resorts\" width=\"500\" height=\"281\" src=\"https:\/\/www.youtube.com\/embed\/Be9M89BB248?feature=oembed\" frameborder=\"0\" allow=\"accelerometer; autoplay; clipboard-write; encrypted-media; gyroscope; picture-in-picture; web-share\" allowfullscreen><\/iframe><\/div>\n\t\t<\/div>\n\t<\/div>\n<\/div><\/div><\/div><\/div><div class=\"vc_row wpb_row vc_row-fluid\"><div class=\"wpb_column vc_column_container vc_col-sm-12\"><div class=\"vc_column-inner\"><div class=\"wpb_wrapper\">\n\t<div class=\"wpb_text_column wpb_content_element\" >\n\t\t<div class=\"wpb_wrapper\">\n\t\t\t<p>Maldiverne, et tropisk paradis kendt for sine fantastiske koral\u00f8er og klare bl\u00e5 vand, er en dr\u00f8mmedestination for rejsende, der s\u00f8ger en luksuri\u00f8s flugt. Blandt de mange muligheder er <strong>Hotel Riu Atoll<\/strong> skiller sig ud som et fyrt\u00e5rn af luksus og afslapning. Hotel Riu Atoll er en uforglemmelig destination for dem, der leder efter den perfekte blanding af ro og fork\u00e6lelse.<\/p>\n<p><strong>Beliggenhed og tilg\u00e6ngelighed<\/strong><\/p>\n<p>Hotel Riu Atoll er strategisk placeret p\u00e5 Maafushi Island, en del af den sydlige Mal\u00e9 Atoll. Resortet er tilg\u00e6ngeligt via en natursk\u00f8n 45-minutters speedb\u00e5dstur fra Velana International Airport, hvilket g\u00f8r det bekvemt for g\u00e6sterne at starte deres ferie lige efter ankomsten.<\/p>\n<p><strong>Indkvartering<\/strong><\/p>\n<p>Resortet kan prale af et udvalg af uds\u00f8gte indkvarteringer, herunder bungalows over vandet og villaer ved stranden. Hver enhed er smagfuldt designet og udstyret med moderne bekvemmeligheder for at sikre et behageligt og overb\u00e6rende ophold. Overvandsbungalowerne tilbyder direkte adgang til den krystalklare lagune, hvilket giver en uovertruffen oplevelse af tropisk luksus.<\/p>\n<p><strong>Spisning<\/strong><\/p>\n<p>Hotel Riu Atoll tager kulinariske oplevelser til n\u00e6ste niveau med sine forskellige spisemuligheder. Resortets hovedrestaurant, Maani, serverer et l\u00e6kkert udvalg af internationale og maldiviske retter. G\u00e6sterne kan ogs\u00e5 nyde japanske specialiteter p\u00e5 Sakura eller nyde frisk fisk og skaldyr p\u00e5 Krystal. Med forskellige spisesteder at v\u00e6lge imellem, bliver hvert m\u00e5ltid en uds\u00f8gt rejse for dine smagsl\u00f8g.<\/p>\n<p><strong>Aktiviteter og eventyr<\/strong><\/p>\n<p>Resortet tilbyder en bred vifte af aktiviteter og eventyr for sine g\u00e6ster. Udforsk det pulserende havliv med snorkling eller dykkerudflugter. Deltag i vandsport s\u00e5som windsurfing og kajaksejlads. Hvis afslapning er dit m\u00e5l, kan du slappe af i spaen, hvor en r\u00e6kke foryngende behandlinger venter.<\/p>\n<p><strong>B\u00e6redygtighed og bevaring<\/strong><\/p>\n<p>Hotel Riu Atoll er forpligtet til b\u00e6redygtig praksis og havbevaring. Resortet deltager aktivt i koralrestaureringsprojekter og st\u00f8tter lokale milj\u00f8initiativer. G\u00e6ster opfordres til at l\u00e6re om disse bestr\u00e6belser og bidrage positivt til bevarelsen af Maldivernes delikate \u00f8kosystem.<\/p>\n<p><strong>Unikke oplevelser<\/strong><\/p>\n<p>For at g\u00f8re dit ophold virkelig mindev\u00e6rdigt tilbyder resortet unikke oplevelser s\u00e5som solnedgangskrydstogter, delfinsafari og guidede \u00f8udflugter. Uanset om du er interesseret i at udforske den lokale kultur, nyde betagende solnedgange eller blot slappe af i paradis, sikrer Hotel Riu Atoll, at der er noget for enhver smag.<\/p>\n<p><strong>Konklusion<\/strong><\/p>\n<p>Afslutningsvis er Hotel Riu Atoll et tropisk paradis, der lover en ekstraordin\u00e6r tilflugtssted. Dens betagende beliggenhed, luksuri\u00f8se indkvartering, varieret k\u00f8kken og engagement i b\u00e6redygtighed g\u00f8r det til det ideelle valg for rejsende, der s\u00f8ger afslapning og eventyr. Uanset om du fejrer en s\u00e6rlig lejlighed eller s\u00f8ger en foryngende flugt, tilbyder Hotel Riu Atoll en oplevelse, der skaber varige minder. Book dit ophold i dag, og tag p\u00e5 en uforglemmelig rejse til paradis p\u00e5 Maldiverne.<\/p>\n\n\t\t<\/div>\n\t<\/div>\n<\/div><\/div><\/div><\/div><div class=\"vc_row wpb_row vc_row-fluid\"><div class=\"wpb_column vc_column_container vc_col-sm-12\"><div class=\"vc_column-inner\"><div class=\"wpb_wrapper\">\n\t<div class=\"wpb_text_column wpb_content_element\" >\n\t\t<div class=\"wpb_wrapper\">\n\t\t\t<h3><a title=\"Hotel Riu Atoll\" href=\"https:\/\/trip.tpo.lv\/ivrhmuNj\" target=\"blanc2\" rel=\"nofollow\">Check availability and best price at Hotel Riu Atoll here &gt;&gt;<\/a><\/h3>\n\n\t\t<\/div>\n\t<\/div>\n<\/div><\/div><\/div><\/div>\n<\/div>","protected":false},"excerpt":{"rendered":"<div class=\"mh-excerpt\"><\/div>","protected":false},"author":1,"featured_media":9953,"parent":0,"menu_order":0,"comment_status":"closed","ping_status":"closed","template":"","meta":{"footnotes":""},"class_list":["post-9952","page","type-page","status-publish","has-post-thumbnail"],"aioseo_notices":[],"_links":{"self":[{"href":"http:\/\/maldives-paradise.com\/da\/wp-json\/wp\/v2\/pages\/9952","targetHints":{"allow":["GET"]}}],"collection":[{"href":"http:\/\/maldives-paradise.com\/da\/wp-json\/wp\/v2\/pages"}],"about":[{"href":"http:\/\/maldives-paradise.com\/da\/wp-json\/wp\/v2\/types\/page"}],"author":[{"embeddable":true,"href":"http:\/\/maldives-paradise.com\/da\/wp-json\/wp\/v2\/users\/1"}],"replies":[{"embeddable":true,"href":"http:\/\/maldives-paradise.com\/da\/wp-json\/wp\/v2\/comments?post=9952"}],"version-history":[{"count":4,"href":"http:\/\/maldives-paradise.com\/da\/wp-json\/wp\/v2\/pages\/9952\/revisions"}],"predecessor-version":[{"id":43458,"href":"http:\/\/maldives-paradise.com\/da\/wp-json\/wp\/v2\/pages\/9952\/revisions\/43458"}],"wp:featuredmedia":[{"embeddable":true,"href":"http:\/\/maldives-paradise.com\/da\/wp-json\/wp\/v2\/media\/9953"}],"wp:attachment":[{"href":"http:\/\/maldives-paradise.com\/da\/wp-json\/wp\/v2\/media?parent=9952"}],"curies":[{"name":"wp","href":"https:\/\/api.w.org\/{rel}","templated":true}]}}