{"id":9940,"date":"2024-02-02T07:17:47","date_gmt":"2024-02-02T07:17:47","guid":{"rendered":"http:\/\/maldives-paradise.com\/?page_id=9940"},"modified":"2025-10-10T08:17:48","modified_gmt":"2025-10-10T08:17:48","slug":"fiyavalhu-resort-maldiverne","status":"publish","type":"page","link":"http:\/\/maldives-paradise.com\/da\/fiyavalhu-resort-maldiverne\/","title":{"rendered":"Fiyavalhu Resort Maldiverne"},"content":{"rendered":"<div class=\"wpb-content-wrapper\"><div class=\"vc_row wpb_row vc_row-fluid\"><div class=\"wpb_column vc_column_container vc_col-sm-12\"><div class=\"vc_column-inner\"><div class=\"wpb_wrapper\">\n\t<div class=\"wpb_text_column wpb_content_element\" >\n\t\t<div class=\"wpb_wrapper\">\n\t\t\t<h3>Discovering Paradise: Fiyavalhu Resort Maldiverne<\/h3>\n\n\t\t<\/div>\n\t<\/div>\n<\/div><\/div><\/div><\/div><div class=\"vc_row wpb_row vc_row-fluid\"><div class=\"wpb_column vc_column_container vc_col-sm-12\"><div class=\"vc_column-inner\"><div class=\"wpb_wrapper\">\n\t<div class=\"wpb_video_widget wpb_content_element vc_clearfix   vc_video-aspect-ratio-169 vc_video-el-width-100 vc_video-align-left\" >\n\t\t<div class=\"wpb_wrapper\">\n\t\t\t\n\t\t\t<div class=\"wpb_video_wrapper\"><iframe loading=\"lazy\" title=\"Fiyavalhu Maldiverne\" width=\"500\" height=\"281\" src=\"https:\/\/www.youtube.com\/embed\/PK0BqCE6r_Y?feature=oembed\" frameborder=\"0\" allow=\"accelerometer; autoplay; clipboard-write; encrypted-media; gyroscope; picture-in-picture; web-share\" allowfullscreen><\/iframe><\/div>\n\t\t<\/div>\n\t<\/div>\n<\/div><\/div><\/div><\/div><div class=\"vc_row wpb_row vc_row-fluid\"><div class=\"wpb_column vc_column_container vc_col-sm-12\"><div class=\"vc_column-inner\"><div class=\"wpb_wrapper\">\n\t<div class=\"wpb_text_column wpb_content_element\" >\n\t\t<div class=\"wpb_wrapper\">\n\t\t\t<p>Fiyavalhu Resort Maldives er et sandt tilflugtssted for dem, der s\u00f8ger et stykke paradis p\u00e5 jorden. Med sine uber\u00f8rte strande, krystalklare vand og frodige tropiske landskaber tilbyder dette luksusresort en uforglemmelig oplevelse, der im\u00f8dekommer alle dine \u00f8nsker. I denne SEO-venlige artikel vil vi se n\u00e6rmere p\u00e5, hvad der g\u00f8r <strong>Fiyavalhu Resort Maldiverne<\/strong> et must-bes\u00f8g destination for rejsende, der s\u00f8ger afslapning, eventyr og uovertruffen naturlig sk\u00f8nhed.<\/p>\n<p><strong>Beliggenhed og tilg\u00e6ngelighed<\/strong><\/p>\n<p>Fiyavalhu Resort Maldives er strategisk placeret p\u00e5 den maleriske \u00f8 Maalhos, en del af Raa-atollen. For at n\u00e5 denne dr\u00f8mmende destination kan g\u00e6sterne tage en vandflyvertransport fra Velana International Airport, der giver en \u00e6refrygtindgydende luftudsigt over Maldivernes koral\u00f8er. Feriestedets afsondrethed garanterer en flugt fra hverdagens stress og jag, hvilket g\u00f8r det til det ideelle sted for bryllupsrejser, familier og enhver, der leder efter ro.<\/p>\n<p><strong>Indkvartering<\/strong><\/p>\n<p>Fiyavalhu Resort tilbyder en r\u00e6kke luksuri\u00f8se overnatningsmuligheder, der passer til enhver smag og pr\u00e6ference. Fra villaer ved stranden til bungalower over vandet er hvert v\u00e6relse designet til at give g\u00e6sterne den st\u00f8rste komfort og privatliv. Villaerne er udstyret med moderne bekvemmeligheder og har private terrasser, der tilbyder en betagende udsigt over Det Indiske Ocean. Overvandsbungalowerne giver g\u00e6sterne mulighed for at tr\u00e6de direkte ud i havet fra deres private d\u00e6k, hvilket giver en virkelig fordybende oplevelse.<\/p>\n<p><strong>Spisning<\/strong><\/p>\n<p>Kulinariske entusiaster vil blive henrykte over feriestedets forskellige spisemuligheder. Hovedrestauranten, Vai Restaurant, serverer et l\u00e6kkert udvalg af internationale og maldiviske retter. For en mere intim oplevelse tilbyder Fiyavalhu private spisemuligheder p\u00e5 stranden eller i din villa. Fra frisk fisk og skaldyr til internationale delikatesser s\u00f8rger resortets talentfulde kokke for, at hvert m\u00e5ltid er en mindev\u00e6rdig oplevelse.<\/p>\n<p><strong>Aktiviteter og oplevelser<\/strong><\/p>\n<p>Fiyavalhu Resort Maldives henvender sig b\u00e5de til eventyrlystne og dem, der leder efter afslapning. Dyk ned i det krystalklare vand og udforsk pulserende koralrev, der vrimler med havliv. Snorkling, dykning og vandsport er let tilg\u00e6ngelige. Dem, der leder efter afslapning, kan slappe af i resortets luksuri\u00f8se spa, hvor der tilbydes en r\u00e6kke foryngende behandlinger og terapier.<\/p>\n<p><strong>B\u00e6redygtighed og bevaring<\/strong><\/p>\n<p>Fiyavalhu Resort Maldives er forpligtet til milj\u00f8m\u00e6ssig b\u00e6redygtighed og havbevaring. Resortet deltager aktivt i koralrestaureringsprojekter, skildpaddebevarelse og affaldsh\u00e5ndteringsinitiativer. G\u00e6ster kan l\u00e6re om disse bestr\u00e6belser og endda blive involveret i aktiviteter s\u00e5som koralplantning, hvilket sikrer, at deres bes\u00f8g bidrager positivt til det lokale \u00f8kosystem.<\/p>\n<p><strong>Unikke oplevelser<\/strong><\/p>\n<p>For at g\u00f8re dit ophold virkelig mindev\u00e6rdigt tilbyder resortet unikke oplevelser s\u00e5som solnedgangskrydstogter, stjernekiggeri og guidede \u00f8udflugter. Uanset om du er interesseret i at udforske den lokale kultur, se betagende solnedgange eller blot slappe af i paradis, har Fiyavalhu Resort noget for enhver smag.<\/p>\n<p><strong>Konklusion<\/strong><\/p>\n<p>Afslutningsvis er Fiyavalhu Resort Maldives et tropisk paradis, der lover en uforglemmelig ferie. Dens fantastiske beliggenhed, luksuri\u00f8se indkvartering, l\u00e6kre retter og engagement i b\u00e6redygtighed g\u00f8r det til et ideelt valg for rejsende, der \u00f8nsker at flygte til en verden af naturlig sk\u00f8nhed og sindsro. Uanset om du fejrer en s\u00e6rlig lejlighed eller blot s\u00f8ger en velfortjent pause, tilbyder Fiyavalhu Resort Maldives en oplevelse, der vil efterlade dig med elskede minder for livet. Book dit ophold i dag, og tag p\u00e5 en rejse til paradis i hjertet af Maldiverne.<\/p>\n\n\t\t<\/div>\n\t<\/div>\n<\/div><\/div><\/div><\/div><div class=\"vc_row wpb_row vc_row-fluid\"><div class=\"wpb_column vc_column_container vc_col-sm-12\"><div class=\"vc_column-inner\"><div class=\"wpb_wrapper\">\n\t<div class=\"wpb_text_column wpb_content_element\" >\n\t\t<div class=\"wpb_wrapper\">\n\t\t\t<h3><a title=\"Fiyavalhu Resort Maldiverne\" href=\"https:\/\/trip.tpo.lv\/TKuNrVkI\" target=\"blanc2\" rel=\"nofollow\">Check availability and best price at Fiyavalhu Resort Maldives here &gt;&gt;<\/a><\/h3>\n\n\t\t<\/div>\n\t<\/div>\n<\/div><\/div><\/div><\/div>\n<\/div>","protected":false},"excerpt":{"rendered":"<div class=\"mh-excerpt\"><\/div>","protected":false},"author":1,"featured_media":9941,"parent":0,"menu_order":0,"comment_status":"closed","ping_status":"closed","template":"","meta":{"footnotes":""},"class_list":["post-9940","page","type-page","status-publish","has-post-thumbnail"],"aioseo_notices":[],"_links":{"self":[{"href":"http:\/\/maldives-paradise.com\/da\/wp-json\/wp\/v2\/pages\/9940","targetHints":{"allow":["GET"]}}],"collection":[{"href":"http:\/\/maldives-paradise.com\/da\/wp-json\/wp\/v2\/pages"}],"about":[{"href":"http:\/\/maldives-paradise.com\/da\/wp-json\/wp\/v2\/types\/page"}],"author":[{"embeddable":true,"href":"http:\/\/maldives-paradise.com\/da\/wp-json\/wp\/v2\/users\/1"}],"replies":[{"embeddable":true,"href":"http:\/\/maldives-paradise.com\/da\/wp-json\/wp\/v2\/comments?post=9940"}],"version-history":[{"count":4,"href":"http:\/\/maldives-paradise.com\/da\/wp-json\/wp\/v2\/pages\/9940\/revisions"}],"predecessor-version":[{"id":43434,"href":"http:\/\/maldives-paradise.com\/da\/wp-json\/wp\/v2\/pages\/9940\/revisions\/43434"}],"wp:featuredmedia":[{"embeddable":true,"href":"http:\/\/maldives-paradise.com\/da\/wp-json\/wp\/v2\/media\/9941"}],"wp:attachment":[{"href":"http:\/\/maldives-paradise.com\/da\/wp-json\/wp\/v2\/media?parent=9940"}],"curies":[{"name":"wp","href":"https:\/\/api.w.org\/{rel}","templated":true}]}}