{"id":9773,"date":"2024-01-30T07:44:09","date_gmt":"2024-01-30T07:44:09","guid":{"rendered":"http:\/\/maldives-paradise.com\/?page_id=9773"},"modified":"2025-10-10T06:58:21","modified_gmt":"2025-10-10T06:58:21","slug":"eriyadu-island-resort","status":"publish","type":"page","link":"http:\/\/maldives-paradise.com\/da\/eriyadu-island-resort\/","title":{"rendered":"Eriyadu Island Resort"},"content":{"rendered":"<div class=\"wpb-content-wrapper\"><div class=\"vc_row wpb_row vc_row-fluid\"><div class=\"wpb_column vc_column_container vc_col-sm-12\"><div class=\"vc_column-inner\"><div class=\"wpb_wrapper\">\n\t<div class=\"wpb_text_column wpb_content_element\" >\n\t\t<div class=\"wpb_wrapper\">\n\t\t\t<h3>Eriyadu Island Resort: En skjult perle i Tropical Paradise<\/h3>\n\n\t\t<\/div>\n\t<\/div>\n<\/div><\/div><\/div><\/div><div class=\"vc_row wpb_row vc_row-fluid\"><div class=\"wpb_column vc_column_container vc_col-sm-12\"><div class=\"vc_column-inner\"><div class=\"wpb_wrapper\">\n\t<div class=\"wpb_video_widget wpb_content_element vc_clearfix   vc_video-aspect-ratio-169 vc_video-el-width-100 vc_video-align-left\" >\n\t\t<div class=\"wpb_wrapper\">\n\t\t\t\n\t\t\t<div class=\"wpb_video_wrapper\"><iframe loading=\"lazy\" title=\"Eriyadu Island Resort, Reethi Rah\" width=\"500\" height=\"281\" src=\"https:\/\/www.youtube.com\/embed\/eeM69RiJwO8?feature=oembed\" frameborder=\"0\" allow=\"accelerometer; autoplay; clipboard-write; encrypted-media; gyroscope; picture-in-picture; web-share\" allowfullscreen><\/iframe><\/div>\n\t\t<\/div>\n\t<\/div>\n<\/div><\/div><\/div><\/div><div class=\"vc_row wpb_row vc_row-fluid\"><div class=\"wpb_column vc_column_container vc_col-sm-12\"><div class=\"vc_column-inner\"><div class=\"wpb_wrapper\">\n\t<div class=\"wpb_text_column wpb_content_element\" >\n\t\t<div class=\"wpb_wrapper\">\n\t\t\t<p>Gemt v\u00e6k i hjertet af Det Indiske Ocean <strong>Eriyadu Island Resort<\/strong> er en rolig oase, der lover en uforglemmelig ferie i Maldiverne. Beliggende p\u00e5 den afsondrede \u00f8 Eriyadu, kombinerer dette feriested naturlig sk\u00f8nhed, afslapning og vandeventyr for at skabe et idyllisk tilflugtssted for rejsende, der s\u00f8ger ro p\u00e5 Maldiverne.<\/p>\n<p><strong>Ankomst til paradis<\/strong><\/p>\n<p>Din rejse til Eriyadu Island Resort begynder med en natursk\u00f8n speedb\u00e5dstransport fra Mal\u00e9s internationale lufthavn. N\u00e5r du n\u00e6rmer dig \u00f8en, vil du blive m\u00f8dt af uber\u00f8rt hvidt sand, frodig tropisk vegetation og l\u00f8ftet om en ekstraordin\u00e6r flugt.<\/p>\n<p><strong>Hyggelige overnatningssteder<\/strong><\/p>\n<p>Resortet tilbyder en r\u00e6kke komfortable v\u00e6relser designet til at blande sig med de naturlige omgivelser og samtidig tilbyde moderne bekvemmeligheder. V\u00e6lg mellem strandbungalower eller overvandsvillaer, hver gennemt\u00e6nkt designet med private terrasser og direkte adgang til stranden eller lagunen. Fald i s\u00f8vn til den beroligende lyd fra havets b\u00f8lger og v\u00e5gn op til den blide omfavnelse af den tropiske brise.<\/p>\n<p><strong>Kulinariske l\u00e6kkerier<\/strong><\/p>\n<p>Eriyadu Island Resort kan prale af en r\u00e6kke spisemuligheder, der henvender sig til enhver smag. Hovedrestauranten Sufura tilbyder internationale buffeter med temaaftener, hvilket sikrer en mangfoldig kulinarisk oplevelse. Den eksklusive Sunset Restaurant og Bar tilbyder en fantastisk havudsigt og uds\u00f8gt k\u00f8kken. For en romantisk madoplevelse kan du nyde en privat middag med levende lys p\u00e5 stranden.<\/p>\n<p><strong>Vand eventyr<\/strong><\/p>\n<p>Maldiverne er kendt for sit pulserende havliv, og Eriyadu Island Resort giver dig mulighed for at udforske det t\u00e6t p\u00e5. Resortets PADI-certificerede dykkercenter byder p\u00e5 dykkeroplevelser, der afsl\u00f8rer betagende koralrev, m\u00f8der med farverigt havliv og endda muligheder for at sv\u00f8mme med majest\u00e6tiske manta-rokker og revhajer. Snorkel og guidede snorkelsafarier er ogs\u00e5 tilg\u00e6ngelige.<\/p>\n<p><strong>Vandsport og fritidsaktiviteter<\/strong><\/p>\n<p>Udover dykning og snorkling tilbyder resortet en r\u00e6kke vandsportsaktiviteter og landbaserede aktiviteter. Pr\u00f8v din h\u00e5nd med windsurfing, paddleboarding eller kajaksejlads. Deltag i en venskabelig omgang beachvolley eller badminton. Hold dig opdateret med din tr\u00e6ningsrutine i fitnesscentret eller fork\u00e6l dig selv med en beroligende spa-behandling i Coconut Spa.<\/p>\n<p><strong>Familievenligt tilflugtssted<\/strong><\/p>\n<p>Eriyadu Island Resort er en ideel destination for familier, der tilbyder familievenlig indkvartering, en b\u00f8rnepool og en b\u00f8rneklub med overv\u00e5gede aktiviteter. Mens for\u00e6ldre begiver sig ud p\u00e5 deres egne eventyr, kan b\u00f8rn f\u00e5 deres egen del af sjov og underholdning.<\/p>\n<p><strong>Romantiske udflugter<\/strong><\/p>\n<p>For par, der s\u00f8ger en romantisk flugt, tilbyder resortet intime madoplevelser, pars spa-behandlinger og solnedgangskrydstogter. Den fredfyldte naturlige sk\u00f8nhed p\u00e5 Eriyadu Island s\u00e6tter scenen for elskede \u00f8jeblikke sammen.<\/p>\n<p><strong>Milj\u00f8venlig forpligtelse<\/strong><\/p>\n<p>Resortet er dedikeret til b\u00e6redygtig turisme og deltager aktivt i koralrestaureringsprojekter og milj\u00f8bevarende indsatser. Engagere sig i deres milj\u00f8venlige initiativer for at bidrage til bevarelsen af det marine \u00f8kosystem.<\/p>\n<p><strong>Konklusion<\/strong><\/p>\n<p>Eriyadu Island Resort Maldives er ikke kun en feriedestination; det er en invitation til at genskabe forbindelsen til naturen og omfavne Maldivernes sindsro. Uanset om du leder efter eventyr under b\u00f8lgerne, afslapning p\u00e5 uber\u00f8rte strande eller en romantisk flugt, tilbyder dette resort det hele. Med varm g\u00e6stfrihed og betagende omgivelser inviterer Eriyadu Island Resort dig til at skabe varige minder i dette fredfyldte hj\u00f8rne af Maldiverne.<\/p>\n<p>Oplev Maldivernes magi p\u00e5 Eriyadu Island Resort, hvor natur og komfort kombineres for at skabe et tilflugtssted uden sidestykke. G\u00f8r dine dr\u00f8mme om en maldivianer undslippe til virkelighed og fordyb dig i den ekstraordin\u00e6re sk\u00f8nhed, der omgiver dig.<\/p>\n\n\t\t<\/div>\n\t<\/div>\n<\/div><\/div><\/div><\/div><div class=\"vc_row wpb_row vc_row-fluid\"><div class=\"wpb_column vc_column_container vc_col-sm-12\"><div class=\"vc_column-inner\"><div class=\"wpb_wrapper\">\n\t<div class=\"wpb_text_column wpb_content_element\" >\n\t\t<div class=\"wpb_wrapper\">\n\t\t\t<h3><a title=\"Eriyadu Island Resort\" href=\"https:\/\/trip.tpo.lv\/tqs16qtu\" target=\"blanc2\" rel=\"nofollow\">Tjek tilg\u00e6ngelighed og bedste pris p\u00e5 Eriyadu Island Resort her &gt;&gt;<\/a><\/h3>\n\n\t\t<\/div>\n\t<\/div>\n<\/div><\/div><\/div><\/div>\n<\/div>","protected":false},"excerpt":{"rendered":"<div class=\"mh-excerpt\"><\/div>","protected":false},"author":1,"featured_media":9774,"parent":0,"menu_order":0,"comment_status":"closed","ping_status":"closed","template":"","meta":{"footnotes":""},"class_list":["post-9773","page","type-page","status-publish","has-post-thumbnail"],"aioseo_notices":[],"_links":{"self":[{"href":"http:\/\/maldives-paradise.com\/da\/wp-json\/wp\/v2\/pages\/9773","targetHints":{"allow":["GET"]}}],"collection":[{"href":"http:\/\/maldives-paradise.com\/da\/wp-json\/wp\/v2\/pages"}],"about":[{"href":"http:\/\/maldives-paradise.com\/da\/wp-json\/wp\/v2\/types\/page"}],"author":[{"embeddable":true,"href":"http:\/\/maldives-paradise.com\/da\/wp-json\/wp\/v2\/users\/1"}],"replies":[{"embeddable":true,"href":"http:\/\/maldives-paradise.com\/da\/wp-json\/wp\/v2\/comments?post=9773"}],"version-history":[{"count":3,"href":"http:\/\/maldives-paradise.com\/da\/wp-json\/wp\/v2\/pages\/9773\/revisions"}],"predecessor-version":[{"id":43429,"href":"http:\/\/maldives-paradise.com\/da\/wp-json\/wp\/v2\/pages\/9773\/revisions\/43429"}],"wp:featuredmedia":[{"embeddable":true,"href":"http:\/\/maldives-paradise.com\/da\/wp-json\/wp\/v2\/media\/9774"}],"wp:attachment":[{"href":"http:\/\/maldives-paradise.com\/da\/wp-json\/wp\/v2\/media?parent=9773"}],"curies":[{"name":"wp","href":"https:\/\/api.w.org\/{rel}","templated":true}]}}