{"id":9769,"date":"2024-01-30T07:34:55","date_gmt":"2024-01-30T07:34:55","guid":{"rendered":"http:\/\/maldives-paradise.com\/?page_id=9769"},"modified":"2025-10-10T07:00:54","modified_gmt":"2025-10-10T07:00:54","slug":"drift-thelu-veliga-tilbagetog","status":"publish","type":"page","link":"http:\/\/maldives-paradise.com\/da\/drift-thelu-veliga-tilbagetog\/","title":{"rendered":"Drift Thelu Veliga Retreat"},"content":{"rendered":"<div class=\"wpb-content-wrapper\"><div class=\"vc_row wpb_row vc_row-fluid\"><div class=\"wpb_column vc_column_container vc_col-sm-12\"><div class=\"vc_column-inner\"><div class=\"wpb_wrapper\">\n\t<div class=\"wpb_text_column wpb_content_element\" >\n\t\t<div class=\"wpb_wrapper\">\n\t\t\t<h3>Drift Thelu Veliga Retreat \u2013 Et afsondret \u00f8paradis<\/h3>\n\n\t\t<\/div>\n\t<\/div>\n<\/div><\/div><\/div><\/div><div class=\"vc_row wpb_row vc_row-fluid\"><div class=\"wpb_column vc_column_container vc_col-sm-12\"><div class=\"vc_column-inner\"><div class=\"wpb_wrapper\">\n\t<div class=\"wpb_video_widget wpb_content_element vc_clearfix   vc_video-aspect-ratio-169 vc_video-el-width-100 vc_video-align-left\" >\n\t\t<div class=\"wpb_wrapper\">\n\t\t\t\n\t\t\t<div class=\"wpb_video_wrapper\"><iframe loading=\"lazy\" title=\"Drift Thelu Veliga Retreat - Pristine Maldives Sanctuary\" width=\"500\" height=\"281\" src=\"https:\/\/www.youtube.com\/embed\/mkCxyLXrEMw?feature=oembed\" frameborder=\"0\" allow=\"accelerometer; autoplay; clipboard-write; encrypted-media; gyroscope; picture-in-picture; web-share\" allowfullscreen><\/iframe><\/div>\n\t\t<\/div>\n\t<\/div>\n<\/div><\/div><\/div><\/div><div class=\"vc_row wpb_row vc_row-fluid\"><div class=\"wpb_column vc_column_container vc_col-sm-12\"><div class=\"vc_column-inner\"><div class=\"wpb_wrapper\">\n\t<div class=\"wpb_text_column wpb_content_element\" >\n\t\t<div class=\"wpb_wrapper\">\n\t\t\t<p>Drift Thelu Veliga Retreat er et eksklusivt tilflugtssted, der lover en uovertruffen maldivisk oplevelse. Beliggende p\u00e5 den afsondrede \u00f8 Thelu Veliga, kombinerer dette boutique-resort de reneste elementer i naturen med luksuri\u00f8s komfort, og tilbyder kr\u00e6sne rejsende en mulighed for at sole sig i Maldivernes uber\u00f8rte sk\u00f8nhed.<\/p>\n<p><strong>Et afsondret \u00f8-paradis<\/strong><\/p>\n<p>Drift Thelu Veliga Retreat, som er tilg\u00e6ngeligt via en natursk\u00f8n tur med vandflyver eller speedb\u00e5d fra Mal\u00e9s internationale lufthavn, byder g\u00e6sterne velkommen til sin private \u00f8 med \u00e5bne arme og uber\u00f8rte strande. N\u00e5r du tr\u00e6der ind p\u00e5 det bl\u00f8de, hvide sand, vil du blive betaget af den sindsro og naturlige sk\u00f8nhed, der omslutter dette afsondrede tilflugtssted.<\/p>\n<p><strong>Intime overnatninger<\/strong><\/p>\n<p>Resortet tilbyder en samling af intime og milj\u00f8bevidste boliger designet til at fordybe dig i naturen og samtidig give den ultimative komfort. V\u00e6lg mellem villaer ved stranden eller bungalows over vandet, hver omhyggeligt designet med b\u00e6redygtighed i tankerne. \u00c5bn din d\u00f8r til en verden af ro, hvor lyden af havets b\u00f8lger luner dig i s\u00f8vn, og solopgange og solnedgange pryder din private veranda.<\/p>\n<p><strong>Kulinariske l\u00e6kkerier midt i naturen<\/strong><\/p>\n<p>Drift Thelu Veliga Retreat s\u00e6tter en \u00e6re i sine kulinariske tilbud med v\u00e6gt p\u00e5 friske, lokale r\u00e5varer. Sand Restaurant &amp; Bar tilbyder internationale og maldiviske retter, hvilket sikrer en dejlig kulinarisk rejse for enhver smag. For en romantisk og intim oplevelse, spis p\u00e5 stranden med t\u00e6erne i sandet og fork\u00e6l dig selv med en privat middag med levende lys under stjernerne.<\/p>\n<p><strong>Fordyb dig i marine vidundere<\/strong><\/p>\n<p>Maldiverne er kendt for sin betagende undervandsverden, og Drift Thelu Veliga Retreat giver dig chancen for at udforske den p\u00e5 egen h\u00e5nd. Dyk ned i det krystalklare vand for at opdage pulserende koralrev, farverigt havliv og endda majest\u00e6tiske manta-rokker. Snorkling, dykning og guidede udflugter er tilg\u00e6ngelige for g\u00e6ster p\u00e5 alle niveauer.<\/p>\n<p><strong>Vandeventyr og udforskning af land<\/strong><\/p>\n<p>Udover vandaktiviteter tilbyder resortet en r\u00e6kke landbaserede eventyr. Nyd paddleboarding, kajaksejlads, eller tag en afslappet cykeltur for at udforske \u00f8ens frodige vegetation og fredfyldte omgivelser. Fitnesscentret p\u00e5 stedet sikrer, at du kan opretholde din tr\u00e6ningsrutine, mens spaen tilbyder en r\u00e6kke foryngende behandlinger.<\/p>\n<p><strong>Milj\u00f8venlig forpligtelse<\/strong><\/p>\n<p>Drift Thelu Veliga Retreat l\u00e6gger stor v\u00e6gt p\u00e5 b\u00e6redygtighed og milj\u00f8forvaltning. Resortet deltager aktivt i koralrestaureringsprojekter, minimerer dets CO2-fodaftryk og st\u00f8tter lokalsamfund. Engagere sig i deres milj\u00f8venlige initiativer for at bidrage til bevarelsen af det skr\u00f8belige marine \u00f8kosystem.<\/p>\n<p><strong>Afsondret romantik<\/strong><\/p>\n<p>For par, der s\u00f8ger en intim og romantisk flugt, tilbyder resortet private middage, pars spa-behandlinger og rolige solnedgangskrydstogter. Den uber\u00f8rte naturlige sk\u00f8nhed p\u00e5 \u00f8en Thelu Veliga giver den perfekte baggrund for elskede \u00f8jeblikke sammen.<\/p>\n<p><strong>Konklusion<\/strong><\/p>\n<p>Drift Thelu Veliga Retreat Maldives er ikke kun en feriedestination; det er en invitation til at genskabe forbindelsen til naturen og omfavne Maldivernes sindsro. Uanset om du s\u00f8ger eventyr under b\u00f8lgerne, afslapning p\u00e5 uber\u00f8rte strande eller en romantisk flugt, tilbyder dette \u00f8ko-bevidste tilflugtssted det hele. Med varm g\u00e6stfrihed og en forpligtelse til at bevare milj\u00f8et inviterer Drift Thelu Veliga Retreat dig til at skabe varige minder i dette uspolerede paradis.<\/p>\n<p>Oplev Maldivernes magi p\u00e5 Drift Thelu Veliga Retreat, hvor natur og luksus harmonerer for at skabe et uforglemmeligt tilflugtssted. G\u00f8r dine dr\u00f8mme om en maldivianer undslippe til virkelighed og fordyb dig i den naturlige pragt, der omgiver dig.<\/p>\n\n\t\t<\/div>\n\t<\/div>\n<\/div><\/div><\/div><\/div><div class=\"vc_row wpb_row vc_row-fluid\"><div class=\"wpb_column vc_column_container vc_col-sm-12\"><div class=\"vc_column-inner\"><div class=\"wpb_wrapper\">\n\t<div class=\"wpb_text_column wpb_content_element\" >\n\t\t<div class=\"wpb_wrapper\">\n\t\t\t<h3><a title=\"Drift Thelu Veliga Retreat\" href=\"https:\/\/trip.tpo.lv\/UACP5war\" target=\"blanc2\" rel=\"nofollow\">Tjek tilg\u00e6ngelighed og bedste pris hos Drift Thelu Veliga Retreat her &gt;&gt;<\/a><\/h3>\n\n\t\t<\/div>\n\t<\/div>\n<\/div><\/div><\/div><\/div>\n<\/div>","protected":false},"excerpt":{"rendered":"<div class=\"mh-excerpt\"><\/div>","protected":false},"author":1,"featured_media":9770,"parent":0,"menu_order":0,"comment_status":"closed","ping_status":"closed","template":"","meta":{"footnotes":""},"class_list":["post-9769","page","type-page","status-publish","has-post-thumbnail"],"aioseo_notices":[],"_links":{"self":[{"href":"http:\/\/maldives-paradise.com\/da\/wp-json\/wp\/v2\/pages\/9769","targetHints":{"allow":["GET"]}}],"collection":[{"href":"http:\/\/maldives-paradise.com\/da\/wp-json\/wp\/v2\/pages"}],"about":[{"href":"http:\/\/maldives-paradise.com\/da\/wp-json\/wp\/v2\/types\/page"}],"author":[{"embeddable":true,"href":"http:\/\/maldives-paradise.com\/da\/wp-json\/wp\/v2\/users\/1"}],"replies":[{"embeddable":true,"href":"http:\/\/maldives-paradise.com\/da\/wp-json\/wp\/v2\/comments?post=9769"}],"version-history":[{"count":3,"href":"http:\/\/maldives-paradise.com\/da\/wp-json\/wp\/v2\/pages\/9769\/revisions"}],"predecessor-version":[{"id":43430,"href":"http:\/\/maldives-paradise.com\/da\/wp-json\/wp\/v2\/pages\/9769\/revisions\/43430"}],"wp:featuredmedia":[{"embeddable":true,"href":"http:\/\/maldives-paradise.com\/da\/wp-json\/wp\/v2\/media\/9770"}],"wp:attachment":[{"href":"http:\/\/maldives-paradise.com\/da\/wp-json\/wp\/v2\/media?parent=9769"}],"curies":[{"name":"wp","href":"https:\/\/api.w.org\/{rel}","templated":true}]}}