{"id":9713,"date":"2024-01-29T18:23:53","date_gmt":"2024-01-29T18:23:53","guid":{"rendered":"http:\/\/maldives-paradise.com\/?page_id=9713"},"modified":"2025-11-26T09:20:29","modified_gmt":"2025-11-26T09:20:29","slug":"de-12-bedste-resorts-kun-for-voksne-med-alt-inklusive-pa-maldiverne","status":"publish","type":"page","link":"http:\/\/maldives-paradise.com\/da\/de-12-bedste-resorts-kun-for-voksne-med-alt-inklusive-pa-maldiverne\/","title":{"rendered":"De bedste all inclusive-resorts kun for voksne p\u00e5 Maldiverne"},"content":{"rendered":"<div class=\"wpb-content-wrapper\"><div class=\"vc_row wpb_row vc_row-fluid\"><div class=\"wpb_column vc_column_container vc_col-sm-12\"><div class=\"vc_column-inner\"><div class=\"wpb_wrapper\">\n\t<div class=\"wpb_text_column wpb_content_element\" >\n\t\t<div class=\"wpb_wrapper\">\n\t\t\t<p>Oplev luksus p\u00e5 feriesteder med alt inklusive kun for voksne p\u00e5 Maldiverne. Fork\u00e6l dig selv med romantiske villaer over vandet, private strande og gourmetrestauranter. Nyd ubegr\u00e6nsede aktiviteter som snorkling i krystalklart vand og foryngende spa-behandlinger. Nyd cocktails under stjernerne og nyd k\u00f8kken i verdensklasse.<br \/>\nDyk ned i det pulserende havliv eller slap af i din private pool. Med personlig service og en betagende udsigt tilbyder disse feriesteder et eksklusivt paradis for par, der s\u00f8ger ro og romantik p\u00e5 en af verdens mest idylliske destinationer.<\/p>\n<p>At reservere et feriested med alt inklusive for voksne p\u00e5 Maldiverne tilbyder en perfekt blanding af ro, luksus og bekvemmelighed for dem, der s\u00f8ger en fredfyldt flugt. Uden tilstedev\u00e6relse af b\u00f8rn giver disse feriesteder en fredelig og sofistikeret atmosf\u00e6re, der er ideel til afslapning og romantik. Det altomfattende aspekt sikrer en bekymringsfri oplevelse, der d\u00e6kker gourmetspisning, premium drikkevarer og en bred vifte af aktiviteter. G\u00e6ster kan nyde uafbrudt strandtid, overb\u00e6rende spa-behandlinger og romantiske solnedgangskrydstogter. For dem, der \u00f8nsker at slappe af i eksklusive, fredfyldte omgivelser, er et feriested med alt inklusive for voksne p\u00e5 Maldiverne det ultimative tilflugtssted.<\/p>\n<p>Her er de bedste luksusresorter kun for voksne, alt inklusivt p\u00e5 Maldiverne.<\/p>\n\n\t\t<\/div>\n\t<\/div>\n<\/div><\/div><\/div><\/div><div class=\"vc_row wpb_row vc_row-fluid\"><div class=\"wpb_column vc_column_container vc_col-sm-3\"><div class=\"vc_column-inner\"><div class=\"wpb_wrapper\">\n\t<div  class=\"wpb_single_image wpb_content_element vc_align_left wpb_content_element\">\n\t\t\n\t\t<figure class=\"wpb_wrapper vc_figure\">\n\t\t\t<a href=\"https:\/\/lamp.glopss.com\/aff_c?offer_id=372&#038;aff_id=1834\" target=\"_self\" class=\"vc_single_image-wrapper   vc_box_border_grey\"><img loading=\"lazy\" decoding=\"async\" width=\"150\" height=\"150\" src=\"https:\/\/maldives-paradise.com\/wp-content\/uploads\/2024\/01\/huvafen-fushi3-150x150.jpg\" class=\"vc_single_image-img attachment-thumbnail\" alt=\"Huvafen Fushi\" title=\"huvafen-fushi3\" \/><\/a>\n\t\t<\/figure>\n\t<\/div>\n<\/div><\/div><\/div><div class=\"wpb_column vc_column_container vc_col-sm-9\"><div class=\"vc_column-inner\"><div class=\"wpb_wrapper\">\n\t<div class=\"wpb_text_column wpb_content_element\" >\n\t\t<div class=\"wpb_wrapper\">\n\t\t\t<h3><a href=\"https:\/\/lamp.glopss.com\/SHV1\" target=\"_blank\" rel=\"nofollow noopener\">Huvafen Fushi<\/a><\/h3>\n<p><span style=\"color: #ff0000;\"><strong>* Bedste prisgaranti for dette feriested<br \/>\n<\/strong><\/span><strong>Huvafen Fushi<\/strong> er et 5-stjernet luksuri\u00f8st resort beliggende i North Mal\u00e9 Atoll p\u00e5 Maldiverne. Det har overvands- og strandbungalower med private pools og 6 spisesteder.<br \/>\nHuvafen Fushi Maldives ligger i sin helt egen lagune og er et naturforskers eventyrland, hvor det fantastiske milj\u00f8, b\u00e5de over og under vandlinjen. Krydser rundt, nyd de bedste k\u00f8kkener, der leveres af globale kokke, og fork\u00e6l dig selv med deres spa-behandlinger. Et smukt, luksuri\u00f8st og ekstravagant maldivisk hotel.<\/p>\n\n\t\t<\/div>\n\t<\/div>\n<\/div><\/div><\/div><\/div><div class=\"vc_row wpb_row vc_row-fluid\"><div class=\"wpb_column vc_column_container vc_col-sm-3\"><div class=\"vc_column-inner\"><div class=\"wpb_wrapper\">\n\t<div  class=\"wpb_single_image wpb_content_element vc_align_left wpb_content_element\">\n\t\t\n\t\t<figure class=\"wpb_wrapper vc_figure\">\n\t\t\t<a href=\"https:\/\/lamp.glopss.com\/aff_c?offer_id=9&#038;aff_id=1834&#038;url=https%3A%2F%2Fwww.anantara.com%2Fen%2Fveli-maldives\" target=\"_self\" class=\"vc_single_image-wrapper   vc_box_border_grey\"><img loading=\"lazy\" decoding=\"async\" width=\"150\" height=\"150\" src=\"https:\/\/maldives-paradise.com\/wp-content\/uploads\/2023\/12\/anantara-veli-93-1080x480-1-150x150.jpg\" class=\"vc_single_image-img attachment-thumbnail\" alt=\"Anantara Veli Resort and Spa Maldiverne\" title=\"anantara-veli-93-1080x480\" \/><\/a>\n\t\t<\/figure>\n\t<\/div>\n<\/div><\/div><\/div><div class=\"wpb_column vc_column_container vc_col-sm-9\"><div class=\"vc_column-inner\"><div class=\"wpb_wrapper\">\n\t<div class=\"wpb_text_column wpb_content_element\" >\n\t\t<div class=\"wpb_wrapper\">\n\t\t\t<h3><a href=\"https:\/\/lamp.glopss.com\/SHUt\" target=\"_blank\" rel=\"nofollow noopener\">Anantara Veli Maldives Resort<\/a><\/h3>\n<p>Dette boutique-ophold er et af Maldivernes feriesteder, der vil f\u00e5 folk til at booke en anden bryllupsrejse. Anantara Veli Resort i Maldiverne opfordrer g\u00e6ster til at dase i deres villaer med havudsigt eller nyde et elegant m\u00e5ltid ved solnedgang. Det tager kun en kort speedb\u00e5dstur fra Male Internationale Lufthavn for at komme til dette 5-stjernede retreat kun for voksne, som ogs\u00e5 tilbyder en pakke med alt inklusive. I denne pakke kan g\u00e6sterne f\u00e5 adgang til frynsegoder som en daglig buffet, en drikkevaremenu med alt inklusive og rabatter for l\u00e6ngere ophold.<br \/>\n<strong><span style=\"color: #ff0000;\">Bedste prisgaranti med direkte booking p\u00e5 dette hotel.<\/span><\/strong><\/p>\n\n\t\t<\/div>\n\t<\/div>\n<\/div><\/div><\/div><\/div><div class=\"vc_row wpb_row vc_row-fluid\"><div class=\"wpb_column vc_column_container vc_col-sm-3\"><div class=\"vc_column-inner\"><div class=\"wpb_wrapper\">\n\t<div  class=\"wpb_single_image wpb_content_element vc_align_left wpb_content_element\">\n\t\t\n\t\t<figure class=\"wpb_wrapper vc_figure\">\n\t\t\t<a href=\"https:\/\/lamp.glopss.com\/aff_c?offer_id=338&#038;aff_id=1834&#038;url=https%3A%2F%2Fwww.adaaran.com%2Fprestigevadoo%2F\" target=\"_self\" class=\"vc_single_image-wrapper   vc_box_border_grey\"><img loading=\"lazy\" decoding=\"async\" width=\"150\" height=\"150\" src=\"https:\/\/maldives-paradise.com\/wp-content\/uploads\/2024\/01\/adaaran-prestige-vadoo2-150x150.jpg\" class=\"vc_single_image-img attachment-thumbnail\" alt=\"Adaaran Prestige Vadoo\" title=\"adaaran-prestige-vadoo2\" \/><\/a>\n\t\t<\/figure>\n\t<\/div>\n<\/div><\/div><\/div><div class=\"wpb_column vc_column_container vc_col-sm-9\"><div class=\"vc_column-inner\"><div class=\"wpb_wrapper\">\n\t<div class=\"wpb_text_column wpb_content_element\" >\n\t\t<div class=\"wpb_wrapper\">\n\t\t\t<h3><a href=\"https:\/\/lamp.glopss.com\/SHTw\" target=\"_blank\" rel=\"nofollow noopener\">Adaaran Prestige Vadoo<\/a><\/h3>\n<p><strong>Adaaran Prestige Vadoo<\/strong>, en luksuri\u00f8s oase beliggende i hjertet af Maldiverne. Dette eksklusive resort lover en uforglemmelig oplevelse, og i denne artikel vil vi fremh\u00e6ve nogle af dets topfunktioner, der g\u00f8r det til den perfekte destination for din n\u00e6ste ferie.<\/p>\n\n\t\t<\/div>\n\t<\/div>\n<\/div><\/div><\/div><\/div><div class=\"vc_row wpb_row vc_row-fluid\"><div class=\"wpb_column vc_column_container vc_col-sm-3\"><div class=\"vc_column-inner\"><div class=\"wpb_wrapper\">\n\t<div  class=\"wpb_single_image wpb_content_element vc_align_left wpb_content_element\">\n\t\t\n\t\t<figure class=\"wpb_wrapper vc_figure\">\n\t\t\t<a href=\"https:\/\/lamp.glopss.com\/aff_c?offer_id=338&#038;aff_id=1834&#038;url=https%3A%2F%2Fwww.adaaran.com%2Fprestigewatervillas%2F\" target=\"_self\" class=\"vc_single_image-wrapper   vc_box_border_grey\"><img loading=\"lazy\" decoding=\"async\" width=\"150\" height=\"150\" src=\"https:\/\/maldives-paradise.com\/wp-content\/uploads\/2024\/01\/Adaaran-Prestige-Water-Villas-5-150x150.jpg\" class=\"vc_single_image-img attachment-thumbnail\" alt=\"Adaaran Prestige Water Villas\" title=\"Adaaran-Prestige-Vand-Villaer-5\" \/><\/a>\n\t\t<\/figure>\n\t<\/div>\n<\/div><\/div><\/div><div class=\"wpb_column vc_column_container vc_col-sm-9\"><div class=\"vc_column-inner\"><div class=\"wpb_wrapper\">\n\t<div class=\"wpb_text_column wpb_content_element\" >\n\t\t<div class=\"wpb_wrapper\">\n\t\t\t<h3><a href=\"https:\/\/lamp.glopss.com\/aff_c?offer_id=338&amp;aff_id=1834&amp;url=https%3A%2F%2Fwww.adaaran.com%2Fprestigewatervillas%2F\" target=\"_blank\" rel=\"nofollow noopener\">Adaaran Prestige Water Villas<\/a><\/h3>\n<p>Adaaran Prestige Water Villas er et billedsk\u00f8nt bryllupsrejsem\u00e5l og er et eksklusivt luksusresort beliggende p\u00e5 \u00f8en Meedhupparu i den maldiviske Raa-atol. Den private \u00f8 deles med deres s\u00f8sterejendom Adaaran Resort, men Adaaran Prestige Water Villas er mere eksklusive.<br \/>\nDisse villaer kan prale af 20 over-vandsvillaer, der tilbyder luksuri\u00f8st, moderne og rummeligt interi\u00f8r, og disse villaer tilbyder ogs\u00e5 en stor m\u00e6ngde privatliv, hvilket g\u00f8r dem til et fremragende valg, hvis du leder efter en rolig ferie. Hver kommer endda med en personlig butlerservice.<br \/>\n<strong><span style=\"color: #ff0000;\">Bedste prisgaranti med direkte booking p\u00e5 dette hotel.<\/span><\/strong><\/p>\n\n\t\t<\/div>\n\t<\/div>\n<\/div><\/div><\/div><\/div><div class=\"vc_row wpb_row vc_row-fluid\"><div class=\"wpb_column vc_column_container vc_col-sm-3\"><div class=\"vc_column-inner\"><div class=\"wpb_wrapper\">\n\t<div  class=\"wpb_single_image wpb_content_element vc_align_left wpb_content_element\">\n\t\t\n\t\t<figure class=\"wpb_wrapper vc_figure\">\n\t\t\t<a href=\"https:\/\/lamp.glopss.com\/aff_c?offer_id=1442&#038;aff_id=1834&#038;url=https%3A%2F%2Fwww.centarahotelsresorts.com%2Fcentara%2Fcrf\" target=\"_self\" class=\"vc_single_image-wrapper   vc_box_border_grey\"><img loading=\"lazy\" decoding=\"async\" width=\"150\" height=\"150\" src=\"https:\/\/maldives-paradise.com\/wp-content\/uploads\/2024\/01\/centara-ras-fushi-150x150.jpg\" class=\"vc_single_image-img attachment-thumbnail\" alt=\"Centara Ras Fushi Resort &amp; Spa\" title=\"centara-ras-fushi\" \/><\/a>\n\t\t<\/figure>\n\t<\/div>\n<\/div><\/div><\/div><div class=\"wpb_column vc_column_container vc_col-sm-9\"><div class=\"vc_column-inner\"><div class=\"wpb_wrapper\">\n\t<div class=\"wpb_text_column wpb_content_element\" >\n\t\t<div class=\"wpb_wrapper\">\n\t\t\t<h3><a href=\"https:\/\/lamp.glopss.com\/aff_c?offer_id=1442&amp;aff_id=1834&amp;url=https%3A%2F%2Fwww.centarahotelsresorts.com%2Fcentara%2Fcrf\" target=\"_blank\" rel=\"nofollow noopener\">Centara Ras Fushi Resort &amp; Spa<\/a><\/h3>\n<p>Nyd luksus p\u00e5 Centara Ras Fushi Resort &amp; Spa med en speciel person! Dette feriested kun for voksne omfatter strand- og overvandsvillaer for at nyde Maldivernes bytte. Resortet har muligheder for madplaner for at tilskynde til en ubekymret ferie, herunder muligheder for halv- og helpension. G\u00e6ster kan endda v\u00e6lge resortets altomfattende m\u00e5ltidsplan, som inkluderer deres m\u00e5ltidsplan med helpension, resortkreditter til at spise p\u00e5 andre restauranter p\u00e5 stedet og meget mere.<\/p>\n\n\t\t<\/div>\n\t<\/div>\n<\/div><\/div><\/div><\/div><div class=\"vc_row wpb_row vc_row-fluid\"><div class=\"wpb_column vc_column_container vc_col-sm-3\"><div class=\"vc_column-inner\"><div class=\"wpb_wrapper\">\n\t<div  class=\"wpb_single_image wpb_content_element vc_align_left wpb_content_element\">\n\t\t\n\t\t<figure class=\"wpb_wrapper vc_figure\">\n\t\t\t<a href=\"https:\/\/lamp.glopss.com\/aff_c?offer_id=1354&#038;aff_id=1834&#038;url=https%3A%2F%2Fwww.comohotels.com%2Fmaldives%2Fcomo-cocoa-island%2F\" target=\"_self\" class=\"vc_single_image-wrapper   vc_box_border_grey\"><img loading=\"lazy\" decoding=\"async\" width=\"150\" height=\"150\" src=\"https:\/\/maldives-paradise.com\/wp-content\/uploads\/2024\/01\/como-cocoa-island2-150x150.jpg\" class=\"vc_single_image-img attachment-thumbnail\" alt=\"COMO Kakao\u00f8en\" title=\"como-kakao-\u00f82\" \/><\/a>\n\t\t<\/figure>\n\t<\/div>\n<\/div><\/div><\/div><div class=\"wpb_column vc_column_container vc_col-sm-9\"><div class=\"vc_column-inner\"><div class=\"wpb_wrapper\">\n\t<div class=\"wpb_text_column wpb_content_element\" >\n\t\t<div class=\"wpb_wrapper\">\n\t\t\t<h3><a href=\"https:\/\/lamp.glopss.com\/SHU8\" target=\"_blank\" rel=\"nofollow noopener\">Como Cocoa Island<\/a><\/h3>\n<p>COMO Cocoa-\u00f8en er bed\u00f8mt som et af de bedste feriesteder for bryllupsrejser og ligger kun 40 minutter med speedb\u00e5d fra Mal\u00e9 Lufthavn og har et eksklusivt udvalg af kun 33 romantiske vandvillaer og 3 stilfulde suiter. Overvandsvillaerne kan prale af fremragende privatliv og er skabt til at ligne en traditionel maldivisk fiskerb\u00e5d, hvilket g\u00f8r det til det eneste feriested af sin art. Resortet kan prale af fremragende k\u00f8kken, en smuk bar, dykning og snorkling, en spa p\u00e5 stedet.<br \/>\n<span style=\"color: #ff0000;\"><strong>Bedste prisgaranti med direkte booking p\u00e5 dette hotel.<\/strong><\/span><\/p>\n\n\t\t<\/div>\n\t<\/div>\n<\/div><\/div><\/div><\/div><div class=\"vc_row wpb_row vc_row-fluid\"><div class=\"wpb_column vc_column_container vc_col-sm-3\"><div class=\"vc_column-inner\"><div class=\"wpb_wrapper\">\n\t<div  class=\"wpb_single_image wpb_content_element vc_align_left wpb_content_element\">\n\t\t\n\t\t<figure class=\"wpb_wrapper vc_figure\">\n\t\t\t<a href=\"https:\/\/lamp.glopss.com\/aff_c?offer_id=264&#038;aff_id=1834&#038;url=https%3A%2F%2Fwww.hurawalhi.com%2F\" target=\"_self\" class=\"vc_single_image-wrapper   vc_box_border_grey\"><img loading=\"lazy\" decoding=\"async\" width=\"150\" height=\"150\" src=\"https:\/\/maldives-paradise.com\/wp-content\/uploads\/2024\/01\/Hurawalhi-Island2-150x150.jpg\" class=\"vc_single_image-img attachment-thumbnail\" alt=\"Hurawalhi Island - Kun voksne og All Inclusive Resort\" title=\"Hurawalhi-\u00f8en 2\" \/><\/a>\n\t\t<\/figure>\n\t<\/div>\n<\/div><\/div><\/div><div class=\"wpb_column vc_column_container vc_col-sm-9\"><div class=\"vc_column-inner\"><div class=\"wpb_wrapper\">\n\t<div class=\"wpb_text_column wpb_content_element\" >\n\t\t<div class=\"wpb_wrapper\">\n\t\t\t<h3><a href=\"https:\/\/hotellook.tp.st\/6FluoLuO\" target=\"_blank\" rel=\"nofollow noopener\">Hurawalhi Island Resort<\/a><\/h3>\n<p>Intet er mere romantisk end at nyde selskabet med ens betydelige anden p\u00e5 Maldivernes sandede kyster, smage p\u00e5 den fantastiske Lhavaiyani Atoll. Det <strong>Hurawalhi Island Resort<\/strong> er fortrolig med at skabe en romantisk stemning! Dette feriested kun for voksne sikrer ogs\u00e5, at g\u00e6sterne kan nyde \u00f8en uden stress med deres altomfattende plan. Med planen kan rejsende f\u00e5 adgang til resortets fitnesscenter og andre sportsfaciliteter, buffet-m\u00e5ltider p\u00e5 Canneli Restaurant, ubegr\u00e6nsede drikkevarer (undtagen visse drikkevarer) og One Sunset Dolphin Cruise.<\/p>\n\n\t\t<\/div>\n\t<\/div>\n<\/div><\/div><\/div><\/div><div class=\"vc_row wpb_row vc_row-fluid\"><div class=\"wpb_column vc_column_container vc_col-sm-3\"><div class=\"vc_column-inner\"><div class=\"wpb_wrapper\">\n\t<div  class=\"wpb_single_image wpb_content_element vc_align_left wpb_content_element\">\n\t\t\n\t\t<figure class=\"wpb_wrapper vc_figure\">\n\t\t\t<a href=\"https:\/\/lamp.glopss.com\/aff_c?offer_id=1062&#038;aff_id=1834&#038;url=https%3A%2F%2Fwww.coloursofoblu.com%2Foblu-select-lobigili\" target=\"_self\" class=\"vc_single_image-wrapper   vc_box_border_grey\"><img loading=\"lazy\" decoding=\"async\" width=\"150\" height=\"150\" src=\"https:\/\/maldives-paradise.com\/wp-content\/uploads\/2024\/01\/oblu-select-lobigili-150x150.jpg\" class=\"vc_single_image-img attachment-thumbnail\" alt=\"OBLU SELECT Lobigili\" title=\"oblu-select-lobigili\" \/><\/a>\n\t\t<\/figure>\n\t<\/div>\n<\/div><\/div><\/div><div class=\"wpb_column vc_column_container vc_col-sm-9\"><div class=\"vc_column-inner\"><div class=\"wpb_wrapper\">\n\t<div class=\"wpb_text_column wpb_content_element\" >\n\t\t<div class=\"wpb_wrapper\">\n\t\t\t<h3><a href=\"https:\/\/trip.tpo.lv\/dzh7lpnI\" target=\"_blank\" rel=\"nofollow noopener\">OBLU SELECT Lobigili<\/a><\/h3>\n<p>F\u00f8l dig som en skibbruden p\u00e5 Oblu Select Lobigili, et 5-stjernet feriested kun for voksne, der ligger i troperne i North Male Atoll. Det er nemt at nyde paradis p\u00e5 dette resort, da det kun er f\u00e5 minutter fra Mal\u00e9s internationale lufthavn! Plus, bes\u00f8gende kan drage fordel af feriestedets Lobi-plan for at nyde en r\u00e6kke privilegier. Med planen kan g\u00e6sterne f\u00e5 adgang til forskellige madoplevelser, ubegr\u00e6nsede bestillinger af signaturcocktails i Swing Bar og gratis brug af vandsportsudstyr.<\/p>\n\n\t\t<\/div>\n\t<\/div>\n<\/div><\/div><\/div><\/div><div class=\"vc_row wpb_row vc_row-fluid\"><div class=\"wpb_column vc_column_container vc_col-sm-3\"><div class=\"vc_column-inner\"><div class=\"wpb_wrapper\">\n\t<div  class=\"wpb_single_image wpb_content_element vc_align_left wpb_content_element\">\n\t\t\n\t\t<figure class=\"wpb_wrapper vc_figure\">\n\t\t\t<a href=\"https:\/\/lamp.glopss.com\/aff_c?offer_id=264&#038;aff_id=1834&#038;url=https%3A%2F%2Fkagimaldives.com%2F\" target=\"_self\" class=\"vc_single_image-wrapper   vc_box_border_grey\"><img loading=\"lazy\" decoding=\"async\" width=\"150\" height=\"150\" src=\"https:\/\/maldives-paradise.com\/wp-content\/uploads\/2024\/01\/Kagi-Maldives3-150x150.jpg\" class=\"vc_single_image-img attachment-thumbnail\" alt=\"Kagi Maldives Resort &amp; Spa\" title=\"Kagi-Maldiverne 3\" \/><\/a>\n\t\t<\/figure>\n\t<\/div>\n<\/div><\/div><\/div><div class=\"wpb_column vc_column_container vc_col-sm-9\"><div class=\"vc_column-inner\"><div class=\"wpb_wrapper\">\n\t<div class=\"wpb_text_column wpb_content_element\" >\n\t\t<div class=\"wpb_wrapper\">\n\t\t\t<h3><a href=\"https:\/\/lamp.glopss.com\/SHUk\" target=\"_blank\" rel=\"nofollow noopener\">Kagi Maldives Spa Island<\/a><\/h3>\n<p>Kagi Maldives Spa Island er et 5-stjernet boutique-resort kun for voksne, det f\u00f8rste af sin slags p\u00e5 Maldiverne. Dette eksklusive wellness-\u00f8-retr\u00e6te ligger i den nordlige Mal\u00e9-atol.<br \/>\nDette resort kan prale af fokus p\u00e5 wellness i alle aspekter af dette resort, fra de 50 rummelige, luftige villaer b\u00e5de over vandet og p\u00e5 stranden, deres design kombinerer b\u00e5de traditionelle og moderne aspekter for at give g\u00e6sterne total afslapning i alle omr\u00e5der af resortet . Der er to restauranter og tre barer at v\u00e6lge imellem p\u00e5 dette resort, og der er masser af wellness-aktiviteter og faciliteter at opdage, herunder et PADI-dykkercenter p\u00e5 stedet, Baani Spa-kompleks og et enest\u00e5ende topmoderne fitnesscenter .<br \/>\n<strong><span style=\"color: #ff0000;\">Bedste prisgaranti med direkte booking p\u00e5 dette hotel.<\/span><\/strong><\/p>\n\n\t\t<\/div>\n\t<\/div>\n<\/div><\/div><\/div><\/div><div class=\"vc_row wpb_row vc_row-fluid\"><div class=\"wpb_column vc_column_container vc_col-sm-3\"><div class=\"vc_column-inner\"><div class=\"wpb_wrapper\">\n\t<div  class=\"wpb_single_image wpb_content_element vc_align_left wpb_content_element\">\n\t\t\n\t\t<figure class=\"wpb_wrapper vc_figure\">\n\t\t\t<a href=\"https:\/\/lamp.glopss.com\/aff_c?offer_id=264&#038;aff_id=1834&#038;url=https%3A%2F%2Fwww.komandoo.com%2F\" target=\"_self\" class=\"vc_single_image-wrapper   vc_box_border_grey\"><img loading=\"lazy\" decoding=\"async\" width=\"150\" height=\"150\" src=\"https:\/\/maldives-paradise.com\/wp-content\/uploads\/2024\/01\/komandoo3.-150x150.jpg\" class=\"vc_single_image-img attachment-thumbnail\" alt=\"Komandoo Island Resort &amp; Spa\" title=\"Komandoo Infinity Pool\" \/><\/a>\n\t\t<\/figure>\n\t<\/div>\n<\/div><\/div><\/div><div class=\"wpb_column vc_column_container vc_col-sm-9\"><div class=\"vc_column-inner\"><div class=\"wpb_wrapper\">\n\t<div class=\"wpb_text_column wpb_content_element\" >\n\t\t<div class=\"wpb_wrapper\">\n\t\t\t<h3><a href=\"https:\/\/hotellook.tp.st\/m18hEKIZ\" target=\"_blank\" rel=\"nofollow noopener\">Komandoo Island Resort &amp; Spa<\/a><\/h3>\n<p>Komandoo Island Resort &amp; Spa er et af Maldivernes h\u00f8jest bed\u00f8mte feriesteder kun for voksne. Par kan nyde hinandens selskab p\u00e5 dette prisvindende feriested i intime omgivelser blandt sk\u00f8nheden ved Lhaviyani Atoll. Rejsende vil ogs\u00e5 elske Komandoos altomfattende pakker. Resortets plus- og guldpakker inkluderer frynsegoder som buffet-m\u00e5ltider under morgenmad, frokost og middag, bundl\u00f8se drikkevarer, adgang til minibaren, gratis brug af resortets fitnesscenter og udvalgt rekreativt udstyr.<\/p>\n\n\t\t<\/div>\n\t<\/div>\n<\/div><\/div><\/div><\/div><div class=\"vc_row wpb_row vc_row-fluid\"><div class=\"wpb_column vc_column_container vc_col-sm-3\"><div class=\"vc_column-inner\"><div class=\"wpb_wrapper\">\n\t<div  class=\"wpb_single_image wpb_content_element vc_align_left wpb_content_element\">\n\t\t\n\t\t<figure class=\"wpb_wrapper vc_figure\">\n\t\t\t<a href=\"https:\/\/lamp.glopss.com\/aff_c?offer_id=1019&#038;aff_id=1834\" target=\"_self\" class=\"vc_single_image-wrapper   vc_box_border_grey\"><img loading=\"lazy\" decoding=\"async\" width=\"150\" height=\"150\" src=\"https:\/\/maldives-paradise.com\/wp-content\/uploads\/2019\/01\/Nothing-quite-prepares-you-for-a-view-like-this-150x150.jpg\" class=\"vc_single_image-img attachment-thumbnail\" alt=\"Dig &amp; Mig Cocoon Maldiverne\" title=\"Intet-helt-forbereder-dig-til-en-udsigt-som-dette.jpg\" \/><\/a>\n\t\t<\/figure>\n\t<\/div>\n<\/div><\/div><\/div><div class=\"wpb_column vc_column_container vc_col-sm-9\"><div class=\"vc_column-inner\"><div class=\"wpb_wrapper\">\n\t<div class=\"wpb_text_column wpb_content_element\" >\n\t\t<div class=\"wpb_wrapper\">\n\t\t\t<h3><a href=\"https:\/\/lamp.glopss.com\/aff_c?offer_id=1019&amp;aff_id=1834\" target=\"_blank\" rel=\"nofollow noopener\">You &amp; Me fra Cocoon Maldives<\/a><\/h3>\n<p>Rejsende kan f\u00e5 en smag af luksus p\u00e5 You &amp; Me Resort Maldives, som omfatter rustikke overvandsbungalower og en undervandsrestaurant. G\u00e6sterne kan nyde deres madoplevelse p\u00e5 resortet med flere madplaner, fra halvpension til alt inklusive. Med disse muligheder kan g\u00e6sterne v\u00e6lge, hvor de vil nyde deres frokost og middag (undtagen p\u00e5 H2O Underwater Restaurant), med morgenmad p\u00e5 resortets hovedspisested. Siden 2021 inkluderer feriestedets &quot;Extreme All-inclusive&quot; m\u00e5ltidsplan ogs\u00e5 te-\/kaffefaciliteter p\u00e5 v\u00e6relset, drikkevarer og flaskevand samt te eller eftermiddagssnacks.<\/p>\n\n\t\t<\/div>\n\t<\/div>\n<\/div><\/div><\/div><\/div><div class=\"vc_row wpb_row vc_row-fluid\"><div class=\"wpb_column vc_column_container vc_col-sm-3\"><div class=\"vc_column-inner\"><div class=\"wpb_wrapper\">\n\t<div  class=\"wpb_single_image wpb_content_element vc_align_left wpb_content_element\">\n\t\t\n\t\t<figure class=\"wpb_wrapper vc_figure\">\n\t\t\t<a href=\"https:\/\/lamp.glopss.com\/aff_c?offer_id=427&#038;aff_id=1834\" target=\"_self\" class=\"vc_single_image-wrapper   vc_box_border_grey\"><img loading=\"lazy\" decoding=\"async\" width=\"150\" height=\"150\" src=\"https:\/\/maldives-paradise.com\/wp-content\/uploads\/2024\/01\/Kandolhu2-150x150.jpg\" class=\"vc_single_image-img attachment-thumbnail\" alt=\"Kandolhu \u00f8en\" title=\"Kandolhu2\" \/><\/a>\n\t\t<\/figure>\n\t<\/div>\n<\/div><\/div><\/div><div class=\"wpb_column vc_column_container vc_col-sm-9\"><div class=\"vc_column-inner\"><div class=\"wpb_wrapper\">\n\t<div class=\"wpb_text_column wpb_content_element\" >\n\t\t<div class=\"wpb_wrapper\">\n\t\t\t<h3><a href=\"https:\/\/lamp.glopss.com\/SHUW\" target=\"_blank\" rel=\"nofollow noopener\">Kandolhu \u00f8en<\/a><\/h3>\n<p>Hver af de 30 stilfulde villaer p\u00e5 dette intime feriested er en dr\u00f8m for arkitekturfans, med fem forskellige plantegninger, der udnytter deres placering i hele ejendommen. Sug i et badekar bag gulv-til-loft-vinduer med intet andet end bl\u00e5t i sigte. Hvis det ikke er nok til at holde dig p\u00e5 grunden, d\u00e6kker Kandolhus Ultimate Inclusions-plan alle m\u00e5ltider p\u00e5 resortets fem restauranter, vine fundet i din personlige vink\u00f8ler, en spa-rabat og mere, inklusive enten en snorkeltur eller champagne-solnedgangskrydstogt per person, per ophold.<\/p>\n\n\t\t<\/div>\n\t<\/div>\n<\/div><\/div><\/div><\/div><div class=\"vc_row wpb_row vc_row-fluid\"><div class=\"wpb_column vc_column_container vc_col-sm-12\"><div class=\"vc_column-inner\"><div class=\"wpb_wrapper\">\n\t<div class=\"wpb_text_column wpb_content_element\" >\n\t\t<div class=\"wpb_wrapper\">\n\t\t\t<p>Se ogs\u00e5 <a title=\"De 12 bedste All Inclusive Resorts kun for voksne\" href=\"http:\/\/maldives-paradise.com\/da\/de-12-bedste-resorts-kun-for-voksne-med-alt-inklusive-pa-maldiverne\/\"><strong>De 12 bedste All Inclusive Resorts kun for voksne<\/strong><\/a><\/p>\n\n\t\t<\/div>\n\t<\/div>\n<\/div><\/div><\/div><\/div>\n<\/div>","protected":false},"excerpt":{"rendered":"<div class=\"mh-excerpt\"><\/div>","protected":false},"author":1,"featured_media":9224,"parent":0,"menu_order":0,"comment_status":"closed","ping_status":"closed","template":"","meta":{"footnotes":""},"class_list":["post-9713","page","type-page","status-publish","has-post-thumbnail"],"aioseo_notices":[],"_links":{"self":[{"href":"http:\/\/maldives-paradise.com\/da\/wp-json\/wp\/v2\/pages\/9713","targetHints":{"allow":["GET"]}}],"collection":[{"href":"http:\/\/maldives-paradise.com\/da\/wp-json\/wp\/v2\/pages"}],"about":[{"href":"http:\/\/maldives-paradise.com\/da\/wp-json\/wp\/v2\/types\/page"}],"author":[{"embeddable":true,"href":"http:\/\/maldives-paradise.com\/da\/wp-json\/wp\/v2\/users\/1"}],"replies":[{"embeddable":true,"href":"http:\/\/maldives-paradise.com\/da\/wp-json\/wp\/v2\/comments?post=9713"}],"version-history":[{"count":7,"href":"http:\/\/maldives-paradise.com\/da\/wp-json\/wp\/v2\/pages\/9713\/revisions"}],"predecessor-version":[{"id":45304,"href":"http:\/\/maldives-paradise.com\/da\/wp-json\/wp\/v2\/pages\/9713\/revisions\/45304"}],"wp:featuredmedia":[{"embeddable":true,"href":"http:\/\/maldives-paradise.com\/da\/wp-json\/wp\/v2\/media\/9224"}],"wp:attachment":[{"href":"http:\/\/maldives-paradise.com\/da\/wp-json\/wp\/v2\/media?parent=9713"}],"curies":[{"name":"wp","href":"https:\/\/api.w.org\/{rel}","templated":true}]}}