{"id":9605,"date":"2024-01-28T14:06:46","date_gmt":"2024-01-28T14:06:46","guid":{"rendered":"http:\/\/maldives-paradise.com\/?page_id=9605"},"modified":"2025-10-09T16:06:39","modified_gmt":"2025-10-09T16:06:39","slug":"angaga-island-resort-spa","status":"publish","type":"page","link":"http:\/\/maldives-paradise.com\/da\/angaga-island-resort-spa\/","title":{"rendered":"Angaga Island Resort &amp; Spa"},"content":{"rendered":"<div class=\"wpb-content-wrapper\"><div class=\"vc_row wpb_row vc_row-fluid\"><div class=\"wpb_column vc_column_container vc_col-sm-12\"><div class=\"vc_column-inner\"><div class=\"wpb_wrapper\">\n\t<div class=\"wpb_text_column wpb_content_element\" >\n\t\t<div class=\"wpb_wrapper\">\n\t\t\t<h3>Angaga Island Resort &amp; Spa: Paradise on Earth<\/h3>\n\n\t\t<\/div>\n\t<\/div>\n<\/div><\/div><\/div><\/div><div class=\"vc_row wpb_row vc_row-fluid\"><div class=\"wpb_column vc_column_container vc_col-sm-12\"><div class=\"vc_column-inner\"><div class=\"wpb_wrapper\">\n\t<div class=\"wpb_video_widget wpb_content_element vc_clearfix   vc_video-aspect-ratio-169 vc_video-el-width-100 vc_video-align-left\" >\n\t\t<div class=\"wpb_wrapper\">\n\t\t\t\n\t\t\t<div class=\"wpb_video_wrapper\"><iframe loading=\"lazy\" title=\"Angaga Island Resort &amp; Spa - South Ari Atoll - Maldiverne 4K 2019\" width=\"500\" height=\"281\" src=\"https:\/\/www.youtube.com\/embed\/JXPAbd_WetA?feature=oembed\" frameborder=\"0\" allow=\"accelerometer; autoplay; clipboard-write; encrypted-media; gyroscope; picture-in-picture; web-share\" allowfullscreen><\/iframe><\/div>\n\t\t<\/div>\n\t<\/div>\n<\/div><\/div><\/div><\/div><div class=\"vc_row wpb_row vc_row-fluid\"><div class=\"wpb_column vc_column_container vc_col-sm-12\"><div class=\"vc_column-inner\"><div class=\"wpb_wrapper\">\n\t<div class=\"wpb_text_column wpb_content_element\" >\n\t\t<div class=\"wpb_wrapper\">\n\t\t\t<p>Angaga Island Resort &amp; Spa p\u00e5 Maldiverne er et tropisk tilflugtssted, der lover en uforglemmelig flugt. Med sine uber\u00f8rte hvide sandstrande, turkisbl\u00e5 vand og frodige gr\u00f8nne omr\u00e5der tilbyder dette milj\u00f8venlige feriested et stykke paradis for rejsende, der s\u00f8ger ro og naturlig sk\u00f8nhed.<\/p>\n<p><strong>Island Paradise<\/strong><\/p>\n<p>Angaga Island Resort &amp; Spa ligger i den sydlige Ari-atollen, kendt for sine betagende koralrev og mangfoldige havliv. Resortet er let tilg\u00e6ngeligt med en tur med vandflyver fra Mal\u00e9s internationale lufthavn, hvilket g\u00f8r det til et bekvemt valg for rejsende, der leder efter en idyllisk ferie.<\/p>\n<p><strong>Indkvartering<\/strong><\/p>\n<p>Resortet tilbyder en r\u00e6kke overnatningssteder, der passer til forskellige pr\u00e6ferencer, fra hyggelige bungalows ved stranden til villaer over vandet. Hvert v\u00e6relse er designet med komfort og luksus i tankerne og byder p\u00e5 moderne bekvemmeligheder, private udend\u00f8rs rum og direkte adgang til stranden eller lagunen. V\u00e5gn op til lyden af blide b\u00f8lger og nyd en fantastisk udsigt over solopgangen lige fra dit d\u00f8rtrin.<\/p>\n<p><strong>Spiseoplevelse<\/strong><\/p>\n<p><strong>Angaga Island Resort &amp; Spa<\/strong> kan prale af forskellige spisemuligheder, s\u00e5 g\u00e6sterne kan nyde en bred vifte af kulinariske l\u00e6kkerier. Hovedrestauranten byder p\u00e5 internationale buffetm\u00e5ltider med temaaftener, hvilket sikrer en r\u00e6kke smagsvarianter, der tilfredsstiller enhver smag. For en romantisk og intim madoplevelse serverer overvandsrestauranten uds\u00f8gte fiske- og skaldyrsretter og uds\u00f8gte vine.<\/p>\n<p><strong>Undervands paradis<\/strong><\/p>\n<p>Et af feriestedets h\u00f8jdepunkter er dets n\u00e6rhed til nogle af Maldivernes bedste dykkersteder. Det klare vand omkring Angaga vrimler med pulserende havliv, herunder farverige koralrev, hajer, manta rokker og skildpadder. Uanset om du er en erfaren dykker eller nybegynder, tilbyder resortet et PADI-certificeret dykkercenter med erfarne instrukt\u00f8rer til at guide dig gennem undervandsvidunderne.<\/p>\n<p><strong>Vandsport og aktiviteter<\/strong><\/p>\n<p>Ud over dykning kan g\u00e6sterne nyde en r\u00e6kke vandsportsaktiviteter og aktiviteter, herunder snorkling, windsurfing, kanosejlads og fiskeri. Resortet tilbyder ogs\u00e5 udflugter s\u00e5som delfinsafari, solnedgangskrydstogter og \u00f8-hop, s\u00e5 du kan udforske Maldivernes naturlige sk\u00f8nhed.<\/p>\n<p><strong>Spa og Wellness<\/strong><\/p>\n<p>Angaga Island Resort &amp; Spa har en fredfyldt spa, hvor g\u00e6sterne kan nyde foryngende behandlinger og massage. Spaens rolige omgivelser, omgivet af frodige tropiske haver, forbedrer afslapningsoplevelsen og efterlader dig forfrisket og revitaliseret.<\/p>\n<p><strong>Milj\u00f8venlige initiativer<\/strong><\/p>\n<p>Resortet er forpligtet til at bevare Maldivernes naturlige milj\u00f8. De har implementeret forskellige milj\u00f8venlige initiativer, s\u00e5som energibesparelse, affaldsreduktion og havbevaringsindsats, herunder beskyttelse af lokale havskildpadders redepladser.<\/p>\n<p><strong>Konklusion<\/strong><\/p>\n<p>Angaga Island Resort &amp; Spa p\u00e5 Maldiverne er mere end blot et feriem\u00e5l; det er en mulighed for at fordybe dig i naturens sk\u00f8nhed og ro. Uanset om du s\u00f8ger eventyr i undervandsverdenen, afslapning p\u00e5 uber\u00f8rte strande eller en romantisk flugt, tilbyder dette milj\u00f8venlige resort det hele. Med sin varme g\u00e6stfrihed og engagement i b\u00e6redygtighed inviterer Angaga Island Resort &amp; Spa dig til at opleve paradis p\u00e5 jorden som aldrig f\u00f8r. Skab minder, der vil vare hele livet i dette betagende maldiviske fristed.<\/p>\n\n\t\t<\/div>\n\t<\/div>\n<\/div><\/div><\/div><\/div><div class=\"vc_row wpb_row vc_row-fluid\"><div class=\"wpb_column vc_column_container vc_col-sm-12\"><div class=\"vc_column-inner\"><div class=\"wpb_wrapper\">\n\t<div class=\"wpb_text_column wpb_content_element\" >\n\t\t<div class=\"wpb_wrapper\">\n\t\t\t<h3><a title=\"Angaga Island Resort &amp; Spa\" href=\"https:\/\/trip.tpo.lv\/2WRkt9yh\" target=\"blanc2\" rel=\"nofollow\">Check availability and best price at Angaga Island Resort &amp; Spa here &gt;&gt;<\/a><\/h3>\n\n\t\t<\/div>\n\t<\/div>\n<\/div><\/div><\/div><\/div>\n<\/div>","protected":false},"excerpt":{"rendered":"<div class=\"mh-excerpt\"><\/div>","protected":false},"author":1,"featured_media":9606,"parent":0,"menu_order":0,"comment_status":"closed","ping_status":"closed","template":"","meta":{"footnotes":""},"class_list":["post-9605","page","type-page","status-publish","has-post-thumbnail"],"aioseo_notices":[],"_links":{"self":[{"href":"http:\/\/maldives-paradise.com\/da\/wp-json\/wp\/v2\/pages\/9605","targetHints":{"allow":["GET"]}}],"collection":[{"href":"http:\/\/maldives-paradise.com\/da\/wp-json\/wp\/v2\/pages"}],"about":[{"href":"http:\/\/maldives-paradise.com\/da\/wp-json\/wp\/v2\/types\/page"}],"author":[{"embeddable":true,"href":"http:\/\/maldives-paradise.com\/da\/wp-json\/wp\/v2\/users\/1"}],"replies":[{"embeddable":true,"href":"http:\/\/maldives-paradise.com\/da\/wp-json\/wp\/v2\/comments?post=9605"}],"version-history":[{"count":4,"href":"http:\/\/maldives-paradise.com\/da\/wp-json\/wp\/v2\/pages\/9605\/revisions"}],"predecessor-version":[{"id":43385,"href":"http:\/\/maldives-paradise.com\/da\/wp-json\/wp\/v2\/pages\/9605\/revisions\/43385"}],"wp:featuredmedia":[{"embeddable":true,"href":"http:\/\/maldives-paradise.com\/da\/wp-json\/wp\/v2\/media\/9606"}],"wp:attachment":[{"href":"http:\/\/maldives-paradise.com\/da\/wp-json\/wp\/v2\/media?parent=9605"}],"curies":[{"name":"wp","href":"https:\/\/api.w.org\/{rel}","templated":true}]}}