{"id":9067,"date":"2024-01-19T06:42:20","date_gmt":"2024-01-19T06:42:20","guid":{"rendered":"http:\/\/maldives-paradise.com\/?page_id=9067"},"modified":"2025-02-23T08:05:29","modified_gmt":"2025-02-23T08:05:29","slug":"bedste-prisgaranti","status":"publish","type":"page","link":"http:\/\/maldives-paradise.com\/da\/bedste-prisgaranti\/","title":{"rendered":"Bedste prisgaranti"},"content":{"rendered":"<div class=\"wpb-content-wrapper\"><div class=\"vc_row wpb_row vc_row-fluid\"><div class=\"wpb_column vc_column_container vc_col-sm-12\"><div class=\"vc_column-inner\"><div class=\"wpb_wrapper\">\n\t<div  class=\"wpb_single_image wpb_content_element vc_align_left wpb_content_element\">\n\t\t\n\t\t<figure class=\"wpb_wrapper vc_figure\">\n\t\t\t<div class=\"vc_single_image-wrapper   vc_box_border_grey\"><img decoding=\"async\" class=\"vc_single_image-img\" src=\"https:\/\/maldives-paradise.com\/wp-content\/uploads\/2024\/01\/bestrateguarantee.jpg\" width=\"368\" height=\"137\" alt=\"Bedste prisgaranti\" title=\"bestrategaranti\" loading=\"lazy\" \/><\/div>\n\t\t<\/figure>\n\t<\/div>\n<\/div><\/div><\/div><\/div><div class=\"vc_row wpb_row vc_row-fluid\"><div class=\"wpb_column vc_column_container vc_col-sm-12\"><div class=\"vc_column-inner\"><div class=\"wpb_wrapper\">\n\t<div class=\"wpb_text_column wpb_content_element\" >\n\t\t<div class=\"wpb_wrapper\">\n\t\t\t<h3>Bedste prisgaranti direkte fra hoteller<\/h3>\n\n\t\t<\/div>\n\t<\/div>\n<\/div><\/div><\/div><\/div><div class=\"vc_row wpb_row vc_row-fluid\"><div class=\"wpb_column vc_column_container vc_col-sm-12\"><div class=\"vc_column-inner\"><div class=\"wpb_wrapper\">\n\t<div class=\"wpb_text_column wpb_content_element\" >\n\t\t<div class=\"wpb_wrapper\">\n\t\t\t<p>Best Rate Guarantee-programmer eller Best Price Guarantee, som det ogs\u00e5 kaldes, er en markedsf\u00f8ringstrend, som flere og hoteller rundt om i verden samler op for at konkurrere med de store online rejsebookingswebsteder. Det garanterer, at en hotelg\u00e6st f\u00e5r den laveste tilg\u00e6ngelige pris for en nat eller flere n\u00e6tters ophold, n\u00e5r de bestiller direkte hos hotellet.<\/p>\n<p>Hotellerne garanterer, at hvis du finder en bedre, offentligt tilg\u00e6ngelig pris p\u00e5 en anden hjemmeside end den officielle hotelhjemmeside, efter du har foretaget reservationen, kan du indsende et online Best Guarantee-krav. Hvis dit krav godkendes, vil ikke kun den lavere pris blive matchet, men du vil ogs\u00e5 modtage yderligere 10 til 30% rabat og andre fordele, afh\u00e6ngigt af hver hotelpolitik.<\/p>\n<p>Hoteller reserverer ofte deres bedste tilbud til g\u00e6ster, der bestiller direkte. Fra gratis v\u00e6relsesopgraderinger til eksklusive faciliteter, disse frynsegoder fors\u00f8der handlen og forbedrer din samlede oplevelse. Loyalitetspoint og s\u00e6rlige kampagner er yderligere incitamenter, som kun kan tilg\u00e5s gennem direkte bookinger.<\/p>\n<p>De forskellige hotel bedste prisgaranti kommer med betingelser. Hvert hotel har forskellige betingelser for den bedste prisgaranti, men de fleste af de vigtigste vilk\u00e5r og betingelser er delt p\u00e5 tv\u00e6rs af hotellerne.<br \/>\nN\u00f8glebegreberne er:<\/p>\n<p>Du skal allerede have reserveret v\u00e6relset direkte via hotellets hjemmeside.<br \/>\nDen lavere pris skal findes p\u00e5 en gyldig konkurrentwebside.<br \/>\nDette udelukker websteder, der ikke fort\u00e6ller dig hotelm\u00e6rket, f\u00f8r reservationen er gennemf\u00f8rt, websteder, der tilbyder medlemspriser, websteder, der ikke tilbyder \u00f8jeblikkelig bekr\u00e6ftelse og nogle andre.<\/p>\n<p>Den lavere pris skal have n\u00f8jagtig de samme betingelser som den pris, der bestilles direkte via hotellets hjemmeside:<\/p>\n<p>Samme reservationsdatoer<br \/>\nSamme v\u00e6relsestype<br \/>\nSamme afbestillingsregler<br \/>\nSamme antal g\u00e6ster pr. v\u00e6relse<\/p>\n<p>Booking direkte sparer hotellet penge, som de s\u00e5 kan bruge til at videregive besparelser. Det gavner dig ogs\u00e5, ved at give dig mulighed for at optjene fordele, samt hotelpoint.<\/p>\n\n\t\t<\/div>\n\t<\/div>\n<\/div><\/div><\/div><\/div><div class=\"vc_row wpb_row vc_row-fluid\"><div class=\"wpb_column vc_column_container vc_col-sm-12\"><div class=\"vc_column-inner\"><div class=\"wpb_wrapper\">\n\t<div class=\"wpb_text_column wpb_content_element\" >\n\t\t<div class=\"wpb_wrapper\">\n\t\t\t<h3><a href=\"http:\/\/maldives-paradise.com\/da\/de-12-bedste-resorts-med-bedste-prisgaranti-i-maldiverne\/\">De 12 bedste feriesteder med bedste prisgaranti i Maldiverne<\/a><\/h3>\n\n\t\t<\/div>\n\t<\/div>\n<\/div><\/div><\/div><\/div>\n<\/div>","protected":false},"excerpt":{"rendered":"<div class=\"mh-excerpt\"><\/div>","protected":false},"author":1,"featured_media":9070,"parent":0,"menu_order":0,"comment_status":"closed","ping_status":"closed","template":"","meta":{"footnotes":""},"class_list":["post-9067","page","type-page","status-publish","has-post-thumbnail"],"aioseo_notices":[],"_links":{"self":[{"href":"http:\/\/maldives-paradise.com\/da\/wp-json\/wp\/v2\/pages\/9067","targetHints":{"allow":["GET"]}}],"collection":[{"href":"http:\/\/maldives-paradise.com\/da\/wp-json\/wp\/v2\/pages"}],"about":[{"href":"http:\/\/maldives-paradise.com\/da\/wp-json\/wp\/v2\/types\/page"}],"author":[{"embeddable":true,"href":"http:\/\/maldives-paradise.com\/da\/wp-json\/wp\/v2\/users\/1"}],"replies":[{"embeddable":true,"href":"http:\/\/maldives-paradise.com\/da\/wp-json\/wp\/v2\/comments?post=9067"}],"version-history":[{"count":3,"href":"http:\/\/maldives-paradise.com\/da\/wp-json\/wp\/v2\/pages\/9067\/revisions"}],"predecessor-version":[{"id":14728,"href":"http:\/\/maldives-paradise.com\/da\/wp-json\/wp\/v2\/pages\/9067\/revisions\/14728"}],"wp:featuredmedia":[{"embeddable":true,"href":"http:\/\/maldives-paradise.com\/da\/wp-json\/wp\/v2\/media\/9070"}],"wp:attachment":[{"href":"http:\/\/maldives-paradise.com\/da\/wp-json\/wp\/v2\/media?parent=9067"}],"curies":[{"name":"wp","href":"https:\/\/api.w.org\/{rel}","templated":true}]}}