{"id":9020,"date":"2024-01-18T18:37:15","date_gmt":"2024-01-18T18:37:15","guid":{"rendered":"http:\/\/maldives-paradise.com\/?page_id=9020"},"modified":"2025-11-26T09:35:52","modified_gmt":"2025-11-26T09:35:52","slug":"de-12-bedste-romantiske-pa-maldiverne","status":"publish","type":"page","link":"http:\/\/maldives-paradise.com\/da\/de-12-bedste-romantiske-pa-maldiverne\/","title":{"rendered":"De bedste romantiske resorts p\u00e5 Maldiverne"},"content":{"rendered":"<div class=\"wpb-content-wrapper\"><div class=\"vc_row wpb_row vc_row-fluid\"><div class=\"wpb_column vc_column_container vc_col-sm-12\"><div class=\"vc_column-inner\"><div class=\"wpb_wrapper\">\n\t<div class=\"wpb_text_column wpb_content_element\" >\n\t\t<div class=\"wpb_wrapper\">\n\t\t\t<p>Overgiv dig til romantik p\u00e5 romantiske luksusresorter p\u00e5 Maldiverne. Nyd private overvandsbungalower, uber\u00f8rte strande og intim spisning under stjernerne. Fork\u00e6l dig selv med spa-behandlinger, snorkling i klart vand og champagnesolnedgange. Ideel til par, der s\u00f8ger en fortryllende flugt i himmelske omgivelser.<\/p>\n<p>At reservere en strandvilla eller en bungalow p\u00e5 et af disse romantiske feriesteder p\u00e5 Maldiverne lover en uforglemmelig oplevelse for par. Hvert resort tilbyder en unik blanding af luksus, privatliv og personlig service, der sikrer, at hvert \u00f8jeblik tilbragt sammen er fyldt med romantik og ro. Uanset om du fejrer en bryllupsrejse, et jubil\u00e6um eller blot gl\u00e6den ved at v\u00e6re sammen, er disse maldiviske feriesteder den perfekte baggrund for din k\u00e6rlighedshistorie.<\/p>\n\n\t\t<\/div>\n\t<\/div>\n<\/div><\/div><\/div><\/div><div class=\"vc_row wpb_row vc_row-fluid\"><div class=\"wpb_column vc_column_container vc_col-sm-3\"><div class=\"vc_column-inner\"><div class=\"wpb_wrapper\">\n\t<div  class=\"wpb_single_image wpb_content_element vc_align_left wpb_content_element\">\n\t\t\n\t\t<figure class=\"wpb_wrapper vc_figure\">\n\t\t\t<a href=\"https:\/\/lamp.glopss.com\/aff_c?offer_id=338&#038;aff_id=1834&#038;url=https%3A%2F%2Fwww.adaaran.com%2Fprestigewatervillas%2F\" target=\"_self\" class=\"vc_single_image-wrapper   vc_box_border_grey\"><img loading=\"lazy\" decoding=\"async\" width=\"150\" height=\"150\" src=\"https:\/\/maldives-paradise.com\/wp-content\/uploads\/2024\/01\/Adaaran-Prestige-Water-Villas-5-150x150.jpg\" class=\"vc_single_image-img attachment-thumbnail\" alt=\"Adaaran Prestige Water Villas\" title=\"Adaaran-Prestige-Vand-Villaer-5\" \/><\/a>\n\t\t<\/figure>\n\t<\/div>\n<\/div><\/div><\/div><div class=\"wpb_column vc_column_container vc_col-sm-9\"><div class=\"vc_column-inner\"><div class=\"wpb_wrapper\">\n\t<div class=\"wpb_text_column wpb_content_element\" >\n\t\t<div class=\"wpb_wrapper\">\n\t\t\t<h3><a href=\"https:\/\/lamp.glopss.com\/aff_c?offer_id=338&amp;aff_id=1834&amp;url=https%3A%2F%2Fwww.adaaran.com%2Fprestigewatervillas%2F\" rel=\"nofollow \">Adaaran Prestige Water Villas<\/a><\/h3>\n<p>Adaaran Club Resort Rannalhi er et luksuri\u00f8st femstjernet resort i romantisk atmosf\u00e6re, der tilbyder g\u00e6sterne en utrolig \u00f8-flugt. Fra det \u00f8jeblik du ankommer, vil du blive fork\u00e6let med eksklusive faciliteter og smukke omgivelser. Vandvillaerne har rummelige v\u00e6relser og suiter, som alle er elegant indrettede og tilbyder en fantastisk udsigt over havet. G\u00e6sterne kan nyde en r\u00e6kke aktiviteter p\u00e5 Adaaran Club Resort Rannalhi, herunder sv\u00f8mning, snorkling, kajaksejlads, fiskeri og windsurfing. Der er ogs\u00e5 flere restauranter og barer p\u00e5 stedet.<\/p>\n\n\t\t<\/div>\n\t<\/div>\n<\/div><\/div><\/div><\/div><div class=\"vc_row wpb_row vc_row-fluid\"><div class=\"wpb_column vc_column_container vc_col-sm-3\"><div class=\"vc_column-inner\"><div class=\"wpb_wrapper\">\n\t<div  class=\"wpb_single_image wpb_content_element vc_align_left wpb_content_element\">\n\t\t\n\t\t<figure class=\"wpb_wrapper vc_figure\">\n\t\t\t<a href=\"https:\/\/lamp.glopss.com\/aff_c?offer_id=9&#038;aff_id=1834&#038;url=https%3A%2F%2Fwww.anantara.com%2Fen%2Fveli-maldives\" target=\"_self\" class=\"vc_single_image-wrapper   vc_box_border_grey\"><img loading=\"lazy\" decoding=\"async\" width=\"150\" height=\"150\" src=\"https:\/\/maldives-paradise.com\/wp-content\/uploads\/2023\/12\/anantara-veli-93-1080x480-1-150x150.jpg\" class=\"vc_single_image-img attachment-thumbnail\" alt=\"Anantara Veli Resort and Spa Maldiverne\" title=\"anantara-veli-93-1080x480\" \/><\/a>\n\t\t<\/figure>\n\t<\/div>\n<\/div><\/div><\/div><div class=\"wpb_column vc_column_container vc_col-sm-9\"><div class=\"vc_column-inner\"><div class=\"wpb_wrapper\">\n\t<div class=\"wpb_text_column wpb_content_element\" >\n\t\t<div class=\"wpb_wrapper\">\n\t\t\t<h3><a href=\"https:\/\/lamp.glopss.com\/SHUt\" target=\"_blank\" rel=\"nofollow noopener\">Anantara Veli Maldives Resort<\/a><\/h3>\n<p>Fork\u00e6l dig selv med indbegrebet af romantisk luksus p\u00e5 Anantara Veli Maldives Resort, et af vores foretrukne 5-stjernede Maldiverne bryllupsrejse resorts kun for voksne! Dette idylliske tilflugtssted er perfekt til at fordybe sig i en verden af turkise laguner, bungalows over vandet og magisk udsigt til solnedgangen. Du kan v\u00e6lge en Beach Pool Villa med direkte adgang til bl\u00f8dt sand, og en privat dyb pool ved stranden, eller opgradere til en Overwater Villa med Privat Plunge Pool og luksusen fra Villa Host for personlig opm\u00e6rksomhed.<br \/>\n<span style=\"color: #ff0000;\"><strong>Bedste prisgaranti med direkte booking p\u00e5 dette hotel.<\/strong><\/span><\/p>\n\n\t\t<\/div>\n\t<\/div>\n<\/div><\/div><\/div><\/div><div class=\"vc_row wpb_row vc_row-fluid\"><div class=\"wpb_column vc_column_container vc_col-sm-3\"><div class=\"vc_column-inner\"><div class=\"wpb_wrapper\">\n\t<div  class=\"wpb_single_image wpb_content_element vc_align_left wpb_content_element\">\n\t\t\n\t\t<figure class=\"wpb_wrapper vc_figure\">\n\t\t\t<a href=\"https:\/\/lamp.glopss.com\/aff_c?offer_id=259&#038;aff_id=1834\" target=\"_self\" class=\"vc_single_image-wrapper   vc_box_border_grey\"><img loading=\"lazy\" decoding=\"async\" width=\"150\" height=\"150\" src=\"https:\/\/maldives-paradise.com\/wp-content\/uploads\/2024\/01\/baros-maldives3-150x150.jpg\" class=\"vc_single_image-img attachment-thumbnail\" alt=\"Baros Maldiverne\" title=\"baros-maldiverne 3\" \/><\/a>\n\t\t<\/figure>\n\t<\/div>\n<\/div><\/div><\/div><div class=\"wpb_column vc_column_container vc_col-sm-9\"><div class=\"vc_column-inner\"><div class=\"wpb_wrapper\">\n\t<div class=\"wpb_text_column wpb_content_element\" >\n\t\t<div class=\"wpb_wrapper\">\n\t\t\t<h3><a href=\"https:\/\/lamp.glopss.com\/SHUm\" target=\"_blank\" rel=\"nofollow noopener\">Baros Maldiverne<\/a><\/h3>\n<p>Baros, det luksuri\u00f8se 5-stjernede resort p\u00e5 Maldiverne, er den ultimative dr\u00f8mmedestination. Det har vundet det mest romantiske feriested i verden i syv p\u00e5 hinanden f\u00f8lgende \u00e5r, som k\u00e5ret af World Travel Awards.<br \/>\nBaros vandvillaer med privat pool tilbyder dig en oplevelse, du aldrig vil glemme, mens du nyder den uforstyrrede udsigt, s\u00e5 rolig, at du ikke vil forlade stedet.<\/p>\n\n\t\t<\/div>\n\t<\/div>\n<\/div><\/div><\/div><\/div><div class=\"vc_row wpb_row vc_row-fluid\"><div class=\"wpb_column vc_column_container vc_col-sm-3\"><div class=\"vc_column-inner\"><div class=\"wpb_wrapper\">\n\t<div  class=\"wpb_single_image wpb_content_element vc_align_left wpb_content_element\">\n\t\t\n\t\t<figure class=\"wpb_wrapper vc_figure\">\n\t\t\t<a href=\"https:\/\/lamp.glopss.com\/aff_c?offer_id=1354&#038;aff_id=1834&#038;url=https%3A%2F%2Fwww.comohotels.com%2Fmaldives%2Fcomo-cocoa-island\" target=\"_self\" class=\"vc_single_image-wrapper   vc_box_border_grey\"><img loading=\"lazy\" decoding=\"async\" width=\"150\" height=\"150\" src=\"https:\/\/maldives-paradise.com\/wp-content\/uploads\/2024\/01\/como-cocoa-island2-150x150.jpg\" class=\"vc_single_image-img attachment-thumbnail\" alt=\"COMO Kakao\u00f8en\" title=\"como-kakao-\u00f82\" \/><\/a>\n\t\t<\/figure>\n\t<\/div>\n<\/div><\/div><\/div><div class=\"wpb_column vc_column_container vc_col-sm-9\"><div class=\"vc_column-inner\"><div class=\"wpb_wrapper\">\n\t<div class=\"wpb_text_column wpb_content_element\" >\n\t\t<div class=\"wpb_wrapper\">\n\t\t\t<h3><a href=\"https:\/\/lamp.glopss.com\/SHU8\" target=\"_blank\" rel=\"nofollow noopener\">Como Cocoa Island<\/a><\/h3>\n<p>COMO Cocoa Island er et tropisk paradis med unikt indrettede suiter og palmestr\u00e5t\u00e6kte overvandsvillaer inspireret af de lokale dhoni-fiskerb\u00e5de. Dette romantiske tilflugtssted langs den hvide sandstrand tilbyder overb\u00e6rende spa-behandlinger, udend\u00f8rs stor infinity-pool og to private dykkerrev, som ikke er af denne verden. Denne dr\u00f8mmende \u00f8-ferie i Det Indiske Ocean er den perfekte flugt for to.<\/p>\n\n\t\t<\/div>\n\t<\/div>\n<\/div><\/div><\/div><\/div><div class=\"vc_row wpb_row vc_row-fluid\"><div class=\"wpb_column vc_column_container vc_col-sm-3\"><div class=\"vc_column-inner\"><div class=\"wpb_wrapper\">\n\t<div  class=\"wpb_single_image wpb_content_element vc_align_left wpb_content_element\">\n\t\t\n\t\t<figure class=\"wpb_wrapper vc_figure\">\n\t\t\t<a href=\"https:\/\/lamp.glopss.com\/aff_c?offer_id=1384&#038;aff_id=1834\" target=\"_self\" class=\"vc_single_image-wrapper   vc_box_border_grey\"><img loading=\"lazy\" decoding=\"async\" width=\"150\" height=\"150\" src=\"https:\/\/maldives-paradise.com\/wp-content\/uploads\/2023\/12\/Hideaway-Beach-Resort-Spa-Shines-as-the-Most-Picturesque-Resort-in-the-Maldives-at-TTM-Awards-2023-1-1024x576-1-150x150.jpg\" class=\"vc_single_image-img attachment-thumbnail\" alt=\"Hideaway Beach Resort &amp; Spa\" title=\"Hideaway-Beach-Resort-Spa-Shines-as-the-Mest-Picturesque-Resort-in-the-Maldives-at-TTM-Awards-2023-1-1024x576.jpg\" \/><\/a>\n\t\t<\/figure>\n\t<\/div>\n<\/div><\/div><\/div><div class=\"wpb_column vc_column_container vc_col-sm-9\"><div class=\"vc_column-inner\"><div class=\"wpb_wrapper\">\n\t<div class=\"wpb_text_column wpb_content_element\" >\n\t\t<div class=\"wpb_wrapper\">\n\t\t\t<h3><a href=\"https:\/\/lamp.glopss.com\/aff_c?offer_id=1384&amp;aff_id=1834\" target=\"_blank\" rel=\"nofollow noopener\">Hideaway Beach Resort &amp; Spa<\/a><\/h3>\n<p>Hideaway Beach Resort &amp; Spa er et ideelt valg til en bryllupsrejse med nogle af de st\u00f8rste og mest private villaer p\u00e5 Maldiverne. Bo i dit eget lille stykke paradis, v\u00e6k fra resten af verden og nyd ren luksus og afsondrethed.<br \/>\nSe den s\u00e6rlige pakke for alle bryllupsrejser, der bor i fire n\u00e6tter eller mere.<\/p>\n\n\t\t<\/div>\n\t<\/div>\n<\/div><\/div><\/div><\/div><div class=\"vc_row wpb_row vc_row-fluid\"><div class=\"wpb_column vc_column_container vc_col-sm-3\"><div class=\"vc_column-inner\"><div class=\"wpb_wrapper\">\n\t<div  class=\"wpb_single_image wpb_content_element vc_align_left wpb_content_element\">\n\t\t\n\t\t<figure class=\"wpb_wrapper vc_figure\">\n\t\t\t<a href=\"https:\/\/lamp.glopss.com\/aff_c?offer_id=264&#038;aff_id=1834&#038;url=https%3A%2F%2Fwww.hurawalhi.com%2F\" target=\"_self\" class=\"vc_single_image-wrapper   vc_box_border_grey\"><img loading=\"lazy\" decoding=\"async\" width=\"150\" height=\"150\" src=\"https:\/\/maldives-paradise.com\/wp-content\/uploads\/2024\/01\/Hurawalhi-Island2-150x150.jpg\" class=\"vc_single_image-img attachment-thumbnail\" alt=\"Hurawalhi Island - Kun voksne og All Inclusive Resort\" title=\"Hurawalhi-\u00f8en 2\" \/><\/a>\n\t\t<\/figure>\n\t<\/div>\n<\/div><\/div><\/div><div class=\"wpb_column vc_column_container vc_col-sm-9\"><div class=\"vc_column-inner\"><div class=\"wpb_wrapper\">\n\t<div class=\"wpb_text_column wpb_content_element\" >\n\t\t<div class=\"wpb_wrapper\">\n\t\t\t<h3><a href=\"https:\/\/hotellook.tp.st\/6FluoLuO\" target=\"_blank\" rel=\"nofollow noopener\">Hurawalhi Island Resort<\/a><\/h3>\n<p>I den uber\u00f8rte Lhaviyani Atoll er Hurawalhi Island Resort vores bedste valg kun for voksne Maldiverne bryllupsrejse resorts. Dette fredfyldte tilflugtssted er ideelt for par, der leder efter et maldivisk paradis. Omgivet af krystalklart vand venter en bryllupsrejse i baggrunden af uovertruffen sk\u00f8nhed. Resortet tilbyder en r\u00e6kke forskellige overnatningssteder. Beach Sunset Pool Villas er luksuri\u00f8se med private infinity-pools. For en bryllupsrejse er Ocean Pool Villas fantastiske.<\/p>\n\n\t\t<\/div>\n\t<\/div>\n<\/div><\/div><\/div><\/div><div class=\"vc_row wpb_row vc_row-fluid\"><div class=\"wpb_column vc_column_container vc_col-sm-3\"><div class=\"vc_column-inner\"><div class=\"wpb_wrapper\">\n\t<div  class=\"wpb_single_image wpb_content_element vc_align_left wpb_content_element\">\n\t\t\n\t\t<figure class=\"wpb_wrapper vc_figure\">\n\t\t\t<a href=\"https:\/\/lamp.glopss.com\/aff_c?offer_id=427&#038;aff_id=1834\" target=\"_self\" class=\"vc_single_image-wrapper   vc_box_border_grey\"><img loading=\"lazy\" decoding=\"async\" width=\"150\" height=\"150\" src=\"https:\/\/maldives-paradise.com\/wp-content\/uploads\/2024\/01\/Kandolhu2-150x150.jpg\" class=\"vc_single_image-img attachment-thumbnail\" alt=\"Kandolhu \u00f8en\" title=\"Kandolhu2\" \/><\/a>\n\t\t<\/figure>\n\t<\/div>\n<\/div><\/div><\/div><div class=\"wpb_column vc_column_container vc_col-sm-9\"><div class=\"vc_column-inner\"><div class=\"wpb_wrapper\">\n\t<div class=\"wpb_text_column wpb_content_element\" >\n\t\t<div class=\"wpb_wrapper\">\n\t\t\t<h3><a href=\"https:\/\/lamp.glopss.com\/SHUW\" target=\"_blank\" rel=\"nofollow noopener\">Kandolhu Maldiverne<\/a><\/h3>\n<p>Romantiske feriesteder i Maldiverne Perfekt til en bryllupsrejse eller ferie for par. Kandolhu Maldiverne er en perfekt bryllupsrejsedestination, da den er lille, rolig og romantisk. Koralrev og silkehvidt sand er s\u00e6dvanligt her, og resortets beskedne st\u00f8rrelse (det har kun 30 villaer) sikrer, at du har den mest mulige ensomhed, mens du er p\u00e5 ferie. Se bryllupsrejsetilbuddet p\u00e5 deres hjemmeside!<\/p>\n\n\t\t<\/div>\n\t<\/div>\n<\/div><\/div><\/div><\/div><div class=\"vc_row wpb_row vc_row-fluid\"><div class=\"wpb_column vc_column_container vc_col-sm-3\"><div class=\"vc_column-inner\"><div class=\"wpb_wrapper\">\n\t<div  class=\"wpb_single_image wpb_content_element vc_align_left wpb_content_element\">\n\t\t\n\t\t<figure class=\"wpb_wrapper vc_figure\">\n\t\t\t<a href=\"https:\/\/lamp.glopss.com\/aff_c?offer_id=264&#038;aff_id=1834&#038;url=https%3A%2F%2Fwww.komandoo.com%2F\" target=\"_self\" class=\"vc_single_image-wrapper   vc_box_border_grey\"><img loading=\"lazy\" decoding=\"async\" width=\"150\" height=\"150\" src=\"https:\/\/maldives-paradise.com\/wp-content\/uploads\/2023\/12\/komandoo-150x150.jpg\" class=\"vc_single_image-img attachment-thumbnail\" alt=\"Komandoo resort Maldiverne\" title=\"komandoo\" \/><\/a>\n\t\t<\/figure>\n\t<\/div>\n<\/div><\/div><\/div><div class=\"wpb_column vc_column_container vc_col-sm-9\"><div class=\"vc_column-inner\"><div class=\"wpb_wrapper\">\n\t<div class=\"wpb_text_column wpb_content_element\" >\n\t\t<div class=\"wpb_wrapper\">\n\t\t\t<h3><a href=\"https:\/\/hotellook.tp.st\/m18hEKIZ\" target=\"_blank\" rel=\"nofollow noopener\">Komandoo Island Resort &amp; Spa<\/a><\/h3>\n<p>I den maleriske Lhaviyani Atoll er Komandoo Island Resort &amp; Spa den perfekte romantiske tilflugtssted og et af de bedste valg kun for voksne Maldiverne bryllupsrejse resorts. Der er en r\u00e6kke villaer til r\u00e5dighed p\u00e5 Komandoo, men Ocean Jacuzzi Water Villas, der ligger over lagunen, har de smukkeste f\u00e6ngslende solopgange. Med jacuzzi-bade og private tr\u00e6d\u00e6k str\u00e6kker sig over vandet, den idylliske maldiviske dr\u00f8m!<\/p>\n\n\t\t<\/div>\n\t<\/div>\n<\/div><\/div><\/div><\/div><div class=\"vc_row wpb_row vc_row-fluid\"><div class=\"wpb_column vc_column_container vc_col-sm-3\"><div class=\"vc_column-inner\"><div class=\"wpb_wrapper\">\n\t<div  class=\"wpb_single_image wpb_content_element vc_align_left wpb_content_element\">\n\t\t\n\t\t<figure class=\"wpb_wrapper vc_figure\">\n\t\t\t<a href=\"https:\/\/lamp.glopss.com\/aff_c?offer_id=261&#038;aff_id=1834\" target=\"_self\" class=\"vc_single_image-wrapper   vc_box_border_grey\"><img loading=\"lazy\" decoding=\"async\" width=\"150\" height=\"150\" src=\"https:\/\/maldives-paradise.com\/wp-content\/uploads\/2023\/10\/milaidhoo3-150x150.jpg\" class=\"vc_single_image-img attachment-thumbnail\" alt=\"Milaidhoo Maldiverne\" title=\"milaidhoo3\" \/><\/a>\n\t\t<\/figure>\n\t<\/div>\n<\/div><\/div><\/div><div class=\"wpb_column vc_column_container vc_col-sm-9\"><div class=\"vc_column-inner\"><div class=\"wpb_wrapper\">\n\t<div class=\"wpb_text_column wpb_content_element\" >\n\t\t<div class=\"wpb_wrapper\">\n\t\t\t<h3><a href=\"https:\/\/lamp.glopss.com\/SHUd\" target=\"_blank\" rel=\"nofollow noopener\">Milaidhoo Island Resort<\/a><\/h3>\n<p>Bryllupsrejsende f\u00f8ler sig hjemme hos Milaidhoo, hvor de, n\u00e5r du bestiller pakken &#039;Perfekt bryllupsrejse&#039;, endda navngiver en stjerne p\u00e5 nattehimlen efter dig og giver dig certifikatet og koordinaterne, s\u00e5 du kan se det om natten. Din stjernes navn vil v\u00e6re ophavsretligt beskyttet med dets koordinater, s\u00e5 du og fremtidige generationer kan identificere stjernen fra biblioteket og lokalisere den p\u00e5 himlen.<\/p>\n\n\t\t<\/div>\n\t<\/div>\n<\/div><\/div><\/div><\/div><div class=\"vc_row wpb_row vc_row-fluid\"><div class=\"wpb_column vc_column_container vc_col-sm-3\"><div class=\"vc_column-inner\"><div class=\"wpb_wrapper\">\n\t<div  class=\"wpb_single_image wpb_content_element vc_align_left wpb_content_element\">\n\t\t\n\t\t<figure class=\"wpb_wrapper vc_figure\">\n\t\t\t<a href=\"https:\/\/lamp.glopss.com\/aff_c?offer_id=989&#038;aff_id=1834&#038;url=https%3A%2F%2Fwww.outrigger.com%2Fmaldives%2Fmaldives-maafushivaru-resort%3Futm_source%3Dglopss%26utm_medium%3Daffiliate%26utm_campaign%3Dcampaign\" target=\"_self\" class=\"vc_single_image-wrapper   vc_box_border_grey\"><img loading=\"lazy\" decoding=\"async\" width=\"150\" height=\"150\" src=\"https:\/\/maldives-paradise.com\/wp-content\/uploads\/2024\/01\/outrigger2-150x150.jpg\" class=\"vc_single_image-img attachment-thumbnail\" alt=\"Outrigger Maldiverne Maafushivaru\" title=\"st\u00f8tteben 2\" \/><\/a>\n\t\t<\/figure>\n\t<\/div>\n<\/div><\/div><\/div><div class=\"wpb_column vc_column_container vc_col-sm-9\"><div class=\"vc_column-inner\"><div class=\"wpb_wrapper\">\n\t<div class=\"wpb_text_column wpb_content_element\" >\n\t\t<div class=\"wpb_wrapper\">\n\t\t\t<h3><a href=\"https:\/\/lamp.glopss.com\/SHUM\" target=\"_blank\" rel=\"nofollow noopener\">Outrigger Maafushivaru Maldiverne<\/a><\/h3>\n<p>Book dine dr\u00f8mmes bryllupsrejsepakke. OUTRIGGER Maldives Maafushivaru Resort ligger i Det Indiske Ocean og tilbyder en unik \u00f8-oplevelse med frodig vegetation, uber\u00f8rt vand og hvide strande.<\/p>\n\n\t\t<\/div>\n\t<\/div>\n<\/div><\/div><\/div><\/div><div class=\"vc_row wpb_row vc_row-fluid\"><div class=\"wpb_column vc_column_container vc_col-sm-3\"><div class=\"vc_column-inner\"><div class=\"wpb_wrapper\">\n\t<div  class=\"wpb_single_image wpb_content_element vc_align_left wpb_content_element\">\n\t\t\n\t\t<figure class=\"wpb_wrapper vc_figure\">\n\t\t\t<a href=\"https:\/\/lamp.glopss.com\/aff_c?offer_id=1062&#038;aff_id=1834&#038;url=https%3A%2F%2Fvaru-atmosphere.com%2F\" target=\"_self\" class=\"vc_single_image-wrapper   vc_box_border_grey\"><img loading=\"lazy\" decoding=\"async\" width=\"150\" height=\"150\" src=\"https:\/\/maldives-paradise.com\/wp-content\/uploads\/2023\/11\/varu-by-atmosphere-150x150.jpg\" class=\"vc_single_image-img attachment-thumbnail\" alt=\"Varu af Atmosphere\" title=\"varu-for-atmosf\u00e6re\" \/><\/a>\n\t\t<\/figure>\n\t<\/div>\n<\/div><\/div><\/div><div class=\"wpb_column vc_column_container vc_col-sm-9\"><div class=\"vc_column-inner\"><div class=\"wpb_wrapper\">\n\t<div class=\"wpb_text_column wpb_content_element\" >\n\t\t<div class=\"wpb_wrapper\">\n\t\t\t<h3><a href=\"https:\/\/trip.tpo.lv\/XTX8WSQn\" target=\"_blank\" rel=\"nofollow noopener\">Varu af Atmosphere<\/a><\/h3>\n<p>VARU by Atmosphere \u2013 Et Premium All-Inclusive Resort. Afsl\u00f8r en verden, hvor k\u00e6rligheden maler horisonten og tiden st\u00e5r stille. L\u00f8ft din rejse af samv\u00e6r med VARU by Atmosphere 4 n\u00e6tter 5 dages bryllupsrejsepakke.<\/p>\n\n\t\t<\/div>\n\t<\/div>\n<\/div><\/div><\/div><\/div><div class=\"vc_row wpb_row vc_row-fluid\"><div class=\"wpb_column vc_column_container vc_col-sm-3\"><div class=\"vc_column-inner\"><div class=\"wpb_wrapper\">\n\t<div  class=\"wpb_single_image wpb_content_element vc_align_left wpb_content_element\">\n\t\t\n\t\t<figure class=\"wpb_wrapper vc_figure\">\n\t\t\t<a href=\"https:\/\/lamp.glopss.com\/aff_c?offer_id=1019&#038;aff_id=1834\" target=\"_self\" class=\"vc_single_image-wrapper   vc_box_border_grey\"><img loading=\"lazy\" decoding=\"async\" width=\"150\" height=\"150\" src=\"https:\/\/maldives-paradise.com\/wp-content\/uploads\/2019\/01\/Nothing-quite-prepares-you-for-a-view-like-this-150x150.jpg\" class=\"vc_single_image-img attachment-thumbnail\" alt=\"Dig &amp; Mig Cocoon Maldiverne\" title=\"Intet-helt-forbereder-dig-til-en-udsigt-som-dette.jpg\" \/><\/a>\n\t\t<\/figure>\n\t<\/div>\n<\/div><\/div><\/div><div class=\"wpb_column vc_column_container vc_col-sm-9\"><div class=\"vc_column-inner\"><div class=\"wpb_wrapper\">\n\t<div class=\"wpb_text_column wpb_content_element\" >\n\t\t<div class=\"wpb_wrapper\">\n\t\t\t<h3><a href=\"https:\/\/lamp.glopss.com\/aff_c?offer_id=1019&amp;aff_id=1834\" target=\"_blank\" rel=\"nofollow noopener\">You &amp; Me fra Cocoon Maldives<\/a><\/h3>\n<p>You &amp; Me er en privat, rustik og romantisk \u00f8, i et smukt, uber\u00f8rt hj\u00f8rne af Maldiverne. En verden v\u00e6k fra hverdagens stress, Du &amp; Mig er stedet, hvor du kan slappe af, kr\u00f8lle sammen og bruge noget kvalitetstid. \u00d8en kun for voksne, rettet mod par, bryllupsrejser og venner, er resortet et roligt, afslappende tilflugtssted, langt v\u00e6k fra andre hoteller.<\/p>\n\n\t\t<\/div>\n\t<\/div>\n<\/div><\/div><\/div><\/div><div class=\"vc_row wpb_row vc_row-fluid\"><div class=\"wpb_column vc_column_container vc_col-sm-12\"><div class=\"vc_column-inner\"><div class=\"wpb_wrapper\">\n\t<div class=\"wpb_text_column wpb_content_element\" >\n\t\t<div class=\"wpb_wrapper\">\n\t\t\t<p><a href=\"http:\/\/maldives-paradise.com\/da\/tag\/romantiske-maldiverne-2\/\"><strong>Mere om romantiske hoteller og feriesteder p\u00e5 Maldiverne<\/strong><\/a><\/p>\n<p class=\"has-small-font-size\"><strong><a title=\"De 12 bedste bryllupsrejseresorter i Maldiverne\" href=\"https:\/\/maldives-paradise.com\/da\/de-12-bedste-bryllupsrejseresorts-i-maldiverne\/\">De bedste bryllupsrejseresorter i Maldiverne<\/a><\/strong><\/p>\n<p class=\"has-small-font-size\"><strong><a title=\"De 12 bedste feriesteder til bryllupper i Maldiverne\" href=\"https:\/\/maldives-paradise.com\/da\/de-12-bedste-feriesteder-til-bryllupper-i-maldiverne-2\/\">De bedste feriesteder til bryllupper i Maldiverne<\/a><\/strong><\/p>\n\n\t\t<\/div>\n\t<\/div>\n<\/div><\/div><\/div><\/div>\n<\/div>","protected":false},"excerpt":{"rendered":"<div class=\"mh-excerpt\"><\/div>","protected":false},"author":1,"featured_media":9194,"parent":0,"menu_order":0,"comment_status":"closed","ping_status":"closed","template":"","meta":{"footnotes":""},"class_list":["post-9020","page","type-page","status-publish","has-post-thumbnail"],"aioseo_notices":[],"_links":{"self":[{"href":"http:\/\/maldives-paradise.com\/da\/wp-json\/wp\/v2\/pages\/9020","targetHints":{"allow":["GET"]}}],"collection":[{"href":"http:\/\/maldives-paradise.com\/da\/wp-json\/wp\/v2\/pages"}],"about":[{"href":"http:\/\/maldives-paradise.com\/da\/wp-json\/wp\/v2\/types\/page"}],"author":[{"embeddable":true,"href":"http:\/\/maldives-paradise.com\/da\/wp-json\/wp\/v2\/users\/1"}],"replies":[{"embeddable":true,"href":"http:\/\/maldives-paradise.com\/da\/wp-json\/wp\/v2\/comments?post=9020"}],"version-history":[{"count":7,"href":"http:\/\/maldives-paradise.com\/da\/wp-json\/wp\/v2\/pages\/9020\/revisions"}],"predecessor-version":[{"id":45316,"href":"http:\/\/maldives-paradise.com\/da\/wp-json\/wp\/v2\/pages\/9020\/revisions\/45316"}],"wp:featuredmedia":[{"embeddable":true,"href":"http:\/\/maldives-paradise.com\/da\/wp-json\/wp\/v2\/media\/9194"}],"wp:attachment":[{"href":"http:\/\/maldives-paradise.com\/da\/wp-json\/wp\/v2\/media?parent=9020"}],"curies":[{"name":"wp","href":"https:\/\/api.w.org\/{rel}","templated":true}]}}