{"id":8762,"date":"2024-01-14T14:02:14","date_gmt":"2024-01-14T14:02:14","guid":{"rendered":"http:\/\/maldives-paradise.com\/?page_id=8762"},"modified":"2025-11-26T09:23:24","modified_gmt":"2025-11-26T09:23:24","slug":"de-12-bedste-all-inclusive-resorts-pa-maldiverne","status":"publish","type":"page","link":"http:\/\/maldives-paradise.com\/da\/de-12-bedste-all-inclusive-resorts-pa-maldiverne\/","title":{"rendered":"De bedste all inclusive resorts p\u00e5 Maldiverne"},"content":{"rendered":"<div class=\"wpb-content-wrapper\"><div class=\"vc_row wpb_row vc_row-fluid\"><div class=\"wpb_column vc_column_container vc_col-sm-12\"><div class=\"vc_column-inner\"><div class=\"wpb_wrapper\">\n\t<div class=\"wpb_text_column wpb_content_element\" >\n\t\t<div class=\"wpb_wrapper\">\n\t\t\t<p>At booke et resort med alt inklusive p\u00e5 Maldiverne giver en problemfri, luksuri\u00f8s ferieoplevelse. Med alt fra gourmetm\u00e5ltider og premium drinks til sp\u00e6ndende aktiviteter og udflugter inkluderet, kan g\u00e6sterne slappe helt af og nyde deres ophold uden at bekymre sig om ekstra omkostninger. Disse resorts tilbyder en r\u00e6kke spisemuligheder, bekvemmeligheder i verdensklasse og personlig service, hvilket sikrer en stressfri og overb\u00e6rende ferie. Uanset om du snorkler i pulserende koralrev, nyder en foryngende spa-behandling eller blot slapper af p\u00e5 en uber\u00f8rt strand, sikrer et all-inclusive resort p\u00e5 Maldiverne, at alle aspekter af din ferie bliver taget h\u00e5nd om, s\u00e5 du kan fokusere p\u00e5 at skabe uforglemmelige minder.<\/p>\n<p>Her er en liste over de bedste hoteller og resorter med alt inklusive p\u00e5 Maldiverne med femstjernede vurderinger. De bedste priser direkte fra hotellerne.<\/p>\n\n\t\t<\/div>\n\t<\/div>\n<\/div><\/div><\/div><\/div><div class=\"vc_row wpb_row vc_row-fluid\"><div class=\"wpb_column vc_column_container vc_col-sm-3\"><div class=\"vc_column-inner\"><div class=\"wpb_wrapper\">\n\t<div  class=\"wpb_single_image wpb_content_element vc_align_left wpb_content_element\">\n\t\t\n\t\t<figure class=\"wpb_wrapper vc_figure\">\n\t\t\t<a href=\"https:\/\/lamp.glopss.com\/aff_c?offer_id=259&#038;aff_id=1834\" target=\"_self\" class=\"vc_single_image-wrapper   vc_box_border_grey\"><img loading=\"lazy\" decoding=\"async\" width=\"150\" height=\"150\" src=\"https:\/\/maldives-paradise.com\/wp-content\/uploads\/2024\/01\/baros-maldives3-150x150.jpg\" class=\"vc_single_image-img attachment-thumbnail\" alt=\"Baros Maldiverne\" title=\"baros-maldiverne 3\" \/><\/a>\n\t\t<\/figure>\n\t<\/div>\n<\/div><\/div><\/div><div class=\"wpb_column vc_column_container vc_col-sm-9\"><div class=\"vc_column-inner\"><div class=\"wpb_wrapper\">\n\t<div class=\"wpb_text_column wpb_content_element\" >\n\t\t<div class=\"wpb_wrapper\">\n\t\t\t<h3><a href=\"https:\/\/lamp.glopss.com\/SHUm\" target=\"_blank\" rel=\"nofollow noopener\">Baros Maldiverne<\/a><\/h3>\n<p>I mods\u00e6tning til mange andre maldiviske feriesteder tilbyder Baros flere altomfattende muligheder, s\u00e5 g\u00e6sterne virkelig kan tilpasse deres ophold i North Male Atoll. Et af de bedste tilbud er m\u00e5ske feriestedets Blissful Baros-pakke. Med Blissful Baros vil g\u00e6sterne modtage daglig morgenmad og middag p\u00e5 Lime, Baros&#039; overd\u00e5dige restaurant ved lagunesiden, en frugtkurv og champagne ved ankomsten, daglig yoga ved solopgang, spa-rabat, spiserabat p\u00e5 Cayenne Grill og The Lighthouse Restaurant, og lufthavnstransport. Andre pakker, s\u00e5som Book Direct, tilbyder inklusion som gratis snorkeludstyr og ikke-motoriseret vandsport.<\/p>\n\n\t\t<\/div>\n\t<\/div>\n<\/div><\/div><\/div><\/div><div class=\"vc_row wpb_row vc_row-fluid\"><div class=\"wpb_column vc_column_container vc_col-sm-3\"><div class=\"vc_column-inner\"><div class=\"wpb_wrapper\">\n\t<div  class=\"wpb_single_image wpb_content_element vc_align_left wpb_content_element\">\n\t\t\n\t\t<figure class=\"wpb_wrapper vc_figure\">\n\t\t\t<a href=\"http:\/\/maldives-paradise.com\/da\/nova-maldiverne\/\" target=\"_self\" class=\"vc_single_image-wrapper   vc_box_border_grey\"><img loading=\"lazy\" decoding=\"async\" width=\"150\" height=\"150\" src=\"https:\/\/maldives-paradise.com\/wp-content\/uploads\/2024\/01\/nova-maldives-4-150x150.jpg\" class=\"vc_single_image-img attachment-thumbnail\" alt=\"Nova Maldiverne Resort\" title=\"nova-maldiverne-4\" \/><\/a>\n\t\t<\/figure>\n\t<\/div>\n<\/div><\/div><\/div><div class=\"wpb_column vc_column_container vc_col-sm-9\"><div class=\"vc_column-inner\"><div class=\"wpb_wrapper\">\n\t<div class=\"wpb_text_column wpb_content_element\" >\n\t\t<div class=\"wpb_wrapper\">\n\t\t\t<h3><a href=\"http:\/\/maldives-paradise.com\/da\/nova-maldiverne\/\">Nova Maldiverne<\/a><\/h3>\n<p>Et moderne altomfattende f\u00e6llesskabskoncept, et tilbagel\u00e6net sted med en sj\u00e6l, der v\u00e6kker gl\u00e6de og er designet til \u00e6gte forbindelse. Et sted at f\u00f8le dit allerbedste - og mest taget h\u00e5nd om. Uanset om du rejser alene, med dine k\u00e6re, venner eller familie - alle er velkomne til vores hjem-v\u00e6k-fra-hjemmet. Her kan du g\u00f8re lige s\u00e5 meget eller s\u00e5 lidt som du vil - hvad end din sj\u00e6l \u00f8nsker. Dyk, g\u00e5 i fitnesscenteret, eller s\u00e6t dig under palmerne og nyd noget enkelt og \u00e6gte. F\u00f8l dig glad for at v\u00e6re her. Glad i \u00f8jeblikket - p\u00e5 et af Maldivernes bedste resorts med alt inklusive.<\/p>\n\n\t\t<\/div>\n\t<\/div>\n<\/div><\/div><\/div><\/div><div class=\"vc_row wpb_row vc_row-fluid\"><div class=\"wpb_column vc_column_container vc_col-sm-3\"><div class=\"vc_column-inner\"><div class=\"wpb_wrapper\">\n\t<div  class=\"wpb_single_image wpb_content_element vc_align_left wpb_content_element\">\n\t\t\n\t\t<figure class=\"wpb_wrapper vc_figure\">\n\t\t\t<a href=\"https:\/\/lamp.glopss.com\/aff_c?offer_id=1476&#038;aff_id=1834&#038;url=https%3A%2F%2Fwww.sunsiyam.com%2Fsun-siyam-iru-fushi%2F\" target=\"_self\" class=\"vc_single_image-wrapper   vc_box_border_grey\"><img loading=\"lazy\" decoding=\"async\" width=\"150\" height=\"150\" src=\"https:\/\/maldives-paradise.com\/wp-content\/uploads\/2024\/01\/Sun-Siyam-Iru-Fushi-2-150x150.jpg\" class=\"vc_single_image-img attachment-thumbnail\" alt=\"Sun Siyam Iru Fushi\" title=\"Sun-Siyam-Iru-Fushi-2\" \/><\/a>\n\t\t<\/figure>\n\t<\/div>\n<\/div><\/div><\/div><div class=\"wpb_column vc_column_container vc_col-sm-9\"><div class=\"vc_column-inner\"><div class=\"wpb_wrapper\">\n\t<div class=\"wpb_text_column wpb_content_element\" >\n\t\t<div class=\"wpb_wrapper\">\n\t\t\t<h3><a href=\"https:\/\/lamp.glopss.com\/SHUw\" target=\"_blank\" rel=\"nofollow noopener\">Sun Siyam Iru Fushi<\/a><\/h3>\n<p>Sun Siyam Iru Fushi p\u00e5 Maldiverne er et indbegrebet altomfattende resort, der inkarnerer luksus og ro i en tropisk oase. Beliggende i det azurbl\u00e5 vand i Det Indiske Ocean tilbyder dette tilflugtssted en omfattende altomfattende oplevelse, der giver g\u00e6sterne overd\u00e5dig indkvartering, enest\u00e5ende spisemuligheder og et utal af aktiviteter. Resortet byder p\u00e5 overd\u00e5dige villaer over vandet og ved stranden, der tilbyder panoramaudsigt og uovertruffen komfort.<\/p>\n\n\t\t<\/div>\n\t<\/div>\n<\/div><\/div><\/div><\/div><div class=\"vc_row wpb_row vc_row-fluid\"><div class=\"wpb_column vc_column_container vc_col-sm-3\"><div class=\"vc_column-inner\"><div class=\"wpb_wrapper\">\n\t<div  class=\"wpb_single_image wpb_content_element vc_align_left wpb_content_element\">\n\t\t\n\t\t<figure class=\"wpb_wrapper vc_figure\">\n\t\t\t<a href=\"https:\/\/lamp.glopss.com\/aff_c?offer_id=1085&#038;aff_id=1834\" target=\"_self\" class=\"vc_single_image-wrapper   vc_box_border_grey\"><img loading=\"lazy\" decoding=\"async\" width=\"150\" height=\"150\" src=\"https:\/\/maldives-paradise.com\/wp-content\/uploads\/2020\/11\/maldives-finolhu-fish-crab-shack-restaurant-beach-150x150.jpg\" class=\"vc_single_image-img attachment-thumbnail\" alt=\"finolhu krabbehytte restaurant\" title=\"maldiverne-finolhu-fisk-krabbe-hytte-restaurant-strand\" \/><\/a>\n\t\t<\/figure>\n\t<\/div>\n<\/div><\/div><\/div><div class=\"wpb_column vc_column_container vc_col-sm-9\"><div class=\"vc_column-inner\"><div class=\"wpb_wrapper\">\n\t<div class=\"wpb_text_column wpb_content_element\" >\n\t\t<div class=\"wpb_wrapper\">\n\t\t\t<h3><a href=\"https:\/\/lamp.glopss.com\/SHUE\">Finolhu Maldiverne<\/a><\/h3>\n<p>Bedst til sociale typer.<br \/>\nMed sin to kilometer lange hvide sandstrand, tiki-oplyste strandfester, ekspansivt vandsportscenter og farverige villaer er Finolhu masser af sjov til en behagelig pris. G\u00e6ster kan v\u00e6lge mellem to tilbud med alt inklusive: den f\u00f8rste d\u00e6kker sodavand og standard alkoholm\u00e6rker; morgenbuffet, frokost og middag, plus et m\u00e5ltid p\u00e5 hver af de tre specialrestauranter om ugen. Den altomfattende Premium-pakke giver g\u00e6sterne mulighed for at v\u00e6lge drinks fra en liste af prestigevine og spiritus og spise hvor som helst, de vil, inklusive den trendy Milk Lab-caf\u00e9, som serverer slow-dryp kaffe, frugtsmoothies og netop bagte kager.<\/p>\n\n\t\t<\/div>\n\t<\/div>\n<\/div><\/div><\/div><\/div><div class=\"vc_row wpb_row vc_row-fluid\"><div class=\"wpb_column vc_column_container vc_col-sm-3\"><div class=\"vc_column-inner\"><div class=\"wpb_wrapper\">\n\t<div  class=\"wpb_single_image wpb_content_element vc_align_left wpb_content_element\">\n\t\t\n\t\t<figure class=\"wpb_wrapper vc_figure\">\n\t\t\t<a href=\"https:\/\/lamp.glopss.com\/aff_c?offer_id=366&#038;aff_id=1834\" target=\"_self\" class=\"vc_single_image-wrapper   vc_box_border_grey\"><img loading=\"lazy\" decoding=\"async\" width=\"150\" height=\"150\" src=\"https:\/\/maldives-paradise.com\/wp-content\/uploads\/2024\/01\/one-and-only2-150x150.jpg\" class=\"vc_single_image-img attachment-thumbnail\" alt=\"One&amp;Only Reethi Rah Maldiverne\" title=\"en-og-kun 2\" \/><\/a>\n\t\t<\/figure>\n\t<\/div>\n<\/div><\/div><\/div><div class=\"wpb_column vc_column_container vc_col-sm-9\"><div class=\"vc_column-inner\"><div class=\"wpb_wrapper\">\n\t<div class=\"wpb_text_column wpb_content_element\" >\n\t\t<div class=\"wpb_wrapper\">\n\t\t\t<h3><a href=\"https:\/\/lamp.glopss.com\/aff_c?offer_id=366&amp;aff_id=1834\">Reethi Faru Resort<\/a><\/h3>\n<p>Reethi Beach Resort ligger p\u00e5 den rolige \u00f8 Fonimagoodhoo og er stolt af sine eksklusive villaer og suitev\u00e6relser. Rummelige, velindrettede logi p\u00e5 resortet er ledsaget af adgang til stranden eller lagunen, terrassed\u00e6k og meget mere; familiesuiter, der er s\u00e6rligt velegnede til store grupper, omfatter boliger med to sovev\u00e6relser med f\u00e6lles opholdsrum. Reethi Beach byder p\u00e5 et v\u00e6ld af eklektiske spisemuligheder, herunder middage ved stranden og ved poolen. Resortet har ogs\u00e5 sin egen dykkerskole, der tilbyder gratis lektioner til entusiastiske nye dykkere.<\/p>\n\n\t\t<\/div>\n\t<\/div>\n<\/div><\/div><\/div><\/div><div class=\"vc_row wpb_row vc_row-fluid\"><div class=\"wpb_column vc_column_container vc_col-sm-3\"><div class=\"vc_column-inner\"><div class=\"wpb_wrapper\">\n\t<div  class=\"wpb_single_image wpb_content_element vc_align_left wpb_content_element\">\n\t\t\n\t\t<figure class=\"wpb_wrapper vc_figure\">\n\t\t\t<a href=\"https:\/\/lamp.glopss.com\/aff_c?offer_id=9&#038;aff_id=1834&#038;url=https%3A%2F%2Fwww.anantara.com%2Fen%2Fveli-maldives\" target=\"_self\" class=\"vc_single_image-wrapper   vc_box_border_grey\"><img loading=\"lazy\" decoding=\"async\" width=\"150\" height=\"150\" src=\"https:\/\/maldives-paradise.com\/wp-content\/uploads\/2023\/12\/anantara-veli-93-1080x480-1-150x150.jpg\" class=\"vc_single_image-img attachment-thumbnail\" alt=\"Anantara Veli Resort and Spa Maldiverne\" title=\"anantara-veli-93-1080x480\" \/><\/a>\n\t\t<\/figure>\n\t<\/div>\n<\/div><\/div><\/div><div class=\"wpb_column vc_column_container vc_col-sm-9\"><div class=\"vc_column-inner\"><div class=\"wpb_wrapper\">\n\t<div class=\"wpb_text_column wpb_content_element\" >\n\t\t<div class=\"wpb_wrapper\">\n\t\t\t<h3><a href=\"https:\/\/lamp.glopss.com\/SHUt\" target=\"_blank\" rel=\"nofollow noopener\">Anantara Veli Maldiverne<\/a><\/h3>\n<p>P\u00e5 en privat \u00f8 i den sydlige Male-atol ligger Anantara Veli, n\u00e5et via en 30 minutters speedb\u00e5dstur fra Male. Resortet er det voksne alternativ til s\u00f8sterresortet, Anantara Dhigu, som er forbundet via en bro og pr\u00e6senterer et mere familievenligt tilbud, selvom g\u00e6ster p\u00e5 Anantara Veli har adgang til restauranter og fritidsfaciliteter p\u00e5 begge ejendomme. Moderne nye strandvillaer, der spreder det sukkerholdige sand og kommer komplet med private pools. Resortet tilf\u00f8jede ogs\u00e5 en ny Villa Host-service til alle g\u00e6ster, opfriskede designet af de seks restauranter og tilf\u00f8jede en marokkansk hammam til wellness-tilbuddet. Selvom dette ikke er et dedikeret all-inclusive-resort p\u00e5 Maldiverne, tilbyder det en all-inclusive-fork\u00e6lelsespakke, som inkluderer en daglig morgenbuffet, tre-retters frokost og middag plus all-inclusive drikkevarer. Der er ogs\u00e5 rabatter for ophold over tre n\u00e6tter og gratis overf\u00f8rsler for dem, der reserverer bestemte v\u00e6relseskategorier.<\/p>\n\n\t\t<\/div>\n\t<\/div>\n<\/div><\/div><\/div><\/div><div class=\"vc_row wpb_row vc_row-fluid\"><div class=\"wpb_column vc_column_container vc_col-sm-3\"><div class=\"vc_column-inner\"><div class=\"wpb_wrapper\">\n\t<div  class=\"wpb_single_image wpb_content_element vc_align_left wpb_content_element\">\n\t\t\n\t\t<figure class=\"wpb_wrapper vc_figure\">\n\t\t\t<a href=\"https:\/\/lamp.glopss.com\/aff_c?offer_id=1471&#038;aff_id=1834&#038;url=https%3A%2F%2Fwww.luxresorts.com%2Fen%2Fmaldives%2Fresort%2Fluxsouthariatoll%3Futm_source%3Dglopss%26utm_medium%3Daffiliate%26utm_campaign%3Dcampaign\" target=\"_self\" class=\"vc_single_image-wrapper   vc_box_border_grey\"><img loading=\"lazy\" decoding=\"async\" width=\"150\" height=\"150\" src=\"https:\/\/maldives-paradise.com\/wp-content\/uploads\/2024\/01\/lux2-150x150.jpg\" class=\"vc_single_image-img attachment-thumbnail\" alt=\"LUX * Maldiverne South Ari Atoll\" title=\"lux2\" \/><\/a>\n\t\t<\/figure>\n\t<\/div>\n<\/div><\/div><\/div><div class=\"wpb_column vc_column_container vc_col-sm-9\"><div class=\"vc_column-inner\"><div class=\"wpb_wrapper\">\n\t<div class=\"wpb_text_column wpb_content_element\" >\n\t\t<div class=\"wpb_wrapper\">\n\t\t\t<h3><a href=\"https:\/\/lamp.glopss.com\/aff_c?offer_id=1471&amp;aff_id=1834&amp;url=https%3A%2F%2Fwww.luxresorts.com%2Fen%2Fmaldives%2Fresort%2Fluxsouthariatoll%3Futm_source%3Dglopss%26utm_medium%3Daffiliate%26utm_campaign%3Dcampaign\" target=\"_blank\" rel=\"nofollow noopener\">LUX Syd Ari Atoll<\/a><\/h3>\n<p>Bedst til aktiviteter.<br \/>\nLux*, der str\u00e6kker sig over hele fire kilometer med perleskinnende sand i den afsidesliggende sydlige Ari-atol, udnytter sin lysende beliggenhed med rummelige hvidkalkede villaer og bunkevis af sporty aktiviteter, fra flydende yoga til kitesurfing og stand-up paddle-boarding i solnedgang. Med feriestedets Maldives All Inclusive-pakke f\u00e5r du morgenmad, frokost og middag p\u00e5 tre af restauranterne (med 30 procent rabat p\u00e5 de japanske og italienske restauranter), samt gratis is, varme drikke p\u00e5 cafe, picnickurve og drinks i strandklubben.<\/p>\n\n\t\t<\/div>\n\t<\/div>\n<\/div><\/div><\/div><\/div><div class=\"vc_row wpb_row vc_row-fluid\"><div class=\"wpb_column vc_column_container vc_col-sm-3\"><div class=\"vc_column-inner\"><div class=\"wpb_wrapper\">\n\t<div  class=\"wpb_single_image wpb_content_element vc_align_left wpb_content_element\">\n\t\t\n\t\t<figure class=\"wpb_wrapper vc_figure\">\n\t\t\t<a href=\"https:\/\/lamp.glopss.com\/aff_c?offer_id=264&#038;aff_id=1834&#038;url=https%3A%2F%2Fwww.kudadoo.com%2F\" target=\"_self\" class=\"vc_single_image-wrapper   vc_box_border_grey\"><img loading=\"lazy\" decoding=\"async\" width=\"150\" height=\"150\" src=\"https:\/\/maldives-paradise.com\/wp-content\/uploads\/2024\/01\/kudadoo2-150x150.jpg\" class=\"vc_single_image-img attachment-thumbnail\" alt=\"Kudadoo Maldiverne Private Island\" title=\"kudadoo2\" \/><\/a>\n\t\t<\/figure>\n\t<\/div>\n<\/div><\/div><\/div><div class=\"wpb_column vc_column_container vc_col-sm-9\"><div class=\"vc_column-inner\"><div class=\"wpb_wrapper\">\n\t<div class=\"wpb_text_column wpb_content_element\" >\n\t\t<div class=\"wpb_wrapper\">\n\t\t\t<h3><a href=\"https:\/\/lamp.glopss.com\/aff_c?offer_id=264&amp;aff_id=1834&amp;url=https%3A%2F%2Fwww.kudadoo.com%2F\" target=\"_blank\" rel=\"nofollow noopener\">Kudadoo Maldiverne<\/a><\/h3>\n<p>Bedst til det h\u00f8je liv<br \/>\nChampagne p\u00e5 fad, smagsmenuer, natdykning, delfinkrydstogter i solnedgang, piruettering over Det Indiske Ocean i et par jetst\u00f8vler, private yogaklasser, ubegr\u00e6nsede spabehandlinger - n\u00e5r Kudadoo siger, at det inkluderer alt, betyder det det. Beliggende i den frodige Lhaviyani Atoll, har dette feriested i lommest\u00f8rrelse kun 15 overvandsvillaer, hver med japansk ryokan-inspireret interi\u00f8r, indend\u00f8rs-udend\u00f8rs badev\u00e6relser, fejende d\u00e6k og private pools. St\u00f8rrelsen g\u00f8r, at det f\u00f8les mere som en privat medlemsklub end et hotel.<\/p>\n\n\t\t<\/div>\n\t<\/div>\n<\/div><\/div><\/div><\/div><div class=\"vc_row wpb_row vc_row-fluid\"><div class=\"wpb_column vc_column_container vc_col-sm-3\"><div class=\"vc_column-inner\"><div class=\"wpb_wrapper\">\n\t<div  class=\"wpb_single_image wpb_content_element vc_align_left wpb_content_element\">\n\t\t\n\t\t<figure class=\"wpb_wrapper vc_figure\">\n\t\t\t<a href=\"https:\/\/lamp.glopss.com\/aff_c?offer_id=9&#038;aff_id=1834&#038;url=https%3A%2F%2Fwww.niyama.com%2F\" target=\"_self\" class=\"vc_single_image-wrapper   vc_box_border_grey\"><img loading=\"lazy\" decoding=\"async\" width=\"150\" height=\"150\" src=\"https:\/\/maldives-paradise.com\/wp-content\/uploads\/2024\/01\/niyama2-150x150.jpg\" class=\"vc_single_image-img attachment-thumbnail\" alt=\"Niyama Private Islands Maldiverne\" title=\"nyama2\" \/><\/a>\n\t\t<\/figure>\n\t<\/div>\n<\/div><\/div><\/div><div class=\"wpb_column vc_column_container vc_col-sm-9\"><div class=\"vc_column-inner\"><div class=\"wpb_wrapper\">\n\t<div class=\"wpb_text_column wpb_content_element\" >\n\t\t<div class=\"wpb_wrapper\">\n\t\t\t<h3><a href=\"https:\/\/lamp.glopss.com\/SHUv\" target=\"_blank\" rel=\"nofollow noopener\">Niyama Private Islands Maldiverne<\/a><\/h3>\n<p>Bedst for surfere<br \/>\nEn 40-minutters tur med vandflyver fra Mal\u00e9 i den knapt udviklede Dhaalu Atoll, de latterligt smukke tvillinge\u00f8er Niyama har deres egen surfpause, der styrter ned p\u00e5 kysten, sammen med masser af andre wow-v\u00e6rdige attraktioner: verdens f\u00f8rste undervandsnatklub, en 24- time spa, og en af de bedste altomfattende muligheder rundt omkring. Tilg\u00e6ngelig for ophold p\u00e5 mere end fem n\u00e6tter, Niyama Luxury Experience d\u00e6kker alle drinks og m\u00e5ltider, inklusive bes\u00f8g p\u00e5 signaturrestauranterne, plus tre gratis aktiviteter pr. ophold - delfinspotting, solnedgangskrydstogter, snorkelsafari - og en 60-minutters behandling ( massage, bodyscrub, ansigtsbehandling) p\u00e5 Drift Spa.<\/p>\n\n\t\t<\/div>\n\t<\/div>\n<\/div><\/div><\/div><\/div><div class=\"vc_row wpb_row vc_row-fluid\"><div class=\"wpb_column vc_column_container vc_col-sm-3\"><div class=\"vc_column-inner\"><div class=\"wpb_wrapper\">\n\t<div  class=\"wpb_single_image wpb_content_element vc_align_left wpb_content_element\">\n\t\t\n\t\t<figure class=\"wpb_wrapper vc_figure\">\n\t\t\t<a href=\"https:\/\/lamp.glopss.com\/aff_c?offer_id=1062&#038;aff_id=1834&#038;url=https%3A%2F%2Ftheozencollection.com%2Fozenlife-maadhoo%2F\" target=\"_self\" class=\"vc_single_image-wrapper   vc_box_border_grey\"><img loading=\"lazy\" decoding=\"async\" width=\"150\" height=\"150\" src=\"https:\/\/maldives-paradise.com\/wp-content\/uploads\/2024\/01\/ozen-life-2-150x150.jpg\" class=\"vc_single_image-img attachment-thumbnail\" alt=\"OZEN Life Maadhoo\" title=\"Ozen-liv-2\" \/><\/a>\n\t\t<\/figure>\n\t<\/div>\n<\/div><\/div><\/div><div class=\"wpb_column vc_column_container vc_col-sm-9\"><div class=\"vc_column-inner\"><div class=\"wpb_wrapper\">\n\t<div class=\"wpb_text_column wpb_content_element\" >\n\t\t<div class=\"wpb_wrapper\">\n\t\t\t<h3><a href=\"https:\/\/trip.tpo.lv\/i4Tqqyq0\" target=\"_blank\" rel=\"nofollow noopener\">Ozen Life Maadhoo<\/a><\/h3>\n<p>Bedst for strandelskere.<br \/>\nOzen Life Maadhoo ligger p\u00e5 en naturlig \u00f8, en nem 30-minutters speedb\u00e5dstur fra lufthavnen, og har en af de bedste strande i den sydlige Mal\u00e9-atol - og en strandklub, Hudhu Bay, hvor du kan nyde den med stil. Tr\u00e6k p\u00e5 din glitrende kaftan og nyd champagne, cocktails, snacks, solnedgangssoir\u00e9er og DJ-s\u00e6t, som alle er inkluderet i resortets Indulgence-plan. Ogs\u00e5 inkluderet er champagnemorgenmad, ginsmagninger, temaaftener, m\u00e5ltider p\u00e5 alle restauranter (inklusive \u00e9n frokost eller middag p\u00e5 undervandsrestauranten M6m for hver fem dages ophold). Afh\u00e6ngigt af l\u00e6ngden af opholdet f\u00e5r hver g\u00e6st ogs\u00e5 en solnedgangsfisketur og valget mellem en 60-minutters behandling i den dejlige Elena Spa eller et dyk med rabat.<\/p>\n\n\t\t<\/div>\n\t<\/div>\n<\/div><\/div><\/div><\/div><div class=\"vc_row wpb_row vc_row-fluid\"><div class=\"wpb_column vc_column_container vc_col-sm-3\"><div class=\"vc_column-inner\"><div class=\"wpb_wrapper\">\n\t<div  class=\"wpb_single_image wpb_content_element vc_align_left wpb_content_element\">\n\t\t\n\t\t<figure class=\"wpb_wrapper vc_figure\">\n\t\t\t<a href=\"https:\/\/lamp.glopss.com\/aff_c?offer_id=427&#038;aff_id=1834\" target=\"_self\" class=\"vc_single_image-wrapper   vc_box_border_grey\"><img loading=\"lazy\" decoding=\"async\" width=\"150\" height=\"150\" src=\"https:\/\/maldives-paradise.com\/wp-content\/uploads\/2024\/01\/Kandolhu2-150x150.jpg\" class=\"vc_single_image-img attachment-thumbnail\" alt=\"Kandolhu \u00f8en\" title=\"Kandolhu2\" \/><\/a>\n\t\t<\/figure>\n\t<\/div>\n<\/div><\/div><\/div><div class=\"wpb_column vc_column_container vc_col-sm-9\"><div class=\"vc_column-inner\"><div class=\"wpb_wrapper\">\n\t<div class=\"wpb_text_column wpb_content_element\" >\n\t\t<div class=\"wpb_wrapper\">\n\t\t\t<h3><a href=\"https:\/\/lamp.glopss.com\/SHUW\" target=\"_blank\" rel=\"nofollow noopener\">Kandolhu \u00f8en<\/a><\/h3>\n<p>Hver af de 30 stilfulde villaer p\u00e5 dette intime feriested er en dr\u00f8m for arkitekturfans, med fem forskellige plantegninger, der udnytter deres placering i hele ejendommen. Sug i et badekar bag gulv-til-loft-vinduer med intet andet end bl\u00e5t i sigte. Hvis det ikke er nok til at holde dig p\u00e5 grunden, d\u00e6kker Kandolhus Ultimate Inclusions-plan alle m\u00e5ltider p\u00e5 resortets fem restauranter, vine fundet i din personlige vink\u00f8ler, en spa-rabat og mere, inklusive enten en snorkeltur eller champagne-solnedgangskrydstogt per person, per ophold.<\/p>\n\n\t\t<\/div>\n\t<\/div>\n<\/div><\/div><\/div><\/div><div class=\"vc_row wpb_row vc_row-fluid\"><div class=\"wpb_column vc_column_container vc_col-sm-3\"><div class=\"vc_column-inner\"><div class=\"wpb_wrapper\">\n\t<div  class=\"wpb_single_image wpb_content_element vc_align_left wpb_content_element\">\n\t\t\n\t\t<figure class=\"wpb_wrapper vc_figure\">\n\t\t\t<a href=\"https:\/\/hotellook.tp.st\/NpH0AuWF\" target=\"_self\" class=\"vc_single_image-wrapper   vc_box_border_grey\"><img loading=\"lazy\" decoding=\"async\" width=\"150\" height=\"150\" src=\"https:\/\/maldives-paradise.com\/wp-content\/uploads\/2024\/01\/kihaa-maldives-150x150.jpg\" class=\"vc_single_image-img attachment-thumbnail\" alt=\"Kihaa Maldiverne\" title=\"kihaa-maldiverne\" \/><\/a>\n\t\t<\/figure>\n\t<\/div>\n<\/div><\/div><\/div><div class=\"wpb_column vc_column_container vc_col-sm-9\"><div class=\"vc_column-inner\"><div class=\"wpb_wrapper\">\n\t<div class=\"wpb_text_column wpb_content_element\" >\n\t\t<div class=\"wpb_wrapper\">\n\t\t\t<h3><a href=\"https:\/\/hotellook.tp.st\/NpH0AuWF\" target=\"_blank\" rel=\"nofollow noopener\">Kihaa Maldiverne<\/a><\/h3>\n<p>N\u00e5r det kommer til privatliv, tager Kihaa Maldives tingene til et helt nyt niveau. Baseret p\u00e5 sin egen private \u00f8 i Baa Atoll, er dette familievenlige feriested, hvad luksus altomfattende dr\u00f8mme er lavet af. De, der v\u00e6lger resortets altomfattende pakke, kan score daglig morgenmad, frokost, middag og drinks p\u00e5 Malaafaiy, Kihaas vigtigste buffetrestaurant. Eventyrlystne g\u00e6ster kan ogs\u00e5 pr\u00f8ve deres h\u00e5nd med snorkling, dykning, windsurfing og jetski, mens bes\u00f8gende, der foretr\u00e6kker salig afslapning, kan nyde en r\u00e6kke massage- og sk\u00f8nhedsbehandlinger i resortets prisbel\u00f8nnede overvandsspa. Yngre g\u00e6ster vil is\u00e6r nyde det sjove og sikre Kids Club-program, men det er de enest\u00e5ende udflugter, s\u00e5som delfinsafari, solnedgangskrydstogter og ture til lokale landsbyer, som hele familien aldrig vil glemme.<\/p>\n\n\t\t<\/div>\n\t<\/div>\n<\/div><\/div><\/div><\/div><div class=\"vc_row wpb_row vc_row-fluid\"><div class=\"wpb_column vc_column_container vc_col-sm-12\"><div class=\"vc_column-inner\"><div class=\"wpb_wrapper\">\n\t<div class=\"wpb_text_column wpb_content_element\" >\n\t\t<div class=\"wpb_wrapper\">\n\t\t\t<p><a href=\"http:\/\/maldives-paradise.com\/da\/tag\/alt-inklusive-maldiverne\/\"><strong>Mere om All Inclusive Hotels and Resorts p\u00e5 Maldiverne<\/strong><\/a><\/p>\n<p><strong><a title=\"De 12 bedste familieferiesteder\" href=\"https:\/\/maldives-paradise.com\/da\/?page_id=8933\">De bedste familieferiesteder i Maldiverne<\/a><\/strong><\/p>\n\n\t\t<\/div>\n\t<\/div>\n<\/div><\/div><\/div><\/div>\n<\/div>","protected":false},"excerpt":{"rendered":"<div class=\"mh-excerpt\"><\/div>","protected":false},"author":1,"featured_media":8662,"parent":0,"menu_order":0,"comment_status":"closed","ping_status":"closed","template":"","meta":{"footnotes":""},"class_list":["post-8762","page","type-page","status-publish","has-post-thumbnail"],"aioseo_notices":[],"_links":{"self":[{"href":"http:\/\/maldives-paradise.com\/da\/wp-json\/wp\/v2\/pages\/8762","targetHints":{"allow":["GET"]}}],"collection":[{"href":"http:\/\/maldives-paradise.com\/da\/wp-json\/wp\/v2\/pages"}],"about":[{"href":"http:\/\/maldives-paradise.com\/da\/wp-json\/wp\/v2\/types\/page"}],"author":[{"embeddable":true,"href":"http:\/\/maldives-paradise.com\/da\/wp-json\/wp\/v2\/users\/1"}],"replies":[{"embeddable":true,"href":"http:\/\/maldives-paradise.com\/da\/wp-json\/wp\/v2\/comments?post=8762"}],"version-history":[{"count":6,"href":"http:\/\/maldives-paradise.com\/da\/wp-json\/wp\/v2\/pages\/8762\/revisions"}],"predecessor-version":[{"id":45306,"href":"http:\/\/maldives-paradise.com\/da\/wp-json\/wp\/v2\/pages\/8762\/revisions\/45306"}],"wp:featuredmedia":[{"embeddable":true,"href":"http:\/\/maldives-paradise.com\/da\/wp-json\/wp\/v2\/media\/8662"}],"wp:attachment":[{"href":"http:\/\/maldives-paradise.com\/da\/wp-json\/wp\/v2\/media?parent=8762"}],"curies":[{"name":"wp","href":"https:\/\/api.w.org\/{rel}","templated":true}]}}