{"id":8384,"date":"2024-01-07T06:41:38","date_gmt":"2024-01-07T06:41:38","guid":{"rendered":"http:\/\/maldives-paradise.com\/?page_id=8384"},"modified":"2025-02-22T09:15:19","modified_gmt":"2025-02-22T09:15:19","slug":"5-stjernede-hoteller-resorts-i-maldiverne-7","status":"publish","type":"page","link":"http:\/\/maldives-paradise.com\/da\/5-stjernede-hoteller-resorts-i-maldiverne-7\/","title":{"rendered":"5-stjernede hoteller og feriesteder i Maldiverne 7"},"content":{"rendered":"<div class=\"wpb-content-wrapper\"><div class=\"vc_row wpb_row vc_row-fluid\"><div class=\"wpb_column vc_column_container vc_col-sm-12\"><div class=\"vc_column-inner\"><div class=\"wpb_wrapper\">\n\t<div class=\"wpb_text_column wpb_content_element\" >\n\t\t<div class=\"wpb_wrapper\">\n\t\t\t<h3>Et udvalg af 5-stjernede hoteller og resorts p\u00e5 Maldiverne<\/h3>\n<p>Maldiverne er kendt for sine <strong data-start=\"82\" data-end=\"121\">luksuri\u00f8se 5-stjernede hoteller og resorts<\/strong>, tilbyder enest\u00e5ende <strong data-start=\"145\" data-end=\"191\">elegance, privatliv og service i verdensklasse<\/strong>. Disse eksklusive retreats har <strong data-start=\"226\" data-end=\"316\">overvandsvillaer, infinity-pools, fine restauranter og private butlertjenester<\/strong>. G\u00e6sterne kan nyde <strong data-start=\"335\" data-end=\"354\">VIP oplevelser<\/strong> such as personalized spa treatments, underwater dining, and private yacht excursions.<\/p>\n\n\t\t<\/div>\n\t<\/div>\n<\/div><\/div><\/div><\/div><div class=\"vc_row wpb_row vc_row-fluid\"><div class=\"wpb_column vc_column_container vc_col-sm-3\"><div class=\"vc_column-inner\"><div class=\"wpb_wrapper\">\n\t<div  class=\"wpb_single_image wpb_content_element vc_align_left wpb_content_element\">\n\t\t\n\t\t<figure class=\"wpb_wrapper vc_figure\">\n\t\t\t<a href=\"http:\/\/maldives-paradise.com\/da\/?page_id=7665\" target=\"_self\" class=\"vc_single_image-wrapper   vc_box_border_grey\"><img loading=\"lazy\" decoding=\"async\" width=\"150\" height=\"150\" src=\"https:\/\/maldives-paradise.com\/wp-content\/uploads\/2024\/01\/taj-exotica2-150x150.jpg\" class=\"vc_single_image-img attachment-thumbnail\" alt=\"Taj Coral Reef Resort &amp; Spa\" title=\"taj-exotica2\" \/><\/a>\n\t\t<\/figure>\n\t<\/div>\n<\/div><\/div><\/div><div class=\"wpb_column vc_column_container vc_col-sm-9\"><div class=\"vc_column-inner\"><div class=\"wpb_wrapper\">\n\t<div class=\"wpb_text_column wpb_content_element\" >\n\t\t<div class=\"wpb_wrapper\">\n\t\t\t<h4><a href=\"http:\/\/maldives-paradise.com\/da\/?page_id=7665\">Taj Coral Reef Resort &amp; Spa<\/a><\/h4>\n<p>Fork\u00e6l dig selv i sk\u00f8det af luksus kl <strong>Taj Coral Reef Resort<\/strong>, hvor hver eneste detalje er omhyggeligt udformet for at l\u00f8fte din maldiviske flugt. Slap af i en overd\u00e5dig oase, hvor Maldivernes sk\u00f8nhed smelter sammen med g\u00e6stfrihed i verdensklasse for at skabe en oplevelse uden for fantasi. Din rejse til paradis begynder her - bestil dit stykke lyksalighed i dag.<\/p>\n\n\t\t<\/div>\n\t<\/div>\n<\/div><\/div><\/div><\/div><div class=\"vc_row wpb_row vc_row-fluid\"><div class=\"wpb_column vc_column_container vc_col-sm-3\"><div class=\"vc_column-inner\"><div class=\"wpb_wrapper\">\n\t<div  class=\"wpb_single_image wpb_content_element vc_align_left wpb_content_element\">\n\t\t\n\t\t<figure class=\"wpb_wrapper vc_figure\">\n\t\t\t<a href=\"http:\/\/maldives-paradise.com\/da\/?page_id=7669\" target=\"_self\" class=\"vc_single_image-wrapper   vc_box_border_grey\"><img loading=\"lazy\" decoding=\"async\" width=\"150\" height=\"150\" src=\"https:\/\/maldives-paradise.com\/wp-content\/uploads\/2024\/01\/taj-exotica3-150x150.jpg\" class=\"vc_single_image-img attachment-thumbnail\" alt=\"Taj Exotica Resort &amp; Spa Maldiverne\" title=\"taj-exotica3\" \/><\/a>\n\t\t<\/figure>\n\t<\/div>\n<\/div><\/div><\/div><div class=\"wpb_column vc_column_container vc_col-sm-9\"><div class=\"vc_column-inner\"><div class=\"wpb_wrapper\">\n\t<div class=\"wpb_text_column wpb_content_element\" >\n\t\t<div class=\"wpb_wrapper\">\n\t\t\t<h4><a href=\"http:\/\/maldives-paradise.com\/da\/?page_id=7669\">Taj Exotica Resort &amp; Spa Maldiverne<\/a><\/h4>\n<p><strong>Taj Exotica Resort and Spa<\/strong>, Maldiverne er et eksklusivt, privat &amp; romantisk feriested p\u00e5 \u00f8en med tropiske planter og omgivet af klart bl\u00e5t vand. Beliggende p\u00e5 den uber\u00f8rte Emboodhu Finolhu Island, blander dette uds\u00f8gte resort problemfrit betagende natursk\u00f8nhed med luksus i verdensklasse og tilbyder en enest\u00e5ende flugt for kr\u00e6sne rejsende.<\/p>\n\n\t\t<\/div>\n\t<\/div>\n<\/div><\/div><\/div><\/div><div class=\"vc_row wpb_row vc_row-fluid\"><div class=\"wpb_column vc_column_container vc_col-sm-3\"><div class=\"vc_column-inner\"><div class=\"wpb_wrapper\">\n\t<div  class=\"wpb_single_image wpb_content_element vc_align_left wpb_content_element\">\n\t\t\n\t\t<figure class=\"wpb_wrapper vc_figure\">\n\t\t\t<a href=\"http:\/\/maldives-paradise.com\/da\/?page_id=7673\" target=\"_self\" class=\"vc_single_image-wrapper   vc_box_border_grey\"><img loading=\"lazy\" decoding=\"async\" width=\"150\" height=\"150\" src=\"https:\/\/maldives-paradise.com\/wp-content\/uploads\/2024\/01\/Vakkaru-Overwater-Residence2-150x150.jpg\" class=\"vc_single_image-img attachment-thumbnail\" alt=\"Vakru Maldiverne\" title=\"Vakkaru-Overwater-Residence2\" \/><\/a>\n\t\t<\/figure>\n\t<\/div>\n<\/div><\/div><\/div><div class=\"wpb_column vc_column_container vc_col-sm-9\"><div class=\"vc_column-inner\"><div class=\"wpb_wrapper\">\n\t<div class=\"wpb_text_column wpb_content_element\" >\n\t\t<div class=\"wpb_wrapper\">\n\t\t\t<h4><a href=\"http:\/\/maldives-paradise.com\/da\/?page_id=7673\">Vakru Maldiverne<\/a><\/h4>\n<p>Vakkaru Maldives Resort, et 5-stjernet luksusresort p\u00e5 Vakkaru Island. Det er ikke kun en destination; det er en transcendent oplevelse, der kombinerer uovertruffen luksus med Maldivernes naturlige pragt. Flugt til en verden, hvor tiden st\u00e5r stille, og hvert \u00f8jeblik er en fejring af det ekstraordin\u00e6re.<\/p>\n\n\t\t<\/div>\n\t<\/div>\n<\/div><\/div><\/div><\/div><div class=\"vc_row wpb_row vc_row-fluid\"><div class=\"wpb_column vc_column_container vc_col-sm-3\"><div class=\"vc_column-inner\"><div class=\"wpb_wrapper\">\n\t<div  class=\"wpb_single_image wpb_content_element vc_align_left wpb_content_element\">\n\t\t\n\t\t<figure class=\"wpb_wrapper vc_figure\">\n\t\t\t<a href=\"http:\/\/maldives-paradise.com\/da\/?page_id=7688\" target=\"_self\" class=\"vc_single_image-wrapper   vc_box_border_grey\"><img loading=\"lazy\" decoding=\"async\" width=\"150\" height=\"150\" src=\"https:\/\/maldives-paradise.com\/wp-content\/uploads\/2024\/01\/veela-private-island2-150x150.jpg\" class=\"vc_single_image-img attachment-thumbnail\" alt=\"Velaa Private Island Maldiverne\" title=\"veela-privat-\u00f82\" \/><\/a>\n\t\t<\/figure>\n\t<\/div>\n<\/div><\/div><\/div><div class=\"wpb_column vc_column_container vc_col-sm-9\"><div class=\"vc_column-inner\"><div class=\"wpb_wrapper\">\n\t<div class=\"wpb_text_column wpb_content_element\" >\n\t\t<div class=\"wpb_wrapper\">\n\t\t\t<h4><a href=\"http:\/\/maldives-paradise.com\/da\/?page_id=7688\">Velaa Private Island Maldiverne<\/a><\/h4>\n<p>Fork\u00e6l dig selv med den ultimative luksusflugt kl <strong>Velaa Private Island Maldiverne<\/strong>, hvor hvert \u00f8jeblik er udformet til perfektion, og hver detalje er et vidnesbyrd om g\u00e6stfrihedens kunst. Book dit ophold og oplev en verden, hvor luksus ikke kender gr\u00e6nser.<\/p>\n\n\t\t<\/div>\n\t<\/div>\n<\/div><\/div><\/div><\/div><div class=\"vc_row wpb_row vc_row-fluid\"><div class=\"wpb_column vc_column_container vc_col-sm-3\"><div class=\"vc_column-inner\"><div class=\"wpb_wrapper\">\n\t<div  class=\"wpb_single_image wpb_content_element vc_align_left wpb_content_element\">\n\t\t\n\t\t<figure class=\"wpb_wrapper vc_figure\">\n\t\t\t<a href=\"http:\/\/maldives-paradise.com\/da\/?page_id=7692\" target=\"_self\" class=\"vc_single_image-wrapper   vc_box_border_grey\"><img loading=\"lazy\" decoding=\"async\" width=\"150\" height=\"150\" src=\"https:\/\/maldives-paradise.com\/wp-content\/uploads\/2024\/01\/velassaru-maldives_2-150x150.jpg\" class=\"vc_single_image-img attachment-thumbnail\" alt=\"Velassaru Maldiverne\" title=\"velassaru-maldiverne_2\" \/><\/a>\n\t\t<\/figure>\n\t<\/div>\n<\/div><\/div><\/div><div class=\"wpb_column vc_column_container vc_col-sm-9\"><div class=\"vc_column-inner\"><div class=\"wpb_wrapper\">\n\t<div class=\"wpb_text_column wpb_content_element\" >\n\t\t<div class=\"wpb_wrapper\">\n\t\t\t<h4><a href=\"http:\/\/maldives-paradise.com\/da\/?page_id=7692\">Velassaru Maldiverne<\/a><\/h4>\n<p>Nyd en afslappet ferie kl <strong>Velassaru Maldiverne<\/strong> resort en ideel tilflugtssted med luksusindkvartering p\u00e5 en privat koral\u00f8. Fordyb dig i luksussk\u00f8det, hvor Maldivernes naturlige sk\u00f8nhed forenes med bekvemmeligheder i verdensklasse for at skabe en enest\u00e5ende flugt i hjertet af Det Indiske Ocean.<\/p>\n\n\t\t<\/div>\n\t<\/div>\n<\/div><\/div><\/div><\/div><div class=\"vc_row wpb_row vc_row-fluid\"><div class=\"wpb_column vc_column_container vc_col-sm-3\"><div class=\"vc_column-inner\"><div class=\"wpb_wrapper\">\n\t<div  class=\"wpb_single_image wpb_content_element vc_align_left wpb_content_element\">\n\t\t\n\t\t<figure class=\"wpb_wrapper vc_figure\">\n\t\t\t<a href=\"http:\/\/maldives-paradise.com\/da\/?page_id=7696\" target=\"_self\" class=\"vc_single_image-wrapper   vc_box_border_grey\"><img loading=\"lazy\" decoding=\"async\" width=\"150\" height=\"150\" src=\"https:\/\/maldives-paradise.com\/wp-content\/uploads\/2024\/01\/w-maldives-2-150x150.jpg\" class=\"vc_single_image-img attachment-thumbnail\" alt=\"W Maldiverne\" title=\"w-maldiverne-2\" \/><\/a>\n\t\t<\/figure>\n\t<\/div>\n<\/div><\/div><\/div><div class=\"wpb_column vc_column_container vc_col-sm-9\"><div class=\"vc_column-inner\"><div class=\"wpb_wrapper\">\n\t<div class=\"wpb_text_column wpb_content_element\" >\n\t\t<div class=\"wpb_wrapper\">\n\t\t\t<h4><a href=\"http:\/\/maldives-paradise.com\/da\/?page_id=7696\">W Maldiverne<\/a><\/h4>\n<p>W Maldiverne \u2013 Et 5-stjernet luksusferiested p\u00e5 privat \u00f8. Hvide sandstrande og turkise laguner, <strong>W Maldiverne<\/strong> er en luksus privat \u00f8 resort. Du kan udforske \u00f8ens private rev, slappe af p\u00e5 strandene, snorke eller dyrke vandsport.<\/p>\n\n\t\t<\/div>\n\t<\/div>\n<\/div><\/div><\/div><\/div><div class=\"vc_row wpb_row vc_row-fluid\"><div class=\"wpb_column vc_column_container vc_col-sm-3\"><div class=\"vc_column-inner\"><div class=\"wpb_wrapper\">\n\t<div  class=\"wpb_single_image wpb_content_element vc_align_left wpb_content_element\">\n\t\t\n\t\t<figure class=\"wpb_wrapper vc_figure\">\n\t\t\t<a href=\"http:\/\/maldives-paradise.com\/da\/?page_id=7700\" target=\"_self\" class=\"vc_single_image-wrapper   vc_box_border_grey\"><img loading=\"lazy\" decoding=\"async\" width=\"150\" height=\"150\" src=\"https:\/\/maldives-paradise.com\/wp-content\/uploads\/2024\/01\/WALDORF-ASTORIA-MALDIVES-2-150x150.jpg\" class=\"vc_single_image-img attachment-thumbnail\" alt=\"Waldorf Astoria Maldiverne Ithaafushi\" title=\"WALDORF-ASTORIA-MALDIVES-2\" srcset=\"https:\/\/maldives-paradise.com\/wp-content\/uploads\/2024\/01\/WALDORF-ASTORIA-MALDIVES-2-150x150.jpg 150w, https:\/\/maldives-paradise.com\/wp-content\/uploads\/2024\/01\/WALDORF-ASTORIA-MALDIVES-2-800x800.jpg 800w\" sizes=\"auto, (max-width: 150px) 100vw, 150px\" \/><\/a>\n\t\t<\/figure>\n\t<\/div>\n<\/div><\/div><\/div><div class=\"wpb_column vc_column_container vc_col-sm-9\"><div class=\"vc_column-inner\"><div class=\"wpb_wrapper\">\n\t<div class=\"wpb_text_column wpb_content_element\" >\n\t\t<div class=\"wpb_wrapper\">\n\t\t\t<h4><a href=\"http:\/\/maldives-paradise.com\/da\/?page_id=7700\">Waldorf Astoria Maldiverne Ithaafushi<\/a><\/h4>\n<p>Resortet og stranden, som ligger i et tropisk paradis, sp\u00e6nder over tre \u00f8er med et v\u00e6ld af luksus og oplevelser. <strong>Waldorf Astoria Maldiverne<\/strong> tilbyder en oase for rejsende, der \u00f8nsker at l\u00e6ne sig tilbage og slappe af p\u00e5 deres ferie i Det Indiske Ocean.<\/p>\n\n\t\t<\/div>\n\t<\/div>\n<\/div><\/div><\/div><\/div><div class=\"vc_row wpb_row vc_row-fluid\"><div class=\"wpb_column vc_column_container vc_col-sm-3\"><div class=\"vc_column-inner\"><div class=\"wpb_wrapper\">\n\t<div  class=\"wpb_single_image wpb_content_element vc_align_left wpb_content_element\">\n\t\t\n\t\t<figure class=\"wpb_wrapper vc_figure\">\n\t\t\t<a href=\"http:\/\/maldives-paradise.com\/da\/ritz-carlton-maldiverne\/\" target=\"_self\" class=\"vc_single_image-wrapper   vc_box_border_grey\"><img loading=\"lazy\" decoding=\"async\" width=\"150\" height=\"150\" src=\"https:\/\/maldives-paradise.com\/wp-content\/uploads\/2024\/01\/ritz-carlton-maldives-400x-150x150.jpg\" class=\"vc_single_image-img attachment-thumbnail\" alt=\"Ritz-Carlton Maldiverne\" title=\"ritz-carlton-maldiverne-400x\" \/><\/a>\n\t\t<\/figure>\n\t<\/div>\n<\/div><\/div><\/div><div class=\"wpb_column vc_column_container vc_col-sm-9\"><div class=\"vc_column-inner\"><div class=\"wpb_wrapper\">\n\t<div class=\"wpb_text_column wpb_content_element\" >\n\t\t<div class=\"wpb_wrapper\">\n\t\t\t<h3><a href=\"http:\/\/maldives-paradise.com\/da\/ritz-carlton-maldiverne\/\">Ritz-Carlton Maldiverne<\/a><\/h3>\n<p>The Ritz-Carlton Maldives ligger p\u00e5 Fari-\u00f8erne, en afsondret atol i North Mal\u00e9-atollen, og har en uovertruffen beliggenhed. Kun en kort b\u00e5dtur v\u00e6k fra Mal\u00e9s internationale lufthavn tilbyder dette luksuri\u00f8se tilflugtssted nem adgang til det pulserende havliv og koralrev, som Maldiverne er ber\u00f8mte for. Resortets omgivelser giver en f\u00f8lelse af eksklusivitet og afsondrethed, hvilket g\u00f8r det perfekt til bryllupsrejser, par og kr\u00e6sne rejsende.<\/p>\n\n\t\t<\/div>\n\t<\/div>\n<\/div><\/div><\/div><\/div><div class=\"vc_row wpb_row vc_row-fluid\"><div class=\"wpb_column vc_column_container vc_col-sm-3\"><div class=\"vc_column-inner\"><div class=\"wpb_wrapper\">\n\t<div  class=\"wpb_single_image wpb_content_element vc_align_left wpb_content_element\">\n\t\t\n\t\t<figure class=\"wpb_wrapper vc_figure\">\n\t\t\t<a href=\"http:\/\/maldives-paradise.com\/da\/adaaran-prestige-vadoo\/\" target=\"_self\" class=\"vc_single_image-wrapper   vc_box_border_grey\"><img loading=\"lazy\" decoding=\"async\" width=\"150\" height=\"150\" src=\"https:\/\/maldives-paradise.com\/wp-content\/uploads\/2024\/01\/adaaran-prestige-vadoo-maldives-150x150.jpg\" class=\"vc_single_image-img attachment-thumbnail\" alt=\"Adaaran Prestige Vadoo\" title=\"adaaran-prestige-vadoo-maldiverne\" \/><\/a>\n\t\t<\/figure>\n\t<\/div>\n<\/div><\/div><\/div><div class=\"wpb_column vc_column_container vc_col-sm-9\"><div class=\"vc_column-inner\"><div class=\"wpb_wrapper\">\n\t<div class=\"wpb_text_column wpb_content_element\" >\n\t\t<div class=\"wpb_wrapper\">\n\t\t\t<h3><a href=\"http:\/\/maldives-paradise.com\/da\/adaaran-prestige-vadoo\/\">Adaaran Prestige Vadoo<\/a><\/h3>\n<p>Dr\u00f8mmer du om en tropisk ferie, der ikke kun byder p\u00e5 betagende naturlig sk\u00f8nhed, men ogs\u00e5 indbegrebet af luksus og afslapning? Se ikke l\u00e6ngere end <strong>Adaaran Prestige Vadoo<\/strong>, en luksuri\u00f8s oase beliggende i hjertet af Maldiverne. Dette eksklusive resort lover en uforglemmelig oplevelse og nogle af dets topfunktioner, der g\u00f8r det til den perfekte destination for din n\u00e6ste ferie.<\/p>\n\n\t\t<\/div>\n\t<\/div>\n<\/div><\/div><\/div><\/div><div class=\"vc_row wpb_row vc_row-fluid\"><div class=\"wpb_column vc_column_container vc_col-sm-3\"><div class=\"vc_column-inner\"><div class=\"wpb_wrapper\">\n\t<div  class=\"wpb_single_image wpb_content_element vc_align_left wpb_content_element\">\n\t\t\n\t\t<figure class=\"wpb_wrapper vc_figure\">\n\t\t\t<a href=\"http:\/\/maldives-paradise.com\/da\/adaaran-prestige-vandvillaer\/\" target=\"_self\" class=\"vc_single_image-wrapper   vc_box_border_grey\"><img loading=\"lazy\" decoding=\"async\" width=\"150\" height=\"150\" src=\"https:\/\/maldives-paradise.com\/wp-content\/uploads\/2024\/01\/Adaaran-Prestige-Water-Villas-5-1-150x150.jpg\" class=\"vc_single_image-img attachment-thumbnail\" alt=\"Adaaran Prestige Water Villas\" title=\"Adaaran-Prestige-Vand-Villaer-5\" \/><\/a>\n\t\t<\/figure>\n\t<\/div>\n<\/div><\/div><\/div><div class=\"wpb_column vc_column_container vc_col-sm-9\"><div class=\"vc_column-inner\"><div class=\"wpb_wrapper\">\n\t<div class=\"wpb_text_column wpb_content_element\" >\n\t\t<div class=\"wpb_wrapper\">\n\t\t\t<h3><a href=\"http:\/\/maldives-paradise.com\/da\/adaaran-prestige-vandvillaer\/\">Adaaran Prestige Water Villas<\/a><\/h3>\n<p>Leder du efter det ultimative tropiske tilflugtssted, der kombinerer luksus, ro og fantastisk naturlig sk\u00f8nhed? Se ikke l\u00e6ngere end <strong>Adaaran Prestige Water Villas<\/strong> p\u00e5 Maldiverne. Dette 5-stjernede luksusresort med alt inklusive er et paradis p\u00e5 jorden, der tilbyder en uforglemmelig oplevelse, der vil efterlade dig forynget og forbl\u00f8ffet. Lad os dykke ned i de bedste funktioner, der g\u00f8r dette feriested til en dr\u00f8mmedestination.<\/p>\n\n\t\t<\/div>\n\t<\/div>\n<\/div><\/div><\/div><\/div><div class=\"vc_row wpb_row vc_row-fluid\"><div class=\"wpb_column vc_column_container vc_col-sm-3\"><div class=\"vc_column-inner\"><div class=\"wpb_wrapper\">\n\t<div  class=\"wpb_single_image wpb_content_element vc_align_left wpb_content_element\">\n\t\t\n\t\t<figure class=\"wpb_wrapper vc_figure\">\n\t\t\t<a href=\"http:\/\/maldives-paradise.com\/da\/patina-maldiverne\/\" target=\"_self\" class=\"vc_single_image-wrapper   vc_box_border_grey\"><img loading=\"lazy\" decoding=\"async\" width=\"150\" height=\"150\" src=\"https:\/\/maldives-paradise.com\/wp-content\/uploads\/2024\/02\/PatinaMaldives5-400-150x150.jpg\" class=\"vc_single_image-img attachment-thumbnail\" alt=\"Patina Maldiverne\" title=\"Patina+Maldiverne5-400\" \/><\/a>\n\t\t<\/figure>\n\t<\/div>\n<\/div><\/div><\/div><div class=\"wpb_column vc_column_container vc_col-sm-9\"><div class=\"vc_column-inner\"><div class=\"wpb_wrapper\">\n\t<div class=\"wpb_text_column wpb_content_element\" >\n\t\t<div class=\"wpb_wrapper\">\n\t\t\t<h4><a href=\"http:\/\/maldives-paradise.com\/da\/patina-maldiverne\/\">Patina Maldiverne<\/a><\/h4>\n<p>Patina Maldives er en prisvindende perle, der tilbyder kr\u00e6sne rejsende en luksuri\u00f8s flugt til paradis. Med sine fantastiske overvandsvillaer, uds\u00f8gte madoplevelser, bekvemmeligheder i verdensklasse og forpligtelse til b\u00e6redygtighed, lover resortet et uforglemmeligt tilflugtssted p\u00e5 en af verdens mest betagende destinationer.<\/p>\n\n\t\t<\/div>\n\t<\/div>\n<\/div><\/div><\/div><\/div><div class=\"vc_row wpb_row vc_row-fluid\"><div class=\"wpb_column vc_column_container vc_col-sm-3\"><div class=\"vc_column-inner\"><div class=\"wpb_wrapper\">\n\t<div  class=\"wpb_single_image wpb_content_element vc_align_left wpb_content_element\">\n\t\t\n\t\t<figure class=\"wpb_wrapper vc_figure\">\n\t\t\t<a href=\"http:\/\/maldives-paradise.com\/da\/kandima-maldiverne\/\" target=\"_self\" class=\"vc_single_image-wrapper   vc_box_border_grey\"><img loading=\"lazy\" decoding=\"async\" width=\"150\" height=\"150\" src=\"https:\/\/maldives-paradise.com\/wp-content\/uploads\/2024\/02\/kandima-maldives400-150x150.jpg\" class=\"vc_single_image-img attachment-thumbnail\" alt=\"Kandima Maldiverne\" title=\"Kandima Maldiverne fotogalleri\" \/><\/a>\n\t\t<\/figure>\n\t<\/div>\n<\/div><\/div><\/div><div class=\"wpb_column vc_column_container vc_col-sm-9\"><div class=\"vc_column-inner\"><div class=\"wpb_wrapper\">\n\t<div class=\"wpb_text_column wpb_content_element\" >\n\t\t<div class=\"wpb_wrapper\">\n\t\t\t<h4><a href=\"http:\/\/maldives-paradise.com\/da\/kandima-maldiverne\/\">Kandima Maldiverne<\/a><\/h4>\n<p>Kandima Maldives er et overd\u00e5digt resort med alt inklusive, der lover en uforglemmelig flugt til paradis. Beliggende p\u00e5 den frodige tropiske \u00f8 Dhaalu Atoll, <strong>Kandima Maldiverne<\/strong> tilbyder kr\u00e6sne rejsende en perfekt blanding af luksus, eventyr og afslapning.<\/p>\n\n\t\t<\/div>\n\t<\/div>\n<\/div><\/div><\/div><\/div><div class=\"vc_row wpb_row vc_row-fluid\"><div class=\"wpb_column vc_column_container vc_col-sm-12\"><div class=\"vc_column-inner\"><div class=\"wpb_wrapper\">\n\t<div class=\"wpb_text_column wpb_content_element\" >\n\t\t<div class=\"wpb_wrapper\">\n\t\t\t<h3>5-stjernede hoteller og feriesteder i Maldiverne\u00a0 <a href=\"http:\/\/maldives-paradise.com\/da\/?page_id=4124\">Side 1<\/a> <a href=\"http:\/\/maldives-paradise.com\/da\/?page_id=7968\">Side 2<\/a> \u00a0 <a href=\"http:\/\/maldives-paradise.com\/da\/?page_id=7996\">Side 3<\/a>\u00a0 <a href=\"http:\/\/maldives-paradise.com\/da\/?page_id=8053\">Side 4<\/a>\u00a0 <a href=\"http:\/\/maldives-paradise.com\/da\/?page_id=8128\">Side 5<\/a>\u00a0\u00a0 <a href=\"http:\/\/maldives-paradise.com\/da\/?page_id=8170\">Side 6<\/a> \u00a0<a href=\"http:\/\/maldives-paradise.com\/da\/5-stjernede-hoteller-resorts-i-maldiverne-8\/\">Side 8<\/a>\u00a0\u00a0<a href=\"https:\/\/maldives-paradise.com\/da\/5-stjernede-hoteller-resorts-pa-maldiverne-9\/\">Side 9<\/a><\/h3>\n\n\t\t<\/div>\n\t<\/div>\n<\/div><\/div><\/div><\/div>\n<\/div>","protected":false},"excerpt":{"rendered":"<div class=\"mh-excerpt\"><\/div>","protected":false},"author":1,"featured_media":8400,"parent":0,"menu_order":0,"comment_status":"closed","ping_status":"closed","template":"","meta":{"footnotes":""},"class_list":["post-8384","page","type-page","status-publish","has-post-thumbnail"],"aioseo_notices":[],"_links":{"self":[{"href":"http:\/\/maldives-paradise.com\/da\/wp-json\/wp\/v2\/pages\/8384","targetHints":{"allow":["GET"]}}],"collection":[{"href":"http:\/\/maldives-paradise.com\/da\/wp-json\/wp\/v2\/pages"}],"about":[{"href":"http:\/\/maldives-paradise.com\/da\/wp-json\/wp\/v2\/types\/page"}],"author":[{"embeddable":true,"href":"http:\/\/maldives-paradise.com\/da\/wp-json\/wp\/v2\/users\/1"}],"replies":[{"embeddable":true,"href":"http:\/\/maldives-paradise.com\/da\/wp-json\/wp\/v2\/comments?post=8384"}],"version-history":[{"count":6,"href":"http:\/\/maldives-paradise.com\/da\/wp-json\/wp\/v2\/pages\/8384\/revisions"}],"predecessor-version":[{"id":34302,"href":"http:\/\/maldives-paradise.com\/da\/wp-json\/wp\/v2\/pages\/8384\/revisions\/34302"}],"wp:featuredmedia":[{"embeddable":true,"href":"http:\/\/maldives-paradise.com\/da\/wp-json\/wp\/v2\/media\/8400"}],"wp:attachment":[{"href":"http:\/\/maldives-paradise.com\/da\/wp-json\/wp\/v2\/media?parent=8384"}],"curies":[{"name":"wp","href":"https:\/\/api.w.org\/{rel}","templated":true}]}}