{"id":7996,"date":"2024-01-02T18:17:30","date_gmt":"2024-01-02T18:17:30","guid":{"rendered":"http:\/\/maldives-paradise.com\/?page_id=7996"},"modified":"2025-02-22T09:07:32","modified_gmt":"2025-02-22T09:07:32","slug":"5-stjernede-hoteller-resorts-i-maldiverne-3","status":"publish","type":"page","link":"http:\/\/maldives-paradise.com\/da\/5-stjernede-hoteller-resorts-i-maldiverne-3\/","title":{"rendered":"5-stjernede hoteller og feriesteder i Maldiverne 3"},"content":{"rendered":"<div class=\"wpb-content-wrapper\"><div class=\"vc_row wpb_row vc_row-fluid\"><div class=\"wpb_column vc_column_container vc_col-sm-12\"><div class=\"vc_column-inner\"><div class=\"wpb_wrapper\">\n\t<div class=\"wpb_text_column wpb_content_element\" >\n\t\t<div class=\"wpb_wrapper\">\n\t\t\t<h3>Et udvalg af 5-stjernede hoteller og resorts p\u00e5 Maldiverne side 3<\/h3>\n<p>Maldiverne er kendt for sine <strong data-start=\"82\" data-end=\"121\">luksuri\u00f8se 5-stjernede hoteller og resorts<\/strong>, tilbyder enest\u00e5ende <strong data-start=\"145\" data-end=\"191\">elegance, privatliv og service i verdensklasse<\/strong>. Disse eksklusive retreats har <strong data-start=\"226\" data-end=\"316\">overvandsvillaer, infinity-pools, fine restauranter og private butlertjenester<\/strong>.<\/p>\n\n\t\t<\/div>\n\t<\/div>\n<\/div><\/div><\/div><\/div><div class=\"vc_row wpb_row vc_row-fluid\"><div class=\"wpb_column vc_column_container vc_col-sm-3\"><div class=\"vc_column-inner\"><div class=\"wpb_wrapper\">\n\t<div  class=\"wpb_single_image wpb_content_element vc_align_left wpb_content_element\">\n\t\t\n\t\t<figure class=\"wpb_wrapper vc_figure\">\n\t\t\t<a href=\"http:\/\/maldives-paradise.com\/da\/?page_id=7002\" target=\"_self\" class=\"vc_single_image-wrapper   vc_box_border_grey\"><img loading=\"lazy\" decoding=\"async\" width=\"150\" height=\"150\" src=\"https:\/\/maldives-paradise.com\/wp-content\/uploads\/2024\/01\/Dusit-Thani-Maldives2-150x150.jpg\" class=\"vc_single_image-img attachment-thumbnail\" alt=\"Dusit Thani Maldiverne\" title=\"Dusit-Thani-Maldiverne2\" \/><\/a>\n\t\t<\/figure>\n\t<\/div>\n<\/div><\/div><\/div><div class=\"wpb_column vc_column_container vc_col-sm-9\"><div class=\"vc_column-inner\"><div class=\"wpb_wrapper\">\n\t<div class=\"wpb_text_column wpb_content_element\" >\n\t\t<div class=\"wpb_wrapper\">\n\t\t\t<h4><a href=\"http:\/\/maldives-paradise.com\/da\/?page_id=7002\">Dusit Thani Maldiverne<\/a><\/h4>\n<p>Fork\u00e6l dig selv med indbegrebet af luksus kl <strong>Dusit Thani Maldiverne,<\/strong> et uber\u00f8rt \u00f8paradis, der problemfrit kombinerer overd\u00e5dighed med Maldivernes naturlige sk\u00f8nhed. Beliggende i hjertet af Det Indiske Ocean, lokker dette feriested i verdensklasse til kr\u00e6sne rejsende med sin uovertrufne blanding af sofistikeret design, up\u00e5klagelig service og betagende omgivelser.<\/p>\n\n\t\t<\/div>\n\t<\/div>\n<\/div><\/div><\/div><\/div><div class=\"vc_row wpb_row vc_row-fluid\"><div class=\"wpb_column vc_column_container vc_col-sm-3\"><div class=\"vc_column-inner\"><div class=\"wpb_wrapper\">\n\t<div  class=\"wpb_single_image wpb_content_element vc_align_left wpb_content_element\">\n\t\t\n\t\t<figure class=\"wpb_wrapper vc_figure\">\n\t\t\t<a href=\"http:\/\/maldives-paradise.com\/da\/?page_id=7009\" target=\"_self\" class=\"vc_single_image-wrapper   vc_box_border_grey\"><img loading=\"lazy\" decoding=\"async\" width=\"150\" height=\"150\" src=\"https:\/\/maldives-paradise.com\/wp-content\/uploads\/2024\/01\/Emerald-Maldives-Service-at-the-Main-Pool-150x150.jpg\" class=\"vc_single_image-img attachment-thumbnail\" alt=\"Emerald Maldives Resort &amp; Spa\" title=\"Emerald-Maldiverne---Service-ved-Main-Pool\" \/><\/a>\n\t\t<\/figure>\n\t<\/div>\n<\/div><\/div><\/div><div class=\"wpb_column vc_column_container vc_col-sm-9\"><div class=\"vc_column-inner\"><div class=\"wpb_wrapper\">\n\t<div class=\"wpb_text_column wpb_content_element\" >\n\t\t<div class=\"wpb_wrapper\">\n\t\t\t<h4><a href=\"http:\/\/maldives-paradise.com\/da\/?page_id=7009\">Emerald Maldives Resort &amp; Spa<\/a><\/h4>\n<p><strong>Emerald Maldives Resort &amp; Spa<\/strong> er et fristed af sindsro beliggende i hjertet af Det Indiske Ocean. Dette luksusresort st\u00e5r som et vidnesbyrd om raffineret elegance og tilbyder en uovertruffen oplevelse, der kombinerer betagende naturlig sk\u00f8nhed med bekvemmeligheder i verdensklasse. Her er de bedste funktioner, der g\u00f8r Emerald Maldives til et fristed for den kr\u00e6sne rejsende.<\/p>\n\n\t\t<\/div>\n\t<\/div>\n<\/div><\/div><\/div><\/div><div class=\"vc_row wpb_row vc_row-fluid\"><div class=\"wpb_column vc_column_container vc_col-sm-3\"><div class=\"vc_column-inner\"><div class=\"wpb_wrapper\">\n\t<div  class=\"wpb_single_image wpb_content_element vc_align_left wpb_content_element\">\n\t\t\n\t\t<figure class=\"wpb_wrapper vc_figure\">\n\t\t\t<a href=\"http:\/\/maldives-paradise.com\/da\/?page_id=7014\" target=\"_self\" class=\"vc_single_image-wrapper   vc_box_border_grey\"><img loading=\"lazy\" decoding=\"async\" width=\"150\" height=\"150\" src=\"https:\/\/maldives-paradise.com\/wp-content\/uploads\/2024\/01\/Fairmont-Maldives-Sirru-Fen-Fushi2-150x150.jpg\" class=\"vc_single_image-img attachment-thumbnail\" alt=\"Fairmont Maldiverne Sirru Fen Fushi\" title=\"Fairmont-Maldiverne-Sirru-Fen-Fushi2\" \/><\/a>\n\t\t<\/figure>\n\t<\/div>\n<\/div><\/div><\/div><div class=\"wpb_column vc_column_container vc_col-sm-9\"><div class=\"vc_column-inner\"><div class=\"wpb_wrapper\">\n\t<div class=\"wpb_text_column wpb_content_element\" >\n\t\t<div class=\"wpb_wrapper\">\n\t\t\t<h4><a href=\"http:\/\/maldives-paradise.com\/da\/?page_id=7014\">Fairmont Maldiverne Sirru Fen Fushi<\/a><\/h4>\n<p>Luksus kl <strong>Fairmont Maldiverne Sirru Fen Fushi<\/strong> er en uber\u00f8rt alle villa resort i hjertet af Maldiverne. Dette eksklusive resort lokker rejsende, der s\u00f8ger en enest\u00e5ende flugt, med sin uds\u00f8gte blanding af overd\u00e5dighed, naturlig sk\u00f8nhed og bekvemmeligheder i verdensklasse.<\/p>\n\n\t\t<\/div>\n\t<\/div>\n<\/div><\/div><\/div><\/div><div class=\"vc_row wpb_row vc_row-fluid\"><div class=\"wpb_column vc_column_container vc_col-sm-3\"><div class=\"vc_column-inner\"><div class=\"wpb_wrapper\">\n\t<div  class=\"wpb_single_image wpb_content_element vc_align_left wpb_content_element\">\n\t\t\n\t\t<figure class=\"wpb_wrapper vc_figure\">\n\t\t\t<a href=\"http:\/\/maldives-paradise.com\/da\/?page_id=7073\" target=\"_self\" class=\"vc_single_image-wrapper   vc_box_border_grey\"><img loading=\"lazy\" decoding=\"async\" width=\"150\" height=\"150\" src=\"https:\/\/maldives-paradise.com\/wp-content\/uploads\/2024\/01\/Finolhu-Baa-Atoll-Maldives-150x150.jpg\" class=\"vc_single_image-img attachment-thumbnail\" alt=\"Finolhu Baa Atoll Maldiverne\" title=\"Finolhu-Baa-Atoll-Maldiverne\" \/><\/a>\n\t\t<\/figure>\n\t<\/div>\n<\/div><\/div><\/div><div class=\"wpb_column vc_column_container vc_col-sm-9\"><div class=\"vc_column-inner\"><div class=\"wpb_wrapper\">\n\t<div class=\"wpb_text_column wpb_content_element\" >\n\t\t<div class=\"wpb_wrapper\">\n\t\t\t<h4><a href=\"http:\/\/maldives-paradise.com\/da\/?page_id=7073\">Finolhu Baa Atoll Maldiverne<\/a><\/h4>\n<p>Flugt til en verden af uovertruffen luksus og betagende sk\u00f8nhed kl <strong>Finolhu Baa Atoll Maldiverne<\/strong>. Beliggende i hjertet af UNESCOs biosf\u00e6rereservat, omdefinerer dette eksklusive feriested betydningen af en tropisk ferie. Finolhu kan prale af en fusion af moderne design og naturlig pragt og er et paradis for dem, der s\u00f8ger det ultimative inden for luksus og afslapning.<\/p>\n\n\t\t<\/div>\n\t<\/div>\n<\/div><\/div><\/div><\/div><div class=\"vc_row wpb_row vc_row-fluid\"><div class=\"wpb_column vc_column_container vc_col-sm-3\"><div class=\"vc_column-inner\"><div class=\"wpb_wrapper\">\n\t<div  class=\"wpb_single_image wpb_content_element vc_align_left wpb_content_element\">\n\t\t\n\t\t<figure class=\"wpb_wrapper vc_figure\">\n\t\t\t<a href=\"http:\/\/maldives-paradise.com\/da\/?page_id=7079\" target=\"_self\" class=\"vc_single_image-wrapper   vc_box_border_grey\"><img loading=\"lazy\" decoding=\"async\" width=\"150\" height=\"150\" src=\"https:\/\/maldives-paradise.com\/wp-content\/uploads\/2024\/01\/Four-Seasons-Maldives-Kuda-Huraa2-150x150.jpg\" class=\"vc_single_image-img attachment-thumbnail\" alt=\"Four Seasons Maldiverne Kuda Huraa\" title=\"Fire-s\u00e6soner-Maldiverne-Kuda-Huraa2\" \/><\/a>\n\t\t<\/figure>\n\t<\/div>\n<\/div><\/div><\/div><div class=\"wpb_column vc_column_container vc_col-sm-9\"><div class=\"vc_column-inner\"><div class=\"wpb_wrapper\">\n\t<div class=\"wpb_text_column wpb_content_element\" >\n\t\t<div class=\"wpb_wrapper\">\n\t\t\t<h4><a href=\"http:\/\/maldives-paradise.com\/da\/?page_id=7079\">Four Seasons Maldiverne Kuda Huraa<\/a><\/h4>\n<p><strong>Four Seasons Maldiverne Kuda Huraa<\/strong> st\u00e5r som et fyrt\u00e5rn af overflod og ro, der tilbyder en enest\u00e5ende flugt til paradis. Dette luksusresort er et vidnesbyrd om g\u00e6stfrihedens kunst, der blander traditionel maldivisk charme med raffinementet fra Four Seasons-m\u00e6rket. Med sine fantastiske omgivelser, up\u00e5klagelig service og et v\u00e6ld af bekvemmeligheder i verdensklasse er Four Seasons Maldives Kuda Huraa indbegrebet af en dr\u00f8mmeferie.<\/p>\n\n\t\t<\/div>\n\t<\/div>\n<\/div><\/div><\/div><\/div><div class=\"vc_row wpb_row vc_row-fluid\"><div class=\"wpb_column vc_column_container vc_col-sm-3\"><div class=\"vc_column-inner\"><div class=\"wpb_wrapper\">\n\t<div  class=\"wpb_single_image wpb_content_element vc_align_left wpb_content_element\">\n\t\t\n\t\t<figure class=\"wpb_wrapper vc_figure\">\n\t\t\t<a href=\"http:\/\/maldives-paradise.com\/da\/?page_id=7083\" target=\"_self\" class=\"vc_single_image-wrapper   vc_box_border_grey\"><img loading=\"lazy\" decoding=\"async\" width=\"150\" height=\"150\" src=\"https:\/\/maldives-paradise.com\/wp-content\/uploads\/2024\/01\/Four-Seasons-Maldives-Landaa-Giraavaru2-150x150.jpeg\" class=\"vc_single_image-img attachment-thumbnail\" alt=\"Four Seasons Maldiverne Landaa Giraavaru\" title=\"Fire-s\u00e6soner-Maldiverne-Landaa-Giraavaru2\" \/><\/a>\n\t\t<\/figure>\n\t<\/div>\n<\/div><\/div><\/div><div class=\"wpb_column vc_column_container vc_col-sm-9\"><div class=\"vc_column-inner\"><div class=\"wpb_wrapper\">\n\t<div class=\"wpb_text_column wpb_content_element\" >\n\t\t<div class=\"wpb_wrapper\">\n\t\t\t<h4><a href=\"http:\/\/maldives-paradise.com\/da\/?page_id=7083\">Four Seasons Maldiverne Landaa Giraavaru<\/a><\/h4>\n<p>Flygt til en verden af overd\u00e5dighed og sindsro ved det uds\u00f8gte <strong>Four Seasons Maldiverne Landaa Giraavaru<\/strong>, hvor luksus m\u00f8der natur i perfekt harmoni. Beliggende i hjertet af Baa-atollen, omdefinerer dette idylliske feriested betydningen af tropisk paradis og tilbyder kr\u00e6sne rejsende en uovertruffen oplevelse af lyksalighed og sofistikering.<\/p>\n\n\t\t<\/div>\n\t<\/div>\n<\/div><\/div><\/div><\/div><div class=\"vc_row wpb_row vc_row-fluid\"><div class=\"wpb_column vc_column_container vc_col-sm-3\"><div class=\"vc_column-inner\"><div class=\"wpb_wrapper\">\n\t<div  class=\"wpb_single_image wpb_content_element vc_align_left wpb_content_element\">\n\t\t\n\t\t<figure class=\"wpb_wrapper vc_figure\">\n\t\t\t<a href=\"http:\/\/maldives-paradise.com\/da\/?page_id=7087\" target=\"_self\" class=\"vc_single_image-wrapper   vc_box_border_grey\"><img loading=\"lazy\" decoding=\"async\" width=\"150\" height=\"150\" src=\"https:\/\/maldives-paradise.com\/wp-content\/uploads\/2024\/01\/Fushifaru-Maldives2-150x150.jpg\" class=\"vc_single_image-img attachment-thumbnail\" alt=\"Fushifaru Maldiverne\" title=\"Fushifaru-Maldiverne 2\" \/><\/a>\n\t\t<\/figure>\n\t<\/div>\n<\/div><\/div><\/div><div class=\"wpb_column vc_column_container vc_col-sm-9\"><div class=\"vc_column-inner\"><div class=\"wpb_wrapper\">\n\t<div class=\"wpb_text_column wpb_content_element\" >\n\t\t<div class=\"wpb_wrapper\">\n\t\t\t<h4><a href=\"http:\/\/maldives-paradise.com\/da\/?page_id=7087\">Fushifaru Maldiverne<\/a><\/h4>\n<p><strong>Fushifaru Maldiverne <\/strong>er en oase af ro beliggende i hjertet af Det Indiske Ocean. Dette eksklusive luksusresort tilbyder en s\u00f8ml\u00f8s blanding af betagende naturlig sk\u00f8nhed og uovertruffen g\u00e6stfrihed, hvilket g\u00f8r det til den ultimative destination for dem, der s\u00f8ger en ekstraordin\u00e6r flugt.<\/p>\n\n\t\t<\/div>\n\t<\/div>\n<\/div><\/div><\/div><\/div><div class=\"vc_row wpb_row vc_row-fluid\"><div class=\"wpb_column vc_column_container vc_col-sm-3\"><div class=\"vc_column-inner\"><div class=\"wpb_wrapper\">\n\t<div  class=\"wpb_single_image wpb_content_element vc_align_left wpb_content_element\">\n\t\t\n\t\t<figure class=\"wpb_wrapper vc_figure\">\n\t\t\t<a href=\"http:\/\/maldives-paradise.com\/da\/?page_id=7096\" target=\"_self\" class=\"vc_single_image-wrapper   vc_box_border_grey\"><img loading=\"lazy\" decoding=\"async\" width=\"150\" height=\"150\" src=\"https:\/\/maldives-paradise.com\/wp-content\/uploads\/2024\/01\/Gili-ankanfushi-Maldives2-150x150.jpg\" class=\"vc_single_image-img attachment-thumbnail\" alt=\"Gili Lankanfushi Maldiverne\" title=\"Gili-ankanfushi-Maldiverne2\" \/><\/a>\n\t\t<\/figure>\n\t<\/div>\n<\/div><\/div><\/div><div class=\"wpb_column vc_column_container vc_col-sm-9\"><div class=\"vc_column-inner\"><div class=\"wpb_wrapper\">\n\t<div class=\"wpb_text_column wpb_content_element\" >\n\t\t<div class=\"wpb_wrapper\">\n\t\t\t<h4><a href=\"http:\/\/maldives-paradise.com\/da\/?page_id=7096\">Gili Lankanfushi Maldiverne<\/a><\/h4>\n<p>Flugt til en verden af uovertruffen luksus og betagende sk\u00f8nhed kl <strong>Gili Lankanfushi Maldiverne<\/strong>, hvor hvert \u00f8jeblik er en fejring af overd\u00e5dighed og sindsro. Beliggende i hjertet af Det Indiske Ocean, omdefinerer dette eksklusive resort begrebet fork\u00e6lelse, og tilbyder en uovertruffen oplevelse, der problemfrit blander natur, luksus og personlig service.<\/p>\n\n\t\t<\/div>\n\t<\/div>\n<\/div><\/div><\/div><\/div><div class=\"vc_row wpb_row vc_row-fluid\"><div class=\"wpb_column vc_column_container vc_col-sm-3\"><div class=\"vc_column-inner\"><div class=\"wpb_wrapper\">\n\t<div  class=\"wpb_single_image wpb_content_element vc_align_left wpb_content_element\">\n\t\t\n\t\t<figure class=\"wpb_wrapper vc_figure\">\n\t\t\t<a href=\"http:\/\/maldives-paradise.com\/da\/?page_id=7100\" target=\"_self\" class=\"vc_single_image-wrapper   vc_box_border_grey\"><img loading=\"lazy\" decoding=\"async\" width=\"150\" height=\"150\" src=\"https:\/\/maldives-paradise.com\/wp-content\/uploads\/2024\/01\/hard-rock-hotel-maldives2-150x150.jpg\" class=\"vc_single_image-img attachment-thumbnail\" alt=\"Hard Rock Hotel Maldiverne\" title=\"hard-rock-hotel-maldiverne2\" \/><\/a>\n\t\t<\/figure>\n\t<\/div>\n<\/div><\/div><\/div><div class=\"wpb_column vc_column_container vc_col-sm-9\"><div class=\"vc_column-inner\"><div class=\"wpb_wrapper\">\n\t<div class=\"wpb_text_column wpb_content_element\" >\n\t\t<div class=\"wpb_wrapper\">\n\t\t\t<h4><a href=\"http:\/\/maldives-paradise.com\/da\/?page_id=7100\">Hard Rock Hotel Maldiverne<\/a><\/h4>\n<p>Det alt inklusive <strong>Hard Rock Hotel Maldiverne<\/strong> lokker kr\u00e6sne rejsende til at opleve indbegrebet af luksus og nydelse. Dette idylliske feriested blander problemfrit det ikoniske Hard Rock-m\u00e6rke med Maldivernes betagende sk\u00f8nhed og skaber et tilflugtssted, hvor overd\u00e5dighed m\u00f8der tropisk pragt.<\/p>\n\n\t\t<\/div>\n\t<\/div>\n<\/div><\/div><\/div><\/div><div class=\"vc_row wpb_row vc_row-fluid\"><div class=\"wpb_column vc_column_container vc_col-sm-3\"><div class=\"vc_column-inner\"><div class=\"wpb_wrapper\">\n\t<div  class=\"wpb_single_image wpb_content_element vc_align_left wpb_content_element\">\n\t\t\n\t\t<figure class=\"wpb_wrapper vc_figure\">\n\t\t\t<a href=\"http:\/\/maldives-paradise.com\/da\/?page_id=7104\" target=\"_self\" class=\"vc_single_image-wrapper   vc_box_border_grey\"><img loading=\"lazy\" decoding=\"async\" width=\"150\" height=\"150\" src=\"https:\/\/maldives-paradise.com\/wp-content\/uploads\/2024\/01\/heritance-aarah-maldives-ocean-suite-6-150x150.jpg\" class=\"vc_single_image-img attachment-thumbnail\" alt=\"Heritance Aarah \u2013 All Inclusive Luxury Resort\" title=\"arv-aarah-maldiverne-ocean-suite-6\" \/><\/a>\n\t\t<\/figure>\n\t<\/div>\n<\/div><\/div><\/div><div class=\"wpb_column vc_column_container vc_col-sm-9\"><div class=\"vc_column-inner\"><div class=\"wpb_wrapper\">\n\t<div class=\"wpb_text_column wpb_content_element\" >\n\t\t<div class=\"wpb_wrapper\">\n\t\t\t<h4><a href=\"http:\/\/maldives-paradise.com\/da\/?page_id=7104\">Heritance Aarah \u2013 All Inclusive Luxury Resort<\/a><\/h4>\n<p>I hjertet af de fortryllende Maldiverne, det f\u00f8rsteklasses all inclusive-resort <strong>Arv Aarah<\/strong> st\u00e5r som indbegrebet af luksus og nydelse. Dette uds\u00f8gte resort er et paradis for dem, der s\u00f8ger en uovertruffen tropisk flugt, hvor krystalklart vand, uber\u00f8rte strande og overd\u00e5dige overnatningssteder m\u00f8des for at skabe en virkelig uforglemmelig oplevelse.<\/p>\n\n\t\t<\/div>\n\t<\/div>\n<\/div><\/div><\/div><\/div><div class=\"vc_row wpb_row vc_row-fluid\"><div class=\"wpb_column vc_column_container vc_col-sm-3\"><div class=\"vc_column-inner\"><div class=\"wpb_wrapper\">\n\t<div  class=\"wpb_single_image wpb_content_element vc_align_left wpb_content_element\">\n\t\t\n\t\t<figure class=\"wpb_wrapper vc_figure\">\n\t\t\t<a href=\"http:\/\/maldives-paradise.com\/da\/?page_id=7108\" target=\"_self\" class=\"vc_single_image-wrapper   vc_box_border_grey\"><img loading=\"lazy\" decoding=\"async\" width=\"150\" height=\"150\" src=\"https:\/\/maldives-paradise.com\/wp-content\/uploads\/2024\/01\/HiltonMaldives-Amingiri-Resort2-150x150.jpg\" class=\"vc_single_image-img attachment-thumbnail\" alt=\"Hilton Maldives Amingiri Resort &amp; Spa\" title=\"HiltonMaldiverne-Amingiri-Resort2\" \/><\/a>\n\t\t<\/figure>\n\t<\/div>\n<\/div><\/div><\/div><div class=\"wpb_column vc_column_container vc_col-sm-9\"><div class=\"vc_column-inner\"><div class=\"wpb_wrapper\">\n\t<div class=\"wpb_text_column wpb_content_element\" >\n\t\t<div class=\"wpb_wrapper\">\n\t\t\t<h4><a href=\"http:\/\/maldives-paradise.com\/da\/?page_id=7108\">Hilton Maldives Amingiri Resort &amp; Spa<\/a><\/h4>\n<p>Det altomfattende luksusresort, <strong>Hilton Maldives Amingiri Resort &amp; Spa<\/strong> lokker kr\u00e6sne rejsende til at opleve en oase af uovertruffen luksus. Denne tropiske oase, sat p\u00e5 baggrund af krystalklart turkisbl\u00e5t vand og uber\u00f8rte hvide sandstrande, er et vidnesbyrd om overflod og ro. Her er nogle af de bedste funktioner, der g\u00f8r dette feriested til en sand perle p\u00e5 Maldiverne.<\/p>\n\n\t\t<\/div>\n\t<\/div>\n<\/div><\/div><\/div><\/div><div class=\"vc_row wpb_row vc_row-fluid\"><div class=\"wpb_column vc_column_container vc_col-sm-3\"><div class=\"vc_column-inner\"><div class=\"wpb_wrapper\">\n\t<div  class=\"wpb_single_image wpb_content_element vc_align_left wpb_content_element\">\n\t\t\n\t\t<figure class=\"wpb_wrapper vc_figure\">\n\t\t\t<a href=\"http:\/\/maldives-paradise.com\/da\/?page_id=7112\" target=\"_self\" class=\"vc_single_image-wrapper   vc_box_border_grey\"><img loading=\"lazy\" decoding=\"async\" width=\"150\" height=\"150\" src=\"https:\/\/maldives-paradise.com\/wp-content\/uploads\/2024\/01\/Hurawalhi-Island2-150x150.jpg\" class=\"vc_single_image-img attachment-thumbnail\" alt=\"Hurawalhi Island - Kun voksne og All Inclusive Resort\" title=\"Hurawalhi-\u00f8en 2\" \/><\/a>\n\t\t<\/figure>\n\t<\/div>\n<\/div><\/div><\/div><div class=\"wpb_column vc_column_container vc_col-sm-9\"><div class=\"vc_column-inner\"><div class=\"wpb_wrapper\">\n\t<div class=\"wpb_text_column wpb_content_element\" >\n\t\t<div class=\"wpb_wrapper\">\n\t\t\t<h4><a href=\"http:\/\/maldives-paradise.com\/da\/?page_id=7112\">Hurawalhi Island - Kun voksne og All Inclusive Resort<\/a><\/h4>\n<p>Discover Paradise: Afsl\u00f8ring af Allure of <strong>Hurawalhi Island Maldiverne.<br \/>\n<\/strong>Flygt til en verden af overflod og ro p\u00e5 Hurawalhi Island, et luksuri\u00f8st tilflugtssted beliggende i hjertet af Maldiverne. Dette eksklusive resort, der er kendt for sin uovertrufne sk\u00f8nhed og overd\u00e5dige faciliteter, lover et uforglemmeligt tilflugtssted, der overg\u00e5r det s\u00e6dvanlige.<\/p>\n\n\t\t<\/div>\n\t<\/div>\n<\/div><\/div><\/div><\/div><div class=\"vc_row wpb_row vc_row-fluid\"><div class=\"wpb_column vc_column_container vc_col-sm-12\"><div class=\"vc_column-inner\"><div class=\"wpb_wrapper\">\n\t<div class=\"wpb_text_column wpb_content_element\" >\n\t\t<div class=\"wpb_wrapper\">\n\t\t\t<h3>5-stjernede hoteller og feriesteder i Maldiverne\u00a0 <a href=\"http:\/\/maldives-paradise.com\/da\/?page_id=4124\">Side 1<\/a>\u00a0 <a href=\"http:\/\/maldives-paradise.com\/da\/?page_id=7968\">Side 2<\/a> \u00a0 <a href=\"http:\/\/maldives-paradise.com\/da\/?page_id=8053\">Side 4<\/a> \u00a0 <a href=\"http:\/\/maldives-paradise.com\/da\/?page_id=8128\">Side 5<\/a> \u00a0 <a href=\"http:\/\/maldives-paradise.com\/da\/?page_id=8170\">Side 6<\/a>\u00a0\u00a0 <a href=\"http:\/\/maldives-paradise.com\/da\/?page_id=8384\">Side 7<\/a> \u00a0<a href=\"http:\/\/maldives-paradise.com\/da\/5-stjernede-hoteller-resorts-i-maldiverne-8\/\">Side 8<\/a>\u00a0\u00a0<a href=\"https:\/\/maldives-paradise.com\/da\/5-stjernede-hoteller-resorts-pa-maldiverne-9\/\">Side 9<\/a><\/h3>\n\n\t\t<\/div>\n\t<\/div>\n<\/div><\/div><\/div><\/div>\n<\/div>","protected":false},"excerpt":{"rendered":"<div class=\"mh-excerpt\"><\/div>","protected":false},"author":1,"featured_media":0,"parent":0,"menu_order":0,"comment_status":"closed","ping_status":"closed","template":"","meta":{"footnotes":""},"class_list":["post-7996","page","type-page","status-publish"],"aioseo_notices":[],"_links":{"self":[{"href":"http:\/\/maldives-paradise.com\/da\/wp-json\/wp\/v2\/pages\/7996","targetHints":{"allow":["GET"]}}],"collection":[{"href":"http:\/\/maldives-paradise.com\/da\/wp-json\/wp\/v2\/pages"}],"about":[{"href":"http:\/\/maldives-paradise.com\/da\/wp-json\/wp\/v2\/types\/page"}],"author":[{"embeddable":true,"href":"http:\/\/maldives-paradise.com\/da\/wp-json\/wp\/v2\/users\/1"}],"replies":[{"embeddable":true,"href":"http:\/\/maldives-paradise.com\/da\/wp-json\/wp\/v2\/comments?post=7996"}],"version-history":[{"count":6,"href":"http:\/\/maldives-paradise.com\/da\/wp-json\/wp\/v2\/pages\/7996\/revisions"}],"predecessor-version":[{"id":34298,"href":"http:\/\/maldives-paradise.com\/da\/wp-json\/wp\/v2\/pages\/7996\/revisions\/34298"}],"wp:attachment":[{"href":"http:\/\/maldives-paradise.com\/da\/wp-json\/wp\/v2\/media?parent=7996"}],"curies":[{"name":"wp","href":"https:\/\/api.w.org\/{rel}","templated":true}]}}