{"id":7939,"date":"2024-01-02T08:22:05","date_gmt":"2024-01-02T08:22:05","guid":{"rendered":"http:\/\/maldives-paradise.com\/?page_id=7939"},"modified":"2024-12-27T17:21:36","modified_gmt":"2024-12-27T17:21:36","slug":"bedste-feriesteder","status":"publish","type":"page","link":"http:\/\/maldives-paradise.com\/da\/bedste-feriesteder\/","title":{"rendered":"Bedste feriesteder"},"content":{"rendered":"<p>Her er et omfattende udvalg af de bedste luksusresorts p\u00e5 Maldiverne. <br \/>Dette arkipelagiske land handler om 5-stjernede resorts, bungalows over vandet, \u00f8-tilflugtssteder og villaer ved stranden, der virkelig er noget andet. <br \/>Vil du ind p\u00e5 de smukkeste steder at bo p\u00e5 \u00f8en? Vi har d\u00e6kket dig med vores udvalgte liste over feriesteder for b\u00e5de par, familier, voksne og aktive rejsende.<\/p>\r\n\r\n\r\n\r\n<p>Maldiverne betragtes som verdens mest eksklusive feriedestination, og Maldiverne er hjemsted for en r\u00e6kke luksuri\u00f8se hoteller og resorts, der repr\u00e6senterer <a href='http:\/\/maldives-paradise.com\/da\/2019\/09\/den-ultimative-bryllupsrejsedestination\/'>det ultimative tropiske paradis for bryllupsrejsende,<\/a> soldyrkere, kr\u00e6sne rejsende, dykkere og ber\u00f8mtheder. <\/p>\r\n<p><a href=\"http:\/\/maldives-paradise.com\/da\/5-stjernede-hoteller-resorts-i-maldiverne\/\"><strong>5-stjernede hoteller og feriesteder i Maldiverne<\/strong><\/a><\/p>\r\n<p> <\/p>","protected":false},"excerpt":{"rendered":"<div class=\"mh-excerpt\">Here is an extensive selection of the best luxury resorts in the Maldives. This archipelagic country is all about 5-star resorts, overwater bungalows, island retreats and beachside villas that really are something else. Want in <a class=\"mh-excerpt-more\" href=\"http:\/\/maldives-paradise.com\/da\/bedste-feriesteder\/\" title=\"Best Resorts\">[&#8230;]<\/a><\/div>\n","protected":false},"author":1,"featured_media":0,"parent":0,"menu_order":0,"comment_status":"closed","ping_status":"closed","template":"","meta":{"footnotes":""},"class_list":["post-7939","page","type-page","status-publish"],"aioseo_notices":[],"_links":{"self":[{"href":"http:\/\/maldives-paradise.com\/da\/wp-json\/wp\/v2\/pages\/7939","targetHints":{"allow":["GET"]}}],"collection":[{"href":"http:\/\/maldives-paradise.com\/da\/wp-json\/wp\/v2\/pages"}],"about":[{"href":"http:\/\/maldives-paradise.com\/da\/wp-json\/wp\/v2\/types\/page"}],"author":[{"embeddable":true,"href":"http:\/\/maldives-paradise.com\/da\/wp-json\/wp\/v2\/users\/1"}],"replies":[{"embeddable":true,"href":"http:\/\/maldives-paradise.com\/da\/wp-json\/wp\/v2\/comments?post=7939"}],"version-history":[{"count":4,"href":"http:\/\/maldives-paradise.com\/da\/wp-json\/wp\/v2\/pages\/7939\/revisions"}],"predecessor-version":[{"id":31410,"href":"http:\/\/maldives-paradise.com\/da\/wp-json\/wp\/v2\/pages\/7939\/revisions\/31410"}],"wp:attachment":[{"href":"http:\/\/maldives-paradise.com\/da\/wp-json\/wp\/v2\/media?parent=7939"}],"curies":[{"name":"wp","href":"https:\/\/api.w.org\/{rel}","templated":true}]}}