{"id":6504,"date":"2023-12-16T20:43:58","date_gmt":"2023-12-16T20:43:58","guid":{"rendered":"http:\/\/maldives-paradise.com\/?page_id=6504"},"modified":"2025-02-21T07:12:22","modified_gmt":"2025-02-21T07:12:22","slug":"4-stjernede-hoteller-resorts-i-maldiverne","status":"publish","type":"page","link":"http:\/\/maldives-paradise.com\/da\/4-stjernede-hoteller-resorts-i-maldiverne\/","title":{"rendered":"4-stjernede hoteller og feriesteder i Maldiverne"},"content":{"rendered":"<div class=\"wpb-content-wrapper\"><div class=\"vc_row wpb_row vc_row-fluid\"><div class=\"wpb_column vc_column_container vc_col-sm-12\"><div class=\"vc_column-inner\"><div class=\"wpb_wrapper\">\n\t<div class=\"wpb_text_column wpb_content_element\" >\n\t\t<div class=\"wpb_wrapper\">\n\t\t\t<h3>Et udvalg af 4-stjernede hoteller og resorts p\u00e5 Maldiverne<\/h3>\n<p>V\u00e6lg mellem en r\u00e6kke 4-stjernede feriesteder i Maldiverne. Nyd en luksuri\u00f8s ferie midt i sandstrande og den klare himmel.<\/p>\n\n\t\t<\/div>\n\t<\/div>\n<\/div><\/div><\/div><\/div><div class=\"vc_row wpb_row vc_row-fluid\"><div class=\"wpb_column vc_column_container vc_col-sm-3\"><div class=\"vc_column-inner\"><div class=\"wpb_wrapper\">\n\t<div  class=\"wpb_single_image wpb_content_element vc_align_left wpb_content_element\">\n\t\t\n\t\t<figure class=\"wpb_wrapper vc_figure\">\n\t\t\t<a href=\"http:\/\/maldives-paradise.com\/da\/adaaran-vaelg-huduran-fushi\/\" target=\"_self\" class=\"vc_single_image-wrapper   vc_box_border_grey\"><img loading=\"lazy\" decoding=\"async\" width=\"150\" height=\"150\" src=\"https:\/\/maldives-paradise.com\/wp-content\/uploads\/2024\/01\/Adaaran-Select-Hudhuranfushi-islandii.com-1-10-1-150x150.jpg\" class=\"vc_single_image-img attachment-thumbnail\" alt=\"Adaaran V\u00e6lg Hudhuran Fushi\" title=\"Adaaran-Select-Hudhuranfushi-islandii.com-1-10\" \/><\/a>\n\t\t<\/figure>\n\t<\/div>\n<\/div><\/div><\/div><div class=\"wpb_column vc_column_container vc_col-sm-9\"><div class=\"vc_column-inner\"><div class=\"wpb_wrapper\">\n\t<div class=\"wpb_text_column wpb_content_element\" >\n\t\t<div class=\"wpb_wrapper\">\n\t\t\t<h4><a href=\"http:\/\/maldives-paradise.com\/da\/adaaran-vaelg-huduran-fushi\/\">Adaaran V\u00e6lg Hudhuran Fushi<\/a><\/h4>\n<p><strong>Adaaran V\u00e6lg Huduran Fushi<\/strong> er et indbegrebet luksusresort, der lover en uforglemmelig flugt i paradis. Med sine uber\u00f8rte hvide sandstrande, krystalklare vand og f\u00f8rsteklasses bekvemmeligheder tilbyder dette afsondrede tilflugtssted en enest\u00e5ende oplevelse for rejsende, der s\u00f8ger den ultimative tropiske flugt.<\/p>\n\n\t\t<\/div>\n\t<\/div>\n<\/div><\/div><\/div><\/div><div class=\"vc_row wpb_row vc_row-fluid\"><div class=\"wpb_column vc_column_container vc_col-sm-3\"><div class=\"vc_column-inner\"><div class=\"wpb_wrapper\">\n\t<div  class=\"wpb_single_image wpb_content_element vc_align_left wpb_content_element\">\n\t\t\n\t\t<figure class=\"wpb_wrapper vc_figure\">\n\t\t\t<a href=\"http:\/\/maldives-paradise.com\/da\/adaaran-vaelg-meedhupparu\/\" target=\"_self\" class=\"vc_single_image-wrapper   vc_box_border_grey\"><img loading=\"lazy\" decoding=\"async\" width=\"150\" height=\"150\" src=\"https:\/\/maldives-paradise.com\/wp-content\/uploads\/2024\/01\/Adaaran-Select-Meedhupparu-150x150.jpg\" class=\"vc_single_image-img attachment-thumbnail\" alt=\"Adaaran V\u00e6lg Meedhupparu\" title=\"Adaaran-Select-Meedhupparu\" \/><\/a>\n\t\t<\/figure>\n\t<\/div>\n<\/div><\/div><\/div><div class=\"wpb_column vc_column_container vc_col-sm-9\"><div class=\"vc_column-inner\"><div class=\"wpb_wrapper\">\n\t<div class=\"wpb_text_column wpb_content_element\" >\n\t\t<div class=\"wpb_wrapper\">\n\t\t\t<h4><a href=\"http:\/\/maldives-paradise.com\/da\/adaaran-vaelg-meedhupparu\/\">Adaaran V\u00e6lg Meedhupparu<\/a><\/h4>\n<p>Adaaran Select Meedhupparu p\u00e5 Maldiverne byder p\u00e5 en paradislignende oplevelse, der er uden sidestykke. Med sin luksuri\u00f8se indkvartering, fantastiske naturlige omgivelser, spisesteder i verdensklasse og en bred vifte af aktiviteter, er det den perfekte destination for bryllupsrejser, par og rejsende, der s\u00f8ger en smag af himlen p\u00e5 jorden.<\/p>\n\n\t\t<\/div>\n\t<\/div>\n<\/div><\/div><\/div><\/div><div class=\"vc_row wpb_row vc_row-fluid\"><div class=\"wpb_column vc_column_container vc_col-sm-3\"><div class=\"vc_column-inner\"><div class=\"wpb_wrapper\">\n\t<div  class=\"wpb_single_image wpb_content_element vc_align_left wpb_content_element\">\n\t\t\n\t\t<figure class=\"wpb_wrapper vc_figure\">\n\t\t\t<a href=\"http:\/\/maldives-paradise.com\/da\/angaga-island-resort-spa\/\" target=\"_self\" class=\"vc_single_image-wrapper   vc_box_border_grey\"><img loading=\"lazy\" decoding=\"async\" width=\"150\" height=\"150\" src=\"https:\/\/maldives-paradise.com\/wp-content\/uploads\/2024\/01\/angaga-150x150.jpg\" class=\"vc_single_image-img attachment-thumbnail\" alt=\"Angaga Island Resort &amp; Spa\" title=\"angaga\" \/><\/a>\n\t\t<\/figure>\n\t<\/div>\n<\/div><\/div><\/div><div class=\"wpb_column vc_column_container vc_col-sm-9\"><div class=\"vc_column-inner\"><div class=\"wpb_wrapper\">\n\t<div class=\"wpb_text_column wpb_content_element\" >\n\t\t<div class=\"wpb_wrapper\">\n\t\t\t<h4><a href=\"http:\/\/maldives-paradise.com\/da\/angaga-island-resort-spa\/\">Angaga Island Resort &amp; Spa<\/a><\/h4>\n<p>Angaga Island Resort &amp; Spa p\u00e5 Maldiverne er mere end blot et feriem\u00e5l; det er en mulighed for at fordybe dig i naturens sk\u00f8nhed og ro. Uanset om du s\u00f8ger eventyr i undervandsverdenen, afslapning p\u00e5 uber\u00f8rte strande eller en romantisk flugt, tilbyder dette milj\u00f8venlige resort det hele.<\/p>\n\n\t\t<\/div>\n\t<\/div>\n<\/div><\/div><\/div><\/div><div class=\"vc_row wpb_row vc_row-fluid\"><div class=\"wpb_column vc_column_container vc_col-sm-3\"><div class=\"vc_column-inner\"><div class=\"wpb_wrapper\">\n\t<div  class=\"wpb_single_image wpb_content_element vc_align_left wpb_content_element\">\n\t\t\n\t\t<figure class=\"wpb_wrapper vc_figure\">\n\t\t\t<a href=\"http:\/\/maldives-paradise.com\/da\/bandos-maldiverne\/\" target=\"_self\" class=\"vc_single_image-wrapper   vc_box_border_grey\"><\/a>\n\t\t<\/figure>\n\t<\/div>\n<\/div><\/div><\/div><div class=\"wpb_column vc_column_container vc_col-sm-9\"><div class=\"vc_column-inner\"><div class=\"wpb_wrapper\">\n\t<div class=\"wpb_text_column wpb_content_element\" >\n\t\t<div class=\"wpb_wrapper\">\n\t\t\t<h4><a href=\"http:\/\/maldives-paradise.com\/da\/bandos-maldiverne\/\">Bandos Maldiverne<\/a><\/h4>\n<p>Uanset om du s\u00f8ger eventyr i undervandsverdenen, afslapning p\u00e5 uber\u00f8rte strande eller en romantisk flugt, tilbyder dette resort det hele. Med sin varme g\u00e6stfrihed og engagement i b\u00e6redygtighed inviterer Bandos Maldives Resort dig til at opleve paradis som aldrig f\u00f8r.<\/p>\n\n\t\t<\/div>\n\t<\/div>\n<\/div><\/div><\/div><\/div><div class=\"vc_row wpb_row vc_row-fluid\"><div class=\"wpb_column vc_column_container vc_col-sm-3\"><div class=\"vc_column-inner\"><div class=\"wpb_wrapper\">\n\t<div  class=\"wpb_single_image wpb_content_element vc_align_left wpb_content_element\">\n\t\t\n\t\t<figure class=\"wpb_wrapper vc_figure\">\n\t\t\t<a href=\"http:\/\/maldives-paradise.com\/da\/det-barfodede-okohotel\/\" target=\"_self\" class=\"vc_single_image-wrapper   vc_box_border_grey\"><img loading=\"lazy\" decoding=\"async\" width=\"150\" height=\"150\" src=\"https:\/\/maldives-paradise.com\/wp-content\/uploads\/2024\/01\/the-barefoot-eco-hotel-150x150.jpg\" class=\"vc_single_image-img attachment-thumbnail\" alt=\"Barefoot Eco Hotel\" title=\"barfodet-\u00f8ko-hotellet\" \/><\/a>\n\t\t<\/figure>\n\t<\/div>\n<\/div><\/div><\/div><div class=\"wpb_column vc_column_container vc_col-sm-9\"><div class=\"vc_column-inner\"><div class=\"wpb_wrapper\">\n\t<div class=\"wpb_text_column wpb_content_element\" >\n\t\t<div class=\"wpb_wrapper\">\n\t\t\t<h4><a href=\"http:\/\/maldives-paradise.com\/da\/det-barfodede-okohotel\/\">Barefoot Eco Hotel<\/a><\/h4>\n<p>Barefoot Eco Hotel p\u00e5 Maldiverne inviterer rejsende til at omfavne naturen, mens de tr\u00e6der let p\u00e5 milj\u00f8et. Med dens milj\u00f8venlige indkvartering, b\u00e6redygtige spisemuligheder og en bred vifte af naturlige eventyr er det en destination, der giver dig mulighed for at nyde Maldivernes sk\u00f8nhed, mens du bidrager til dens bevarelse.<\/p>\n\n\t\t<\/div>\n\t<\/div>\n<\/div><\/div><\/div><\/div><div class=\"vc_row wpb_row vc_row-fluid\"><div class=\"wpb_column vc_column_container vc_col-sm-3\"><div class=\"vc_column-inner\"><div class=\"wpb_wrapper\">\n\t<div  class=\"wpb_single_image wpb_content_element vc_align_left wpb_content_element\">\n\t\t\n\t\t<figure class=\"wpb_wrapper vc_figure\">\n\t\t\t<a href=\"http:\/\/maldives-paradise.com\/da\/canareef-resort-maldiverne\/\" target=\"_self\" class=\"vc_single_image-wrapper   vc_box_border_grey\"><img loading=\"lazy\" decoding=\"async\" width=\"150\" height=\"150\" src=\"https:\/\/maldives-paradise.com\/wp-content\/uploads\/2024\/01\/canareef-resort-maldives-150x150.jpg\" class=\"vc_single_image-img attachment-thumbnail\" alt=\"Canareef Resort Maldives er et luksuri\u00f8st feriested p\u00e5 \u00f8en\" title=\"canareef-resort-maldiverne\" \/><\/a>\n\t\t<\/figure>\n\t<\/div>\n<\/div><\/div><\/div><div class=\"wpb_column vc_column_container vc_col-sm-9\"><div class=\"vc_column-inner\"><div class=\"wpb_wrapper\">\n\t<div class=\"wpb_text_column wpb_content_element\" >\n\t\t<div class=\"wpb_wrapper\">\n\t\t\t<h4><a href=\"http:\/\/maldives-paradise.com\/da\/canareef-resort-maldiverne\/\">Canareef Resort Maldiverne<\/a><\/h4>\n<p>Canareef Resort Maldives er mere end blot en destination; det er en uforglemmelig oplevelse, der fanger essensen af det tropiske paradis. Uanset om du leder efter romantik, eventyr eller blot et fredeligt tilflugtssted, har dette resort noget for enhver smag. Med sin fantastiske naturlige sk\u00f8nhed, luksuri\u00f8se indkvartering og et v\u00e6ld af aktiviteter, er Canareef Resort Maldives det perfekte valg til din n\u00e6ste dr\u00f8mmeferie p\u00e5 Maldiverne.<\/p>\n\n\t\t<\/div>\n\t<\/div>\n<\/div><\/div><\/div><\/div><div class=\"vc_row wpb_row vc_row-fluid\"><div class=\"wpb_column vc_column_container vc_col-sm-3\"><div class=\"vc_column-inner\"><div class=\"wpb_wrapper\">\n\t<div  class=\"wpb_single_image wpb_content_element vc_align_left wpb_content_element\">\n\t\t\n\t\t<figure class=\"wpb_wrapper vc_figure\">\n\t\t\t<a href=\"http:\/\/maldives-paradise.com\/da\/centara-ras-fushi-resort-spa\/\" target=\"_self\" class=\"vc_single_image-wrapper   vc_box_border_grey\"><img loading=\"lazy\" decoding=\"async\" width=\"150\" height=\"150\" src=\"https:\/\/maldives-paradise.com\/wp-content\/uploads\/2024\/01\/centara-ras-fushi-150x150.jpg\" class=\"vc_single_image-img attachment-thumbnail\" alt=\"Centara Ras Fushi Resort &amp; Spa\" title=\"centara-ras-fushi\" \/><\/a>\n\t\t<\/figure>\n\t<\/div>\n<\/div><\/div><\/div><div class=\"wpb_column vc_column_container vc_col-sm-9\"><div class=\"vc_column-inner\"><div class=\"wpb_wrapper\">\n\t<div class=\"wpb_text_column wpb_content_element\" >\n\t\t<div class=\"wpb_wrapper\">\n\t\t\t<h4><a href=\"http:\/\/maldives-paradise.com\/da\/centara-ras-fushi-resort-spa\/\">Centara Ras Fushi Resort &amp; Spa<\/a><\/h4>\n<p>Uanset om du leder efter eventyr under b\u00f8lgerne, afslapning p\u00e5 uber\u00f8rte strande eller en romantisk flugt, tilbyder dette resort det hele. Med sin varme g\u00e6stfrihed og betagende naturlige sk\u00f8nhed inviterer Centara Ras Fushi Resort &amp; Spa dig til at begive dig ud p\u00e5 en rejse med fork\u00e6lelse og opdagelse.<\/p>\n\n\t\t<\/div>\n\t<\/div>\n<\/div><\/div><\/div><\/div><div class=\"vc_row wpb_row vc_row-fluid\"><div class=\"wpb_column vc_column_container vc_col-sm-3\"><div class=\"vc_column-inner\"><div class=\"wpb_wrapper\">\n\t<div  class=\"wpb_single_image wpb_content_element vc_align_left wpb_content_element\">\n\t\t\n\t\t<figure class=\"wpb_wrapper vc_figure\">\n\t\t\t<a href=\"http:\/\/maldives-paradise.com\/da\/kanel-dhonveli-maldiverne\/\" target=\"_self\" class=\"vc_single_image-wrapper   vc_box_border_grey\"><img loading=\"lazy\" decoding=\"async\" width=\"150\" height=\"150\" src=\"https:\/\/maldives-paradise.com\/wp-content\/uploads\/2024\/01\/cinnamon_dhonveli_maldives_5-150x150.jpg\" class=\"vc_single_image-img attachment-thumbnail\" alt=\"Cinnamon Dhonveli Maldiverne - Din indgang til tropisk luksus\" title=\"kanel_dhonveli_maldiverne_5\" \/><\/a>\n\t\t<\/figure>\n\t<\/div>\n<\/div><\/div><\/div><div class=\"wpb_column vc_column_container vc_col-sm-9\"><div class=\"vc_column-inner\"><div class=\"wpb_wrapper\">\n\t<div class=\"wpb_text_column wpb_content_element\" >\n\t\t<div class=\"wpb_wrapper\">\n\t\t\t<h4><a href=\"http:\/\/maldives-paradise.com\/da\/kanel-dhonveli-maldiverne\/\">Kanel Dhonveli Maldiverne<\/a><\/h4>\n<p>Cinnamon Dhonveli Maldives er et f\u00f8rsteklasses feriested, der er indbegrebet af den ultimative tropiske flugt. Beliggende p\u00e5 den fantastiske \u00f8 Dhonveli, tilbyder dette resort rejsende en uds\u00f8gt blanding af naturlig sk\u00f8nhed, vandeventyr og luksuri\u00f8se bekvemmeligheder, hvilket g\u00f8r det til en dr\u00f8mmedestination for dem, der s\u00f8ger paradis p\u00e5 jorden.<\/p>\n\n\t\t<\/div>\n\t<\/div>\n<\/div><\/div><\/div><\/div><div class=\"vc_row wpb_row vc_row-fluid\"><div class=\"wpb_column vc_column_container vc_col-sm-3\"><div class=\"vc_column-inner\"><div class=\"wpb_wrapper\">\n\t<div  class=\"wpb_single_image wpb_content_element vc_align_left wpb_content_element\">\n\t\t\n\t\t<figure class=\"wpb_wrapper vc_figure\">\n\t\t\t<a href=\"http:\/\/maldives-paradise.com\/da\/kanel-hakuraa-huraa-maldiverne\/\" target=\"_self\" class=\"vc_single_image-wrapper   vc_box_border_grey\"><img loading=\"lazy\" decoding=\"async\" width=\"150\" height=\"150\" src=\"https:\/\/maldives-paradise.com\/wp-content\/uploads\/2024\/01\/cinnamon-hakuraa-150x150.jpg\" class=\"vc_single_image-img attachment-thumbnail\" alt=\"Kanel Hakuraa Huraa Maldiverne\" title=\"kanel-hakuraa\" \/><\/a>\n\t\t<\/figure>\n\t<\/div>\n<\/div><\/div><\/div><div class=\"wpb_column vc_column_container vc_col-sm-9\"><div class=\"vc_column-inner\"><div class=\"wpb_wrapper\">\n\t<div class=\"wpb_text_column wpb_content_element\" >\n\t\t<div class=\"wpb_wrapper\">\n\t\t\t<h4><a href=\"http:\/\/maldives-paradise.com\/da\/kanel-hakuraa-huraa-maldiverne\/\">Kanel Hakuraa Huraa Maldiverne<\/a><\/h4>\n<p>Cinnamon Hakuraa Huraa Maldiverne er mere end blot en feriedestination; det er en portal til luksus og naturlig sk\u00f8nhed. Uanset om du leder efter eventyr under b\u00f8lgerne, afslapning p\u00e5 uber\u00f8rte strande eller en romantisk flugt, tilbyder dette resort det hele. Med sin varme g\u00e6stfrihed og betagende omgivelser inviterer Cinnamon Hakuraa Huraa Maldives dig til at skabe varige minder i dette f\u00e6ngslende paradis.<\/p>\n\n\t\t<\/div>\n\t<\/div>\n<\/div><\/div><\/div><\/div><div class=\"vc_row wpb_row vc_row-fluid\"><div class=\"wpb_column vc_column_container vc_col-sm-3\"><div class=\"vc_column-inner\"><div class=\"wpb_wrapper\">\n\t<div  class=\"wpb_single_image wpb_content_element vc_align_left wpb_content_element\">\n\t\t\n\t\t<figure class=\"wpb_wrapper vc_figure\">\n\t\t\t<a href=\"http:\/\/maldives-paradise.com\/da\/eriyadu-island-resort\/\" target=\"_self\" class=\"vc_single_image-wrapper   vc_box_border_grey\"><img loading=\"lazy\" decoding=\"async\" width=\"150\" height=\"150\" src=\"https:\/\/maldives-paradise.com\/wp-content\/uploads\/2024\/01\/eriyadu4-150x150.jpeg\" class=\"vc_single_image-img attachment-thumbnail\" alt=\"Eriyadu Island Resort\" title=\"eriyadu4\" \/><\/a>\n\t\t<\/figure>\n\t<\/div>\n<\/div><\/div><\/div><div class=\"wpb_column vc_column_container vc_col-sm-9\"><div class=\"vc_column-inner\"><div class=\"wpb_wrapper\">\n\t<div class=\"wpb_text_column wpb_content_element\" >\n\t\t<div class=\"wpb_wrapper\">\n\t\t\t<h4><a href=\"http:\/\/maldives-paradise.com\/da\/eriyadu-island-resort\/\">Eriyadu Island Resort<\/a><\/h4>\n<p>Oplev Maldivernes magi p\u00e5 Eriyadu Island Resort, hvor natur og komfort kombineres for at skabe et tilflugtssted uden sidestykke. G\u00f8r dine dr\u00f8mme om en maldivianer undslippe til virkelighed og fordyb dig i den ekstraordin\u00e6re sk\u00f8nhed, der omgiver dig.<\/p>\n\n\t\t<\/div>\n\t<\/div>\n<\/div><\/div><\/div><\/div><div class=\"vc_row wpb_row vc_row-fluid\"><div class=\"wpb_column vc_column_container vc_col-sm-3\"><div class=\"vc_column-inner\"><div class=\"wpb_wrapper\">\n\t<div  class=\"wpb_single_image wpb_content_element vc_align_left wpb_content_element\">\n\t\t\n\t\t<figure class=\"wpb_wrapper vc_figure\">\n\t\t\t<a href=\"http:\/\/maldives-paradise.com\/da\/drift-thelu-veliga-tilbagetog\/\" target=\"_self\" class=\"vc_single_image-wrapper   vc_box_border_grey\"><img loading=\"lazy\" decoding=\"async\" width=\"150\" height=\"150\" src=\"https:\/\/maldives-paradise.com\/wp-content\/uploads\/2024\/01\/drift-retreat-150x150.jpg\" class=\"vc_single_image-img attachment-thumbnail\" alt=\"Drift Thelu Veliga Retreat\" title=\"drift-tilbagetog\" \/><\/a>\n\t\t<\/figure>\n\t<\/div>\n<\/div><\/div><\/div><div class=\"wpb_column vc_column_container vc_col-sm-9\"><div class=\"vc_column-inner\"><div class=\"wpb_wrapper\">\n\t<div class=\"wpb_text_column wpb_content_element\" >\n\t\t<div class=\"wpb_wrapper\">\n\t\t\t<h4><a href=\"http:\/\/maldives-paradise.com\/da\/drift-thelu-veliga-tilbagetog\/\">Drift Thelu Veliga Retreat<\/a><\/h4>\n<p>Uanset om du s\u00f8ger eventyr under b\u00f8lgerne, afslapning p\u00e5 uber\u00f8rte strande eller en romantisk flugt, tilbyder dette \u00f8ko-bevidste tilflugtssted det hele. Med varm g\u00e6stfrihed og en forpligtelse til at bevare milj\u00f8et inviterer Drift Thelu Veliga Retreat dig til at skabe varige minder i dette uspolerede paradis.<\/p>\n\n\t\t<\/div>\n\t<\/div>\n<\/div><\/div><\/div><\/div><div class=\"vc_row wpb_row vc_row-fluid\"><div class=\"wpb_column vc_column_container vc_col-sm-3\"><div class=\"vc_column-inner\"><div class=\"wpb_wrapper\">\n\t<div  class=\"wpb_single_image wpb_content_element vc_align_left wpb_content_element\">\n\t\t\n\t\t<figure class=\"wpb_wrapper vc_figure\">\n\t\t\t<a href=\"http:\/\/maldives-paradise.com\/da\/filitheyo-island-resort\/\" target=\"_self\" class=\"vc_single_image-wrapper   vc_box_border_grey\"><img loading=\"lazy\" decoding=\"async\" width=\"150\" height=\"150\" src=\"https:\/\/maldives-paradise.com\/wp-content\/uploads\/2024\/01\/filitheyo-island-resort-150x150.jpg\" class=\"vc_single_image-img attachment-thumbnail\" alt=\"Filitheyo Island Resort\" title=\"filitheyo-\u00f8-resort\" \/><\/a>\n\t\t<\/figure>\n\t<\/div>\n<\/div><\/div><\/div><div class=\"wpb_column vc_column_container vc_col-sm-9\"><div class=\"vc_column-inner\"><div class=\"wpb_wrapper\">\n\t<div class=\"wpb_text_column wpb_content_element\" >\n\t\t<div class=\"wpb_wrapper\">\n\t\t\t<h4><a href=\"http:\/\/maldives-paradise.com\/da\/filitheyo-island-resort\/\">Filitheyo Island Resort<\/a><\/h4>\n<p>Filitheyo Island Resort Maldives er ikke kun en feriedestination; det er et paradis, der venter p\u00e5 at blive udforsket. Uanset om du leder efter eventyr under b\u00f8lgerne, afslapning p\u00e5 uber\u00f8rte strande eller en romantisk flugt, tilbyder dette resort det hele.<br \/>\nResortet er forpligtet til b\u00e6redygtig turisme og deltager aktivt i koralrestaureringsprojekter og milj\u00f8bevarende indsatser. Engagere sig i deres milj\u00f8venlige initiativer for at bidrage til bevarelsen af det marine \u00f8kosystem.<\/p>\n\n\t\t<\/div>\n\t<\/div>\n<\/div><\/div><\/div><\/div><div class=\"vc_row wpb_row vc_row-fluid\"><div class=\"wpb_column vc_column_container vc_col-sm-12\"><div class=\"vc_column-inner\"><div class=\"wpb_wrapper\">\n\t<div class=\"wpb_text_column wpb_content_element\" >\n\t\t<div class=\"wpb_wrapper\">\n\t\t\t<h3>4-stjernede hoteller og feriesteder i Maldiverne\u00a0\u00a0 <a href=\"http:\/\/maldives-paradise.com\/da\/4-stjernede-hoteller-resorts-i-maldiverne-2\/\">Side 2<\/a>\u00a0\u00a0 <a href=\"http:\/\/maldives-paradise.com\/da\/4-stjernede-hoteller-resorts-i-maldiverne-3\/\">Side 3<\/a>\u00a0\u00a0 <a href=\"http:\/\/maldives-paradise.com\/da\/4-stjernede-hoteller-resorts-i-maldiverne-4\/\">Side 4<\/a><\/h3>\n\n\t\t<\/div>\n\t<\/div>\n<\/div><\/div><\/div><\/div>\n<\/div>","protected":false},"excerpt":{"rendered":"<div class=\"mh-excerpt\"><\/div>","protected":false},"author":1,"featured_media":9814,"parent":0,"menu_order":0,"comment_status":"closed","ping_status":"closed","template":"","meta":{"footnotes":""},"class_list":["post-6504","page","type-page","status-publish","has-post-thumbnail"],"aioseo_notices":[],"_links":{"self":[{"href":"http:\/\/maldives-paradise.com\/da\/wp-json\/wp\/v2\/pages\/6504","targetHints":{"allow":["GET"]}}],"collection":[{"href":"http:\/\/maldives-paradise.com\/da\/wp-json\/wp\/v2\/pages"}],"about":[{"href":"http:\/\/maldives-paradise.com\/da\/wp-json\/wp\/v2\/types\/page"}],"author":[{"embeddable":true,"href":"http:\/\/maldives-paradise.com\/da\/wp-json\/wp\/v2\/users\/1"}],"replies":[{"embeddable":true,"href":"http:\/\/maldives-paradise.com\/da\/wp-json\/wp\/v2\/comments?post=6504"}],"version-history":[{"count":6,"href":"http:\/\/maldives-paradise.com\/da\/wp-json\/wp\/v2\/pages\/6504\/revisions"}],"predecessor-version":[{"id":19349,"href":"http:\/\/maldives-paradise.com\/da\/wp-json\/wp\/v2\/pages\/6504\/revisions\/19349"}],"wp:featuredmedia":[{"embeddable":true,"href":"http:\/\/maldives-paradise.com\/da\/wp-json\/wp\/v2\/media\/9814"}],"wp:attachment":[{"href":"http:\/\/maldives-paradise.com\/da\/wp-json\/wp\/v2\/media?parent=6504"}],"curies":[{"name":"wp","href":"https:\/\/api.w.org\/{rel}","templated":true}]}}