{"id":3413,"date":"2023-11-26T16:32:47","date_gmt":"2021-03-09T09:03:37","guid":{"rendered":"http:\/\/maldives-paradise.com\/?page_id=3413"},"modified":"2025-11-13T06:53:54","modified_gmt":"2025-11-13T06:53:54","slug":"om-os","status":"publish","type":"page","link":"http:\/\/maldives-paradise.com\/da\/om-os\/","title":{"rendered":"Om"},"content":{"rendered":"<p>Velkommen til Maldivernes Paradise, en guide til at opdage Maldivernes betagende sk\u00f8nhed. Denne hjemmeside er skabt af Bj\u00f6rn Ingbrant. Jeg er en passioneret rejsende, forfatter og tilbudsj\u00e6ger, der er dedikeret til at give dig de bedste rejseoplevelser og tilbud.<\/p>\n<p><strong>En passion for rejser<\/strong><\/p>\n<p>Min st\u00f8rste interesse i livet er at rejse \u2013 at udforske nye destinationer, opleve forskellige kulturer og dele det med andre. Med mange \u00e5rs erfaring i at skrive om rejser og finde de bedste tilbud, har jeg bygget Maldives Paradise som en platform til at inspirere og vejlede medrejsende til at g\u00f8re deres dr\u00f8mmerejser til Maldiverne til virkelighed.<\/p>\n<p><strong>Hvorfor Maldiverne?<\/strong><\/p>\n<p>Ud af alle destinationer i verden er Maldiverne en af mine yndlingsdestinationer. Med sine uber\u00f8rte hvide sandstrande, krystalklare vand, pulserende havliv og luksuri\u00f8se resorts er Maldiverne indbegrebet af paradis. Uanset om du leder efter en villaflugt over vandet, en eventyrlig dykkertur eller blot et roligt tilflugtssted ved havet, tilbyder Maldiverne noget for enhver rejsende.<\/p>\n<p><strong>Hvad du finder p\u00e5 Maldives Paradise<\/strong><\/p>\n<p>Jeg har kurateret Maldives Paradise til at v\u00e6re mere end blot en rejsehjemmeside \u2013 det er en ressource for:<br \/>\u2714 Ekspertrejseguider om Maldivernes bedste resorts, \u00f8er og aktiviteter.<br \/>\u2714 Insider-rejsetips, der g\u00f8r din rejse uforglemmelig.<br \/>\u2714 H\u00e5ndplukkede rejsetilbud, der hj\u00e6lper dig med at f\u00e5 den bedste v\u00e6rdi for din dr\u00f8mmeferie.<\/p>\n<p>Min mission er at dele information om rejser og hj\u00e6lpe andre med at opleve Maldiverne, n\u00e5r det er bedst. Uanset om du planl\u00e6gger din f\u00f8rste tur eller vender tilbage for endnu et \u00f8-eventyr, er Maldives Paradise her for at hj\u00e6lpe dig hele vejen.<\/p>\n<p>Mange af linkene p\u00e5 hjemmesiden er affilierede links. Det betyder, at jeg kan modtage en lille provision, hvis du bruger dem til at booke et resort eller et hotel. Det er ingen ekstra omkostninger for dig \u2013 du st\u00f8tter blot min hjemmeside og g\u00f8r det muligt for mig at forts\u00e6tte med at levere rejseinformation som denne gratis.<\/p>\n<p>Du er velkommen til at kontakte mig p\u00e5: info (at) luxuryhoteldeals.travel<br \/>Adresse:<br \/>Bj\u00f6rn Ingbrant<br \/>Urb. Manilva Beach, Fase 2, 7, 29692 Manilva, Malaga, Spanien<\/p>\n<p><a href=\"https:\/\/maldives-paradise.com\/da\/ting-du-skal-overveje-inden-du-rejser-til-maldiverne\/\">Ting at overveje, inden du tager til Maldiverne<\/a><\/p>\n<p><a href=\"https:\/\/maldives-paradise.com\/da\/kategori\/saerlige-tilbud\/\">S\u00e6rlige tilbud og rabatter p\u00e5 de bedste hoteller og resorts p\u00e5 Maldiverne<\/a><\/p>\n\n\n<p><\/p>","protected":false},"excerpt":{"rendered":"<div class=\"mh-excerpt\">Welcome to Maldives Paradise, a guide to discovering the breathtaking beauty of the Maldives. This website is created by Bj\u00f6rn Ingbrant. I am passionate traveler, writer, and deal-hunter dedicated to bringing you the best travel <a class=\"mh-excerpt-more\" href=\"http:\/\/maldives-paradise.com\/da\/om-os\/\" title=\"About\">[&#8230;]<\/a><\/div>\n","protected":false},"author":1,"featured_media":27939,"parent":0,"menu_order":0,"comment_status":"closed","ping_status":"closed","template":"","meta":{"footnotes":""},"class_list":["post-3413","page","type-page","status-publish","has-post-thumbnail"],"aioseo_notices":[],"_links":{"self":[{"href":"http:\/\/maldives-paradise.com\/da\/wp-json\/wp\/v2\/pages\/3413","targetHints":{"allow":["GET"]}}],"collection":[{"href":"http:\/\/maldives-paradise.com\/da\/wp-json\/wp\/v2\/pages"}],"about":[{"href":"http:\/\/maldives-paradise.com\/da\/wp-json\/wp\/v2\/types\/page"}],"author":[{"embeddable":true,"href":"http:\/\/maldives-paradise.com\/da\/wp-json\/wp\/v2\/users\/1"}],"replies":[{"embeddable":true,"href":"http:\/\/maldives-paradise.com\/da\/wp-json\/wp\/v2\/comments?post=3413"}],"version-history":[{"count":4,"href":"http:\/\/maldives-paradise.com\/da\/wp-json\/wp\/v2\/pages\/3413\/revisions"}],"predecessor-version":[{"id":44720,"href":"http:\/\/maldives-paradise.com\/da\/wp-json\/wp\/v2\/pages\/3413\/revisions\/44720"}],"wp:featuredmedia":[{"embeddable":true,"href":"http:\/\/maldives-paradise.com\/da\/wp-json\/wp\/v2\/media\/27939"}],"wp:attachment":[{"href":"http:\/\/maldives-paradise.com\/da\/wp-json\/wp\/v2\/media?parent=3413"}],"curies":[{"name":"wp","href":"https:\/\/api.w.org\/{rel}","templated":true}]}}