{"id":18990,"date":"2024-07-13T09:07:40","date_gmt":"2024-07-13T09:07:40","guid":{"rendered":"http:\/\/maldives-paradise.com\/?page_id=18990"},"modified":"2024-07-26T15:01:05","modified_gmt":"2024-07-26T15:01:05","slug":"ifuru-island-resort-maldiverne","status":"publish","type":"page","link":"http:\/\/maldives-paradise.com\/da\/ifuru-island-resort-maldiverne\/","title":{"rendered":"Ifuru Island Resort Maldiverne"},"content":{"rendered":"<div class=\"wpb-content-wrapper\"><div class=\"vc_row wpb_row vc_row-fluid\"><div class=\"wpb_column vc_column_container vc_col-sm-12\"><div class=\"vc_column-inner\"><div class=\"wpb_wrapper\">\n\t<div class=\"wpb_video_widget wpb_content_element vc_clearfix   vc_video-aspect-ratio-169 vc_video-el-width-100 vc_video-align-left\" >\n\t\t<div class=\"wpb_wrapper\">\n\t\t\t\n\t\t\t<div class=\"wpb_video_wrapper\"><iframe loading=\"lazy\" title=\"Ifuru, din Maldivernes overraskelse!\" width=\"500\" height=\"281\" src=\"https:\/\/www.youtube.com\/embed\/ptWfoqcBXqY?feature=oembed\" frameborder=\"0\" allow=\"accelerometer; autoplay; clipboard-write; encrypted-media; gyroscope; picture-in-picture; web-share\" referrerpolicy=\"strict-origin-when-cross-origin\" allowfullscreen><\/iframe><\/div>\n\t\t<\/div>\n\t<\/div>\n<\/div><\/div><\/div><\/div><div class=\"vc_row wpb_row vc_row-fluid\"><div class=\"wpb_column vc_column_container vc_col-sm-12\"><div class=\"vc_column-inner\"><div class=\"wpb_wrapper\">\n\t<div class=\"wpb_text_column wpb_content_element\" >\n\t\t<div class=\"wpb_wrapper\">\n\t\t\t<h4>Oplev de bedste funktioner ved Ifuru Island Resort Maldives: A Luxury All-Inclusive Paradise<\/h4>\n<p>Beliggende i den maleriske Raa Atoll, er Ifuru Island Resort Maldives en f\u00f8rende luksusdestination, der lover en uforglemmelig tropisk flugt. Dette resort blander moderne overd\u00e5dighed med Maldivernes naturlige sk\u00f8nhed og tilbyder g\u00e6sterne en ekstraordin\u00e6r oplevelse. Lad os udforske de bedste funktioner, der g\u00f8r Ifuru Island Resort Maldives til et fremragende valg for kr\u00e6sne rejsende.<\/p>\n<p><strong>1. Luksuri\u00f8s indkvartering<\/strong><\/p>\n<p>Ifuru Island Resort Maldives kan prale af en r\u00e6kke luksuri\u00f8se indkvarteringer designet til at im\u00f8dekomme g\u00e6sternes forskellige behov. Resortet byder p\u00e5 overvandsvillaer og bungalows ved stranden, som hver byder p\u00e5 en betagende udsigt over Det Indiske Ocean. Overvandsvillaerne giver direkte adgang til den turkise lagune, mens bungalowerne ved stranden er beliggende midt i frodige tropiske haver. Hver villa er udstyret med moderne bekvemmeligheder, private pools og rummelige opholdsomr\u00e5der, hvilket sikrer et behageligt og overb\u00e6rende ophold.<\/p>\n<p><strong>2. Gourmet madoplevelser<\/strong><\/p>\n<p>Kulinariske l\u00e6kkerier venter g\u00e6sterne kl <a href=\"https:\/\/lamp.glopss.com\/aff_c?offer_id=1532&amp;aff_id=1834\" target=\"_blank\" rel=\"nofollow noopener\"><strong>Ifuru Island Resort Maldiverne<\/strong><\/a>, med en r\u00e6kke spisemuligheder for at tilfredsstille enhver smag. Resortets hovedrestaurant tilbyder en international buffet med live madlavningsstationer, der viser en r\u00e6kke globale k\u00f8kkener. For en mere intim madoplevelse kan g\u00e6sterne bes\u00f8ge resortets specialitetsrestaurant, som serverer gourmetretter fra Maldiverne og fisk og skaldyr i elegante omgivelser. Derudover byder strandbaren p\u00e5 forfriskende cocktails og lette snacks, perfekt til at nyde en fantastisk udsigt over solnedgangen.<\/p>\n<p><strong>3. Sp\u00e6ndende vandsport og aktiviteter<\/strong><\/p>\n<p>Det krystalklare vand omkring Ifuru Island Resort Maldives er et paradis for vandsportsentusiaster. Resortet tilbyder et v\u00e6ld af aktiviteter, herunder snorkling, dykning, windsurfing og kajaksejlads. G\u00e6ster kan udforske de pulserende koralrev, der vrimler med havliv, eller begive sig ud p\u00e5 en fiskeekspedition for at opleve traditionelle maldiviske fisketeknikker. For dem, der s\u00f8ger afslapning, tilbyder resortet afslappede b\u00e5dsejladser, delfinsafariture og \u00f8-hop-udflugter.<\/p>\n<p><strong>4. Foryngende Wellness og Spa<\/strong><\/p>\n<p>Ifuru Island Resort Maldives er dedikeret til at fremme wellness og afslapning gennem dets topmoderne spa-faciliteter. Resortets spa byder p\u00e5 en r\u00e6kke behandlinger, herunder traditionel maldivisk massage, aromaterapi og sk\u00f8nhedsbehandlinger. Spaens fredfyldte omgivelser, kombineret med dygtige terapeuter og f\u00f8rsteklasses produkter, sikrer en foryngende oplevelse. Derudover tilbyder resortet yoga- og meditationssessioner, s\u00e5 g\u00e6sterne kan slappe af og forbinde sig med deres indre.<\/p>\n<p><strong>5. Familievenlige faciliteter<\/strong><\/p>\n<p>Ifuru Island Resort Maldives er en ideel destination for familier, der tilbyder en r\u00e6kke faciliteter og aktiviteter for g\u00e6ster i alle aldre. Resortets b\u00f8rneklub tilbyder et sikkert og engagerende milj\u00f8 for b\u00f8rn med aktiviteter s\u00e5som kunst og kunsth\u00e5ndv\u00e6rk, spil og uddannelsesprogrammer. Teenagere kan nyde resortets sportsfaciliteter, herunder beachvolley, tennisbaner og et spillerum. Resortet tilbyder ogs\u00e5 familievenlige udflugter og aktiviteter, der sikrer, at alle f\u00e5r et mindev\u00e6rdigt og behageligt ophold.<\/p>\n<p><strong>6. Forpligtelse til b\u00e6redygtighed<\/strong><\/p>\n<p>Ifuru Island Resort Maldives er forpligtet til at bevare Maldivernes naturlige sk\u00f8nhed gennem b\u00e6redygtig praksis og milj\u00f8venlige initiativer. Resortet implementerer energieffektive teknologier, programmer for affaldsreduktion og havbevarelse. G\u00e6ster opfordres til at deltage i disse initiativer, der fremmer en f\u00f8lelse af milj\u00f8ansvar og forbindelse til \u00f8ens uber\u00f8rte \u00f8kosystem.<\/p>\n<p><strong>Konklusion<\/strong><\/p>\n<p>Ifuru Island Resort Maldives tilbyder en uovertruffen luksusresortoplevelse, der blander betagende natursk\u00f8nhed med f\u00f8rsteklasses faciliteter og enest\u00e5ende service. Uanset om du leder efter eventyr, afslapning eller familiehygge, har dette resort noget for enhver smag. Book dit ophold p\u00e5 Ifuru Island Resort Maldives og fordyb dig i det ultimative tropiske paradis.<\/p>\n\n\t\t<\/div>\n\t<\/div>\n<\/div><\/div><\/div><\/div><div class=\"vc_row wpb_row vc_row-fluid\"><div class=\"wpb_column vc_column_container vc_col-sm-12\"><div class=\"vc_column-inner\"><div class=\"wpb_wrapper\"><div class=\"vc_btn3-container vc_btn3-inline vc_do_btn\" ><a class=\"vc_general vc_btn3 vc_btn3-size-lg vc_btn3-shape-rounded vc_btn3-style-modern vc_btn3-color-danger\" href=\"https:\/\/lamp.glopss.com\/aff_c?offer_id=1532&#038;aff_id=1834\" title=\"\" target=\"_blank\">Tjek tilg\u00e6ngelighed og bestil med den bedste pris her &gt;&gt;<\/a><\/div><\/div><\/div><\/div><\/div><div class=\"vc_row wpb_row vc_row-fluid\"><div class=\"wpb_column vc_column_container vc_col-sm-12\"><div class=\"vc_column-inner\"><div class=\"wpb_wrapper\">\n<div class=\"vc_grid-container-wrapper vc_clearfix vc_grid-animation-fadeIn\">\n\t<div class=\"vc_grid-container vc_clearfix wpb_content_element vc_basic_grid\" data-initial-loading-animation=\"fadeIn\" data-vc-grid-settings=\"{&quot;page_id&quot;:18990,&quot;style&quot;:&quot;all&quot;,&quot;action&quot;:&quot;vc_get_vc_grid_data&quot;,&quot;shortcode_id&quot;:&quot;1722006007735-dd167d48-5d75-8&quot;,&quot;tag&quot;:&quot;vc_basic_grid&quot;}\" data-vc-request=\"https:\/\/maldives-paradise.com\/wp-admin\/admin-ajax.php\" data-vc-post-id=\"18990\" data-vc-public-nonce=\"763e93e344\">\n\t\t\n\t<\/div>\n<\/div><\/div><\/div><\/div><\/div>\n<\/div>","protected":false},"excerpt":{"rendered":"<div class=\"mh-excerpt\"><\/div>","protected":false},"author":1,"featured_media":18991,"parent":0,"menu_order":0,"comment_status":"closed","ping_status":"closed","template":"","meta":{"footnotes":""},"class_list":["post-18990","page","type-page","status-publish","has-post-thumbnail"],"aioseo_notices":[],"_links":{"self":[{"href":"http:\/\/maldives-paradise.com\/da\/wp-json\/wp\/v2\/pages\/18990","targetHints":{"allow":["GET"]}}],"collection":[{"href":"http:\/\/maldives-paradise.com\/da\/wp-json\/wp\/v2\/pages"}],"about":[{"href":"http:\/\/maldives-paradise.com\/da\/wp-json\/wp\/v2\/types\/page"}],"author":[{"embeddable":true,"href":"http:\/\/maldives-paradise.com\/da\/wp-json\/wp\/v2\/users\/1"}],"replies":[{"embeddable":true,"href":"http:\/\/maldives-paradise.com\/da\/wp-json\/wp\/v2\/comments?post=18990"}],"version-history":[{"count":2,"href":"http:\/\/maldives-paradise.com\/da\/wp-json\/wp\/v2\/pages\/18990\/revisions"}],"predecessor-version":[{"id":20082,"href":"http:\/\/maldives-paradise.com\/da\/wp-json\/wp\/v2\/pages\/18990\/revisions\/20082"}],"wp:featuredmedia":[{"embeddable":true,"href":"http:\/\/maldives-paradise.com\/da\/wp-json\/wp\/v2\/media\/18991"}],"wp:attachment":[{"href":"http:\/\/maldives-paradise.com\/da\/wp-json\/wp\/v2\/media?parent=18990"}],"curies":[{"name":"wp","href":"https:\/\/api.w.org\/{rel}","templated":true}]}}