{"id":17100,"date":"2024-06-10T17:37:57","date_gmt":"2024-06-10T17:37:57","guid":{"rendered":"http:\/\/maldives-paradise.com\/?page_id=17100"},"modified":"2025-09-18T15:49:23","modified_gmt":"2025-09-18T15:49:23","slug":"5-stjernede-hoteller-resorts-i-maldiverne-8","status":"publish","type":"page","link":"http:\/\/maldives-paradise.com\/da\/5-stjernede-hoteller-resorts-i-maldiverne-8\/","title":{"rendered":"5-stjernede hoteller og feriesteder i Maldiverne 8"},"content":{"rendered":"<div class=\"wpb-content-wrapper\"><div class=\"vc_row wpb_row vc_row-fluid\"><div class=\"wpb_column vc_column_container vc_col-sm-12\"><div class=\"vc_column-inner\"><div class=\"wpb_wrapper\">\n\t<div class=\"wpb_text_column wpb_content_element\" >\n\t\t<div class=\"wpb_wrapper\">\n\t\t\t<p><strong>Et udvalg af de bedste 5-stjernede hoteller og resorts p\u00e5 Maldiverne<\/strong><\/p>\n<p>Maldiverne er kendt for sine <strong data-start=\"82\" data-end=\"121\">luksuri\u00f8se 5-stjernede hoteller og resorts<\/strong>, tilbyder enest\u00e5ende <strong data-start=\"145\" data-end=\"191\">elegance, privatliv og service i verdensklasse<\/strong>. Med <strong data-start=\"450\" data-end=\"522\">fantastisk havudsigt, hvide sandstrande og krystalklare laguner<\/strong>, <strong data-start=\"524\" data-end=\"558\">5-stjernede feriesteder p\u00e5 Maldiverne<\/strong> omdefiner tropisk luksus, hvilket g\u00f8r dem til den perfekte destination for <strong data-start=\"625\" data-end=\"677\">bryllupsrejser, familier og kr\u00e6sne rejsende<\/strong> p\u00e5 udkig efter en uforglemmelig ferie.<\/p>\n\n\t\t<\/div>\n\t<\/div>\n<\/div><\/div><\/div><\/div><div class=\"vc_row wpb_row vc_row-fluid\"><div class=\"wpb_column vc_column_container vc_col-sm-3\"><div class=\"vc_column-inner\"><div class=\"wpb_wrapper\">\n\t<div  class=\"wpb_single_image wpb_content_element vc_align_left wpb_content_element\">\n\t\t\n\t\t<figure class=\"wpb_wrapper vc_figure\">\n\t\t\t<a href=\"http:\/\/maldives-paradise.com\/da\/amaya-resort-kuda-rah\/\" target=\"_self\" class=\"vc_single_image-wrapper   vc_box_border_grey\"><img loading=\"lazy\" decoding=\"async\" width=\"150\" height=\"150\" src=\"https:\/\/maldives-paradise.com\/wp-content\/uploads\/2024\/06\/Amaya-Resort-Kuda-Rah-150x150.jpg\" class=\"vc_single_image-img attachment-thumbnail\" alt=\"Amaya Resort Kuda Rah\" title=\"Amaya Resort Kuda Rah\" \/><\/a>\n\t\t<\/figure>\n\t<\/div>\n<\/div><\/div><\/div><div class=\"wpb_column vc_column_container vc_col-sm-9\"><div class=\"vc_column-inner\"><div class=\"wpb_wrapper\">\n\t<div class=\"wpb_text_column wpb_content_element\" >\n\t\t<div class=\"wpb_wrapper\">\n\t\t\t<h4><a href=\"http:\/\/maldives-paradise.com\/da\/amaya-resort-kuda-rah\/\">Amaya Resort Kuda Rah<\/a><\/h4>\n<p>Amaya Resort Kuda Rah ligger i den sydlige Ari-atol og tilbyder en idyllisk flugt i hjertet af Maldiverne. Dette femstjernede resort kombinerer naturlig sk\u00f8nhed med moderne luksus og giver et perfekt tilflugtssted for dem, der s\u00f8ger afslapning, eventyr og uovertruffen service. Her er de bedste funktioner, der g\u00f8r Amaya Resort Kuda Rah til en i\u00f8jnefaldende destination p\u00e5 Maldiverne.<\/p>\n\n\t\t<\/div>\n\t<\/div>\n<\/div><\/div><\/div><\/div><div class=\"vc_row wpb_row vc_row-fluid\"><div class=\"wpb_column vc_column_container vc_col-sm-3\"><div class=\"vc_column-inner\"><div class=\"wpb_wrapper\">\n\t<div  class=\"wpb_single_image wpb_content_element vc_align_left wpb_content_element\">\n\t\t\n\t\t<figure class=\"wpb_wrapper vc_figure\">\n\t\t\t<a href=\"http:\/\/maldives-paradise.com\/da\/amilla-maldiverne-resort-og-boliger\/\" target=\"_self\" class=\"vc_single_image-wrapper   vc_box_border_grey\"><img loading=\"lazy\" decoding=\"async\" width=\"150\" height=\"150\" src=\"https:\/\/maldives-paradise.com\/wp-content\/uploads\/2024\/03\/Amilla-Maldives-Overwater-Pool-Villa-Destination-Deluxe-150x150.jpg\" class=\"vc_single_image-img attachment-thumbnail\" alt=\"Amilla Maldives Resort &amp; Residences\" title=\"Amilla-Maldiverne-Overwater-Pool-Villa-Destination-Deluxe.jpg\" \/><\/a>\n\t\t<\/figure>\n\t<\/div>\n<\/div><\/div><\/div><div class=\"wpb_column vc_column_container vc_col-sm-9\"><div class=\"vc_column-inner\"><div class=\"wpb_wrapper\">\n\t<div class=\"wpb_text_column wpb_content_element\" >\n\t\t<div class=\"wpb_wrapper\">\n\t\t\t<h4><a href=\"http:\/\/maldives-paradise.com\/da\/amilla-maldiverne-resort-og-boliger\/\">Amilla Maldiverne<\/a><\/h4>\n<p>Amilla Maldives skiller sig ud som et fyrt\u00e5rn for luksus og ro p\u00e5 Maldiverne. Beliggende i hjertet af UNESCOs verdensbiosf\u00e6rereservat Baa Atoll, tilbyder dette resort en uds\u00f8gt blanding af naturlig sk\u00f8nhed og moderne komfort, hvilket g\u00f8r det til en f\u00f8rsteklasses destination for rejsende, der s\u00f8ger en uovertruffen oplevelse. Her er de vigtigste funktioner, der g\u00f8r Amilla Maldives til et must-visit luksuri\u00f8st tilflugtssted.<\/p>\n\n\t\t<\/div>\n\t<\/div>\n<\/div><\/div><\/div><\/div><div class=\"vc_row wpb_row vc_row-fluid\"><div class=\"wpb_column vc_column_container vc_col-sm-3\"><div class=\"vc_column-inner\"><div class=\"wpb_wrapper\">\n\t<div  class=\"wpb_single_image wpb_content_element vc_align_left wpb_content_element\">\n\t\t\n\t\t<figure class=\"wpb_wrapper vc_figure\">\n\t\t\t<a href=\"http:\/\/maldives-paradise.com\/da\/hideaway-beach-resort-spa\/\" target=\"_self\" class=\"vc_single_image-wrapper   vc_box_border_grey\"><img loading=\"lazy\" decoding=\"async\" width=\"150\" height=\"150\" src=\"https:\/\/maldives-paradise.com\/wp-content\/uploads\/2024\/06\/hideaway-beach-resort-spa-1-150x150.jpg\" class=\"vc_single_image-img attachment-thumbnail\" alt=\"Hideaway Beach Resort &amp; Spa\" title=\"gemmested strandresort og spa\" \/><\/a>\n\t\t<\/figure>\n\t<\/div>\n<\/div><\/div><\/div><div class=\"wpb_column vc_column_container vc_col-sm-9\"><div class=\"vc_column-inner\"><div class=\"wpb_wrapper\">\n\t<div class=\"wpb_text_column wpb_content_element\" >\n\t\t<div class=\"wpb_wrapper\">\n\t\t\t<h4><a href=\"http:\/\/maldives-paradise.com\/da\/hideaway-beach-resort-spa\/\">Hideaway Beach Resort &amp; Spa, Maldiverne<\/a><\/h4>\n<p>Maldiverne, der er kendt for sin fantastiske naturlige sk\u00f8nhed og luksuri\u00f8se indkvartering, er hjemsted for mange feriesteder i verdensklasse. Blandt disse skiller Hideaway Beach Resort &amp; Spa sig ud som et paragon af ekstravagance og fredfyldt ro. Beliggende p\u00e5 den halvm\u00e5neformede \u00f8 Dhonakulhi tilbyder dette eksklusive feriested et fristed for rejsende, der s\u00f8ger b\u00e5de eventyr og afslapning. Her er de bedste funktioner, der g\u00f8r Hideaway Beach Resort &amp; Spa til en f\u00f8rende destination p\u00e5 Maldiverne.<\/p>\n\n\t\t<\/div>\n\t<\/div>\n<\/div><\/div><\/div><\/div><div class=\"vc_row wpb_row vc_row-fluid\"><div class=\"wpb_column vc_column_container vc_col-sm-3\"><div class=\"vc_column-inner\"><div class=\"wpb_wrapper\">\n\t<div  class=\"wpb_single_image wpb_content_element vc_align_left wpb_content_element\">\n\t\t\n\t\t<figure class=\"wpb_wrapper vc_figure\">\n\t\t\t<a href=\"http:\/\/maldives-paradise.com\/da\/jawakara-oerne-maldiverne\/\" target=\"_self\" class=\"vc_single_image-wrapper   vc_box_border_grey\"><img loading=\"lazy\" decoding=\"async\" width=\"150\" height=\"150\" src=\"https:\/\/maldives-paradise.com\/wp-content\/uploads\/2024\/06\/jawakara-150x150.jpg\" class=\"vc_single_image-img attachment-thumbnail\" alt=\"Jawakara Islands Maldiverne\" title=\"jawakara\" \/><\/a>\n\t\t<\/figure>\n\t<\/div>\n<\/div><\/div><\/div><div class=\"wpb_column vc_column_container vc_col-sm-9\"><div class=\"vc_column-inner\"><div class=\"wpb_wrapper\">\n\t<div class=\"wpb_text_column wpb_content_element\" >\n\t\t<div class=\"wpb_wrapper\">\n\t\t\t<h4><a href=\"http:\/\/maldives-paradise.com\/da\/jawakara-oerne-maldiverne\/\">Jawakara Islands Maldiverne<\/a><\/h4>\n<p>Beliggende i hjertet af den uber\u00f8rte Raa Atoll, er Jawakara Islands Maldives et luksusresort, der lover en uforglemmelig oplevelse af overd\u00e5dighed og naturlig sk\u00f8nhed. Dette resort er kendt for sin overd\u00e5dige indkvartering, enest\u00e5ende spisemuligheder og et v\u00e6ld af aktiviteter designet til at im\u00f8dekomme enhver g\u00e6sts \u00f8nsker. Her er de bedste funktioner, der g\u00f8r Jawakara Islands Maldives til en f\u00f8rende destination for kr\u00e6sne rejsende.<\/p>\n\n\t\t<\/div>\n\t<\/div>\n<\/div><\/div><\/div><\/div><div class=\"vc_row wpb_row vc_row-fluid\"><div class=\"wpb_column vc_column_container vc_col-sm-3\"><div class=\"vc_column-inner\"><div class=\"wpb_wrapper\">\n\t<div  class=\"wpb_single_image wpb_content_element vc_align_left wpb_content_element\">\n\t\t\n\t\t<figure class=\"wpb_wrapper vc_figure\">\n\t\t\t<a href=\"http:\/\/maldives-paradise.com\/da\/kihaa-maldiverne\/\" target=\"_self\" class=\"vc_single_image-wrapper   vc_box_border_grey\"><img loading=\"lazy\" decoding=\"async\" width=\"150\" height=\"150\" src=\"https:\/\/maldives-paradise.com\/wp-content\/uploads\/2024\/06\/kihaa-maldives-resort-150x150.jpg\" class=\"vc_single_image-img attachment-thumbnail\" alt=\"Kihaa Maldiverne\" title=\"kihaa-maldiverne-resort\" \/><\/a>\n\t\t<\/figure>\n\t<\/div>\n<\/div><\/div><\/div><div class=\"wpb_column vc_column_container vc_col-sm-9\"><div class=\"vc_column-inner\"><div class=\"wpb_wrapper\">\n\t<div class=\"wpb_text_column wpb_content_element\" >\n\t\t<div class=\"wpb_wrapper\">\n\t\t\t<h4><a href=\"http:\/\/maldives-paradise.com\/da\/kihaa-maldiverne\/\">Kihaa Maldiverne<\/a><\/h4>\n<p>Kihaa Maldives tilbyder en luksusoplevelse uden sidestykke, der lover et idyllisk tilflugtssted omgivet af Det Indiske Oceans betagende sk\u00f8nhed. Dette femstjernede resort, beliggende i Baa Atoll, et UNESCO-biosf\u00e6rereservat, kombinerer naturlig pragt med f\u00f8rsteklasses faciliteter, hvilket g\u00f8r det til et must-bes\u00f8g-destination for kr\u00e6sne rejsende, der s\u00f8ger en perfekt blanding af afslapning og eventyr. Her er de bedste funktioner, der adskiller Kihaa Maldives som et f\u00f8rsteklasses luksusresort.<\/p>\n\n\t\t<\/div>\n\t<\/div>\n<\/div><\/div><\/div><\/div><div class=\"vc_row wpb_row vc_row-fluid\"><div class=\"wpb_column vc_column_container vc_col-sm-3\"><div class=\"vc_column-inner\"><div class=\"wpb_wrapper\">\n\t<div  class=\"wpb_single_image wpb_content_element vc_align_left wpb_content_element\">\n\t\t\n\t\t<figure class=\"wpb_wrapper vc_figure\">\n\t\t\t<a href=\"http:\/\/maldives-paradise.com\/da\/noku-maldiverne\/\" target=\"_self\" class=\"vc_single_image-wrapper   vc_box_border_grey\"><img loading=\"lazy\" decoding=\"async\" width=\"150\" height=\"150\" src=\"https:\/\/maldives-paradise.com\/wp-content\/uploads\/2024\/06\/Noku-Maldives-150x150.jpg\" class=\"vc_single_image-img attachment-thumbnail\" alt=\"Noku Maldiverne\" title=\"Noku Maldiverne\" \/><\/a>\n\t\t<\/figure>\n\t<\/div>\n<\/div><\/div><\/div><div class=\"wpb_column vc_column_container vc_col-sm-9\"><div class=\"vc_column-inner\"><div class=\"wpb_wrapper\">\n\t<div class=\"wpb_text_column wpb_content_element\" >\n\t\t<div class=\"wpb_wrapper\">\n\t\t\t<h4><a href=\"http:\/\/maldives-paradise.com\/da\/noku-maldiverne\/\">Noku Maldives Resort<\/a><\/h4>\n<p>Beliggende i Noonu-atollens uber\u00f8rte vand er Noku Maldives Resort en oase af ro og luksus. Dette eksklusive resort tilbyder en perfekt blanding af naturlig sk\u00f8nhed, moderne bekvemmeligheder og enest\u00e5ende service, hvilket g\u00f8r det til en ideel destination for rejsende, der s\u00f8ger en fredfyldt og overb\u00e6rende flugt. Her er de bedste funktioner, der g\u00f8r Noku Maldives Resort til en i\u00f8jnefaldende luksusdestination p\u00e5 Maldiverne.<\/p>\n\n\t\t<\/div>\n\t<\/div>\n<\/div><\/div><\/div><\/div><div class=\"vc_row wpb_row vc_row-fluid\"><div class=\"wpb_column vc_column_container vc_col-sm-3\"><div class=\"vc_column-inner\"><div class=\"wpb_wrapper\">\n\t<div  class=\"wpb_single_image wpb_content_element vc_align_left wpb_content_element\">\n\t\t\n\t\t<figure class=\"wpb_wrapper vc_figure\">\n\t\t\t<a href=\"http:\/\/maldives-paradise.com\/da\/residensen-maldiverne-falhumaafushi\/\" target=\"_self\" class=\"vc_single_image-wrapper   vc_box_border_grey\"><img loading=\"lazy\" decoding=\"async\" width=\"150\" height=\"150\" src=\"https:\/\/maldives-paradise.com\/wp-content\/uploads\/2024\/06\/The-Residence-Maldives-Falhumaafushi-1-150x150.jpg\" class=\"vc_single_image-img attachment-thumbnail\" alt=\"Residence Maldives Falhumaafushi\" title=\"Residence Maldives Falhumaafushi\" \/><\/a>\n\t\t<\/figure>\n\t<\/div>\n<\/div><\/div><\/div><div class=\"wpb_column vc_column_container vc_col-sm-9\"><div class=\"vc_column-inner\"><div class=\"wpb_wrapper\">\n\t<div class=\"wpb_text_column wpb_content_element\" >\n\t\t<div class=\"wpb_wrapper\">\n\t\t\t<h4><a href=\"http:\/\/maldives-paradise.com\/da\/residensen-maldiverne-falhumaafushi\/\">Residence Maldives Falhumaafushi<\/a><\/h4>\n<p>Residence Maldives Falhumaafushi, beliggende p\u00e5 den uber\u00f8rte \u00f8 Falhumaafushi i Gaafu Alifu Atoll, tilbyder en uds\u00f8gt blanding af luksus, komfort og naturlig sk\u00f8nhed. Dette femstjernede resort er kendt for sin enest\u00e5ende service, fantastiske indkvartering og forskellige rekreative aktiviteter, hvilket g\u00f8r det til en ideel destination for rejsende, der s\u00f8ger en uforglemmelig ferie i Maldiverne. Her er de bedste funktioner, der adskiller The Residence Maldives Falhumaafushi.<\/p>\n\n\t\t<\/div>\n\t<\/div>\n<\/div><\/div><\/div><\/div><div class=\"vc_row wpb_row vc_row-fluid\"><div class=\"wpb_column vc_column_container vc_col-sm-3\"><div class=\"vc_column-inner\"><div class=\"wpb_wrapper\">\n\t<div  class=\"wpb_single_image wpb_content_element vc_align_left wpb_content_element\">\n\t\t\n\t\t<figure class=\"wpb_wrapper vc_figure\">\n\t\t\t<div class=\"vc_single_image-wrapper   vc_box_border_grey\"><img loading=\"lazy\" decoding=\"async\" width=\"150\" height=\"150\" src=\"https:\/\/maldives-paradise.com\/wp-content\/uploads\/2024\/07\/le-meridien-150x150.jpg\" class=\"vc_single_image-img attachment-thumbnail\" alt=\"Le M\u00e9ridien Maldives Resort\" title=\"le-meridien\" \/><\/div>\n\t\t<\/figure>\n\t<\/div>\n<\/div><\/div><\/div><div class=\"wpb_column vc_column_container vc_col-sm-9\"><div class=\"vc_column-inner\"><div class=\"wpb_wrapper\">\n\t<div class=\"wpb_text_column wpb_content_element\" >\n\t\t<div class=\"wpb_wrapper\">\n\t\t\t<h4><a href=\"http:\/\/maldives-paradise.com\/da\/le-meridien-maldiverne-resort\/\">Le M\u00e9ridien Maldives Resort<\/a><\/h4>\n<p>Le M\u00e9ridien Maldives Resort, beliggende p\u00e5 den idylliske \u00f8 Thilamaafushi i Lhaviyani Atoll, tilbyder en enest\u00e5ende flugt ind i en verden af luksus og naturlig sk\u00f8nhed. Dette feriested er indbegrebet af elegance, der blander moderne sofistikering med Maldivernes fantastiske naturlandskaber. Lad os dykke ned i de bedste funktioner, der g\u00f8r Le M\u00e9ridien Maldives Resort til en f\u00f8rende destination for kr\u00e6sne rejsende.<\/p>\n\n\t\t<\/div>\n\t<\/div>\n<\/div><\/div><\/div><\/div><div class=\"vc_row wpb_row vc_row-fluid\"><div class=\"wpb_column vc_column_container vc_col-sm-3\"><div class=\"vc_column-inner\"><div class=\"wpb_wrapper\">\n\t<div  class=\"wpb_single_image wpb_content_element vc_align_left wpb_content_element\">\n\t\t\n\t\t<figure class=\"wpb_wrapper vc_figure\">\n\t\t\t<div class=\"vc_single_image-wrapper   vc_box_border_grey\"><img loading=\"lazy\" decoding=\"async\" width=\"150\" height=\"150\" src=\"https:\/\/maldives-paradise.com\/wp-content\/uploads\/2024\/07\/siyam-world-maldives-150x150.jpg\" class=\"vc_single_image-img attachment-thumbnail\" alt=\"Siyam World Maldiverne\" title=\"siyam-verden-maldiverne\" \/><\/div>\n\t\t<\/figure>\n\t<\/div>\n<\/div><\/div><\/div><div class=\"wpb_column vc_column_container vc_col-sm-9\"><div class=\"vc_column-inner\"><div class=\"wpb_wrapper\">\n\t<div class=\"wpb_text_column wpb_content_element\" >\n\t\t<div class=\"wpb_wrapper\">\n\t\t\t<h4><a href=\"http:\/\/maldives-paradise.com\/da\/siyam-verden-maldiverne\/\">Siyam World Maldiverne<\/a><\/h4>\n<p>Beliggende i hjertet af Det Indiske Ocean st\u00e5r Siyam World Maldives som et fyrt\u00e5rn af overflod og ro. Dette luksusresort, beliggende i Noonu Atoll, tilbyder en unik blanding af naturlig sk\u00f8nhed, moderne bekvemmeligheder og bekvemmeligheder i verdensklasse. Her udforsker vi de bedste funktioner, der g\u00f8r Siyam World Maldives til en f\u00f8rende destination for rejsende, der s\u00f8ger en uforglemmelig \u00f8-flugt.<\/p>\n\n\t\t<\/div>\n\t<\/div>\n<\/div><\/div><\/div><\/div><div class=\"vc_row wpb_row vc_row-fluid\"><div class=\"wpb_column vc_column_container vc_col-sm-3\"><div class=\"vc_column-inner\"><div class=\"wpb_wrapper\">\n\t<div  class=\"wpb_single_image wpb_content_element vc_align_left wpb_content_element\">\n\t\t\n\t\t<figure class=\"wpb_wrapper vc_figure\">\n\t\t\t<div class=\"vc_single_image-wrapper   vc_box_border_grey\"><img loading=\"lazy\" decoding=\"async\" width=\"150\" height=\"150\" src=\"https:\/\/maldives-paradise.com\/wp-content\/uploads\/2024\/07\/ifuru-island-resort-150x150.jpg\" class=\"vc_single_image-img attachment-thumbnail\" alt=\"Ifuru Island Resort Maldiverne\" title=\"ifuru-\u00f8-resort\" \/><\/div>\n\t\t<\/figure>\n\t<\/div>\n<\/div><\/div><\/div><div class=\"wpb_column vc_column_container vc_col-sm-9\"><div class=\"vc_column-inner\"><div class=\"wpb_wrapper\">\n\t<div class=\"wpb_text_column wpb_content_element\" >\n\t\t<div class=\"wpb_wrapper\">\n\t\t\t<h4><a href=\"http:\/\/maldives-paradise.com\/da\/ifuru-island-resort-maldiverne\/\">Ifuru Island Resort Maldiverne<\/a><\/h4>\n<p>Beliggende i den maleriske Raa Atoll, er Ifuru Island Resort Maldives en f\u00f8rende luksusdestination, der lover en uforglemmelig tropisk flugt. Dette resort blander moderne overd\u00e5dighed med Maldivernes naturlige sk\u00f8nhed og tilbyder g\u00e6sterne en ekstraordin\u00e6r oplevelse. Lad os udforske de bedste funktioner, der g\u00f8r Ifuru Island Resort Maldives til et fremragende valg for kr\u00e6sne rejsende.<\/p>\n\n\t\t<\/div>\n\t<\/div>\n<\/div><\/div><\/div><\/div><div class=\"vc_row wpb_row vc_row-fluid\"><div class=\"wpb_column vc_column_container vc_col-sm-3\"><div class=\"vc_column-inner\"><div class=\"wpb_wrapper\">\n\t<div  class=\"wpb_single_image wpb_content_element vc_align_left wpb_content_element\">\n\t\t\n\t\t<figure class=\"wpb_wrapper vc_figure\">\n\t\t\t<a href=\"https:\/\/maldives-paradise.com\/da\/avani-fares-maldiverne-resort\/\" target=\"_self\" class=\"vc_single_image-wrapper   vc_box_border_grey\"><img loading=\"lazy\" decoding=\"async\" width=\"150\" height=\"150\" src=\"https:\/\/maldives-paradise.com\/wp-content\/uploads\/2024\/09\/avani-fares-overwater-villa-150x150.jpg\" class=\"vc_single_image-img attachment-thumbnail\" alt=\"Avani+ Fares Maldives Resort\" title=\"avani-priser-overvand-villa\" \/><\/a>\n\t\t<\/figure>\n\t<\/div>\n<\/div><\/div><\/div><div class=\"wpb_column vc_column_container vc_col-sm-9\"><div class=\"vc_column-inner\"><div class=\"wpb_wrapper\">\n\t<div class=\"wpb_text_column wpb_content_element\" >\n\t\t<div class=\"wpb_wrapper\">\n\t\t\t<h4><a href=\"https:\/\/maldives-paradise.com\/da\/avani-fares-maldiverne-resort\/\">Avani+ Fares Maldives Resort<\/a><\/h4>\n<p>Avani+ Fares Maldives Resort tilbyder en ekstraordin\u00e6r luksusferie omgivet af krystalklart vand, pudderbl\u00f8de strande og frodige gr\u00f8nne omr\u00e5der. Dette eksklusive resort \u00e5bnede i 2023 og kombinerer moderne elegance med maldivisk charme og tilbyder g\u00e6sterne en perfekt blanding af afslapning, eventyr og b\u00e6redygtig livsstil. Her er de bedste funktioner, der f\u00e5r Avani+ Fares Maldives Resort til at skille sig ud som en f\u00f8rende luksusdestination.<\/p>\n\n\t\t<\/div>\n\t<\/div>\n<\/div><\/div><\/div><\/div><div class=\"vc_row wpb_row vc_row-fluid\"><div class=\"wpb_column vc_column_container vc_col-sm-3\"><div class=\"vc_column-inner\"><div class=\"wpb_wrapper\">\n\t<div  class=\"wpb_single_image wpb_content_element vc_align_left wpb_content_element\">\n\t\t\n\t\t<figure class=\"wpb_wrapper vc_figure\">\n\t\t\t<a href=\"https:\/\/maldives-paradise.com\/da\/furaveri-maldives\/\" target=\"_self\" class=\"vc_single_image-wrapper   vc_box_border_grey\"><img loading=\"lazy\" decoding=\"async\" width=\"150\" height=\"150\" src=\"https:\/\/maldives-paradise.com\/wp-content\/uploads\/2024\/09\/furaveri-maldives-150x150.jpg\" class=\"vc_single_image-img attachment-thumbnail\" alt=\"Furaveri Maldiverne\" title=\"furaveri-maldiverne\" \/><\/a>\n\t\t<\/figure>\n\t<\/div>\n<\/div><\/div><\/div><div class=\"wpb_column vc_column_container vc_col-sm-9\"><div class=\"vc_column-inner\"><div class=\"wpb_wrapper\">\n\t<div class=\"wpb_text_column wpb_content_element\" >\n\t\t<div class=\"wpb_wrapper\">\n\t\t\t<h4><a href=\"https:\/\/maldives-paradise.com\/da\/furaveri-maldives\/\">Furaveri Maldiverne<\/a><\/h4>\n<p>Furaveri Maldives Resort ligger i den maleriske Raa Atoll og tilbyder en indbegrebet luksusferie i hjertet af Maldiverne. Omgivet af uber\u00f8rte strande, krystalklart vand og frodige tropiske landskaber, er Furaveri et paradis for rejsende, der s\u00f8ger ro, eventyr og fork\u00e6lelse. Med fokus p\u00e5 maldivisk charme og moderne bekvemmeligheder leverer resortet en uforglemmelig ferieoplevelse. Lad os udforske de bedste funktioner ved Furaveri Maldives Resort, der g\u00f8r det til en dr\u00f8mmedestination for rejsende over hele verden.<\/p>\n\n\t\t<\/div>\n\t<\/div>\n<\/div><\/div><\/div><\/div><div class=\"vc_row wpb_row vc_row-fluid\"><div class=\"wpb_column vc_column_container vc_col-sm-12\"><div class=\"vc_column-inner\"><div class=\"wpb_wrapper\">\n\t<div class=\"wpb_text_column wpb_content_element\" >\n\t\t<div class=\"wpb_wrapper\">\n\t\t\t<h3>5-stjernede hoteller og feriesteder i Maldiverne\u00a0 <a href=\"http:\/\/maldives-paradise.com\/da\/?page_id=4124\">Side 1<\/a> <a href=\"http:\/\/maldives-paradise.com\/da\/?page_id=7968\">Side 2<\/a> \u00a0 <a href=\"http:\/\/maldives-paradise.com\/da\/?page_id=7996\">Side 3<\/a>\u00a0 <a href=\"http:\/\/maldives-paradise.com\/da\/?page_id=8053\">Side 4<\/a>\u00a0 <a href=\"http:\/\/maldives-paradise.com\/da\/?page_id=8128\">Side 5<\/a>\u00a0\u00a0 <a href=\"http:\/\/maldives-paradise.com\/da\/?page_id=8170\">Side 6<\/a><\/h3>\n<h3><a href=\"http:\/\/maldives-paradise.com\/da\/5-stjernede-hoteller-resorts-i-maldiverne-7\/\">Side 7<\/a>\u00a0\u00a0<a href=\"https:\/\/maldives-paradise.com\/da\/5-stjernede-hoteller-resorts-pa-maldiverne-9\/\">Side 9<\/a><\/h3>\n\n\t\t<\/div>\n\t<\/div>\n<\/div><\/div><\/div><\/div>\n<\/div>","protected":false},"excerpt":{"rendered":"<div class=\"mh-excerpt\"><\/div>","protected":false},"author":1,"featured_media":17021,"parent":0,"menu_order":0,"comment_status":"closed","ping_status":"closed","template":"","meta":{"footnotes":""},"class_list":["post-17100","page","type-page","status-publish","has-post-thumbnail"],"aioseo_notices":[],"_links":{"self":[{"href":"http:\/\/maldives-paradise.com\/da\/wp-json\/wp\/v2\/pages\/17100","targetHints":{"allow":["GET"]}}],"collection":[{"href":"http:\/\/maldives-paradise.com\/da\/wp-json\/wp\/v2\/pages"}],"about":[{"href":"http:\/\/maldives-paradise.com\/da\/wp-json\/wp\/v2\/types\/page"}],"author":[{"embeddable":true,"href":"http:\/\/maldives-paradise.com\/da\/wp-json\/wp\/v2\/users\/1"}],"replies":[{"embeddable":true,"href":"http:\/\/maldives-paradise.com\/da\/wp-json\/wp\/v2\/comments?post=17100"}],"version-history":[{"count":6,"href":"http:\/\/maldives-paradise.com\/da\/wp-json\/wp\/v2\/pages\/17100\/revisions"}],"predecessor-version":[{"id":41910,"href":"http:\/\/maldives-paradise.com\/da\/wp-json\/wp\/v2\/pages\/17100\/revisions\/41910"}],"wp:featuredmedia":[{"embeddable":true,"href":"http:\/\/maldives-paradise.com\/da\/wp-json\/wp\/v2\/media\/17021"}],"wp:attachment":[{"href":"http:\/\/maldives-paradise.com\/da\/wp-json\/wp\/v2\/media?parent=17100"}],"curies":[{"name":"wp","href":"https:\/\/api.w.org\/{rel}","templated":true}]}}