{"id":16805,"date":"2024-06-05T18:15:48","date_gmt":"2024-06-05T18:15:48","guid":{"rendered":"http:\/\/maldives-paradise.com\/?page_id=16805"},"modified":"2025-10-08T13:15:38","modified_gmt":"2025-10-08T13:15:38","slug":"bedste-luksusresorts-i-den-nordlige-mandlige-atol","status":"publish","type":"page","link":"http:\/\/maldives-paradise.com\/da\/bedste-luksusresorts-i-den-nordlige-mandlige-atol\/","title":{"rendered":"Bedste luksusferiesteder i North Male Atoll"},"content":{"rendered":"<div class=\"wpb-content-wrapper\"><div class=\"vc_row wpb_row vc_row-fluid\"><div class=\"wpb_column vc_column_container vc_col-sm-12\"><div class=\"vc_column-inner\"><div class=\"wpb_wrapper\">\n\t<div class=\"wpb_text_column wpb_content_element\" >\n\t\t<div class=\"wpb_wrapper\">\n\t\t\t<p>Maldiverne, et tropisk paradis kendt for sit krystalklare vand, pulserende koralrev og fantastiske bungalows over vandet, er hjemsted for nogle af de mest luksuri\u00f8se feriesteder i verden. Blandt dets 26 atoller, <strong>Nordlige mandlige atol<\/strong> skiller sig ud som en f\u00f8rende destination for dem, der s\u00f8ger overd\u00e5dighed og ro. Her udforsker vi de bedste luksusresorts i denne idylliske lokalitet, der hver byder p\u00e5 unikke oplevelser og uovertrufne faciliteter.<\/p>\n\n\t\t<\/div>\n\t<\/div>\n<\/div><\/div><\/div><\/div><div class=\"vc_row wpb_row vc_row-fluid\"><div class=\"wpb_column vc_column_container vc_col-sm-12\"><div class=\"vc_column-inner\"><div class=\"wpb_wrapper\">\n\t<div  class=\"wpb_single_image wpb_content_element vc_align_left wpb_content_element\">\n\t\t<h2 class=\"wpb_heading wpb_singleimage_heading\">One&amp;Only Reethi Rah<\/h2>\n\t\t<figure class=\"wpb_wrapper vc_figure\">\n\t\t\t<div class=\"vc_single_image-wrapper   vc_box_border_grey\"><img loading=\"lazy\" decoding=\"async\" width=\"780\" height=\"438\" src=\"https:\/\/maldives-paradise.com\/wp-content\/uploads\/2024\/06\/oneandonly.jpg\" class=\"vc_single_image-img attachment-large\" alt=\"\" title=\"en og kun\" srcset=\"https:\/\/maldives-paradise.com\/wp-content\/uploads\/2024\/06\/oneandonly.jpg 780w, https:\/\/maldives-paradise.com\/wp-content\/uploads\/2024\/06\/oneandonly-300x168.jpg 300w, https:\/\/maldives-paradise.com\/wp-content\/uploads\/2024\/06\/oneandonly-768x431.jpg 768w, https:\/\/maldives-paradise.com\/wp-content\/uploads\/2024\/06\/oneandonly-18x10.jpg 18w, https:\/\/maldives-paradise.com\/wp-content\/uploads\/2024\/06\/oneandonly-678x381.jpg 678w, https:\/\/maldives-paradise.com\/wp-content\/uploads\/2024\/06\/oneandonly-500x281.jpg 500w\" sizes=\"auto, (max-width: 780px) 100vw, 780px\" \/><\/div>\n\t\t<\/figure>\n\t<\/div>\n<\/div><\/div><\/div><\/div><div class=\"vc_row wpb_row vc_row-fluid\"><div class=\"wpb_column vc_column_container vc_col-sm-12\"><div class=\"vc_column-inner\"><div class=\"wpb_wrapper\">\n\t<div class=\"wpb_text_column wpb_content_element\" >\n\t\t<div class=\"wpb_wrapper\">\n\t\t\t<h4><a href=\"http:\/\/maldives-paradise.com\/da\/en-eneste-reethi-rah-maldiverne\/\">One&amp;Only Reethi Rah<\/a><\/h4>\n<p>One&amp;Only Reethi Rah er indbegrebet af luksus og tilbyder 122 private villaer beliggende p\u00e5 en vidtstrakt \u00f8. Dette feriested er ber\u00f8mt for sine storsl\u00e5ede villaer, hvoraf nogle har private pools og direkte adgang til stranden. Resortets seks restauranter, inklusive den anerkendte Tapasake, giver en mangfoldig kulinarisk oplevelse. Derudover omfatter Reethi Rahs wellness-tilbud personlige spa-behandlinger og yoga-sessioner med udsigt over havet.<\/p>\n\n\t\t<\/div>\n\t<\/div>\n<\/div><\/div><\/div><\/div><div class=\"vc_row wpb_row vc_row-fluid\"><div class=\"wpb_column vc_column_container vc_col-sm-12\"><div class=\"vc_column-inner\"><div class=\"wpb_wrapper\">\n\t<div  class=\"wpb_single_image wpb_content_element vc_align_left wpb_content_element\">\n\t\t<h2 class=\"wpb_heading wpb_singleimage_heading\">Gili Lankanfushi<\/h2>\n\t\t<figure class=\"wpb_wrapper vc_figure\">\n\t\t\t<div class=\"vc_single_image-wrapper   vc_box_border_grey\"><img loading=\"lazy\" decoding=\"async\" width=\"780\" height=\"584\" src=\"https:\/\/maldives-paradise.com\/wp-content\/uploads\/2024\/06\/gili-lankanfushi3.jpg\" class=\"vc_single_image-img attachment-large\" alt=\"Gili Lankanfushi\" title=\"Gili Lankanfushi3\" srcset=\"https:\/\/maldives-paradise.com\/wp-content\/uploads\/2024\/06\/gili-lankanfushi3.jpg 780w, https:\/\/maldives-paradise.com\/wp-content\/uploads\/2024\/06\/gili-lankanfushi3-300x225.jpg 300w, https:\/\/maldives-paradise.com\/wp-content\/uploads\/2024\/06\/gili-lankanfushi3-768x575.jpg 768w, https:\/\/maldives-paradise.com\/wp-content\/uploads\/2024\/06\/gili-lankanfushi3-16x12.jpg 16w, https:\/\/maldives-paradise.com\/wp-content\/uploads\/2024\/06\/gili-lankanfushi3-678x509.jpg 678w, https:\/\/maldives-paradise.com\/wp-content\/uploads\/2024\/06\/gili-lankanfushi3-326x245.jpg 326w, https:\/\/maldives-paradise.com\/wp-content\/uploads\/2024\/06\/gili-lankanfushi3-80x60.jpg 80w, https:\/\/maldives-paradise.com\/wp-content\/uploads\/2024\/06\/gili-lankanfushi3-500x374.jpg 500w\" sizes=\"auto, (max-width: 780px) 100vw, 780px\" \/><\/div>\n\t\t<\/figure>\n\t<\/div>\n<\/div><\/div><\/div><\/div><div class=\"vc_row wpb_row vc_row-fluid\"><div class=\"wpb_column vc_column_container vc_col-sm-12\"><div class=\"vc_column-inner\"><div class=\"wpb_wrapper\">\n\t<div class=\"wpb_text_column wpb_content_element\" >\n\t\t<div class=\"wpb_wrapper\">\n\t\t\t<h4><a href=\"http:\/\/maldives-paradise.com\/da\/gili-lankanfushi-maldiverne\/\">Gili Lankanfushi<\/a><\/h4>\n<p>Gili Lankanfushi er ber\u00f8mt for sin milj\u00f8venlige tilgang og rustikke luksusdesign, og er et feriested med en intim atmosf\u00e6re. Crusoe Residences og Private Reserve tilbyder overvandsliv p\u00e5 sit fineste med direkte adgang til lagunen. Resortet l\u00e6gger v\u00e6gt p\u00e5 b\u00e6redygtighed ved at bruge lokalt fremskaffede materialer og tilbyder \u00f8kologiske spisemuligheder. Dens Meera Spa er et h\u00f8jdepunkt, der tilbyder holistiske behandlinger i fredfyldte omgivelser i North Male Atoll.<\/p>\n\n\t\t<\/div>\n\t<\/div>\n<\/div><\/div><\/div><\/div><div class=\"vc_row wpb_row vc_row-fluid\"><div class=\"wpb_column vc_column_container vc_col-sm-12\"><div class=\"vc_column-inner\"><div class=\"wpb_wrapper\">\n\t<div  class=\"wpb_single_image wpb_content_element vc_align_left wpb_content_element\">\n\t\t<h2 class=\"wpb_heading wpb_singleimage_heading\">Coco Bodu Hithi<\/h2>\n\t\t<figure class=\"wpb_wrapper vc_figure\">\n\t\t\t<div class=\"vc_single_image-wrapper   vc_box_border_grey\"><img loading=\"lazy\" decoding=\"async\" width=\"780\" height=\"393\" src=\"https:\/\/maldives-paradise.com\/wp-content\/uploads\/2024\/06\/coco-bodu-hithi-maldives-resort.jpg\" class=\"vc_single_image-img attachment-large\" alt=\"Coco Bodu Hithi\" title=\"coco-bodu-hithi-maldiverne-resort\" srcset=\"https:\/\/maldives-paradise.com\/wp-content\/uploads\/2024\/06\/coco-bodu-hithi-maldives-resort.jpg 780w, https:\/\/maldives-paradise.com\/wp-content\/uploads\/2024\/06\/coco-bodu-hithi-maldives-resort-300x151.jpg 300w, https:\/\/maldives-paradise.com\/wp-content\/uploads\/2024\/06\/coco-bodu-hithi-maldives-resort-768x387.jpg 768w, https:\/\/maldives-paradise.com\/wp-content\/uploads\/2024\/06\/coco-bodu-hithi-maldives-resort-18x9.jpg 18w, https:\/\/maldives-paradise.com\/wp-content\/uploads\/2024\/06\/coco-bodu-hithi-maldives-resort-500x252.jpg 500w\" sizes=\"auto, (max-width: 780px) 100vw, 780px\" \/><\/div>\n\t\t<\/figure>\n\t<\/div>\n<\/div><\/div><\/div><\/div><div class=\"vc_row wpb_row vc_row-fluid\"><div class=\"wpb_column vc_column_container vc_col-sm-12\"><div class=\"vc_column-inner\"><div class=\"wpb_wrapper\">\n\t<div class=\"wpb_text_column wpb_content_element\" >\n\t\t<div class=\"wpb_wrapper\">\n\t\t\t<h4><a href=\"http:\/\/maldives-paradise.com\/da\/coco-bodu-hithi\/\">Coco Bodu Hithi<\/a><\/h4>\n<p>Coco Bodu Hithi kombinerer moderne luksus med traditionelle maldiviske pr\u00e6g. Resortet har 100 villaer, herunder Island Villas, som kommer med private pools og haver. Resortets mange spisemuligheder, s\u00e5som overvandsrestauranten Aqua, tilbyder globale retter med et lokalt twist. Coco Spa tilbyder skr\u00e6ddersyede behandlinger, der blander gammel praksis med moderne wellness-teknikker.<\/p>\n\n\t\t<\/div>\n\t<\/div>\n<\/div><\/div><\/div><\/div><div class=\"vc_row wpb_row vc_row-fluid\"><div class=\"wpb_column vc_column_container vc_col-sm-12\"><div class=\"vc_column-inner\"><div class=\"wpb_wrapper\">\n\t<div  class=\"wpb_single_image wpb_content_element vc_align_left wpb_content_element\">\n\t\t<h2 class=\"wpb_heading wpb_singleimage_heading\">Baros Maldiverne<\/h2>\n\t\t<figure class=\"wpb_wrapper vc_figure\">\n\t\t\t<div class=\"vc_single_image-wrapper   vc_box_border_grey\"><img loading=\"lazy\" decoding=\"async\" width=\"1000\" height=\"575\" src=\"https:\/\/maldives-paradise.com\/wp-content\/uploads\/2024\/06\/Baros-Maldives3.jpg\" class=\"vc_single_image-img attachment-large\" alt=\"Baros Maldiverne\" title=\"Baros-Maldiverne3\" srcset=\"https:\/\/maldives-paradise.com\/wp-content\/uploads\/2024\/06\/Baros-Maldives3.jpg 1000w, https:\/\/maldives-paradise.com\/wp-content\/uploads\/2024\/06\/Baros-Maldives3-300x173.jpg 300w, https:\/\/maldives-paradise.com\/wp-content\/uploads\/2024\/06\/Baros-Maldives3-768x442.jpg 768w, https:\/\/maldives-paradise.com\/wp-content\/uploads\/2024\/06\/Baros-Maldives3-18x10.jpg 18w, https:\/\/maldives-paradise.com\/wp-content\/uploads\/2024\/06\/Baros-Maldives3-500x288.jpg 500w, https:\/\/maldives-paradise.com\/wp-content\/uploads\/2024\/06\/Baros-Maldives3-800x460.jpg 800w\" sizes=\"auto, (max-width: 1000px) 100vw, 1000px\" \/><\/div>\n\t\t<\/figure>\n\t<\/div>\n<\/div><\/div><\/div><\/div><div class=\"vc_row wpb_row vc_row-fluid\"><div class=\"wpb_column vc_column_container vc_col-sm-12\"><div class=\"vc_column-inner\"><div class=\"wpb_wrapper\">\n\t<div class=\"wpb_text_column wpb_content_element\" >\n\t\t<div class=\"wpb_wrapper\">\n\t\t\t<h4><a href=\"http:\/\/maldives-paradise.com\/da\/baros-maldiverne\/\">Baros Maldiverne<\/a><\/h4>\n<p>Baros Maldives er kendt for sin up\u00e5klagelige service og romantiske stemning, hvilket g\u00f8r det til en favorit for bryllupsrejser. Resortets 75 villaer, inklusive de ikoniske Water Villas, tilbyder privatliv og luksus. Baros er ogs\u00e5 et PADI femstjernet dykkercenter, perfekt til undervandsentusiaster. The Lighthouse Restaurant er med sin fine spisning og panoramaudsigt et kulinarisk vartegn i North Male-atollen.<\/p>\n\n\t\t<\/div>\n\t<\/div>\n<\/div><\/div><\/div><\/div><div class=\"vc_row wpb_row vc_row-fluid\"><div class=\"wpb_column vc_column_container vc_col-sm-12\"><div class=\"vc_column-inner\"><div class=\"wpb_wrapper\">\n\t<div  class=\"wpb_single_image wpb_content_element vc_align_left wpb_content_element\">\n\t\t<h2 class=\"wpb_heading wpb_singleimage_heading\">Huvafen Fushi<\/h2>\n\t\t<figure class=\"wpb_wrapper vc_figure\">\n\t\t\t<div class=\"vc_single_image-wrapper   vc_box_border_grey\"><img loading=\"lazy\" decoding=\"async\" width=\"780\" height=\"313\" src=\"https:\/\/maldives-paradise.com\/wp-content\/uploads\/2024\/06\/Huvafen_Fushi_Ocean_Bungalow_with_Pool.jpg\" class=\"vc_single_image-img attachment-large\" alt=\"Huvafen Fushi\" title=\"Huvafen_Fushi_Ocean_Bungalow_med_Pool\" srcset=\"https:\/\/maldives-paradise.com\/wp-content\/uploads\/2024\/06\/Huvafen_Fushi_Ocean_Bungalow_with_Pool.jpg 780w, https:\/\/maldives-paradise.com\/wp-content\/uploads\/2024\/06\/Huvafen_Fushi_Ocean_Bungalow_with_Pool-300x120.jpg 300w, https:\/\/maldives-paradise.com\/wp-content\/uploads\/2024\/06\/Huvafen_Fushi_Ocean_Bungalow_with_Pool-768x308.jpg 768w, https:\/\/maldives-paradise.com\/wp-content\/uploads\/2024\/06\/Huvafen_Fushi_Ocean_Bungalow_with_Pool-18x7.jpg 18w, https:\/\/maldives-paradise.com\/wp-content\/uploads\/2024\/06\/Huvafen_Fushi_Ocean_Bungalow_with_Pool-500x201.jpg 500w\" sizes=\"auto, (max-width: 780px) 100vw, 780px\" \/><\/div>\n\t\t<\/figure>\n\t<\/div>\n<\/div><\/div><\/div><\/div><div class=\"vc_row wpb_row vc_row-fluid\"><div class=\"wpb_column vc_column_container vc_col-sm-12\"><div class=\"vc_column-inner\"><div class=\"wpb_wrapper\">\n\t<div class=\"wpb_text_column wpb_content_element\" >\n\t\t<div class=\"wpb_wrapper\">\n\t\t\t<h4><a href=\"http:\/\/maldives-paradise.com\/da\/huvafen-fushi\/\">Huvafen Fushi<\/a><\/h4>\n<p>Huvafen Fushi er kendt for sine innovative koncepter, s\u00e5som verdens f\u00f8rste undervandsspa. Resortets 44 bungalows og pavilloner er designet til at tilbyde det st\u00f8rste privatliv. At spise p\u00e5 Huvafen Fushi er et gastronomisk eventyr, med muligheder som Celsius, Raw og Salt, der giver forskellige kulinariske oplevelser. De undervands spa-behandlinger er en ekstraordin\u00e6r nydelse, der tilbyder en unik m\u00e5de at slappe af p\u00e5.<\/p>\n\n\t\t<\/div>\n\t<\/div>\n<\/div><\/div><\/div><\/div><div class=\"vc_row wpb_row vc_row-fluid\"><div class=\"wpb_column vc_column_container vc_col-sm-12\"><div class=\"vc_column-inner\"><div class=\"wpb_wrapper\">\n\t<div  class=\"wpb_single_image wpb_content_element vc_align_left wpb_content_element\">\n\t\t<h2 class=\"wpb_heading wpb_singleimage_heading\">Four Seasons Resort Maldiverne ved Kuda Huraa<\/h2>\n\t\t<figure class=\"wpb_wrapper vc_figure\">\n\t\t\t<div class=\"vc_single_image-wrapper   vc_box_border_grey\"><img loading=\"lazy\" decoding=\"async\" width=\"780\" height=\"437\" src=\"https:\/\/maldives-paradise.com\/wp-content\/uploads\/2024\/06\/four-seasons-kudas-huraa3.pg_.jpg\" class=\"vc_single_image-img attachment-large\" alt=\"Four Seasons Resort Maldiverne ved Kuda Huraa\" title=\"fire-s\u00e6soner-kudas-huraa3.pg\" srcset=\"https:\/\/maldives-paradise.com\/wp-content\/uploads\/2024\/06\/four-seasons-kudas-huraa3.pg_.jpg 780w, https:\/\/maldives-paradise.com\/wp-content\/uploads\/2024\/06\/four-seasons-kudas-huraa3.pg_-300x168.jpg 300w, https:\/\/maldives-paradise.com\/wp-content\/uploads\/2024\/06\/four-seasons-kudas-huraa3.pg_-768x430.jpg 768w, https:\/\/maldives-paradise.com\/wp-content\/uploads\/2024\/06\/four-seasons-kudas-huraa3.pg_-18x10.jpg 18w, https:\/\/maldives-paradise.com\/wp-content\/uploads\/2024\/06\/four-seasons-kudas-huraa3.pg_-678x381.jpg 678w, https:\/\/maldives-paradise.com\/wp-content\/uploads\/2024\/06\/four-seasons-kudas-huraa3.pg_-500x280.jpg 500w\" sizes=\"auto, (max-width: 780px) 100vw, 780px\" \/><\/div>\n\t\t<\/figure>\n\t<\/div>\n<\/div><\/div><\/div><\/div><div class=\"vc_row wpb_row vc_row-fluid\"><div class=\"wpb_column vc_column_container vc_col-sm-12\"><div class=\"vc_column-inner\"><div class=\"wpb_wrapper\">\n\t<div class=\"wpb_text_column wpb_content_element\" >\n\t\t<div class=\"wpb_wrapper\">\n\t\t\t<h4><a href=\"http:\/\/maldives-paradise.com\/da\/fire-saesoner-maldiverne-kuda-huraa\/\">Four Seasons Maldiverne ved Kuda Huraa<\/a><\/h4>\n<p>Four Seasons Resort Maldives ved Kuda Huraa kombinerer traditionel maldivisk charme med moderne luksus. Resortets 96 overnatningssteder omfatter strandbungalower og vandvillaer. Island Spa tilbyder behandlinger inspireret af havet og lokale traditioner. Spisning p\u00e5 Baraabaru og Reef Club byder p\u00e5 uds\u00f8gte kulinariske oplevelser.<\/p>\n\n\t\t<\/div>\n\t<\/div>\n<\/div><\/div><\/div><\/div><div class=\"vc_row wpb_row vc_row-fluid\"><div class=\"wpb_column vc_column_container vc_col-sm-12\"><div class=\"vc_column-inner\"><div class=\"wpb_wrapper\">\n\t<div  class=\"wpb_single_image wpb_content_element vc_align_left wpb_content_element\">\n\t\t<h2 class=\"wpb_heading wpb_singleimage_heading\">Ritz-Carlton Maldiverne Fari Island<\/h2>\n\t\t<figure class=\"wpb_wrapper vc_figure\">\n\t\t\t<div class=\"vc_single_image-wrapper   vc_box_border_grey\"><img loading=\"lazy\" decoding=\"async\" width=\"780\" height=\"520\" src=\"https:\/\/maldives-paradise.com\/wp-content\/uploads\/2024\/06\/ritz-carlton-mlera-lagoon-pool-villa-3.jpg\" class=\"vc_single_image-img attachment-large\" alt=\"Ritz-Carlton Maldiverne Fari Island\" title=\"Ritz-Carlton-Mlera-Lagoon-Pool-Villa-3\" srcset=\"https:\/\/maldives-paradise.com\/wp-content\/uploads\/2024\/06\/ritz-carlton-mlera-lagoon-pool-villa-3.jpg 780w, https:\/\/maldives-paradise.com\/wp-content\/uploads\/2024\/06\/ritz-carlton-mlera-lagoon-pool-villa-3-300x200.jpg 300w, https:\/\/maldives-paradise.com\/wp-content\/uploads\/2024\/06\/ritz-carlton-mlera-lagoon-pool-villa-3-768x512.jpg 768w, https:\/\/maldives-paradise.com\/wp-content\/uploads\/2024\/06\/ritz-carlton-mlera-lagoon-pool-villa-3-18x12.jpg 18w, https:\/\/maldives-paradise.com\/wp-content\/uploads\/2024\/06\/ritz-carlton-mlera-lagoon-pool-villa-3-500x333.jpg 500w\" sizes=\"auto, (max-width: 780px) 100vw, 780px\" \/><\/div>\n\t\t<\/figure>\n\t<\/div>\n<\/div><\/div><\/div><\/div><div class=\"vc_row wpb_row vc_row-fluid\"><div class=\"wpb_column vc_column_container vc_col-sm-12\"><div class=\"vc_column-inner\"><div class=\"wpb_wrapper\">\n\t<div class=\"wpb_text_column wpb_content_element\" >\n\t\t<div class=\"wpb_wrapper\">\n\t\t\t<h4><a href=\"http:\/\/maldives-paradise.com\/da\/ritz-carlton-maldiverne\/\">Ritz-Carlton Maldiverne Fari Island<\/a><\/h4>\n<p>Ritz-Carlton Estate, beliggende i en afsondret strandbugt, byder p\u00e5 luksus og ro. Hver villa har en privat infinity-pool, hvor g\u00e6sterne kan nyde en forfriskende sv\u00f8mmetur med udsigt. Derudover har hver villa en rummelig solterrasse, ideel til afslappet solbadning eller stjernekiggeri. For at sikre en luksuri\u00f8s og problemfri oplevelse er den dedikerede opm\u00e6rksomhed fra en Aris Meeha, eller \u00f8-butler, tilg\u00e6ngelig for at im\u00f8dekomme alle dine behov p\u00e5 dette Maldiverne luksusresort.<\/p>\n\n\t\t<\/div>\n\t<\/div>\n<\/div><\/div><\/div><\/div><div class=\"vc_row wpb_row vc_row-fluid\"><div class=\"wpb_column vc_column_container vc_col-sm-12\"><div class=\"vc_column-inner\"><div class=\"wpb_wrapper\">\n\t<div  class=\"wpb_single_image wpb_content_element vc_align_left wpb_content_element\">\n\t\t<h2 class=\"wpb_heading wpb_singleimage_heading\">VARU fra Atmosphere<\/h2>\n\t\t<figure class=\"wpb_wrapper vc_figure\">\n\t\t\t<div class=\"vc_single_image-wrapper   vc_box_border_grey\"><img loading=\"lazy\" decoding=\"async\" width=\"780\" height=\"503\" src=\"https:\/\/maldives-paradise.com\/wp-content\/uploads\/2024\/06\/varu-by-atmosphere-3.jpg\" class=\"vc_single_image-img attachment-large\" alt=\"VARU fra Atmosphere\" title=\"varu-efter-atmosf\u00e6re-3\" srcset=\"https:\/\/maldives-paradise.com\/wp-content\/uploads\/2024\/06\/varu-by-atmosphere-3.jpg 780w, https:\/\/maldives-paradise.com\/wp-content\/uploads\/2024\/06\/varu-by-atmosphere-3-300x193.jpg 300w, https:\/\/maldives-paradise.com\/wp-content\/uploads\/2024\/06\/varu-by-atmosphere-3-768x495.jpg 768w, https:\/\/maldives-paradise.com\/wp-content\/uploads\/2024\/06\/varu-by-atmosphere-3-18x12.jpg 18w, https:\/\/maldives-paradise.com\/wp-content\/uploads\/2024\/06\/varu-by-atmosphere-3-500x322.jpg 500w\" sizes=\"auto, (max-width: 780px) 100vw, 780px\" \/><\/div>\n\t\t<\/figure>\n\t<\/div>\n<\/div><\/div><\/div><\/div><div class=\"vc_row wpb_row vc_row-fluid\"><div class=\"wpb_column vc_column_container vc_col-sm-12\"><div class=\"vc_column-inner\"><div class=\"wpb_wrapper\">\n\t<div class=\"wpb_text_column wpb_content_element\" >\n\t\t<div class=\"wpb_wrapper\">\n\t\t\t<h4><a href=\"https:\/\/trip.tpo.lv\/XTX8WSQn\" target=\"_blank\" rel=\"nofollow noopener\">VARU fra Atmosphere<\/a><\/h4>\n<p>Beliggende i den nordlige Mal\u00e9-atollen p\u00e5 Maldiverne, tilbyder det 5-stjernede resort en \u00e6gte maldivisk oplevelse ved at inkorporere aspekter af lokale traditioner og kulturer, strukturelt design \u2013 smeltet sammen med udbrud af smarte tropiske vibes. VARU er placeret som en moderne og &#039;naturligt maldivisk&#039; resortoplevelse med 108 villaer spredt rundt p\u00e5 de hvide sandstrande og udvider sig over de turkise laguner.<\/p>\n\n\t\t<\/div>\n\t<\/div>\n<\/div><\/div><\/div><\/div><div class=\"vc_row wpb_row vc_row-fluid\"><div class=\"wpb_column vc_column_container vc_col-sm-12\"><div class=\"vc_column-inner\"><div class=\"wpb_wrapper\">\n\t<div  class=\"wpb_single_image wpb_content_element vc_align_left wpb_content_element\">\n\t\t<h2 class=\"wpb_heading wpb_singleimage_heading\">Kuda Villingili Maldiverne<\/h2>\n\t\t<figure class=\"wpb_wrapper vc_figure\">\n\t\t\t<div class=\"vc_single_image-wrapper   vc_box_border_grey\"><img loading=\"lazy\" decoding=\"async\" width=\"780\" height=\"437\" src=\"https:\/\/maldives-paradise.com\/wp-content\/uploads\/2024\/06\/kuda-villingili.jpg\" class=\"vc_single_image-img attachment-large\" alt=\"Kuda Villingili Maldiverne\" title=\"kuda-villingili\" srcset=\"https:\/\/maldives-paradise.com\/wp-content\/uploads\/2024\/06\/kuda-villingili.jpg 780w, https:\/\/maldives-paradise.com\/wp-content\/uploads\/2024\/06\/kuda-villingili-300x168.jpg 300w, https:\/\/maldives-paradise.com\/wp-content\/uploads\/2024\/06\/kuda-villingili-768x430.jpg 768w, https:\/\/maldives-paradise.com\/wp-content\/uploads\/2024\/06\/kuda-villingili-18x10.jpg 18w, https:\/\/maldives-paradise.com\/wp-content\/uploads\/2024\/06\/kuda-villingili-678x381.jpg 678w, https:\/\/maldives-paradise.com\/wp-content\/uploads\/2024\/06\/kuda-villingili-500x280.jpg 500w\" sizes=\"auto, (max-width: 780px) 100vw, 780px\" \/><\/div>\n\t\t<\/figure>\n\t<\/div>\n<\/div><\/div><\/div><\/div><div class=\"vc_row wpb_row vc_row-fluid\"><div class=\"wpb_column vc_column_container vc_col-sm-12\"><div class=\"vc_column-inner\"><div class=\"wpb_wrapper\">\n\t<div class=\"wpb_text_column wpb_content_element\" >\n\t\t<div class=\"wpb_wrapper\">\n\t\t\t<h4><a href=\"http:\/\/maldives-paradise.com\/da\/kuda-villingii-maldiverne\/\">Kuda Villingili Maldiverne<\/a><\/h4>\n<p>Kuda Villingili Resort Maldives lover en idyllisk tropisk \u00f8-ferie beliggende p\u00e5 et af verdens f\u00f8rende surfesteder ved navn Chickens i Nort Male Atoll. Perfekt til bryllupsrejser, familier og sols\u00f8gende, det er den ideelle ramme til at skabe dyrebare minder p\u00e5 et sted, hvor tiden synes at st\u00e5 stille. De rummelige villaer og suiter i \u00e5bent plan tilbyder 180-graders udsigt over det store Indiske Ocean, placeret b\u00e5de p\u00e5 solopgangs- og solnedgangssiden af \u00f8en. Resortet udviklede sit mad- og drikkekoncept for at tilbyde g\u00e6sterne en unik gourmetrejse.<\/p>\n\n\t\t<\/div>\n\t<\/div>\n<\/div><\/div><\/div><\/div><div class=\"vc_row wpb_row vc_row-fluid\"><div class=\"wpb_column vc_column_container vc_col-sm-12\"><div class=\"vc_column-inner\"><div class=\"wpb_wrapper\">\n\t<div  class=\"wpb_single_image wpb_content_element vc_align_left wpb_content_element\">\n\t\t<h2 class=\"wpb_heading wpb_singleimage_heading\">Hilton Maldives Amingiri Resort &amp; Spa<\/h2>\n\t\t<figure class=\"wpb_wrapper vc_figure\">\n\t\t\t<div class=\"vc_single_image-wrapper   vc_box_border_grey\"><img loading=\"lazy\" decoding=\"async\" width=\"780\" height=\"520\" src=\"https:\/\/maldives-paradise.com\/wp-content\/uploads\/2024\/06\/hilton-maldives-3.jpg\" class=\"vc_single_image-img attachment-large\" alt=\"Hilton Maldives Amingiri Resort &amp; Spa\" title=\"hilton-maldiverne-3\" srcset=\"https:\/\/maldives-paradise.com\/wp-content\/uploads\/2024\/06\/hilton-maldives-3.jpg 780w, https:\/\/maldives-paradise.com\/wp-content\/uploads\/2024\/06\/hilton-maldives-3-300x200.jpg 300w, https:\/\/maldives-paradise.com\/wp-content\/uploads\/2024\/06\/hilton-maldives-3-768x512.jpg 768w, https:\/\/maldives-paradise.com\/wp-content\/uploads\/2024\/06\/hilton-maldives-3-18x12.jpg 18w, https:\/\/maldives-paradise.com\/wp-content\/uploads\/2024\/06\/hilton-maldives-3-500x333.jpg 500w\" sizes=\"auto, (max-width: 780px) 100vw, 780px\" \/><\/div>\n\t\t<\/figure>\n\t<\/div>\n<\/div><\/div><\/div><\/div><div class=\"vc_row wpb_row vc_row-fluid\"><div class=\"wpb_column vc_column_container vc_col-sm-12\"><div class=\"vc_column-inner\"><div class=\"wpb_wrapper\">\n\t<div class=\"wpb_text_column wpb_content_element\" >\n\t\t<div class=\"wpb_wrapper\">\n\t\t\t<h4><a href=\"http:\/\/maldives-paradise.com\/da\/hilton-maldiverne-amingiri-resort-spa\/\">Hilton Maldives Amingiri Resort &amp; Spa<\/a><\/h4>\n<p>Omgivet af uber\u00f8rt hvidt sand og turkisbl\u00e5t vand tilbyder vores resort i verdensklasse en uforglemmelig oplevelse for hele familien. Udnyt vores familievenlige faciliteter, Amingiri Spa og omfattende spisemuligheder under dit ophold. Dyk ned i havet direkte fra din overvandsvilla. Hver afsondret villa har en privat pool og uforstyrret havudsigt.<\/p>\n<p>Som konklusion er North Male Atoll hjemsted for nogle af verdens mest luksuri\u00f8se feriesteder, der hver tilbyder unikke oplevelser, der blander naturlig sk\u00f8nhed med uovertruffen komfort og service. Uanset om du s\u00f8ger eventyr, afslapning eller romantik, danner disse feriesteder de perfekte rammer for en dr\u00f8mmeferie p\u00e5 Maldiverne.<\/p>\n<h4><a href=\"http:\/\/maldives-paradise.com\/da\/bedste-luksusresorts-i-den-sydlige-mandlige-atol\/\">Bedste luksusferiesteder i South Male Atoll<\/a><\/h4>\n\n\t\t<\/div>\n\t<\/div>\n<\/div><\/div><\/div><\/div>\n<\/div>","protected":false},"excerpt":{"rendered":"<div class=\"mh-excerpt\"><\/div>","protected":false},"author":1,"featured_media":16806,"parent":0,"menu_order":0,"comment_status":"closed","ping_status":"closed","template":"","meta":{"footnotes":""},"class_list":["post-16805","page","type-page","status-publish","has-post-thumbnail"],"aioseo_notices":[],"_links":{"self":[{"href":"http:\/\/maldives-paradise.com\/da\/wp-json\/wp\/v2\/pages\/16805","targetHints":{"allow":["GET"]}}],"collection":[{"href":"http:\/\/maldives-paradise.com\/da\/wp-json\/wp\/v2\/pages"}],"about":[{"href":"http:\/\/maldives-paradise.com\/da\/wp-json\/wp\/v2\/types\/page"}],"author":[{"embeddable":true,"href":"http:\/\/maldives-paradise.com\/da\/wp-json\/wp\/v2\/users\/1"}],"replies":[{"embeddable":true,"href":"http:\/\/maldives-paradise.com\/da\/wp-json\/wp\/v2\/comments?post=16805"}],"version-history":[{"count":6,"href":"http:\/\/maldives-paradise.com\/da\/wp-json\/wp\/v2\/pages\/16805\/revisions"}],"predecessor-version":[{"id":43247,"href":"http:\/\/maldives-paradise.com\/da\/wp-json\/wp\/v2\/pages\/16805\/revisions\/43247"}],"wp:featuredmedia":[{"embeddable":true,"href":"http:\/\/maldives-paradise.com\/da\/wp-json\/wp\/v2\/media\/16806"}],"wp:attachment":[{"href":"http:\/\/maldives-paradise.com\/da\/wp-json\/wp\/v2\/media?parent=16805"}],"curies":[{"name":"wp","href":"https:\/\/api.w.org\/{rel}","templated":true}]}}