{"id":16336,"date":"2024-05-30T18:22:53","date_gmt":"2024-05-30T18:22:53","guid":{"rendered":"http:\/\/maldives-paradise.com\/?page_id=16336"},"modified":"2025-02-22T18:07:17","modified_gmt":"2025-02-22T18:07:17","slug":"de-bedste-luksusresorts-i-lhaviyani-atoll","status":"publish","type":"page","link":"http:\/\/maldives-paradise.com\/da\/de-bedste-luksusresorts-i-lhaviyani-atoll\/","title":{"rendered":"Bedste luksusferiesteder i Lhaviyani Atoll"},"content":{"rendered":"<div class=\"wpb-content-wrapper\"><div class=\"vc_row wpb_row vc_row-fluid\"><div class=\"wpb_column vc_column_container vc_col-sm-12\"><div class=\"vc_column-inner\"><div class=\"wpb_wrapper\">\n\t<div class=\"wpb_text_column wpb_content_element\" >\n\t\t<div class=\"wpb_wrapper\">\n\t\t\t<p>Lhaviyani Atoll, et fyrt\u00e5rn af tropisk luksus beliggende i det store Indiske Ocean, er kendt for sin idylliske sk\u00f8nhed, krystalklare vand og nogle af de mest spektakul\u00e6re luksusresorts p\u00e5 Maldiverne. Denne atoll tilbyder kr\u00e6sne rejsende en r\u00e6kke eksklusive retr\u00e6ter, hvor uovertruffen service, uds\u00f8gte kulinariske oplevelser og betagende natur kombineres for at skabe uforglemmelige getaways. Her er de bedste luksusresorts i <strong>Lhaviyani Atoll<\/strong>, der hver is\u00e6r lover et unikt stykke paradis.<\/p>\n\n\t\t<\/div>\n\t<\/div>\n<\/div><\/div><\/div><\/div><div class=\"vc_row wpb_row vc_row-fluid\"><div class=\"wpb_column vc_column_container vc_col-sm-12\"><div class=\"vc_column-inner\"><div class=\"wpb_wrapper\">\n\t<div  class=\"wpb_single_image wpb_content_element vc_align_left wpb_content_element\">\n\t\t<h2 class=\"wpb_heading wpb_singleimage_heading\">Hurawalhi Island Resort<\/h2>\n\t\t<figure class=\"wpb_wrapper vc_figure\">\n\t\t\t<div class=\"vc_single_image-wrapper   vc_box_border_grey\"><img loading=\"lazy\" decoding=\"async\" width=\"780\" height=\"520\" src=\"https:\/\/maldives-paradise.com\/wp-content\/uploads\/2024\/05\/hurawalhi.jpg\" class=\"vc_single_image-img attachment-large\" alt=\"Hurawalhi Island Resort\" title=\"hurawalhi\" srcset=\"https:\/\/maldives-paradise.com\/wp-content\/uploads\/2024\/05\/hurawalhi.jpg 780w, https:\/\/maldives-paradise.com\/wp-content\/uploads\/2024\/05\/hurawalhi-300x200.jpg 300w, https:\/\/maldives-paradise.com\/wp-content\/uploads\/2024\/05\/hurawalhi-768x512.jpg 768w, https:\/\/maldives-paradise.com\/wp-content\/uploads\/2024\/05\/hurawalhi-18x12.jpg 18w, https:\/\/maldives-paradise.com\/wp-content\/uploads\/2024\/05\/hurawalhi-500x333.jpg 500w\" sizes=\"auto, (max-width: 780px) 100vw, 780px\" \/><\/div>\n\t\t<\/figure>\n\t<\/div>\n<\/div><\/div><\/div><\/div><div class=\"vc_row wpb_row vc_row-fluid\"><div class=\"wpb_column vc_column_container vc_col-sm-12\"><div class=\"vc_column-inner\"><div class=\"wpb_wrapper\">\n\t<div class=\"wpb_text_column wpb_content_element\" >\n\t\t<div class=\"wpb_wrapper\">\n\t\t\t<h4><a href=\"http:\/\/maldives-paradise.com\/da\/hurawalhi-island-maldiverne\/\">Hurawalhi Island Resort<\/a><\/h4>\n<p>Hurawalhi Island Resort er hjemsted for verdens st\u00f8rste undervandsrestaurant i glas, der tilbyder g\u00e6sterne en 360-graders udsigt over det pulserende havliv. Resortet balancerer luksus med b\u00e6redygtighed og byder p\u00e5 elegante villaer over vandet og ved stranden, der tilbyder ro og privatliv. G\u00e6sterne kan fork\u00e6le sig selv med en spa, der ligger over det krystalklare vand, eller deltage i sp\u00e6ndende vandsport.<\/p>\n\n\t\t<\/div>\n\t<\/div>\n<\/div><\/div><\/div><\/div><div class=\"vc_row wpb_row vc_row-fluid\"><div class=\"wpb_column vc_column_container vc_col-sm-12\"><div class=\"vc_column-inner\"><div class=\"wpb_wrapper\">\n\t<div  class=\"wpb_single_image wpb_content_element vc_align_left wpb_content_element\">\n\t\t<h2 class=\"wpb_heading wpb_singleimage_heading\">Kudadoo Maldiverne Private Island<\/h2>\n\t\t<figure class=\"wpb_wrapper vc_figure\">\n\t\t\t<div class=\"vc_single_image-wrapper   vc_box_border_grey\"><img loading=\"lazy\" decoding=\"async\" width=\"780\" height=\"438\" src=\"https:\/\/maldives-paradise.com\/wp-content\/uploads\/2024\/05\/Kudadoo-Maldives-Private-Island.jpg\" class=\"vc_single_image-img attachment-large\" alt=\"Kudadoo Maldiverne Private Island\" title=\"Kudadoo-Maldiverne-Privat-\u00d8\" srcset=\"https:\/\/maldives-paradise.com\/wp-content\/uploads\/2024\/05\/Kudadoo-Maldives-Private-Island.jpg 780w, https:\/\/maldives-paradise.com\/wp-content\/uploads\/2024\/05\/Kudadoo-Maldives-Private-Island-300x168.jpg 300w, https:\/\/maldives-paradise.com\/wp-content\/uploads\/2024\/05\/Kudadoo-Maldives-Private-Island-768x431.jpg 768w, https:\/\/maldives-paradise.com\/wp-content\/uploads\/2024\/05\/Kudadoo-Maldives-Private-Island-18x10.jpg 18w, https:\/\/maldives-paradise.com\/wp-content\/uploads\/2024\/05\/Kudadoo-Maldives-Private-Island-678x381.jpg 678w, https:\/\/maldives-paradise.com\/wp-content\/uploads\/2024\/05\/Kudadoo-Maldives-Private-Island-500x281.jpg 500w\" sizes=\"auto, (max-width: 780px) 100vw, 780px\" \/><\/div>\n\t\t<\/figure>\n\t<\/div>\n<\/div><\/div><\/div><\/div><div class=\"vc_row wpb_row vc_row-fluid\"><div class=\"wpb_column vc_column_container vc_col-sm-12\"><div class=\"vc_column-inner\"><div class=\"wpb_wrapper\">\n\t<div class=\"wpb_text_column wpb_content_element\" >\n\t\t<div class=\"wpb_wrapper\">\n\t\t\t<h4><a href=\"http:\/\/maldives-paradise.com\/da\/kudadoo-maldiverne-privat-o\/\">Kudadoo Maldiverne Private Island<\/a><\/h4>\n<p>Kudadoo Maldives Private Island tilbyder en virkelig eksklusiv oplevelse med fokus p\u00e5 b\u00e6redygtighed. Dette luksuri\u00f8se resort er udelukkende drevet af solenergi og blander milj\u00f8venlige metoder med kompromisl\u00f8s luksus. Hver af de store boliger over vandet har en personlig butler, der sikrer et skr\u00e6ddersyet og ubekymret ophold.<\/p>\n\n\t\t<\/div>\n\t<\/div>\n<\/div><\/div><\/div><\/div><div class=\"vc_row wpb_row vc_row-fluid\"><div class=\"wpb_column vc_column_container vc_col-sm-12\"><div class=\"vc_column-inner\"><div class=\"wpb_wrapper\">\n\t<div  class=\"wpb_single_image wpb_content_element vc_align_left wpb_content_element\">\n\t\t<h2 class=\"wpb_heading wpb_singleimage_heading\">Komandoo Maldives Island Resort<\/h2>\n\t\t<figure class=\"wpb_wrapper vc_figure\">\n\t\t\t<div class=\"vc_single_image-wrapper   vc_box_border_grey\"><img loading=\"lazy\" decoding=\"async\" width=\"780\" height=\"393\" src=\"https:\/\/maldives-paradise.com\/wp-content\/uploads\/2024\/05\/Komandoo-Maldives-Island-Resort2.jpg\" class=\"vc_single_image-img attachment-large\" alt=\"Komandoo Maldives Island Resort\" title=\"Komandoo-Maldiverne-\u00f8-resort2\" srcset=\"https:\/\/maldives-paradise.com\/wp-content\/uploads\/2024\/05\/Komandoo-Maldives-Island-Resort2.jpg 780w, https:\/\/maldives-paradise.com\/wp-content\/uploads\/2024\/05\/Komandoo-Maldives-Island-Resort2-300x151.jpg 300w, https:\/\/maldives-paradise.com\/wp-content\/uploads\/2024\/05\/Komandoo-Maldives-Island-Resort2-768x387.jpg 768w, https:\/\/maldives-paradise.com\/wp-content\/uploads\/2024\/05\/Komandoo-Maldives-Island-Resort2-18x9.jpg 18w, https:\/\/maldives-paradise.com\/wp-content\/uploads\/2024\/05\/Komandoo-Maldives-Island-Resort2-500x252.jpg 500w\" sizes=\"auto, (max-width: 780px) 100vw, 780px\" \/><\/div>\n\t\t<\/figure>\n\t<\/div>\n<\/div><\/div><\/div><\/div><div class=\"vc_row wpb_row vc_row-fluid\"><div class=\"wpb_column vc_column_container vc_col-sm-12\"><div class=\"vc_column-inner\"><div class=\"wpb_wrapper\">\n\t<div class=\"wpb_text_column wpb_content_element\" >\n\t\t<div class=\"wpb_wrapper\">\n\t\t\t<h4><a href=\"http:\/\/maldives-paradise.com\/da\/komandoo-island-resort-spa\/\">Komandoo Maldives Island Resort<\/a><\/h4>\n<p>Komandoo Maldives Island Resort er en oase kun for voksne, der lover et roligt tilflugtssted. Med sine intime strandvillaer og bungalows over vandet er det det perfekte tilflugtssted for romantik eller afslapning. Resortet tilbyder en uds\u00f8gt spa, exceptionelle spiseoplevelser og et v\u00e6ld af vandaktiviteter, fra dykning til snorkling i den krystalklare lagune i Lhaviyani-atollen.<\/p>\n\n\t\t<\/div>\n\t<\/div>\n<\/div><\/div><\/div><\/div><div class=\"vc_row wpb_row vc_row-fluid\"><div class=\"wpb_column vc_column_container vc_col-sm-12\"><div class=\"vc_column-inner\"><div class=\"wpb_wrapper\">\n\t<div  class=\"wpb_single_image wpb_content_element vc_align_left wpb_content_element\">\n\t\t<h2 class=\"wpb_heading wpb_singleimage_heading\">Atmosf\u00e6re Kanifushi Maldiverne<\/h2>\n\t\t<figure class=\"wpb_wrapper vc_figure\">\n\t\t\t<div class=\"vc_single_image-wrapper   vc_box_border_grey\"><img loading=\"lazy\" decoding=\"async\" width=\"700\" height=\"466\" src=\"https:\/\/maldives-paradise.com\/wp-content\/uploads\/2024\/05\/Atmosphere-Kanifushi-Maldives2.jpg\" class=\"vc_single_image-img attachment-large\" alt=\"Atmosf\u00e6re Kanifushi Maldiverne\" title=\"Atmosf\u00e6re-Kanifushi-Maldiverne2\" srcset=\"https:\/\/maldives-paradise.com\/wp-content\/uploads\/2024\/05\/Atmosphere-Kanifushi-Maldives2.jpg 700w, https:\/\/maldives-paradise.com\/wp-content\/uploads\/2024\/05\/Atmosphere-Kanifushi-Maldives2-300x200.jpg 300w, https:\/\/maldives-paradise.com\/wp-content\/uploads\/2024\/05\/Atmosphere-Kanifushi-Maldives2-18x12.jpg 18w, https:\/\/maldives-paradise.com\/wp-content\/uploads\/2024\/05\/Atmosphere-Kanifushi-Maldives2-500x333.jpg 500w\" sizes=\"auto, (max-width: 700px) 100vw, 700px\" \/><\/div>\n\t\t<\/figure>\n\t<\/div>\n<\/div><\/div><\/div><\/div><div class=\"vc_row wpb_row vc_row-fluid\"><div class=\"wpb_column vc_column_container vc_col-sm-12\"><div class=\"vc_column-inner\"><div class=\"wpb_wrapper\">\n\t<div class=\"wpb_text_column wpb_content_element\" >\n\t\t<div class=\"wpb_wrapper\">\n\t\t\t<h4><a href=\"http:\/\/maldives-paradise.com\/da\/atmosfaere-kanifushi\/\">Atmosf\u00e6re Kanifushi Maldiverne<\/a><\/h4>\n<p>Atmosphere Kanifushi str\u00e6kker sig over to kilometer uber\u00f8rte sandstrande og skiller sig ud med sin frodige tropiske vegetation og et spektakul\u00e6rt husrev. Resortet tilbyder rummelige strandvillaer med direkte adgang til havet og en premium all-inclusive-plan, der sikrer en problemfri luksusferie med uds\u00f8gte restauranter, aktiviteter og udflugter.<\/p>\n\n\t\t<\/div>\n\t<\/div>\n<\/div><\/div><\/div><\/div><div class=\"vc_row wpb_row vc_row-fluid\"><div class=\"wpb_column vc_column_container vc_col-sm-12\"><div class=\"vc_column-inner\"><div class=\"wpb_wrapper\">\n\t<div  class=\"wpb_single_image wpb_content_element vc_align_left wpb_content_element\">\n\t\t<h2 class=\"wpb_heading wpb_singleimage_heading\">Fushifaru Maldiverne<\/h2>\n\t\t<figure class=\"wpb_wrapper vc_figure\">\n\t\t\t<div class=\"vc_single_image-wrapper   vc_box_border_grey\"><img loading=\"lazy\" decoding=\"async\" width=\"780\" height=\"519\" src=\"https:\/\/maldives-paradise.com\/wp-content\/uploads\/2024\/05\/Fushifaru-Maldives2.jpg\" class=\"vc_single_image-img attachment-large\" alt=\"Fushifaru Maldiverne\" title=\"Fushifaru-Maldiverne 2\" srcset=\"https:\/\/maldives-paradise.com\/wp-content\/uploads\/2024\/05\/Fushifaru-Maldives2.jpg 780w, https:\/\/maldives-paradise.com\/wp-content\/uploads\/2024\/05\/Fushifaru-Maldives2-300x200.jpg 300w, https:\/\/maldives-paradise.com\/wp-content\/uploads\/2024\/05\/Fushifaru-Maldives2-768x511.jpg 768w, https:\/\/maldives-paradise.com\/wp-content\/uploads\/2024\/05\/Fushifaru-Maldives2-18x12.jpg 18w, https:\/\/maldives-paradise.com\/wp-content\/uploads\/2024\/05\/Fushifaru-Maldives2-500x333.jpg 500w\" sizes=\"auto, (max-width: 780px) 100vw, 780px\" \/><\/div>\n\t\t<\/figure>\n\t<\/div>\n<\/div><\/div><\/div><\/div><div class=\"vc_row wpb_row vc_row-fluid\"><div class=\"wpb_column vc_column_container vc_col-sm-12\"><div class=\"vc_column-inner\"><div class=\"wpb_wrapper\">\n\t<div class=\"wpb_text_column wpb_content_element\" >\n\t\t<div class=\"wpb_wrapper\">\n\t\t\t<h4><a href=\"http:\/\/maldives-paradise.com\/da\/fushifaru-maldiverne\/\">Fushifaru Maldiverne<\/a><\/h4>\n<p>Fushifaru Maldives, beliggende p\u00e5 den nord\u00f8stlige kant af Lhaviyani Atoll, er omgivet af et pulserende husrev, der er hjemsted for et rigt havliv. Dette boutique-resort blander maldivisk design med moderne \u00e6stetik og tilbyder strand- og vandvillaer, der er indbegrebet af komfort og elegance. G\u00e6sterne kan udforske undervandseventyr, fork\u00e6le sig selv med spabehandlinger eller nyde kulinariske l\u00e6kkerier.<\/p>\n\n\t\t<\/div>\n\t<\/div>\n<\/div><\/div><\/div><\/div><div class=\"vc_row wpb_row vc_row-fluid\"><div class=\"wpb_column vc_column_container vc_col-sm-12\"><div class=\"vc_column-inner\"><div class=\"wpb_wrapper\">\n\t<div  class=\"wpb_single_image wpb_content_element vc_align_left wpb_content_element\">\n\t\t<h2 class=\"wpb_heading wpb_singleimage_heading\">Seks sanser Kanuhura<\/h2>\n\t\t<figure class=\"wpb_wrapper vc_figure\">\n\t\t\t<div class=\"vc_single_image-wrapper   vc_box_border_grey\"><img loading=\"lazy\" decoding=\"async\" width=\"780\" height=\"507\" src=\"https:\/\/maldives-paradise.com\/wp-content\/uploads\/2024\/05\/Six-Senses-Kanuhura2.jpg\" class=\"vc_single_image-img attachment-large\" alt=\"Seks sanser Kanuhura\" title=\"Seks-Sanser-Kanuhura2\" srcset=\"https:\/\/maldives-paradise.com\/wp-content\/uploads\/2024\/05\/Six-Senses-Kanuhura2.jpg 780w, https:\/\/maldives-paradise.com\/wp-content\/uploads\/2024\/05\/Six-Senses-Kanuhura2-300x195.jpg 300w, https:\/\/maldives-paradise.com\/wp-content\/uploads\/2024\/05\/Six-Senses-Kanuhura2-768x499.jpg 768w, https:\/\/maldives-paradise.com\/wp-content\/uploads\/2024\/05\/Six-Senses-Kanuhura2-18x12.jpg 18w, https:\/\/maldives-paradise.com\/wp-content\/uploads\/2024\/05\/Six-Senses-Kanuhura2-500x325.jpg 500w\" sizes=\"auto, (max-width: 780px) 100vw, 780px\" \/><\/div>\n\t\t<\/figure>\n\t<\/div>\n<\/div><\/div><\/div><\/div><div class=\"vc_row wpb_row vc_row-fluid\"><div class=\"wpb_column vc_column_container vc_col-sm-12\"><div class=\"vc_column-inner\"><div class=\"wpb_wrapper\">\n\t<div class=\"wpb_text_column wpb_content_element\" >\n\t\t<div class=\"wpb_wrapper\">\n\t\t\t<h4><a href=\"http:\/\/maldives-paradise.com\/da\/seks-sanser-kanuhura\/\">Seks sanser Kanuhura<\/a><\/h4>\n<p>Dette afslappede feriested er kendt for at v\u00e6re hjemsted for de fineste strande p\u00e5 Maldiverne. Six Senses Kanuhura Resort, der omfatter tre private \u00f8er, ligger en kort tur med vandflyver fra Mal\u00e9 Internationale Lufthavn eller speedb\u00e5d fra den uber\u00f8rte Lhaviyani Atoll. Med 91 rummelige strand-, familie- og poolvillaer ligger lagunen for dine f\u00f8dder, hvor det pulserende rev beskytter vores fastboende skildpadder og havliv.<\/p>\n\n\t\t<\/div>\n\t<\/div>\n<\/div><\/div><\/div><\/div><div class=\"vc_row wpb_row vc_row-fluid\"><div class=\"wpb_column vc_column_container vc_col-sm-12\"><div class=\"vc_column-inner\"><div class=\"wpb_wrapper\">\n\t<div  class=\"wpb_single_image wpb_content_element vc_align_left wpb_content_element\">\n\t\t<h2 class=\"wpb_heading wpb_singleimage_heading\">Cocoon Maldiverne<\/h2>\n\t\t<figure class=\"wpb_wrapper vc_figure\">\n\t\t\t<div class=\"vc_single_image-wrapper   vc_box_border_grey\"><img loading=\"lazy\" decoding=\"async\" width=\"780\" height=\"584\" src=\"https:\/\/maldives-paradise.com\/wp-content\/uploads\/2024\/05\/Cocoon-Maldives2.jpg\" class=\"vc_single_image-img attachment-large\" alt=\"Cocoon Maldiverne\" title=\"Cocoon-Maldiverne2\" srcset=\"https:\/\/maldives-paradise.com\/wp-content\/uploads\/2024\/05\/Cocoon-Maldives2.jpg 780w, https:\/\/maldives-paradise.com\/wp-content\/uploads\/2024\/05\/Cocoon-Maldives2-300x225.jpg 300w, https:\/\/maldives-paradise.com\/wp-content\/uploads\/2024\/05\/Cocoon-Maldives2-768x575.jpg 768w, https:\/\/maldives-paradise.com\/wp-content\/uploads\/2024\/05\/Cocoon-Maldives2-16x12.jpg 16w, https:\/\/maldives-paradise.com\/wp-content\/uploads\/2024\/05\/Cocoon-Maldives2-678x509.jpg 678w, https:\/\/maldives-paradise.com\/wp-content\/uploads\/2024\/05\/Cocoon-Maldives2-326x245.jpg 326w, https:\/\/maldives-paradise.com\/wp-content\/uploads\/2024\/05\/Cocoon-Maldives2-80x60.jpg 80w, https:\/\/maldives-paradise.com\/wp-content\/uploads\/2024\/05\/Cocoon-Maldives2-500x374.jpg 500w\" sizes=\"auto, (max-width: 780px) 100vw, 780px\" \/><\/div>\n\t\t<\/figure>\n\t<\/div>\n<\/div><\/div><\/div><\/div><div class=\"vc_row wpb_row vc_row-fluid\"><div class=\"wpb_column vc_column_container vc_col-sm-12\"><div class=\"vc_column-inner\"><div class=\"wpb_wrapper\">\n\t<div class=\"wpb_text_column wpb_content_element\" >\n\t\t<div class=\"wpb_wrapper\">\n\t\t\t<h4><a href=\"https:\/\/hotellook.tp.st\/IwpsBQEP\" target=\"_blank\" rel=\"nofollow noopener\">Cocoon Maldiverne \u2013 All Inclusive<\/a><\/h4>\n<p>Cocoon Maldives kombinerer italiensk design med Maldivernes fantastiske naturlige sk\u00f8nhed. Dette luksuri\u00f8se resort tilbyder en r\u00e6kke indkvarteringsmuligheder, lige fra strandvillaer til suiter over vandet ved lagunen. Med sine omfattende fritidsfaciliteter, herunder et dykkercenter, spa og b\u00f8rneklub, sikrer Cocoon Maldives, der ligger p\u00e5 Lhaviyani-atollen, et mindev\u00e6rdigt ophold for alle g\u00e6ster.<\/p>\n\n\t\t<\/div>\n\t<\/div>\n<\/div><\/div><\/div><\/div><div class=\"vc_row wpb_row vc_row-fluid\"><div class=\"wpb_column vc_column_container vc_col-sm-12\"><div class=\"vc_column-inner\"><div class=\"wpb_wrapper\">\n\t<div  class=\"wpb_single_image wpb_content_element vc_align_left wpb_content_element\">\n\t\t<h2 class=\"wpb_heading wpb_singleimage_heading\">Kuredu Island Resort &amp; Spa<\/h2>\n\t\t<figure class=\"wpb_wrapper vc_figure\">\n\t\t\t<div class=\"vc_single_image-wrapper   vc_box_border_grey\"><img loading=\"lazy\" decoding=\"async\" width=\"780\" height=\"438\" src=\"https:\/\/maldives-paradise.com\/wp-content\/uploads\/2024\/05\/kuredu_Aerial.jpg\" class=\"vc_single_image-img attachment-large\" alt=\"Kuredu Island Resort &amp; Spa\" title=\"kuredu_Aerial\" srcset=\"https:\/\/maldives-paradise.com\/wp-content\/uploads\/2024\/05\/kuredu_Aerial.jpg 780w, https:\/\/maldives-paradise.com\/wp-content\/uploads\/2024\/05\/kuredu_Aerial-300x168.jpg 300w, https:\/\/maldives-paradise.com\/wp-content\/uploads\/2024\/05\/kuredu_Aerial-768x431.jpg 768w, https:\/\/maldives-paradise.com\/wp-content\/uploads\/2024\/05\/kuredu_Aerial-18x10.jpg 18w, https:\/\/maldives-paradise.com\/wp-content\/uploads\/2024\/05\/kuredu_Aerial-678x381.jpg 678w, https:\/\/maldives-paradise.com\/wp-content\/uploads\/2024\/05\/kuredu_Aerial-500x281.jpg 500w\" sizes=\"auto, (max-width: 780px) 100vw, 780px\" \/><\/div>\n\t\t<\/figure>\n\t<\/div>\n<\/div><\/div><\/div><\/div><div class=\"vc_row wpb_row vc_row-fluid\"><div class=\"wpb_column vc_column_container vc_col-sm-12\"><div class=\"vc_column-inner\"><div class=\"wpb_wrapper\">\n\t<div class=\"wpb_text_column wpb_content_element\" >\n\t\t<div class=\"wpb_wrapper\">\n\t\t\t<h4><a href=\"http:\/\/maldives-paradise.com\/da\/kuredu-island-resort-spa\/\">Kuredu Island Resort &amp; Spa<\/a><\/h4>\n<p>Kuredu Island Resort &amp; Spa er et af de st\u00f8rre resorts p\u00e5 Maldiverne og tilbyder et bredt udvalg af indkvarteringer, fra strandbungalows til luksuri\u00f8se Sultan Pool-villaer. Resortet er et paradis for vandsportsentusiaster med en 6-hullers golfbane, et dykkercenter og en r\u00e6kke andre aktiviteter.<\/p>\n\n\t\t<\/div>\n\t<\/div>\n<\/div><\/div><\/div><\/div><div class=\"vc_row wpb_row vc_row-fluid\"><div class=\"wpb_column vc_column_container vc_col-sm-12\"><div class=\"vc_column-inner\"><div class=\"wpb_wrapper\">\n\t<div  class=\"wpb_single_image wpb_content_element vc_align_left wpb_content_element\">\n\t\t<h2 class=\"wpb_heading wpb_singleimage_heading\">Palm Beach Island Resort &amp; Spa<\/h2>\n\t\t<figure class=\"wpb_wrapper vc_figure\">\n\t\t\t<div class=\"vc_single_image-wrapper   vc_box_border_grey\"><img loading=\"lazy\" decoding=\"async\" width=\"780\" height=\"520\" src=\"https:\/\/maldives-paradise.com\/wp-content\/uploads\/2024\/05\/palm-beach-island-resort2.jpg\" class=\"vc_single_image-img attachment-large\" alt=\"Palm Beach Island Resort &amp; Spa\" title=\"Palm Beach Island Resort2\" srcset=\"https:\/\/maldives-paradise.com\/wp-content\/uploads\/2024\/05\/palm-beach-island-resort2.jpg 780w, https:\/\/maldives-paradise.com\/wp-content\/uploads\/2024\/05\/palm-beach-island-resort2-300x200.jpg 300w, https:\/\/maldives-paradise.com\/wp-content\/uploads\/2024\/05\/palm-beach-island-resort2-768x512.jpg 768w, https:\/\/maldives-paradise.com\/wp-content\/uploads\/2024\/05\/palm-beach-island-resort2-18x12.jpg 18w, https:\/\/maldives-paradise.com\/wp-content\/uploads\/2024\/05\/palm-beach-island-resort2-500x333.jpg 500w\" sizes=\"auto, (max-width: 780px) 100vw, 780px\" \/><\/div>\n\t\t<\/figure>\n\t<\/div>\n<\/div><\/div><\/div><\/div><div class=\"vc_row wpb_row vc_row-fluid\"><div class=\"wpb_column vc_column_container vc_col-sm-12\"><div class=\"vc_column-inner\"><div class=\"wpb_wrapper\">\n\t<div class=\"wpb_text_column wpb_content_element\" >\n\t\t<div class=\"wpb_wrapper\">\n\t\t\t<h4><a href=\"http:\/\/maldives-paradise.com\/da\/palm-beach-island-resort-spa\/\">Palm Beach Island Resort &amp; Spa<\/a><\/h4>\n<p>Palm Beach Island Resort &amp; Spa, beliggende p\u00e5 en fantastisk 2 km lang \u00f8, er kendt for sine luksuri\u00f8se indkvarteringer, herunder nogle af de st\u00f8rste villaer p\u00e5 Maldiverne. Resortet tilbyder en blanding af afslapning og eventyr med et omfattende dykkercenter, en beroligende spa og flere spisemuligheder, der serverer internationale retter.<\/p>\n\n\t\t<\/div>\n\t<\/div>\n<\/div><\/div><\/div><\/div><div class=\"vc_row wpb_row vc_row-fluid\"><div class=\"wpb_column vc_column_container vc_col-sm-12\"><div class=\"vc_column-inner\"><div class=\"wpb_wrapper\">\n\t<div  class=\"wpb_single_image wpb_content_element vc_align_left wpb_content_element\">\n\t\t<h2 class=\"wpb_heading wpb_singleimage_heading\">Innahura Maldives Resort<\/h2>\n\t\t<figure class=\"wpb_wrapper vc_figure\">\n\t\t\t<div class=\"vc_single_image-wrapper   vc_box_border_grey\"><img loading=\"lazy\" decoding=\"async\" width=\"780\" height=\"437\" src=\"https:\/\/maldives-paradise.com\/wp-content\/uploads\/2024\/05\/Innahura-Maldives-Resort2.jpg\" class=\"vc_single_image-img attachment-large\" alt=\"Innahura Maldives Resort\" title=\"Innahura-Maldiverne-Resort2\" srcset=\"https:\/\/maldives-paradise.com\/wp-content\/uploads\/2024\/05\/Innahura-Maldives-Resort2.jpg 780w, https:\/\/maldives-paradise.com\/wp-content\/uploads\/2024\/05\/Innahura-Maldives-Resort2-300x168.jpg 300w, https:\/\/maldives-paradise.com\/wp-content\/uploads\/2024\/05\/Innahura-Maldives-Resort2-768x430.jpg 768w, https:\/\/maldives-paradise.com\/wp-content\/uploads\/2024\/05\/Innahura-Maldives-Resort2-18x10.jpg 18w, https:\/\/maldives-paradise.com\/wp-content\/uploads\/2024\/05\/Innahura-Maldives-Resort2-678x381.jpg 678w, https:\/\/maldives-paradise.com\/wp-content\/uploads\/2024\/05\/Innahura-Maldives-Resort2-500x280.jpg 500w\" sizes=\"auto, (max-width: 780px) 100vw, 780px\" \/><\/div>\n\t\t<\/figure>\n\t<\/div>\n<\/div><\/div><\/div><\/div><div class=\"vc_row wpb_row vc_row-fluid\"><div class=\"wpb_column vc_column_container vc_col-sm-12\"><div class=\"vc_column-inner\"><div class=\"wpb_wrapper\">\n\t<div class=\"wpb_text_column wpb_content_element\" >\n\t\t<div class=\"wpb_wrapper\">\n\t\t\t<h4><a href=\"http:\/\/maldives-paradise.com\/da\/innahura-maldiverne-resort\/\">Innahura Maldives Resort<\/a><\/h4>\n<p>Innahura Maldives Resort tilbyder en upr\u00e6tenti\u00f8s luksusoplevelse med fokus p\u00e5 Maldivernes naturlige sk\u00f8nhed. Resortets bungalows er designet med komfort og enkelhed i tankerne og skaber et fredeligt tilflugtssted. Innahuras tilgang til luksus er afslappet og fokuseret p\u00e5 at give en autentisk maldivisk ferieoplevelse.<\/p>\n<p>Lhaviyani Atolls luksusresorts er mere end blot steder at overnatte; de er porte til oplevelser, der h\u00e6nger ved i erindringen l\u00e6nge efter, at solbrunheden er falmet. Hvert resort, med sine unikke tilbud og uovertrufne g\u00e6stfrihed, inviterer g\u00e6sterne til at opdage Maldivernes pragt i luksusens sk\u00f8d.<\/p>\n\n\t\t<\/div>\n\t<\/div>\n<\/div><\/div><\/div><\/div>\n<\/div>","protected":false},"excerpt":{"rendered":"<div class=\"mh-excerpt\"><\/div>","protected":false},"author":1,"featured_media":16337,"parent":0,"menu_order":0,"comment_status":"closed","ping_status":"closed","template":"","meta":{"footnotes":""},"class_list":["post-16336","page","type-page","status-publish","has-post-thumbnail"],"aioseo_notices":[],"_links":{"self":[{"href":"http:\/\/maldives-paradise.com\/da\/wp-json\/wp\/v2\/pages\/16336","targetHints":{"allow":["GET"]}}],"collection":[{"href":"http:\/\/maldives-paradise.com\/da\/wp-json\/wp\/v2\/pages"}],"about":[{"href":"http:\/\/maldives-paradise.com\/da\/wp-json\/wp\/v2\/types\/page"}],"author":[{"embeddable":true,"href":"http:\/\/maldives-paradise.com\/da\/wp-json\/wp\/v2\/users\/1"}],"replies":[{"embeddable":true,"href":"http:\/\/maldives-paradise.com\/da\/wp-json\/wp\/v2\/comments?post=16336"}],"version-history":[{"count":4,"href":"http:\/\/maldives-paradise.com\/da\/wp-json\/wp\/v2\/pages\/16336\/revisions"}],"predecessor-version":[{"id":16352,"href":"http:\/\/maldives-paradise.com\/da\/wp-json\/wp\/v2\/pages\/16336\/revisions\/16352"}],"wp:featuredmedia":[{"embeddable":true,"href":"http:\/\/maldives-paradise.com\/da\/wp-json\/wp\/v2\/media\/16337"}],"wp:attachment":[{"href":"http:\/\/maldives-paradise.com\/da\/wp-json\/wp\/v2\/media?parent=16336"}],"curies":[{"name":"wp","href":"https:\/\/api.w.org\/{rel}","templated":true}]}}