{"id":16281,"date":"2024-05-30T15:27:54","date_gmt":"2024-05-30T15:27:54","guid":{"rendered":"http:\/\/maldives-paradise.com\/?page_id=16281"},"modified":"2025-02-22T18:08:19","modified_gmt":"2025-02-22T18:08:19","slug":"bedste-luksusresorts-i-meemu-atollen","status":"publish","type":"page","link":"http:\/\/maldives-paradise.com\/da\/bedste-luksusresorts-i-meemu-atollen\/","title":{"rendered":"Bedste luksusferiesteder i Meemu Atoll"},"content":{"rendered":"<div class=\"wpb-content-wrapper\"><div class=\"vc_row wpb_row vc_row-fluid\"><div class=\"wpb_column vc_column_container vc_col-sm-12\"><div class=\"vc_column-inner\"><div class=\"wpb_wrapper\">\n\t<div class=\"wpb_text_column wpb_content_element\" >\n\t\t<div class=\"wpb_wrapper\">\n\t\t\t<p>Meemu Atoll, der ligger i Maldivernes forbl\u00f8ffende smukke \u00f8hav, forbliver et relativt uber\u00f8rt paradis, der tilbyder kr\u00e6sne rejsende en mere afsondret og intim oplevelse af luksus. Kendt for sine pulserende koralrev, krystalklare vand og en f\u00f8lelse af ro, der pr\u00e6ger sine \u00f8er, <strong>Meemu Atoll<\/strong> er v\u00e6rt for nogle af de fineste luksusresorts p\u00e5 Maldiverne. Her er en udforskning af de bedste luksusresorter i Meemu Atoll, der hver lover en uforglemmelig flugt til paradis.<\/p>\n\n\t\t<\/div>\n\t<\/div>\n<\/div><\/div><\/div><\/div><div class=\"vc_row wpb_row vc_row-fluid\"><div class=\"wpb_column vc_column_container vc_col-sm-12\"><div class=\"vc_column-inner\"><div class=\"wpb_wrapper\">\n\t<div  class=\"wpb_single_image wpb_content_element vc_align_left wpb_content_element\">\n\t\t<h2 class=\"wpb_heading wpb_singleimage_heading\">Kanel Hakuraa Huraa Maldiverne<\/h2>\n\t\t<figure class=\"wpb_wrapper vc_figure\">\n\t\t\t<div class=\"vc_single_image-wrapper   vc_box_border_grey\"><img loading=\"lazy\" decoding=\"async\" width=\"780\" height=\"436\" src=\"https:\/\/maldives-paradise.com\/wp-content\/uploads\/2024\/05\/Cinnamon-Hakuraa-Water-Bungalow.jpg\" class=\"vc_single_image-img attachment-large\" alt=\"Kanel Hakuraa Huraa Maldiverne\" title=\"Kanel-Hakuraa-Vand-Bungalow\" srcset=\"https:\/\/maldives-paradise.com\/wp-content\/uploads\/2024\/05\/Cinnamon-Hakuraa-Water-Bungalow.jpg 780w, https:\/\/maldives-paradise.com\/wp-content\/uploads\/2024\/05\/Cinnamon-Hakuraa-Water-Bungalow-300x168.jpg 300w, https:\/\/maldives-paradise.com\/wp-content\/uploads\/2024\/05\/Cinnamon-Hakuraa-Water-Bungalow-768x429.jpg 768w, https:\/\/maldives-paradise.com\/wp-content\/uploads\/2024\/05\/Cinnamon-Hakuraa-Water-Bungalow-18x10.jpg 18w, https:\/\/maldives-paradise.com\/wp-content\/uploads\/2024\/05\/Cinnamon-Hakuraa-Water-Bungalow-500x279.jpg 500w\" sizes=\"auto, (max-width: 780px) 100vw, 780px\" \/><\/div>\n\t\t<\/figure>\n\t<\/div>\n<\/div><\/div><\/div><\/div><div class=\"vc_row wpb_row vc_row-fluid\"><div class=\"wpb_column vc_column_container vc_col-sm-12\"><div class=\"vc_column-inner\"><div class=\"wpb_wrapper\">\n\t<div class=\"wpb_text_column wpb_content_element\" >\n\t\t<div class=\"wpb_wrapper\">\n\t\t\t<h4><a href=\"http:\/\/maldives-paradise.com\/da\/kanel-hakuraa-huraa-maldiverne\/\"><strong>Kanel Hakuraa Huraa Maldiverne<\/strong><\/a><\/h4>\n<p>Cinnamon Hakuraa Huraa Maldiverne er kendt for sine overvandsbungalower, som st\u00e5r p\u00e5 p\u00e6le over den glitrende lagune. Dette resort med alt inklusive tilbyder en r\u00e6kke madoplevelser, en spa, der flyder p\u00e5 vandet, og en r\u00e6kke vandsport, hvilket g\u00f8r det til en ideel destination for dem, der s\u00f8ger luksus i harmoni med naturen i Meemu Atoll.<\/p>\n\n\t\t<\/div>\n\t<\/div>\n<\/div><\/div><\/div><\/div><div class=\"vc_row wpb_row vc_row-fluid\"><div class=\"wpb_column vc_column_container vc_col-sm-12\"><div class=\"vc_column-inner\"><div class=\"wpb_wrapper\">\n\t<div  class=\"wpb_single_image wpb_content_element vc_align_left wpb_content_element\">\n\t\t<h2 class=\"wpb_heading wpb_singleimage_heading\">Madifushi Private Island<\/h2>\n\t\t<figure class=\"wpb_wrapper vc_figure\">\n\t\t\t<div class=\"vc_single_image-wrapper   vc_box_border_grey\"><img loading=\"lazy\" decoding=\"async\" width=\"780\" height=\"520\" src=\"https:\/\/maldives-paradise.com\/wp-content\/uploads\/2024\/05\/madifushi.jpg\" class=\"vc_single_image-img attachment-large\" alt=\"Madifushi Private Island\" title=\"madifushi\" srcset=\"https:\/\/maldives-paradise.com\/wp-content\/uploads\/2024\/05\/madifushi.jpg 780w, https:\/\/maldives-paradise.com\/wp-content\/uploads\/2024\/05\/madifushi-300x200.jpg 300w, https:\/\/maldives-paradise.com\/wp-content\/uploads\/2024\/05\/madifushi-768x512.jpg 768w, https:\/\/maldives-paradise.com\/wp-content\/uploads\/2024\/05\/madifushi-18x12.jpg 18w, https:\/\/maldives-paradise.com\/wp-content\/uploads\/2024\/05\/madifushi-500x333.jpg 500w\" sizes=\"auto, (max-width: 780px) 100vw, 780px\" \/><\/div>\n\t\t<\/figure>\n\t<\/div>\n<\/div><\/div><\/div><\/div><div class=\"vc_row wpb_row vc_row-fluid\"><div class=\"wpb_column vc_column_container vc_col-sm-12\"><div class=\"vc_column-inner\"><div class=\"wpb_wrapper\">\n\t<div class=\"wpb_text_column wpb_content_element\" >\n\t\t<div class=\"wpb_wrapper\">\n\t\t\t<h4><a href=\"https:\/\/hotellook.tp.st\/ShRDgNOx\" target=\"_blank\" rel=\"nofollow noopener\">Madifushi Private Island<\/a><\/h4>\n<p>Madifushi Private Island Maldives kan varmt anbefales for sine uplettede faciliteter og luksuri\u00f8se faciliteter, selvom der er et forslag om, at spa- og b\u00f8rneaktiviteterne kan forbedres. Anmeldere er overstr\u00f8mmende med hensyn til den ekstraordin\u00e6re service og bem\u00e6rker personalets lydh\u00f8rhed og den overordnede atmosf\u00e6re af elegance og ro.<\/p>\n\n\t\t<\/div>\n\t<\/div>\n<\/div><\/div><\/div><\/div><div class=\"vc_row wpb_row vc_row-fluid\"><div class=\"wpb_column vc_column_container vc_col-sm-12\"><div class=\"vc_column-inner\"><div class=\"wpb_wrapper\">\n\t<div  class=\"wpb_single_image wpb_content_element vc_align_left wpb_content_element\">\n\t\t<h2 class=\"wpb_heading wpb_singleimage_heading\">Medhufushi Island Resort<\/h2>\n\t\t<figure class=\"wpb_wrapper vc_figure\">\n\t\t\t<div class=\"vc_single_image-wrapper   vc_box_border_grey\"><img loading=\"lazy\" decoding=\"async\" width=\"780\" height=\"520\" src=\"https:\/\/maldives-paradise.com\/wp-content\/uploads\/2024\/05\/Medhufushi-Island-Resort.jpg\" class=\"vc_single_image-img attachment-large\" alt=\"Medhufushi Island Resort\" title=\"Medhufushi Island Resort\" srcset=\"https:\/\/maldives-paradise.com\/wp-content\/uploads\/2024\/05\/Medhufushi-Island-Resort.jpg 780w, https:\/\/maldives-paradise.com\/wp-content\/uploads\/2024\/05\/Medhufushi-Island-Resort-300x200.jpg 300w, https:\/\/maldives-paradise.com\/wp-content\/uploads\/2024\/05\/Medhufushi-Island-Resort-768x512.jpg 768w, https:\/\/maldives-paradise.com\/wp-content\/uploads\/2024\/05\/Medhufushi-Island-Resort-18x12.jpg 18w, https:\/\/maldives-paradise.com\/wp-content\/uploads\/2024\/05\/Medhufushi-Island-Resort-500x333.jpg 500w\" sizes=\"auto, (max-width: 780px) 100vw, 780px\" \/><\/div>\n\t\t<\/figure>\n\t<\/div>\n<\/div><\/div><\/div><\/div><div class=\"vc_row wpb_row vc_row-fluid\"><div class=\"wpb_column vc_column_container vc_col-sm-12\"><div class=\"vc_column-inner\"><div class=\"wpb_wrapper\">\n\t<div class=\"wpb_text_column wpb_content_element\" >\n\t\t<div class=\"wpb_wrapper\">\n\t\t\t<h4><a href=\"http:\/\/maldives-paradise.com\/da\/medhufushi-island-resort\/\">Medhufushi Island Resort<\/a><\/h4>\n<p>Medhufushi Island Resort er en rolig oase af sindsro, der blander traditionel maldivisk \u00e6stetik med moderne luksus. Resortets overvands- og strandvillaer tilbyder en betagende udsigt og direkte adgang til det turkise vand. Med en spa i verdensklasse, vandsportscenter og uds\u00f8gte spisemuligheder giver Medhufushi en holistisk luksusoplevelse i maleriske omgivelser.<\/p>\n<p>Disse luksusresorts i Meemu Atoll tilbyder en unik blanding af afsondrethed, naturlig sk\u00f8nhed og overd\u00e5dig komfort, hvilket g\u00f8r dem til perfekte destinationer for dem, der \u00f8nsker at undslippe hverdagens stress og jag. Uanset om du er eventyrlysten, en afslapningselsker eller en midt imellem, lover Meemu Atolls luksusresorts en maldivisk oplevelse uden sidestykke.<\/p>\n\n\t\t<\/div>\n\t<\/div>\n<\/div><\/div><\/div><\/div>\n<\/div>","protected":false},"excerpt":{"rendered":"<div class=\"mh-excerpt\"><\/div>","protected":false},"author":1,"featured_media":16282,"parent":0,"menu_order":0,"comment_status":"closed","ping_status":"closed","template":"","meta":{"footnotes":""},"class_list":["post-16281","page","type-page","status-publish","has-post-thumbnail"],"aioseo_notices":[],"_links":{"self":[{"href":"http:\/\/maldives-paradise.com\/da\/wp-json\/wp\/v2\/pages\/16281","targetHints":{"allow":["GET"]}}],"collection":[{"href":"http:\/\/maldives-paradise.com\/da\/wp-json\/wp\/v2\/pages"}],"about":[{"href":"http:\/\/maldives-paradise.com\/da\/wp-json\/wp\/v2\/types\/page"}],"author":[{"embeddable":true,"href":"http:\/\/maldives-paradise.com\/da\/wp-json\/wp\/v2\/users\/1"}],"replies":[{"embeddable":true,"href":"http:\/\/maldives-paradise.com\/da\/wp-json\/wp\/v2\/comments?post=16281"}],"version-history":[{"count":3,"href":"http:\/\/maldives-paradise.com\/da\/wp-json\/wp\/v2\/pages\/16281\/revisions"}],"predecessor-version":[{"id":16288,"href":"http:\/\/maldives-paradise.com\/da\/wp-json\/wp\/v2\/pages\/16281\/revisions\/16288"}],"wp:featuredmedia":[{"embeddable":true,"href":"http:\/\/maldives-paradise.com\/da\/wp-json\/wp\/v2\/media\/16282"}],"wp:attachment":[{"href":"http:\/\/maldives-paradise.com\/da\/wp-json\/wp\/v2\/media?parent=16281"}],"curies":[{"name":"wp","href":"https:\/\/api.w.org\/{rel}","templated":true}]}}