{"id":16243,"date":"2024-05-28T18:22:14","date_gmt":"2024-05-28T18:22:14","guid":{"rendered":"http:\/\/maldives-paradise.com\/?page_id=16243"},"modified":"2025-02-22T18:05:32","modified_gmt":"2025-02-22T18:05:32","slug":"bedste-luksusresorts-i-laamu-atollen","status":"publish","type":"page","link":"http:\/\/maldives-paradise.com\/da\/bedste-luksusresorts-i-laamu-atollen\/","title":{"rendered":"Bedste luksusferiesteder i Laamu Atoll"},"content":{"rendered":"<div class=\"wpb-content-wrapper\"><div class=\"vc_row wpb_row vc_row-fluid\"><div class=\"wpb_column vc_column_container vc_col-sm-12\"><div class=\"vc_column-inner\"><div class=\"wpb_wrapper\">\n\t<div class=\"wpb_text_column wpb_content_element\" >\n\t\t<div class=\"wpb_wrapper\">\n\t\t\t<p>Laamu Atoll, beliggende i det sydlige Maldiverne, er et betagende gobelin af glitrende azurbl\u00e5 vand, livlige koralrev og uber\u00f8rte tropiske \u00f8er. Det repr\u00e6senterer et eksklusivt tilflugtssted for dem, der s\u00f8ger privatliv, uovertruffen luksus og en \u00e6gte forbindelse med naturens fredfyldte sk\u00f8nhed. Atollens luksusresorts er mesterklasser i b\u00e6redygtig luksus, der kombinerer \u00f8ko-bevidst praksis med overb\u00e6rende oplevelser, hvilket sikrer, at g\u00e6sterne nyder det uber\u00f8rte milj\u00f8 ansvarligt og luksuri\u00f8st. Her er de bedste luksusresorts i <strong>Laamu Atoll<\/strong>, som hver tilbyder et enest\u00e5ende stykke paradis.<\/p>\n\n\t\t<\/div>\n\t<\/div>\n<\/div><\/div><\/div><\/div><div class=\"vc_row wpb_row vc_row-fluid\"><div class=\"wpb_column vc_column_container vc_col-sm-12\"><div class=\"vc_column-inner\"><div class=\"wpb_wrapper\">\n\t<div  class=\"wpb_single_image wpb_content_element vc_align_left wpb_content_element\">\n\t\t<h2 class=\"wpb_heading wpb_singleimage_heading\">Seks sanser Laamu<\/h2>\n\t\t<figure class=\"wpb_wrapper vc_figure\">\n\t\t\t<div class=\"vc_single_image-wrapper   vc_box_border_grey\"><img loading=\"lazy\" decoding=\"async\" width=\"780\" height=\"474\" src=\"https:\/\/maldives-paradise.com\/wp-content\/uploads\/2024\/05\/six-senses-laamu.jpg\" class=\"vc_single_image-img attachment-large\" alt=\"Seks sanser Laamu\" title=\"Seks sanser Laamu\" srcset=\"https:\/\/maldives-paradise.com\/wp-content\/uploads\/2024\/05\/six-senses-laamu.jpg 780w, https:\/\/maldives-paradise.com\/wp-content\/uploads\/2024\/05\/six-senses-laamu-300x182.jpg 300w, https:\/\/maldives-paradise.com\/wp-content\/uploads\/2024\/05\/six-senses-laamu-768x467.jpg 768w, https:\/\/maldives-paradise.com\/wp-content\/uploads\/2024\/05\/six-senses-laamu-18x12.jpg 18w, https:\/\/maldives-paradise.com\/wp-content\/uploads\/2024\/05\/six-senses-laamu-500x304.jpg 500w\" sizes=\"auto, (max-width: 780px) 100vw, 780px\" \/><\/div>\n\t\t<\/figure>\n\t<\/div>\n<\/div><\/div><\/div><\/div><div class=\"vc_row wpb_row vc_row-fluid\"><div class=\"wpb_column vc_column_container vc_col-sm-12\"><div class=\"vc_column-inner\"><div class=\"wpb_wrapper\">\n\t<div class=\"wpb_text_column wpb_content_element\" >\n\t\t<div class=\"wpb_wrapper\">\n\t\t\t<h4><a href=\"http:\/\/maldives-paradise.com\/da\/seks-sanser-laamu\/\">Seks sanser Laamu<\/a><\/h4>\n<p>Six Senses Laamu er indbegrebet af b\u00e6redygtig luksus, st\u00e5ende alene i Laamu Atoll. Det blander problemfrit milj\u00f8ansvar med luksuri\u00f8s livsstil, og tilbyder villaer bygget af naturlige materialer, placeret over vandet eller beliggende i frodig vegetation. Resortets forpligtelse til bevaring er tydelig i dets \u00f8kologiske haver, marine bevaringsprogrammer og Earth Lab, der viser b\u00e6redygtighedsindsatsen. G\u00e6ster kan nyde madoplevelser i verdensklasse, innovative wellness-behandlinger i Six Senses Spa og et v\u00e6ld af vandbaserede aktiviteter, alt imens de er omgivet af atollens betagende naturlige sk\u00f8nhed.<\/p>\n\n\t\t<\/div>\n\t<\/div>\n<\/div><\/div><\/div><\/div><div class=\"vc_row wpb_row vc_row-fluid\"><div class=\"wpb_column vc_column_container vc_col-sm-12\"><div class=\"vc_column-inner\"><div class=\"wpb_wrapper\">\n\t<div  class=\"wpb_single_image wpb_content_element vc_align_left wpb_content_element\">\n\t\t<h2 class=\"wpb_heading wpb_singleimage_heading\">Rahaa Resort Maldiverne<\/h2>\n\t\t<figure class=\"wpb_wrapper vc_figure\">\n\t\t\t<div class=\"vc_single_image-wrapper   vc_box_border_grey\"><img loading=\"lazy\" decoding=\"async\" width=\"780\" height=\"519\" src=\"https:\/\/maldives-paradise.com\/wp-content\/uploads\/2024\/05\/rahaa.jpg\" class=\"vc_single_image-img attachment-large\" alt=\"Rahaa resort\" title=\"rahaa\" srcset=\"https:\/\/maldives-paradise.com\/wp-content\/uploads\/2024\/05\/rahaa.jpg 780w, https:\/\/maldives-paradise.com\/wp-content\/uploads\/2024\/05\/rahaa-300x200.jpg 300w, https:\/\/maldives-paradise.com\/wp-content\/uploads\/2024\/05\/rahaa-768x511.jpg 768w, https:\/\/maldives-paradise.com\/wp-content\/uploads\/2024\/05\/rahaa-18x12.jpg 18w, https:\/\/maldives-paradise.com\/wp-content\/uploads\/2024\/05\/rahaa-500x333.jpg 500w\" sizes=\"auto, (max-width: 780px) 100vw, 780px\" \/><\/div>\n\t\t<\/figure>\n\t<\/div>\n<\/div><\/div><\/div><\/div><div class=\"vc_row wpb_row vc_row-fluid\"><div class=\"wpb_column vc_column_container vc_col-sm-12\"><div class=\"vc_column-inner\"><div class=\"wpb_wrapper\">\n\t<div class=\"wpb_text_column wpb_content_element\" >\n\t\t<div class=\"wpb_wrapper\">\n\t\t\t<h4><a href=\"http:\/\/maldives-paradise.com\/da\/rahaa-resort-maldiverne\/\">Rahaa Resort Maldiverne<\/a><\/h4>\n<p>Rahaa er et 4-stjernet resort beliggende i den uber\u00f8rte og trafikfattige Laamu Atoll, en v\u00e6rdsat destination for en lang r\u00e6kke rejsende, fra bryllupsrejser og familier til grupper af venner og eventyrere. En naturlig smuk beliggenhed med original vegetation, brede strandstr\u00e6kninger og en naturlig saltvandss\u00f8. Rahaa kan n\u00e5s via en kort indenrigsflyvning p\u00e5 30 \u2013 40 minutter efterfulgt af en hurtig tur p\u00e5 20 \u2013 30 minutter med speedb\u00e5d. Resortet kan prale af to villakategorier p\u00e5 land med pulserende minimalistisk moderne design infunderet med den lokale maldiviske arkitektur, Lake View Villas og Ocean View Villas. G\u00e6sterne kan nyde fremragende internationale og lokale retter p\u00e5 hovedrestauranten &#039;Kaage&#039; og to barer &#039;Dhirun Bar&#039; og &#039;Ko&#039;Bar&#039;. Alle forretninger er lige ved stranden med hav- og s\u00f8udsigt. Rahaa tilbyder desuden en bred vifte af aktiviteter og tjenester, herunder dykning, vandsport, b\u00f8rnehj\u00f8rne, SPA, fitnessrum, udflugter, surfing og mere.<\/p>\n\n\t\t<\/div>\n\t<\/div>\n<\/div><\/div><\/div><\/div><div class=\"vc_row wpb_row vc_row-fluid\"><div class=\"wpb_column vc_column_container vc_col-sm-12\"><div class=\"vc_column-inner\"><div class=\"wpb_wrapper\">\n\t<div  class=\"wpb_single_image wpb_content_element vc_align_left wpb_content_element\">\n\t\t<h2 class=\"wpb_heading wpb_singleimage_heading\">Evexia Beach Collection Laamu<\/h2>\n\t\t<figure class=\"wpb_wrapper vc_figure\">\n\t\t\t<div class=\"vc_single_image-wrapper   vc_box_border_grey\"><img loading=\"lazy\" decoding=\"async\" width=\"780\" height=\"503\" src=\"https:\/\/maldives-paradise.com\/wp-content\/uploads\/2024\/05\/evexia-residences-beach.jpg\" class=\"vc_single_image-img attachment-large\" alt=\"evexia strand kollektion laamu\" title=\"evexia-residences-strand\" srcset=\"https:\/\/maldives-paradise.com\/wp-content\/uploads\/2024\/05\/evexia-residences-beach.jpg 780w, https:\/\/maldives-paradise.com\/wp-content\/uploads\/2024\/05\/evexia-residences-beach-300x193.jpg 300w, https:\/\/maldives-paradise.com\/wp-content\/uploads\/2024\/05\/evexia-residences-beach-768x495.jpg 768w, https:\/\/maldives-paradise.com\/wp-content\/uploads\/2024\/05\/evexia-residences-beach-18x12.jpg 18w, https:\/\/maldives-paradise.com\/wp-content\/uploads\/2024\/05\/evexia-residences-beach-500x322.jpg 500w\" sizes=\"auto, (max-width: 780px) 100vw, 780px\" \/><\/div>\n\t\t<\/figure>\n\t<\/div>\n<\/div><\/div><\/div><\/div><div class=\"vc_row wpb_row vc_row-fluid\"><div class=\"wpb_column vc_column_container vc_col-sm-12\"><div class=\"vc_column-inner\"><div class=\"wpb_wrapper\">\n\t<div class=\"wpb_text_column wpb_content_element\" >\n\t\t<div class=\"wpb_wrapper\">\n\t\t\t<h4>Evexia Beach Collection Laamu<\/h4>\n<p>Evexia Beach Collection LaamuTM er et f\u00f8rsteklasses milj\u00f8venligt boutique-resort, som har omfattende fritids- og wellness-faciliteter, der overg\u00e5r forventningerne til en wellness-rejsende. Det tilbyder tre forskellige typer v\u00e6relser, restauranter, pool med lange runder, privat uber\u00f8rt strand, Ayush SpaTM, fitnesscenter, en gr\u00e6spl\u00e6ne til yoga og meditation og en gavebutik.<\/p>\n\n\t\t<\/div>\n\t<\/div>\n<\/div><\/div><\/div><\/div><div class=\"vc_row wpb_row vc_row-fluid\"><div class=\"wpb_column vc_column_container vc_col-sm-12\"><div class=\"vc_column-inner\"><div class=\"wpb_wrapper\">\n\t<div  class=\"wpb_single_image wpb_content_element vc_align_left wpb_content_element\">\n\t\t<h2 class=\"wpb_heading wpb_singleimage_heading\">Amra Palace Laamu<\/h2>\n\t\t<figure class=\"wpb_wrapper vc_figure\">\n\t\t\t<div class=\"vc_single_image-wrapper   vc_box_border_grey\"><img loading=\"lazy\" decoding=\"async\" width=\"780\" height=\"520\" src=\"https:\/\/maldives-paradise.com\/wp-content\/uploads\/2024\/05\/Amra-Palace-laamu.jpeg\" class=\"vc_single_image-img attachment-large\" alt=\"Amra Palace Laamu\" title=\"Amra-Palace-laamu\" srcset=\"https:\/\/maldives-paradise.com\/wp-content\/uploads\/2024\/05\/Amra-Palace-laamu.jpeg 780w, https:\/\/maldives-paradise.com\/wp-content\/uploads\/2024\/05\/Amra-Palace-laamu-300x200.jpeg 300w, https:\/\/maldives-paradise.com\/wp-content\/uploads\/2024\/05\/Amra-Palace-laamu-768x512.jpeg 768w, https:\/\/maldives-paradise.com\/wp-content\/uploads\/2024\/05\/Amra-Palace-laamu-18x12.jpeg 18w, https:\/\/maldives-paradise.com\/wp-content\/uploads\/2024\/05\/Amra-Palace-laamu-500x333.jpeg 500w\" sizes=\"auto, (max-width: 780px) 100vw, 780px\" \/><\/div>\n\t\t<\/figure>\n\t<\/div>\n<\/div><\/div><\/div><\/div><div class=\"vc_row wpb_row vc_row-fluid\"><div class=\"wpb_column vc_column_container vc_col-sm-12\"><div class=\"vc_column-inner\"><div class=\"wpb_wrapper\">\n\t<div class=\"wpb_text_column wpb_content_element\" >\n\t\t<div class=\"wpb_wrapper\">\n\t\t\t<h4><a href=\"https:\/\/hotellook.tp.st\/1BjYBZ1c\" target=\"_blank\" rel=\"nofollow noopener\">Amra Palace Laamu<\/a><\/h4>\n<p>Bes\u00f8g Amra Palace Laamu Oplev sk\u00f8nheden i \u00e6gte Maldiverne, solen, hvide sandstrande, krystalklart hav, mange nuancer af klar bl\u00e5 himmel ved at bo p\u00e5 Amra Palace, Gan Island, Laamu Atoll, Maldiverne. Nyd hotellets rekreative faciliteter, inklusive badmintonbane, b\u00e5de, kano, leje af vandsportsudstyr, snorkling, f\u00f8r du tr\u00e6kker dig tilbage til dit v\u00e6relse for et velfortjent hvil. Amra Palace kombinerer varm g\u00e6stfrihed med en dejlig stemning for at g\u00f8re dit ophold p\u00e5 Maldiverne uforglemmeligt.<\/p>\n\n\t\t<\/div>\n\t<\/div>\n<\/div><\/div><\/div><\/div>\n<\/div>","protected":false},"excerpt":{"rendered":"<div class=\"mh-excerpt\"><\/div>","protected":false},"author":1,"featured_media":16244,"parent":0,"menu_order":0,"comment_status":"closed","ping_status":"closed","template":"","meta":{"footnotes":""},"class_list":["post-16243","page","type-page","status-publish","has-post-thumbnail"],"aioseo_notices":[],"_links":{"self":[{"href":"http:\/\/maldives-paradise.com\/da\/wp-json\/wp\/v2\/pages\/16243","targetHints":{"allow":["GET"]}}],"collection":[{"href":"http:\/\/maldives-paradise.com\/da\/wp-json\/wp\/v2\/pages"}],"about":[{"href":"http:\/\/maldives-paradise.com\/da\/wp-json\/wp\/v2\/types\/page"}],"author":[{"embeddable":true,"href":"http:\/\/maldives-paradise.com\/da\/wp-json\/wp\/v2\/users\/1"}],"replies":[{"embeddable":true,"href":"http:\/\/maldives-paradise.com\/da\/wp-json\/wp\/v2\/comments?post=16243"}],"version-history":[{"count":2,"href":"http:\/\/maldives-paradise.com\/da\/wp-json\/wp\/v2\/pages\/16243\/revisions"}],"predecessor-version":[{"id":16251,"href":"http:\/\/maldives-paradise.com\/da\/wp-json\/wp\/v2\/pages\/16243\/revisions\/16251"}],"wp:featuredmedia":[{"embeddable":true,"href":"http:\/\/maldives-paradise.com\/da\/wp-json\/wp\/v2\/media\/16244"}],"wp:attachment":[{"href":"http:\/\/maldives-paradise.com\/da\/wp-json\/wp\/v2\/media?parent=16243"}],"curies":[{"name":"wp","href":"https:\/\/api.w.org\/{rel}","templated":true}]}}