{"id":16026,"date":"2024-05-25T10:56:36","date_gmt":"2024-05-25T10:56:36","guid":{"rendered":"http:\/\/maldives-paradise.com\/?page_id=16026"},"modified":"2025-10-10T15:08:11","modified_gmt":"2025-10-10T15:08:11","slug":"de-bedste-luksusresorts-i-gaafu-atollen","status":"publish","type":"page","link":"http:\/\/maldives-paradise.com\/da\/de-bedste-luksusresorts-i-gaafu-atollen\/","title":{"rendered":"De bedste luksusresorts i Gaafu-atollen"},"content":{"rendered":"<div class=\"wpb-content-wrapper\"><div class=\"vc_row wpb_row vc_row-fluid\"><div class=\"wpb_column vc_column_container vc_col-sm-12\"><div class=\"vc_column-inner\"><div class=\"wpb_wrapper\">\n\t<div class=\"wpb_text_column wpb_content_element\" >\n\t\t<div class=\"wpb_wrapper\">\n\t\t\t<p><strong>Gaafu Atoll<\/strong> er et popul\u00e6rt turistm\u00e5l for dem, der s\u00f8ger en autentisk maldivisk oplevelse. Atollen er kendt for sine uber\u00f8rte strande, turkisbl\u00e5 vand og forskelligartede havliv, hvilket g\u00f8r den til et ideelt sted for snorkling og dykning. Atollen er en af de st\u00f8rste p\u00e5 Maldiverne med 87 \u00f8er, hvoraf kun 12 er beboede.<\/p>\n\n\t\t<\/div>\n\t<\/div>\n<\/div><\/div><\/div><\/div><div class=\"vc_row wpb_row vc_row-fluid\"><div class=\"wpb_column vc_column_container vc_col-sm-12\"><div class=\"vc_column-inner\"><div class=\"wpb_wrapper\">\n\t<div  class=\"wpb_single_image wpb_content_element vc_align_left wpb_content_element\">\n\t\t<h2 class=\"wpb_heading wpb_singleimage_heading\">Raffles Maldiverne Meradhoo<\/h2>\n\t\t<figure class=\"wpb_wrapper vc_figure\">\n\t\t\t<div class=\"vc_single_image-wrapper   vc_box_border_grey\"><img loading=\"lazy\" decoding=\"async\" width=\"1024\" height=\"768\" src=\"https:\/\/maldives-paradise.com\/wp-content\/uploads\/2024\/05\/raffles.jpg\" class=\"vc_single_image-img attachment-large\" alt=\"Raffles Maldiverne Meradhoo\" title=\"lodtr\u00e6kninger\" srcset=\"https:\/\/maldives-paradise.com\/wp-content\/uploads\/2024\/05\/raffles.jpg 1024w, https:\/\/maldives-paradise.com\/wp-content\/uploads\/2024\/05\/raffles-300x225.jpg 300w, https:\/\/maldives-paradise.com\/wp-content\/uploads\/2024\/05\/raffles-768x576.jpg 768w, https:\/\/maldives-paradise.com\/wp-content\/uploads\/2024\/05\/raffles-16x12.jpg 16w, https:\/\/maldives-paradise.com\/wp-content\/uploads\/2024\/05\/raffles-678x509.jpg 678w, https:\/\/maldives-paradise.com\/wp-content\/uploads\/2024\/05\/raffles-326x245.jpg 326w, https:\/\/maldives-paradise.com\/wp-content\/uploads\/2024\/05\/raffles-80x60.jpg 80w, https:\/\/maldives-paradise.com\/wp-content\/uploads\/2024\/05\/raffles-500x375.jpg 500w, https:\/\/maldives-paradise.com\/wp-content\/uploads\/2024\/05\/raffles-800x600.jpg 800w\" sizes=\"auto, (max-width: 1024px) 100vw, 1024px\" \/><\/div>\n\t\t<\/figure>\n\t<\/div>\n<\/div><\/div><\/div><\/div><div class=\"vc_row wpb_row vc_row-fluid\"><div class=\"wpb_column vc_column_container vc_col-sm-12\"><div class=\"vc_column-inner\"><div class=\"wpb_wrapper\">\n\t<div class=\"wpb_text_column wpb_content_element\" >\n\t\t<div class=\"wpb_wrapper\">\n\t\t\t<h4><a href=\"https:\/\/trip.tpo.lv\/a8GaZiTf\" target=\"_blank\" rel=\"nofollow noopener\">Raffles Maldiverne<\/a><\/h4>\n<p>Raffles Maldives Meradhoo er to uds\u00f8gte verdener i \u00e9n, omkranset af uber\u00f8rt hvidt sand og krystalklart vand. De elegante, rummelige villaer og boliger ligger f\u00e5 skridt fra stranden p\u00e5 en privat \u00f8 eller ude p\u00e5 lagunen, med fejende panoramaer af det \u00e6terisk smukke i Gaafu-atollen i Det Indiske Ocean.<\/p>\n\n\t\t<\/div>\n\t<\/div>\n<\/div><\/div><\/div><\/div><div class=\"vc_row wpb_row vc_row-fluid\"><div class=\"wpb_column vc_column_container vc_col-sm-12\"><div class=\"vc_column-inner\"><div class=\"wpb_wrapper\">\n\t<div  class=\"wpb_single_image wpb_content_element vc_align_left wpb_content_element\">\n\t\t<h2 class=\"wpb_heading wpb_singleimage_heading\">Park Hyatt Maldives Hadahaa<\/h2>\n\t\t<figure class=\"wpb_wrapper vc_figure\">\n\t\t\t<div class=\"vc_single_image-wrapper   vc_box_border_grey\"><img loading=\"lazy\" decoding=\"async\" width=\"700\" height=\"475\" src=\"https:\/\/maldives-paradise.com\/wp-content\/uploads\/2024\/05\/Park-Hyatt-Maldives-Hadahaa-deluxe-park-pool-villa.jpg\" class=\"vc_single_image-img attachment-large\" alt=\"Park Hyatt Maldives Hadahaa\" title=\"Park Hyatt Maldives Hadahaa-deluxe-park-pool-villa\" srcset=\"https:\/\/maldives-paradise.com\/wp-content\/uploads\/2024\/05\/Park-Hyatt-Maldives-Hadahaa-deluxe-park-pool-villa.jpg 700w, https:\/\/maldives-paradise.com\/wp-content\/uploads\/2024\/05\/Park-Hyatt-Maldives-Hadahaa-deluxe-park-pool-villa-300x204.jpg 300w, https:\/\/maldives-paradise.com\/wp-content\/uploads\/2024\/05\/Park-Hyatt-Maldives-Hadahaa-deluxe-park-pool-villa-18x12.jpg 18w, https:\/\/maldives-paradise.com\/wp-content\/uploads\/2024\/05\/Park-Hyatt-Maldives-Hadahaa-deluxe-park-pool-villa-500x339.jpg 500w\" sizes=\"auto, (max-width: 700px) 100vw, 700px\" \/><\/div>\n\t\t<\/figure>\n\t<\/div>\n<\/div><\/div><\/div><\/div><div class=\"vc_row wpb_row vc_row-fluid\"><div class=\"wpb_column vc_column_container vc_col-sm-12\"><div class=\"vc_column-inner\"><div class=\"wpb_wrapper\">\n\t<div class=\"wpb_text_column wpb_content_element\" >\n\t\t<div class=\"wpb_wrapper\">\n\t\t\t<h4><a href=\"https:\/\/trip.tpo.lv\/VgLltNfb\" target=\"_blank\" rel=\"nofollow noopener\">Park Hyatt Maldives Hadahaa<\/a><\/h4>\n<p>Oplev service i verdensklasse p\u00e5 Park Hyatt Maldives Hadahaa. Nyd luksuri\u00f8se ophold p\u00e5 en eksklusiv \u00f8 p\u00e5 Park Hyatt Maldives, med 5-stjernede villaer, der ligger f\u00e5 skridt fra pudderhvidt sand. Det har en udend\u00f8rs pool, PADI 5-stjernede due- og aktivitetscenter, f\u00f8rsteklasses spa og fitnesscenter. Villaerne ligger omgivet af tropiske gr\u00f8nne omr\u00e5der og har \u00e5bne badeomr\u00e5der, der byder p\u00e5 natursk\u00f8n udsigt. Villaens bekvemmeligheder inkluderer private d\u00e6k med dagsenge, mediehub og meget mere.<\/p>\n\n\t\t<\/div>\n\t<\/div>\n<\/div><\/div><\/div><\/div><div class=\"vc_row wpb_row vc_row-fluid\"><div class=\"wpb_column vc_column_container vc_col-sm-12\"><div class=\"vc_column-inner\"><div class=\"wpb_wrapper\">\n\t<div  class=\"wpb_single_image wpb_content_element vc_align_left wpb_content_element\">\n\t\t<h2 class=\"wpb_heading wpb_singleimage_heading\">ROBINSON Club Maldiverne<\/h2>\n\t\t<figure class=\"wpb_wrapper vc_figure\">\n\t\t\t<div class=\"vc_single_image-wrapper   vc_box_border_grey\"><img loading=\"lazy\" decoding=\"async\" width=\"780\" height=\"518\" src=\"https:\/\/maldives-paradise.com\/wp-content\/uploads\/2024\/05\/Robinson-Maldives-Adults-Only-Hotel-Gaafu-Alifu-Atoll-Exterior.jpeg\" class=\"vc_single_image-img attachment-large\" alt=\"Gaafu Atoll p\u00e5 Maldiverne\" title=\"Robinson-Maldiverne-Kun for voksne-Hotel-Gaafu-Alifu-Atoll-Exterior\" srcset=\"https:\/\/maldives-paradise.com\/wp-content\/uploads\/2024\/05\/Robinson-Maldives-Adults-Only-Hotel-Gaafu-Alifu-Atoll-Exterior.jpeg 780w, https:\/\/maldives-paradise.com\/wp-content\/uploads\/2024\/05\/Robinson-Maldives-Adults-Only-Hotel-Gaafu-Alifu-Atoll-Exterior-300x199.jpeg 300w, https:\/\/maldives-paradise.com\/wp-content\/uploads\/2024\/05\/Robinson-Maldives-Adults-Only-Hotel-Gaafu-Alifu-Atoll-Exterior-768x510.jpeg 768w, https:\/\/maldives-paradise.com\/wp-content\/uploads\/2024\/05\/Robinson-Maldives-Adults-Only-Hotel-Gaafu-Alifu-Atoll-Exterior-18x12.jpeg 18w, https:\/\/maldives-paradise.com\/wp-content\/uploads\/2024\/05\/Robinson-Maldives-Adults-Only-Hotel-Gaafu-Alifu-Atoll-Exterior-500x332.jpeg 500w\" sizes=\"auto, (max-width: 780px) 100vw, 780px\" \/><\/div>\n\t\t<\/figure>\n\t<\/div>\n<\/div><\/div><\/div><\/div><div class=\"vc_row wpb_row vc_row-fluid\"><div class=\"wpb_column vc_column_container vc_col-sm-12\"><div class=\"vc_column-inner\"><div class=\"wpb_wrapper\">\n\t<div class=\"wpb_text_column wpb_content_element\" >\n\t\t<div class=\"wpb_wrapper\">\n\t\t\t<h4><a href=\"https:\/\/trip.tpo.lv\/eBl71ATn\" target=\"_blank\" rel=\"nofollow noopener\">ROBINSON Club Maldiverne<\/a><\/h4>\n<p>Positioned on Funamadua Island, ROBINSON Maldives caters to adults and families with children aged 14 and above. It offers a relaxed atmosphere with beach bungalows, garden villas, and overwater villas, each designed to provide an intimate escape. The resort is known for its extensive sports programs, including diving, water sports, and fitness classes, making it the perfect choice for active travelers seeking luxury.<\/p>\n\n\t\t<\/div>\n\t<\/div>\n<\/div><\/div><\/div><\/div><div class=\"vc_row wpb_row vc_row-fluid\"><div class=\"wpb_column vc_column_container vc_col-sm-12\"><div class=\"vc_column-inner\"><div class=\"wpb_wrapper\">\n\t<div  class=\"wpb_single_image wpb_content_element vc_align_left wpb_content_element\">\n\t\t<h2 class=\"wpb_heading wpb_singleimage_heading\">Mercure Maldives Kooddoo Resort<\/h2>\n\t\t<figure class=\"wpb_wrapper vc_figure\">\n\t\t\t<div class=\"vc_single_image-wrapper   vc_box_border_grey\"><img loading=\"lazy\" decoding=\"async\" width=\"1024\" height=\"768\" src=\"https:\/\/maldives-paradise.com\/wp-content\/uploads\/2024\/05\/mercure.jpg\" class=\"vc_single_image-img attachment-large\" alt=\"Mercure Maldives Kooddoo Resort\" title=\"Mercure Maldives Kooddoo Resort\" srcset=\"https:\/\/maldives-paradise.com\/wp-content\/uploads\/2024\/05\/mercure.jpg 1024w, https:\/\/maldives-paradise.com\/wp-content\/uploads\/2024\/05\/mercure-300x225.jpg 300w, https:\/\/maldives-paradise.com\/wp-content\/uploads\/2024\/05\/mercure-768x576.jpg 768w, https:\/\/maldives-paradise.com\/wp-content\/uploads\/2024\/05\/mercure-16x12.jpg 16w, https:\/\/maldives-paradise.com\/wp-content\/uploads\/2024\/05\/mercure-678x509.jpg 678w, https:\/\/maldives-paradise.com\/wp-content\/uploads\/2024\/05\/mercure-326x245.jpg 326w, https:\/\/maldives-paradise.com\/wp-content\/uploads\/2024\/05\/mercure-80x60.jpg 80w, https:\/\/maldives-paradise.com\/wp-content\/uploads\/2024\/05\/mercure-500x375.jpg 500w, https:\/\/maldives-paradise.com\/wp-content\/uploads\/2024\/05\/mercure-800x600.jpg 800w\" sizes=\"auto, (max-width: 1024px) 100vw, 1024px\" \/><\/div>\n\t\t<\/figure>\n\t<\/div>\n<\/div><\/div><\/div><\/div><div class=\"vc_row wpb_row vc_row-fluid\"><div class=\"wpb_column vc_column_container vc_col-sm-12\"><div class=\"vc_column-inner\"><div class=\"wpb_wrapper\">\n\t<div class=\"wpb_text_column wpb_content_element\" >\n\t\t<div class=\"wpb_wrapper\">\n\t\t\t<h4><a href=\"https:\/\/trip.tpo.lv\/VmYMdeUR\" target=\"_blank\" rel=\"nofollow noopener\">Mercure Maldives Kooddoo Resort<\/a><\/h4>\n<p>Mercure Maldives Kooddoo Resort kan prale af direkte adgang til havet fra alle sine villaer og kombinerer lokal arkitektur med moderne komfort. Det er det eneste feriested p\u00e5 Maldiverne, der er bygget ved hj\u00e6lp af lokale materialer i sin konstruktion, hvilket reducerer dets CO2-fodaftryk betydeligt. Med et marinbiologisk center, en velindrettet spa og flere spisesteder tilbyder resortet en omfattende luksusoplevelse.<\/p>\n\n\t\t<\/div>\n\t<\/div>\n<\/div><\/div><\/div><\/div><div class=\"vc_row wpb_row vc_row-fluid\"><div class=\"wpb_column vc_column_container vc_col-sm-12\"><div class=\"vc_column-inner\"><div class=\"wpb_wrapper\">\n\t<div  class=\"wpb_single_image wpb_content_element vc_align_left wpb_content_element\">\n\t\t<h2 class=\"wpb_heading wpb_singleimage_heading\">Outrigger Konotta Maldives Resort<\/h2>\n\t\t<figure class=\"wpb_wrapper vc_figure\">\n\t\t\t<div class=\"vc_single_image-wrapper   vc_box_border_grey\"><img loading=\"lazy\" decoding=\"async\" width=\"900\" height=\"500\" src=\"https:\/\/maldives-paradise.com\/wp-content\/uploads\/2024\/05\/outrigger.jpg\" class=\"vc_single_image-img attachment-large\" alt=\"Outrigger Konotta Maldives Resort\" title=\"st\u00f8tteben\" srcset=\"https:\/\/maldives-paradise.com\/wp-content\/uploads\/2024\/05\/outrigger.jpg 900w, https:\/\/maldives-paradise.com\/wp-content\/uploads\/2024\/05\/outrigger-300x167.jpg 300w, https:\/\/maldives-paradise.com\/wp-content\/uploads\/2024\/05\/outrigger-768x427.jpg 768w, https:\/\/maldives-paradise.com\/wp-content\/uploads\/2024\/05\/outrigger-18x10.jpg 18w, https:\/\/maldives-paradise.com\/wp-content\/uploads\/2024\/05\/outrigger-500x278.jpg 500w, https:\/\/maldives-paradise.com\/wp-content\/uploads\/2024\/05\/outrigger-800x444.jpg 800w\" sizes=\"auto, (max-width: 900px) 100vw, 900px\" \/><\/div>\n\t\t<\/figure>\n\t<\/div>\n<\/div><\/div><\/div><\/div><div class=\"vc_row wpb_row vc_row-fluid\"><div class=\"wpb_column vc_column_container vc_col-sm-12\"><div class=\"vc_column-inner\"><div class=\"wpb_wrapper\">\n\t<div class=\"wpb_text_column wpb_content_element\" >\n\t\t<div class=\"wpb_wrapper\">\n\t\t\t<h4><a href=\"https:\/\/hotellook.tp.st\/C5KGyvIB\" target=\"_blank\" rel=\"nofollow noopener\">Outrigger Konotta Maldives Resort<\/a><\/h4>\n<p>Dette afsondrede resort tilbyder uovertruffen privatliv og luksus med rummelige villaer med private pools, direkte adgang til lagunen og personlig service. Outrigger Konotta Maldives Resort er perfekt for dem, der s\u00f8ger en fredfyldt og overd\u00e5dig flugt. Dens Navasana Spa, forskellige kulinariske muligheder og udvalg af vandaktiviteter sikrer et mindev\u00e6rdigt ophold i paradiset Gaafu Atoll.<\/p>\n\n\t\t<\/div>\n\t<\/div>\n<\/div><\/div><\/div><\/div><div class=\"vc_row wpb_row vc_row-fluid\"><div class=\"wpb_column vc_column_container vc_col-sm-12\"><div class=\"vc_column-inner\"><div class=\"wpb_wrapper\">\n\t<div  class=\"wpb_single_image wpb_content_element vc_align_left wpb_content_element\">\n\t\t<h2 class=\"wpb_heading wpb_singleimage_heading\">Pullman Maldives Resort med alt inklusive<\/h2>\n\t\t<figure class=\"wpb_wrapper vc_figure\">\n\t\t\t<div class=\"vc_single_image-wrapper   vc_box_border_grey\"><img loading=\"lazy\" decoding=\"async\" width=\"1024\" height=\"683\" src=\"https:\/\/maldives-paradise.com\/wp-content\/uploads\/2024\/05\/pullman.jpg\" class=\"vc_single_image-img attachment-large\" alt=\"Pullman Maldives Resort med alt inklusive\" title=\"pullman\" srcset=\"https:\/\/maldives-paradise.com\/wp-content\/uploads\/2024\/05\/pullman.jpg 1024w, https:\/\/maldives-paradise.com\/wp-content\/uploads\/2024\/05\/pullman-300x200.jpg 300w, https:\/\/maldives-paradise.com\/wp-content\/uploads\/2024\/05\/pullman-768x512.jpg 768w, https:\/\/maldives-paradise.com\/wp-content\/uploads\/2024\/05\/pullman-18x12.jpg 18w, https:\/\/maldives-paradise.com\/wp-content\/uploads\/2024\/05\/pullman-500x333.jpg 500w, https:\/\/maldives-paradise.com\/wp-content\/uploads\/2024\/05\/pullman-800x534.jpg 800w\" sizes=\"auto, (max-width: 1024px) 100vw, 1024px\" \/><\/div>\n\t\t<\/figure>\n\t<\/div>\n<\/div><\/div><\/div><\/div><div class=\"vc_row wpb_row vc_row-fluid\"><div class=\"wpb_column vc_column_container vc_col-sm-12\"><div class=\"vc_column-inner\"><div class=\"wpb_wrapper\">\n\t<div class=\"wpb_text_column wpb_content_element\" >\n\t\t<div class=\"wpb_wrapper\">\n\t\t\t<h4><a href=\"https:\/\/hotellook.tp.st\/sAUwE7NU\" target=\"_blank\" rel=\"nofollow noopener\">Pullman Maldives Resort med alt inklusive<\/a><\/h4>\n<p>Pullman Maldives Maamutaa - en altomfattende oase, hvor luksus m\u00f8der uendelige muligheder. Fordyb dig i eksklusive frynsegoder, t\u00e6nd dit intellekt, og udvid modigt din horisont. Dette er ikke kun en udvej; det er et sted designet til dem, der \u00f8nsker at forbedre deres spil. Beliggende i det sydlige Maldiverne p\u00e5 Maamutaa-\u00f8en inden for Gaafu Alifu-atollen, sp\u00e6nder vores driftige legeplads over 18 hektar frodigt gr\u00f8nt og omkranser en naturlig s\u00f8. Vores engagement? Giver dig dit livs ferie<\/p>\n\n\t\t<\/div>\n\t<\/div>\n<\/div><\/div><\/div><\/div><div class=\"vc_row wpb_row vc_row-fluid\"><div class=\"wpb_column vc_column_container vc_col-sm-12\"><div class=\"vc_column-inner\"><div class=\"wpb_wrapper\">\n\t<div  class=\"wpb_single_image wpb_content_element vc_align_left wpb_content_element\">\n\t\t<h2 class=\"wpb_heading wpb_singleimage_heading\">Residence Maldives ved Falhumaafushi<\/h2>\n\t\t<figure class=\"wpb_wrapper vc_figure\">\n\t\t\t<div class=\"vc_single_image-wrapper   vc_box_border_grey\"><img loading=\"lazy\" decoding=\"async\" width=\"780\" height=\"519\" src=\"https:\/\/maldives-paradise.com\/wp-content\/uploads\/2024\/05\/The-Residence-Maldives-at-Falhumaafushi.jpg\" class=\"vc_single_image-img attachment-large\" alt=\"Residence Maldives ved Falhumaafushi\" title=\"Residence Maldives ved Falhumaafushi\" srcset=\"https:\/\/maldives-paradise.com\/wp-content\/uploads\/2024\/05\/The-Residence-Maldives-at-Falhumaafushi.jpg 780w, https:\/\/maldives-paradise.com\/wp-content\/uploads\/2024\/05\/The-Residence-Maldives-at-Falhumaafushi-300x200.jpg 300w, https:\/\/maldives-paradise.com\/wp-content\/uploads\/2024\/05\/The-Residence-Maldives-at-Falhumaafushi-768x511.jpg 768w, https:\/\/maldives-paradise.com\/wp-content\/uploads\/2024\/05\/The-Residence-Maldives-at-Falhumaafushi-18x12.jpg 18w, https:\/\/maldives-paradise.com\/wp-content\/uploads\/2024\/05\/The-Residence-Maldives-at-Falhumaafushi-500x333.jpg 500w\" sizes=\"auto, (max-width: 780px) 100vw, 780px\" \/><\/div>\n\t\t<\/figure>\n\t<\/div>\n<\/div><\/div><\/div><\/div><div class=\"vc_row wpb_row vc_row-fluid\"><div class=\"wpb_column vc_column_container vc_col-sm-12\"><div class=\"vc_column-inner\"><div class=\"wpb_wrapper\">\n\t<div class=\"wpb_text_column wpb_content_element\" >\n\t\t<div class=\"wpb_wrapper\">\n\t\t\t<h4><a href=\"https:\/\/trip.tpo.lv\/HJSSIY3X\" target=\"_blank\" rel=\"nofollow noopener\">Residence Maldiverne<\/a><\/h4>\n<p>Beliggende p\u00e5 den uspolerede \u00f8 Falhumaafushi i Gaafu Alifu-atollen, en af de st\u00f8rste og dybeste atoller i verden, er dette 94 villaresort ved stranden og over vandet et intimt tilflugtssted. Sk\u00f8nheden ved \u00f8ens husrev og dets fastboende hajer og skildpadder er tilg\u00e6ngelig lige fra villad\u00e6kket over vandet. Resortet kan prale af tre restauranter og fire barer, vandsport, et fitnesscenter, b\u00f8rneklub og udflugter til n\u00e6rliggende \u00f8er.<\/p>\n\n\t\t<\/div>\n\t<\/div>\n<\/div><\/div><\/div><\/div><div class=\"vc_row wpb_row vc_row-fluid\"><div class=\"wpb_column vc_column_container vc_col-sm-12\"><div class=\"vc_column-inner\"><div class=\"wpb_wrapper\">\n\t<div  class=\"wpb_single_image wpb_content_element vc_align_left wpb_content_element\">\n\t\t<h2 class=\"wpb_heading wpb_singleimage_heading\">NH Collection Maldives Havodda Resort<\/h2>\n\t\t<figure class=\"wpb_wrapper vc_figure\">\n\t\t\t<div class=\"vc_single_image-wrapper   vc_box_border_grey\"><img loading=\"lazy\" decoding=\"async\" width=\"1024\" height=\"683\" src=\"https:\/\/maldives-paradise.com\/wp-content\/uploads\/2024\/05\/nh-collection.jpg\" class=\"vc_single_image-img attachment-large\" alt=\"NH Collection Maldives Havodda Resort\" title=\"nh-kollektion\" srcset=\"https:\/\/maldives-paradise.com\/wp-content\/uploads\/2024\/05\/nh-collection.jpg 1024w, https:\/\/maldives-paradise.com\/wp-content\/uploads\/2024\/05\/nh-collection-300x200.jpg 300w, https:\/\/maldives-paradise.com\/wp-content\/uploads\/2024\/05\/nh-collection-768x512.jpg 768w, https:\/\/maldives-paradise.com\/wp-content\/uploads\/2024\/05\/nh-collection-18x12.jpg 18w, https:\/\/maldives-paradise.com\/wp-content\/uploads\/2024\/05\/nh-collection-500x333.jpg 500w, https:\/\/maldives-paradise.com\/wp-content\/uploads\/2024\/05\/nh-collection-800x534.jpg 800w\" sizes=\"auto, (max-width: 1024px) 100vw, 1024px\" \/><\/div>\n\t\t<\/figure>\n\t<\/div>\n<\/div><\/div><\/div><\/div><div class=\"vc_row wpb_row vc_row-fluid\"><div class=\"wpb_column vc_column_container vc_col-sm-12\"><div class=\"vc_column-inner\"><div class=\"wpb_wrapper\">\n\t<div class=\"wpb_text_column wpb_content_element\" >\n\t\t<div class=\"wpb_wrapper\">\n\t\t\t<h4><a href=\"https:\/\/hotellook.tp.st\/VjHy8xqe\" target=\"_blank\" rel=\"nofollow noopener\">NH Collection Maldives Havodda Resort<\/a><\/h4>\n<p>Resortet ligger gemt i Det Indiske Ocean p\u00e5 en privat \u00f8 400 km syd for hovedstaden Male i Gaafu Dhaalu Atoll. Vi inviterer dig til at opdage paradiset p\u00e5 NH Collection Maldives Havodda Resort, en afsondret tilflugtssted med frodige tropiske gr\u00f8nne omr\u00e5der, krystalklart turkisbl\u00e5t vand og endel\u00f8se hvide sandstrande. Tilbyder en udend\u00f8rs pool, b\u00f8rnepool og vandsportsfaciliteter. Resortet har solterrasse og spa-center samt 5 spisesteder. Det har ogs\u00e5 en beachvolleybane og FIT-center.<\/p>\n\n\t\t<\/div>\n\t<\/div>\n<\/div><\/div><\/div><\/div><div class=\"vc_row wpb_row vc_row-fluid\"><div class=\"wpb_column vc_column_container vc_col-sm-12\"><div class=\"vc_column-inner\"><div class=\"wpb_wrapper\">\n\t<div class=\"wpb_text_column wpb_content_element\" >\n\t\t<div class=\"wpb_wrapper\">\n\t\t\t<h4><a href=\"https:\/\/maldives-paradise.com\/da\/2024\/03\/de-bedste-luksusresorts-i-baa-atollen\/\">De bedste luksusresorter i Baa Atoll<\/a><\/h4>\n\n\t\t<\/div>\n\t<\/div>\n<\/div><\/div><\/div><\/div>\n<\/div>","protected":false},"excerpt":{"rendered":"<div class=\"mh-excerpt\"><\/div>","protected":false},"author":1,"featured_media":16027,"parent":0,"menu_order":0,"comment_status":"closed","ping_status":"closed","template":"","meta":{"footnotes":""},"class_list":["post-16026","page","type-page","status-publish","has-post-thumbnail"],"aioseo_notices":[],"_links":{"self":[{"href":"http:\/\/maldives-paradise.com\/da\/wp-json\/wp\/v2\/pages\/16026","targetHints":{"allow":["GET"]}}],"collection":[{"href":"http:\/\/maldives-paradise.com\/da\/wp-json\/wp\/v2\/pages"}],"about":[{"href":"http:\/\/maldives-paradise.com\/da\/wp-json\/wp\/v2\/types\/page"}],"author":[{"embeddable":true,"href":"http:\/\/maldives-paradise.com\/da\/wp-json\/wp\/v2\/users\/1"}],"replies":[{"embeddable":true,"href":"http:\/\/maldives-paradise.com\/da\/wp-json\/wp\/v2\/comments?post=16026"}],"version-history":[{"count":7,"href":"http:\/\/maldives-paradise.com\/da\/wp-json\/wp\/v2\/pages\/16026\/revisions"}],"predecessor-version":[{"id":43504,"href":"http:\/\/maldives-paradise.com\/da\/wp-json\/wp\/v2\/pages\/16026\/revisions\/43504"}],"wp:featuredmedia":[{"embeddable":true,"href":"http:\/\/maldives-paradise.com\/da\/wp-json\/wp\/v2\/media\/16027"}],"wp:attachment":[{"href":"http:\/\/maldives-paradise.com\/da\/wp-json\/wp\/v2\/media?parent=16026"}],"curies":[{"name":"wp","href":"https:\/\/api.w.org\/{rel}","templated":true}]}}