{"id":15282,"date":"2024-05-12T17:28:39","date_gmt":"2024-05-12T17:28:39","guid":{"rendered":"http:\/\/maldives-paradise.com\/?page_id=15282"},"modified":"2025-11-26T09:37:10","modified_gmt":"2025-11-26T09:37:10","slug":"de-12-bedste-spa-resorts-i-maldiverne","status":"publish","type":"page","link":"http:\/\/maldives-paradise.com\/da\/de-12-bedste-spa-resorts-i-maldiverne\/","title":{"rendered":"De bedste sparesorter p\u00e5 Maldiverne"},"content":{"rendered":"<div class=\"wpb-content-wrapper\"><div class=\"vc_row wpb_row vc_row-fluid\"><div class=\"wpb_column vc_column_container vc_col-sm-12\"><div class=\"vc_column-inner\"><div class=\"wpb_wrapper\">\n\t<div class=\"wpb_text_column wpb_content_element\" >\n\t\t<div class=\"wpb_wrapper\">\n\t\t\t<p>Oplev de bedste spa- og wellnessresorter p\u00e5 Maldiverne. Spa resorts p\u00e5 Maldiverne er blandt de fineste luksus spa-tjenester i verden. Hvert spa resort kombinerer de h\u00f8jeste standarder for luksus og service.<\/p>\n<p>At reservere et spa-resort p\u00e5 Maldiverne tilbyder det ultimative tilflugtssted for afslapning og foryngelse. Disse resorts er kendt for deres luksuri\u00f8se spa-faciliteter, der tilbyder en bred vifte af behandlinger inspireret af traditionelle og moderne wellness-praksis. G\u00e6sterne kan nyde beroligende massagebehandlinger, forfriskende kropsscrubs og holistiske terapier, mens de nyder en betagende havudsigt. De fredfyldte, naturlige omgivelser forbedrer den samlede oplevelse og giver en fredelig flugt fra hverdagen. Med personlige wellness-programmer, rolige omgivelser og topservice er et spa-resort p\u00e5 Maldiverne den perfekte destination for dem, der s\u00f8ger at genoprette deres sind, krop og \u00e5nd.<\/p>\n<p>Her er en liste over de bedste spa resorts.<\/p>\n\n\t\t<\/div>\n\t<\/div>\n<\/div><\/div><\/div><\/div><div class=\"vc_row wpb_row vc_row-fluid\"><div class=\"wpb_column vc_column_container vc_col-sm-3\"><div class=\"vc_column-inner\"><div class=\"wpb_wrapper\">\n\t<div  class=\"wpb_single_image wpb_content_element vc_align_left wpb_content_element\">\n\t\t\n\t\t<figure class=\"wpb_wrapper vc_figure\">\n\t\t\t<a href=\"https:\/\/lamp.glopss.com\/aff_c?offer_id=9&#038;aff_id=1834&#038;url=https%3A%2F%2Fwww.anantara.com%2Fen%2Fveli-maldives\" target=\"_self\" class=\"vc_single_image-wrapper   vc_box_border_grey\"><img loading=\"lazy\" decoding=\"async\" width=\"150\" height=\"150\" src=\"https:\/\/maldives-paradise.com\/wp-content\/uploads\/2024\/05\/Anantara-Veli-Maldives-Resort-spa-150x150.jpg\" class=\"vc_single_image-img attachment-thumbnail\" alt=\"Spaen p\u00e5 Anantara Veli Maldives Resort\" title=\"Anantara-Veli-Maldiverne-Resort-spa\" \/><\/a>\n\t\t<\/figure>\n\t<\/div>\n<\/div><\/div><\/div><div class=\"wpb_column vc_column_container vc_col-sm-9\"><div class=\"vc_column-inner\"><div class=\"wpb_wrapper\">\n\t<div class=\"wpb_text_column wpb_content_element\" >\n\t\t<div class=\"wpb_wrapper\">\n\t\t\t<h4><a href=\"https:\/\/lamp.glopss.com\/SHUt\" target=\"_blank\" rel=\"nofollow noopener\">Anantara Veli Maldives Resort<\/a><\/h4>\n<p>Kunsten at helbrede. Find ro i krop og sind med \u00e6ldgamle teknikker.<br \/>\nHos Balance Wellness by Anantara inviterer vi dig til at tage p\u00e5 et holistisk wellness-retr\u00e6te for krop og sind. Hils solen. Mediter foran havet. Fork\u00e6l dig selv med beroligende ayurvediske terapier skr\u00e6ddersyet til dine behov i et af de bedste wellness-retreater p\u00e5 Maldiverne.<\/p>\n\n\t\t<\/div>\n\t<\/div>\n<\/div><\/div><\/div><\/div><div class=\"vc_row wpb_row vc_row-fluid\"><div class=\"wpb_column vc_column_container vc_col-sm-3\"><div class=\"vc_column-inner\"><div class=\"wpb_wrapper\">\n\t<div  class=\"wpb_single_image wpb_content_element vc_align_left wpb_content_element\">\n\t\t\n\t\t<figure class=\"wpb_wrapper vc_figure\">\n\t\t\t<a href=\"https:\/\/lamp.glopss.com\/aff_c?offer_id=1476&#038;aff_id=1834&#038;url=https%3A%2F%2Fwww.sunsiyam.com%2Fsun-siyam-iru-fushi%2F\" target=\"_self\" class=\"vc_single_image-wrapper   vc_box_border_grey\"><img loading=\"lazy\" decoding=\"async\" width=\"150\" height=\"150\" src=\"https:\/\/maldives-paradise.com\/wp-content\/uploads\/2024\/05\/spa-sun-siyam-maldives-iru-fushi-150x150.jpg\" class=\"vc_single_image-img attachment-thumbnail\" alt=\"\" title=\"spa-sun-siyam-maldiverne-iru-fushi\" \/><\/a>\n\t\t<\/figure>\n\t<\/div>\n<\/div><\/div><\/div><div class=\"wpb_column vc_column_container vc_col-sm-9\"><div class=\"vc_column-inner\"><div class=\"wpb_wrapper\">\n\t<div class=\"wpb_text_column wpb_content_element\" >\n\t\t<div class=\"wpb_wrapper\">\n\t\t\t<h4><a href=\"https:\/\/lamp.glopss.com\/SHUw\" target=\"_blank\" rel=\"nofollow noopener\">Sun Siyam Iru Fushi<\/a><\/h4>\n<p>Tr\u00e6d ind i vores prisvindende The Spa af Thalgo France. Og lad dig f\u00f8le dig afslappet, forfrisket og genoprettet. Der tilbydes signaturbehandlinger p\u00e5 tv\u00e6rs af spaens 20 v\u00e6relser samt hydroterapibassiner, dampbade og saunaer. For skr\u00e6ddersyede konsultationer kan du booke en en-til-en yogasession med guidet meditation eller tage p\u00e5 en livslang rejse til wellness med vejledning.<\/p>\n\n\t\t<\/div>\n\t<\/div>\n<\/div><\/div><\/div><\/div><div class=\"vc_row wpb_row vc_row-fluid\"><div class=\"wpb_column vc_column_container vc_col-sm-3\"><div class=\"vc_column-inner\"><div class=\"wpb_wrapper\">\n\t<div  class=\"wpb_single_image wpb_content_element vc_align_left wpb_content_element\">\n\t\t\n\t\t<figure class=\"wpb_wrapper vc_figure\">\n\t\t\t<a href=\"https:\/\/lamp.glopss.com\/aff_c?offer_id=1062&#038;aff_id=1834&#038;url=https%3A%2F%2Fwww.coloursofoblu.com%2Foblu-select-lobigili\" target=\"_self\" class=\"vc_single_image-wrapper   vc_box_border_grey\"><img loading=\"lazy\" decoding=\"async\" width=\"150\" height=\"150\" src=\"https:\/\/maldives-paradise.com\/wp-content\/uploads\/2024\/05\/spa-OBLU-SELECT-Lobigili-150x150.jpg\" class=\"vc_single_image-img attachment-thumbnail\" alt=\"OBLU SELECT Lobigili spa\" title=\"spa-OBLU-SELECT-Lobigili\" \/><\/a>\n\t\t<\/figure>\n\t<\/div>\n<\/div><\/div><\/div><div class=\"wpb_column vc_column_container vc_col-sm-9\"><div class=\"vc_column-inner\"><div class=\"wpb_wrapper\">\n\t<div class=\"wpb_text_column wpb_content_element\" >\n\t\t<div class=\"wpb_wrapper\">\n\t\t\t<h4><a href=\"https:\/\/trip.tpo.lv\/dzh7lpnI\" target=\"_blank\" rel=\"nofollow noopener\">OBLU SELECT Lobigili<\/a><\/h4>\n<p>Neds\u00e6nket i Lobigili-\u00f8ens naturlige sk\u00f8nhed ligger ELENA The Spa \u2013 en overb\u00e6rende og intim spa-oplevelse designet eksklusivt til par og voksne. Det rolige spa-kompleks byder p\u00e5 fire afsondrede dobbeltbehandlingsrum med et parbadebad hver i en frodig tropisk have. Nyd et bad i et af vores udend\u00f8rs badekar, mens du ser p\u00e5 den beroligende turkise horisont. Flyd ind i samv\u00e6r og velv\u00e6re med en af vores specielle parmassager. Hvert \u00f8jeblik tilbragt i vores spa afslapper din krop og l\u00f8fter din sj\u00e6l.<\/p>\n\n\t\t<\/div>\n\t<\/div>\n<\/div><\/div><\/div><\/div><div class=\"vc_row wpb_row vc_row-fluid\"><div class=\"wpb_column vc_column_container vc_col-sm-3\"><div class=\"vc_column-inner\"><div class=\"wpb_wrapper\">\n\t<div  class=\"wpb_single_image wpb_content_element vc_align_left wpb_content_element\">\n\t\t\n\t\t<figure class=\"wpb_wrapper vc_figure\">\n\t\t\t<a href=\"https:\/\/lamp.glopss.com\/aff_c?offer_id=264&#038;aff_id=1834&#038;url=https%3A%2F%2Fwww.hurawalhi.com%2F\" target=\"_self\" class=\"vc_single_image-wrapper   vc_box_border_grey\"><img loading=\"lazy\" decoding=\"async\" width=\"150\" height=\"150\" src=\"https:\/\/maldives-paradise.com\/wp-content\/uploads\/2024\/05\/hurawalhi-spa-Sulha_signature-150x150.png\" class=\"vc_single_image-img attachment-thumbnail\" alt=\"Hurawalhi Island Resort Sulha Spa\" title=\"hurawalhi-spa-Sulha_signatur\" \/><\/a>\n\t\t<\/figure>\n\t<\/div>\n<\/div><\/div><\/div><div class=\"wpb_column vc_column_container vc_col-sm-9\"><div class=\"vc_column-inner\"><div class=\"wpb_wrapper\">\n\t<div class=\"wpb_text_column wpb_content_element\" >\n\t\t<div class=\"wpb_wrapper\">\n\t\t\t<h4><a href=\"https:\/\/hotellook.tp.st\/6FluoLuO\" target=\"_blank\" rel=\"nofollow noopener\">Hurawalhi Island Resort<\/a><\/h4>\n<p>L\u00e6nges du efter dyb afslapning og fred? V\u00e6k krop og sj\u00e6l ved Hurawalhis oase af afslapning, sk\u00f8nhed og velv\u00e6re. Bes\u00f8g Sulha Spa \u00e9n gang, og du vil s\u00e6tte kursen for din dag med hjertecentrerede behandlinger; s\u00f8g fork\u00e6lelse og inspiration regelm\u00e6ssigt og g\u00e5 ind p\u00e5 vejen til en gl\u00e6delig, sund livsstil for at vare hele livet.<\/p>\n\n\t\t<\/div>\n\t<\/div>\n<\/div><\/div><\/div><\/div><div class=\"vc_row wpb_row vc_row-fluid\"><div class=\"wpb_column vc_column_container vc_col-sm-3\"><div class=\"vc_column-inner\"><div class=\"wpb_wrapper\">\n\t<div  class=\"wpb_single_image wpb_content_element vc_align_left wpb_content_element\">\n\t\t\n\t\t<figure class=\"wpb_wrapper vc_figure\">\n\t\t\t<a href=\"https:\/\/lamp.glopss.com\/aff_c?offer_id=1508&#038;aff_id=1834\" target=\"_self\" class=\"vc_single_image-wrapper   vc_box_border_grey\"><img loading=\"lazy\" decoding=\"async\" width=\"150\" height=\"150\" src=\"https:\/\/maldives-paradise.com\/wp-content\/uploads\/2024\/05\/lily-beach-spa-150x150.jpg\" class=\"vc_single_image-img attachment-thumbnail\" alt=\"Lily Beach Resort &amp; Spa\" title=\"lily-beach-spa\" \/><\/a>\n\t\t<\/figure>\n\t<\/div>\n<\/div><\/div><\/div><div class=\"wpb_column vc_column_container vc_col-sm-9\"><div class=\"vc_column-inner\"><div class=\"wpb_wrapper\">\n\t<div class=\"wpb_text_column wpb_content_element\" >\n\t\t<div class=\"wpb_wrapper\">\n\t\t\t<h4><a href=\"https:\/\/lamp.glopss.com\/aff_c?offer_id=1508&amp;aff_id=1834\" target=\"_blank\" rel=\"nofollow noopener\">Lily Beach Resort &amp; Spa<\/a><\/h4>\n<p>Tamara Spa over vandet p\u00e5 Lily Beach Resort &amp; Spa tilbyder afvekslingen til fork\u00e6lelse, afslapning og foryngelse som en del af din ferie p\u00e5 Maldiverne. Lily Beach Resort &amp; Spa er det f\u00f8rste femstjernede altomfattende Platinum Plan-resort p\u00e5 Maldiverne.<\/p>\n\n\t\t<\/div>\n\t<\/div>\n<\/div><\/div><\/div><\/div><div class=\"vc_row wpb_row vc_row-fluid\"><div class=\"wpb_column vc_column_container vc_col-sm-3\"><div class=\"vc_column-inner\"><div class=\"wpb_wrapper\">\n\t<div  class=\"wpb_single_image wpb_content_element vc_align_left wpb_content_element\">\n\t\t\n\t\t<figure class=\"wpb_wrapper vc_figure\">\n\t\t\t<a href=\"http:\/\/maldives-paradise.com\/da\/conrad-rangali-island-maldiverne\/\" target=\"_self\" class=\"vc_single_image-wrapper   vc_box_border_grey\"><img loading=\"lazy\" decoding=\"async\" width=\"150\" height=\"150\" src=\"https:\/\/maldives-paradise.com\/wp-content\/uploads\/2024\/05\/Conrad-Maldives_the-over-water-spa-150x150.jpg\" class=\"vc_single_image-img attachment-thumbnail\" alt=\"Spaen p\u00e5 Conrad Maldives Rangali Island\" title=\"Conrad-Maldiverne_the-over-water-spa\" \/><\/a>\n\t\t<\/figure>\n\t<\/div>\n<\/div><\/div><\/div><div class=\"wpb_column vc_column_container vc_col-sm-9\"><div class=\"vc_column-inner\"><div class=\"wpb_wrapper\">\n\t<div class=\"wpb_text_column wpb_content_element\" >\n\t\t<div class=\"wpb_wrapper\">\n\t\t\t<h4><a href=\"http:\/\/maldives-paradise.com\/da\/conrad-rangali-island-maldiverne\/\">Conrad Maldiverne Rangali Island<\/a><\/h4>\n<p>Beliggende 100 meter fra spidsen af Rangali-Finolhu Island, tilbyder det gemt v\u00e6k Spa Retreat et luksuri\u00f8st fristed, hvor alle aspekter af dit helbred og velv\u00e6re behandles - fra di\u00e6t og kropsbehandlinger til sk\u00f8nhed.<\/p>\n\n\t\t<\/div>\n\t<\/div>\n<\/div><\/div><\/div><\/div><div class=\"vc_row wpb_row vc_row-fluid\"><div class=\"wpb_column vc_column_container vc_col-sm-3\"><div class=\"vc_column-inner\"><div class=\"wpb_wrapper\">\n\t<div  class=\"wpb_single_image wpb_content_element vc_align_left wpb_content_element\">\n\t\t\n\t\t<figure class=\"wpb_wrapper vc_figure\">\n\t\t\t<a href=\"http:\/\/maldives-paradise.com\/da\/seks-sanser-laamu\/\" target=\"_self\" class=\"vc_single_image-wrapper   vc_box_border_grey\"><img loading=\"lazy\" decoding=\"async\" width=\"150\" height=\"150\" src=\"https:\/\/maldives-paradise.com\/wp-content\/uploads\/2024\/05\/six-senses-laamu-spa-interior-150x150.jpg\" class=\"vc_single_image-img attachment-thumbnail\" alt=\"Six Senses Laamu Spa\" title=\"Six Senses Laamu Maldives Resort\" \/><\/a>\n\t\t<\/figure>\n\t<\/div>\n<\/div><\/div><\/div><div class=\"wpb_column vc_column_container vc_col-sm-9\"><div class=\"vc_column-inner\"><div class=\"wpb_wrapper\">\n\t<div class=\"wpb_text_column wpb_content_element\" >\n\t\t<div class=\"wpb_wrapper\">\n\t\t\t<h4><a href=\"http:\/\/maldives-paradise.com\/da\/seks-sanser-laamu\/\">Seks sanser Laamu<\/a><\/h4>\n<p>Overgiv dig til vores dygtige terapeuters helbredende h\u00e6nder gennem specialbehandlinger og individuelle rejser, der sikrer, at dine sanser er afbalancerede, og dit sind er saligt. Vores spa-resort p\u00e5 Maldiverne bruger naturlige og etisk producerede produkter sammen med traditionel og lokalt inspireret praksis til at behandle dig indefra og ud og udefra.<\/p>\n\n\t\t<\/div>\n\t<\/div>\n<\/div><\/div><\/div><\/div><div class=\"vc_row wpb_row vc_row-fluid\"><div class=\"wpb_column vc_column_container vc_col-sm-3\"><div class=\"vc_column-inner\"><div class=\"wpb_wrapper\">\n\t<div  class=\"wpb_single_image wpb_content_element vc_align_left wpb_content_element\">\n\t\t\n\t\t<figure class=\"wpb_wrapper vc_figure\">\n\t\t\t<a href=\"http:\/\/maldives-paradise.com\/da\/en-eneste-reethi-rah-maldiverne\/\" target=\"_self\" class=\"vc_single_image-wrapper   vc_box_border_grey\"><img loading=\"lazy\" decoding=\"async\" width=\"150\" height=\"150\" src=\"https:\/\/maldives-paradise.com\/wp-content\/uploads\/2024\/05\/oneandonly-reethirah-spaandfitness-couplesspasuite-150x150.jpg\" class=\"vc_single_image-img attachment-thumbnail\" alt=\"One &amp; Only Reethi Rah Spa og Fitness\" title=\"oneandonly-reethirah-spanandfitness-couplesspasuite\" \/><\/a>\n\t\t<\/figure>\n\t<\/div>\n<\/div><\/div><\/div><div class=\"wpb_column vc_column_container vc_col-sm-9\"><div class=\"vc_column-inner\"><div class=\"wpb_wrapper\">\n\t<div class=\"wpb_text_column wpb_content_element\" >\n\t\t<div class=\"wpb_wrapper\">\n\t\t\t<h4><a href=\"http:\/\/maldives-paradise.com\/da\/en-eneste-reethi-rah-maldiverne\/\">One &amp; Only Reethi Rah<\/a><\/h4>\n<p>Din spa flugt. et tilflugtssted for sind, krop og sj\u00e6l, der vender mod havet, vores Maldives spa fokuserer p\u00e5 revitalisering af ansigts- og kropsbehandlinger, inspireret af asiatiske sk\u00f8nhedstraditioner. Vores spa-faciliteter omfatter vores terapeutiske vitalitetspool, krystaldampbade og saunaer. Start med en konsultation i spa-lobbyen - str\u00e5lende i kongelige lilla nuancer - f\u00f8r du slingrer gennem vores tropiske haver til din private spa-suite.<\/p>\n\n\t\t<\/div>\n\t<\/div>\n<\/div><\/div><\/div><\/div><div class=\"vc_row wpb_row vc_row-fluid\"><div class=\"wpb_column vc_column_container vc_col-sm-3\"><div class=\"vc_column-inner\"><div class=\"wpb_wrapper\">\n\t<div  class=\"wpb_single_image wpb_content_element vc_align_left wpb_content_element\">\n\t\t\n\t\t<figure class=\"wpb_wrapper vc_figure\">\n\t\t\t<a href=\"https:\/\/lamp.glopss.com\/aff_c?offer_id=1476&#038;aff_id=1834&#038;url=https%3A%2F%2Fwww.sunsiyam.com%2Fsun-siyam-iru-veli%2F\" target=\"_self\" class=\"vc_single_image-wrapper   vc_box_border_grey\"><img loading=\"lazy\" decoding=\"async\" width=\"150\" height=\"150\" src=\"https:\/\/maldives-paradise.com\/wp-content\/uploads\/2024\/05\/sun-siyam-iru-veli-spa-150x150.jpg\" class=\"vc_single_image-img attachment-thumbnail\" alt=\"Spaen p\u00e5 Sun Siyam Iru Veli\" title=\"sun-siyam-iru-veli-spa\" \/><\/a>\n\t\t<\/figure>\n\t<\/div>\n<\/div><\/div><\/div><div class=\"wpb_column vc_column_container vc_col-sm-9\"><div class=\"vc_column-inner\"><div class=\"wpb_wrapper\">\n\t<div class=\"wpb_text_column wpb_content_element\" >\n\t\t<div class=\"wpb_wrapper\">\n\t\t\t<h4><a href=\"https:\/\/lamp.glopss.com\/SHVC\" target=\"_blank\" rel=\"nofollow noopener\">Sun Siyam Iru Veli<\/a><\/h4>\n<p>Synk ned i nye niveauer af afslapning til lyden af b\u00f8lgeskvulp med genoprettende behandlinger og naturlige ingredienser p\u00e5 Sun Siyam Iru Veli Spa. Vores spa bruger genoprettende naturlige ingredienser til at hj\u00e6lpe dig med at balancere krop og sind. Inspireret af \u00f8ens bl\u00f8de toner er vores spa-pavilloner en kokon af ro med dobbelte massagesenge til at slappe af under behandlinger sammen. Uanset din wellness-rejse, vil din fornyede selvf\u00f8lelse helt sikkert vare l\u00e6nge efter, du tager afsted.<\/p>\n\n\t\t<\/div>\n\t<\/div>\n<\/div><\/div><\/div><\/div><div class=\"vc_row wpb_row vc_row-fluid\"><div class=\"wpb_column vc_column_container vc_col-sm-3\"><div class=\"vc_column-inner\"><div class=\"wpb_wrapper\">\n\t<div  class=\"wpb_single_image wpb_content_element vc_align_left wpb_content_element\">\n\t\t\n\t\t<figure class=\"wpb_wrapper vc_figure\">\n\t\t\t<a href=\"http:\/\/maldives-paradise.com\/da\/soneva-jani\/\" target=\"_self\" class=\"vc_single_image-wrapper   vc_box_border_grey\"><img loading=\"lazy\" decoding=\"async\" width=\"150\" height=\"150\" src=\"https:\/\/maldives-paradise.com\/wp-content\/uploads\/2024\/05\/Soneva-jani-spa-150x150.jpg\" class=\"vc_single_image-img attachment-thumbnail\" alt=\"Soneva Jani Souls spa\" title=\"Soneva-jani-spa\" \/><\/a>\n\t\t<\/figure>\n\t<\/div>\n<\/div><\/div><\/div><div class=\"wpb_column vc_column_container vc_col-sm-9\"><div class=\"vc_column-inner\"><div class=\"wpb_wrapper\">\n\t<div class=\"wpb_text_column wpb_content_element\" >\n\t\t<div class=\"wpb_wrapper\">\n\t\t\t<h4><a href=\"http:\/\/maldives-paradise.com\/da\/soneva-jani\/\">Spaen p\u00e5 Soneva Jani<\/a><\/h4>\n<p>Soneva Souls tre-etagers Island Spa-kompleks ved Soneva Jani er forbundet af h\u00e6vede gangbroer, der snor sig mellem tr\u00e6erne. Som supplement til den eksisterende Overwater Spa p\u00e5 The Gathering omfatter den udend\u00f8rs behandlingsrum, konsultationssuiter, rum til integreret medicin, et avanceret fitnesscenter og juicebar. En yogapavillon og meditationsplatform sidder h\u00f8jt over tr\u00e6gr\u00e6nsen og tilbyder 360-graders udsigt over den turkisbl\u00e5 private lagune.<\/p>\n\n\t\t<\/div>\n\t<\/div>\n<\/div><\/div><\/div><\/div><div class=\"vc_row wpb_row vc_row-fluid\"><div class=\"wpb_column vc_column_container vc_col-sm-3\"><div class=\"vc_column-inner\"><div class=\"wpb_wrapper\">\n\t<div  class=\"wpb_single_image wpb_content_element vc_align_left wpb_content_element\">\n\t\t\n\t\t<figure class=\"wpb_wrapper vc_figure\">\n\t\t\t<a href=\"http:\/\/maldives-paradise.com\/da\/fire-saesoner-maldiverne-kuda-huraa\/\" target=\"_self\" class=\"vc_single_image-wrapper   vc_box_border_grey\"><img loading=\"lazy\" decoding=\"async\" width=\"150\" height=\"150\" src=\"https:\/\/maldives-paradise.com\/wp-content\/uploads\/2024\/05\/four-seasons-spa-150x150.jpg\" class=\"vc_single_image-img attachment-thumbnail\" alt=\"Spaen p\u00e5 Four Seasons Kuda Huraa\" title=\"fire-s\u00e6son-spa\" \/><\/a>\n\t\t<\/figure>\n\t<\/div>\n<\/div><\/div><\/div><div class=\"wpb_column vc_column_container vc_col-sm-9\"><div class=\"vc_column-inner\"><div class=\"wpb_wrapper\">\n\t<div class=\"wpb_text_column wpb_content_element\" >\n\t\t<div class=\"wpb_wrapper\">\n\t\t\t<h4><a href=\"http:\/\/maldives-paradise.com\/da\/fire-saesoner-maldiverne-kuda-huraa\/\">Four Seasons Kuda Huraa Spa<\/a><\/h4>\n<p>Island Spa sanctuary er et luksusspa p\u00e5 Maldiverne. Sejl over bl\u00e5t, tr\u00e6d ind i gr\u00f8nt og nyd det \u00e6teriske hvide i en oase af fred og renhed, hvor arkitektoniske detaljer og geometriske linjer danser med lyset og st\u00e5r i kontrast til naturens omgivende frie form flow. F\u00f8lg en sti til yogastudiet eller over-vand-suiten for hav-inspirerede behandlinger og oplev \u00e6gte Maldivernes afslapning.<\/p>\n\n\t\t<\/div>\n\t<\/div>\n<\/div><\/div><\/div><\/div><div class=\"vc_row wpb_row vc_row-fluid\"><div class=\"wpb_column vc_column_container vc_col-sm-3\"><div class=\"vc_column-inner\"><div class=\"wpb_wrapper\">\n\t<div  class=\"wpb_single_image wpb_content_element vc_align_left wpb_content_element\">\n\t\t\n\t\t<figure class=\"wpb_wrapper vc_figure\">\n\t\t\t<a href=\"http:\/\/maldives-paradise.com\/da\/velaa-private-o-maldiverne\/\" target=\"_self\" class=\"vc_single_image-wrapper   vc_box_border_grey\"><img loading=\"lazy\" decoding=\"async\" width=\"150\" height=\"150\" src=\"https:\/\/maldives-paradise.com\/wp-content\/uploads\/2024\/05\/velaa-spa-snow-room-150x150.jpg\" class=\"vc_single_image-img attachment-thumbnail\" alt=\"Spaen p\u00e5 Velaa Private Island Maldiverne\" title=\"velaa-spa-snestue\" \/><\/a>\n\t\t<\/figure>\n\t<\/div>\n<\/div><\/div><\/div><div class=\"wpb_column vc_column_container vc_col-sm-9\"><div class=\"vc_column-inner\"><div class=\"wpb_wrapper\">\n\t<div class=\"wpb_text_column wpb_content_element\" >\n\t\t<div class=\"wpb_wrapper\">\n\t\t\t<h4><a href=\"http:\/\/maldives-paradise.com\/da\/velaa-private-o-maldiverne\/\">Velaa Private Island Maldives Spa<\/a><\/h4>\n<p>Det fredfyldte hav vugger et stille oase af private behandlingsvillaer og et stort spa-omr\u00e5de, hvor tiden glider afsted til b\u00f8lgernes blide rytme nedenfor. I Velaa Spa finder livet sin balance igen. K\u00f8l ned i Maldivernes eneste snerum eller detox i varmen fra saunaen og dampbadet, alt imens du nyder endel\u00f8se turkise udsigter.<br \/>\nEt udvalg af effektive behandlingskombinationer er blevet skabt for at give et frisk bud p\u00e5 helbredende terapi og samtidig skabe en harmonisk balance mellem spa-behandlinger, mindfulness, fitness og ern\u00e6ring.<\/p>\n\n\t\t<\/div>\n\t<\/div>\n<\/div><\/div><\/div><\/div><div class=\"vc_row wpb_row vc_row-fluid\"><div class=\"wpb_column vc_column_container vc_col-sm-12\"><div class=\"vc_column-inner\"><div class=\"wpb_wrapper\">\n\t<div class=\"wpb_text_column wpb_content_element\" >\n\t\t<div class=\"wpb_wrapper\">\n\t\t\t<p><a href=\"https:\/\/maldives-paradise.com\/da\/tag\/spa-maldiverne\/\"><strong>Mere om sparesorter p\u00e5 Maldiverne<\/strong><\/a><\/p>\n<p><strong><a title=\"De 12 bedste luksusresorter p\u00e5 Maldiverne\" href=\"https:\/\/maldives-paradise.com\/da\/de-12-bedste-luksusresorts-i-maldiverne\/\">De bedste luksusresorter p\u00e5 Maldiverne<\/a><\/strong><\/p>\n\n\t\t<\/div>\n\t<\/div>\n<\/div><\/div><\/div><\/div>\n<\/div>","protected":false},"excerpt":{"rendered":"<div class=\"mh-excerpt\"><\/div>","protected":false},"author":1,"featured_media":15283,"parent":0,"menu_order":0,"comment_status":"closed","ping_status":"closed","template":"","meta":{"footnotes":""},"class_list":["post-15282","page","type-page","status-publish","has-post-thumbnail"],"aioseo_notices":[],"_links":{"self":[{"href":"http:\/\/maldives-paradise.com\/da\/wp-json\/wp\/v2\/pages\/15282","targetHints":{"allow":["GET"]}}],"collection":[{"href":"http:\/\/maldives-paradise.com\/da\/wp-json\/wp\/v2\/pages"}],"about":[{"href":"http:\/\/maldives-paradise.com\/da\/wp-json\/wp\/v2\/types\/page"}],"author":[{"embeddable":true,"href":"http:\/\/maldives-paradise.com\/da\/wp-json\/wp\/v2\/users\/1"}],"replies":[{"embeddable":true,"href":"http:\/\/maldives-paradise.com\/da\/wp-json\/wp\/v2\/comments?post=15282"}],"version-history":[{"count":6,"href":"http:\/\/maldives-paradise.com\/da\/wp-json\/wp\/v2\/pages\/15282\/revisions"}],"predecessor-version":[{"id":45317,"href":"http:\/\/maldives-paradise.com\/da\/wp-json\/wp\/v2\/pages\/15282\/revisions\/45317"}],"wp:featuredmedia":[{"embeddable":true,"href":"http:\/\/maldives-paradise.com\/da\/wp-json\/wp\/v2\/media\/15283"}],"wp:attachment":[{"href":"http:\/\/maldives-paradise.com\/da\/wp-json\/wp\/v2\/media?parent=15282"}],"curies":[{"name":"wp","href":"https:\/\/api.w.org\/{rel}","templated":true}]}}