{"id":14888,"date":"2024-05-05T07:32:48","date_gmt":"2024-05-05T07:32:48","guid":{"rendered":"http:\/\/maldives-paradise.com\/?page_id=14888"},"modified":"2024-05-05T07:32:48","modified_gmt":"2024-05-05T07:32:48","slug":"det-vaesentlige-ved-rejse-og-sygeforsikring-for-rejser-til-maldiverne","status":"publish","type":"page","link":"http:\/\/maldives-paradise.com\/da\/det-vaesentlige-ved-rejse-og-sygeforsikring-for-rejser-til-maldiverne\/","title":{"rendered":"Det essentielle ved rejse- og sygeforsikring for rejser til Maldiverne"},"content":{"rendered":"<div class=\"wpb-content-wrapper\"><div class=\"vc_row wpb_row vc_row-fluid\"><div class=\"wpb_column vc_column_container vc_col-sm-12\"><div class=\"vc_column-inner\"><div class=\"wpb_wrapper\">\n\t<div  class=\"wpb_single_image wpb_content_element vc_align_left wpb_content_element\">\n\t\t\n\t\t<figure class=\"wpb_wrapper vc_figure\">\n\t\t\t<div class=\"vc_single_image-wrapper   vc_box_border_grey\"><img decoding=\"async\" class=\"vc_single_image-img\" src=\"https:\/\/maldives-paradise.com\/wp-content\/uploads\/2024\/05\/travel-insurance.jpg\" width=\"780\" height=\"438\" alt=\"Rejseforsikring Maldiverne\" title=\"rejseforsikring\" loading=\"lazy\" \/><\/div>\n\t\t<\/figure>\n\t<\/div>\n<\/div><\/div><\/div><\/div><div class=\"vc_row wpb_row vc_row-fluid\"><div class=\"wpb_column vc_column_container vc_col-sm-12\"><div class=\"vc_column-inner\"><div class=\"wpb_wrapper\">\n\t<div class=\"wpb_text_column wpb_content_element\" >\n\t\t<div class=\"wpb_wrapper\">\n\t\t\t<p>At rejse til Maldiverne ses ofte som en rejse til et tropisk paradis. Tillokkelsen ved dets krystalklare vand, luksuri\u00f8se feriesteder og l\u00f8ftet om rolig afslapning tiltr\u00e6kker utallige turister hvert \u00e5r. Selvom sp\u00e6ndingen ved s\u00e5dan en eksotisk ferie er ubestridelig, forst\u00e5r smarte rejsende vigtigheden af at sikre deres rejse med rejse- og sygeforsikring. Her er overbevisende grunde til, at det er afg\u00f8rende at sikre sig en forsikring, n\u00e5r du planl\u00e6gger et bes\u00f8g til Maldiverne.<\/p>\n<p><strong>Uforudsigeligt vejr og naturkatastrofer<\/strong><\/p>\n<p>Maldiverne oplever to hoveds\u00e6soner: den t\u00f8rre s\u00e6son og den v\u00e5de s\u00e6son. Mens den t\u00f8rre s\u00e6son kan prale af smukt vejr, kan den v\u00e5de s\u00e6son medf\u00f8re pludselige og alvorlige vejr\u00e6ndringer, herunder storme og kraftig regn. S\u00e5danne forhold kan f\u00f8re til flyforsinkelser, aflysninger og endda uventede lukninger af feriesteder eller attraktioner. En rejseforsikring kan d\u00e6kke omkostningerne forbundet med disse forstyrrelser, hvilket sikrer, at rejsende ikke er ude af lommen p\u00e5 grund af uforudsete vejrforhold.<\/p>\n<p><strong>Fjernplacering og transport<\/strong><\/p>\n<p>\u00d8gruppen best\u00e5r af omkring 1.200 \u00f8er, hvor mange af luksusresorterne ligger p\u00e5 deres egen private \u00f8. Selvom denne afsides beliggenhed er en del af Maldivernes charme, betyder det, at det typisk involverer sm\u00e5 fly eller b\u00e5de at komme rundt. Rejseforsikring er uvurderlig her, da den kan d\u00e6kke omkostningerne ved mistede forbindelser eller transportforsinkelser, som er almindelige p\u00e5 s\u00e5danne logistiktunge destinationer.<\/p>\n<p><strong>Sundhedsn\u00f8dsituationer og medicinske faciliteter<\/strong><\/p>\n<p>Selvom Maldivernes naturlige sk\u00f8nhed er uovertruffen, er tilg\u00e6ngeligheden af omfattende medicinske faciliteter p\u00e5 \u00f8erne begr\u00e6nset. De fleste feriesteder har basale medicinske faciliteter, men alvorlige helbredsproblemer kr\u00e6ver transport til hovedstaden Mal\u00e9 eller endda en medicinsk evakuering til et andet land. Sygesikring bliver uundv\u00e6rlig i disse scenarier. Det d\u00e6kker l\u00e6geudgifter og sikrer, at h\u00f8je standarder for pleje er tilg\u00e6ngelige i tilf\u00e6lde af en helbredskrise uden byrden af ublu omkostninger.<\/p>\n<p><strong>Eventyr og vandsport<\/strong><\/p>\n<p>Maldiverne er en magnet for entusiaster af dykning, snorkling, surfing og anden vandsport. At engagere sig i disse aktiviteter er imidlertid forbundet med iboende risici. Ulykker eller skader under s\u00e5danne aktiviteter kan ikke kun \u00f8del\u00e6gge en ferie, men ogs\u00e5 f\u00f8re til betydelige l\u00e6geudgifter. Mange rejseforsikringer tilbyder yderligere d\u00e6kning for eventyrsport, hvilket giver ro i sindet for rejsende, mens de nyder de sp\u00e6ndende oplevelser, som Maldiverne byder p\u00e5.<\/p>\n<p><strong>Personligt ansvar<\/strong><\/p>\n<p>Ulykker, der involverer andre, uanset om det er p\u00e5 en lejet jetski eller under en gruppeudflugt, kan f\u00f8re til erstatningskrav. Forsikring, der d\u00e6kker personligt ansvar, kan beskytte rejsende mod de \u00f8konomiske konsekvenser af utilsigtet skade p\u00e5 tredjemand eller skade p\u00e5 deres ejendom.<\/p>\n<p><strong>Sindsro<\/strong><\/p>\n<p>I sidste ende er den overordnede fordel ved at have en rejse- og sygeforsikring den ro i sindet, det giver. At vide, at de fleste uforudsete h\u00e6ndelser er d\u00e6kket, giver rejsende mulighed for fuldt ud at fordybe sig i sk\u00f8nheden og afslapningen ved deres Maldiviske ferie uden den nagende bekymring om &quot;hvad nu hvis.&quot;<\/p>\n<p>Som konklusion er rejse- og sygeforsikring ikke kun anbefalet, men afg\u00f8rende for alle, der planl\u00e6gger at bes\u00f8ge Maldiverne. Investeringen i forsikring sikrer ikke kun de \u00f8konomiske aspekter af rejsen, men ogs\u00e5 de rejsendes sundhed og velv\u00e6re, hvilket sikrer, at en dr\u00f8mmeferie forbliver idyllisk.<\/p>\n\n\t\t<\/div>\n\t<\/div>\n<\/div><\/div><\/div><\/div>\n<\/div>","protected":false},"excerpt":{"rendered":"<div class=\"mh-excerpt\"><\/div>","protected":false},"author":1,"featured_media":14889,"parent":0,"menu_order":0,"comment_status":"closed","ping_status":"closed","template":"","meta":{"footnotes":""},"class_list":["post-14888","page","type-page","status-publish","has-post-thumbnail"],"aioseo_notices":[],"_links":{"self":[{"href":"http:\/\/maldives-paradise.com\/da\/wp-json\/wp\/v2\/pages\/14888","targetHints":{"allow":["GET"]}}],"collection":[{"href":"http:\/\/maldives-paradise.com\/da\/wp-json\/wp\/v2\/pages"}],"about":[{"href":"http:\/\/maldives-paradise.com\/da\/wp-json\/wp\/v2\/types\/page"}],"author":[{"embeddable":true,"href":"http:\/\/maldives-paradise.com\/da\/wp-json\/wp\/v2\/users\/1"}],"replies":[{"embeddable":true,"href":"http:\/\/maldives-paradise.com\/da\/wp-json\/wp\/v2\/comments?post=14888"}],"version-history":[{"count":2,"href":"http:\/\/maldives-paradise.com\/da\/wp-json\/wp\/v2\/pages\/14888\/revisions"}],"predecessor-version":[{"id":14891,"href":"http:\/\/maldives-paradise.com\/da\/wp-json\/wp\/v2\/pages\/14888\/revisions\/14891"}],"wp:featuredmedia":[{"embeddable":true,"href":"http:\/\/maldives-paradise.com\/da\/wp-json\/wp\/v2\/media\/14889"}],"wp:attachment":[{"href":"http:\/\/maldives-paradise.com\/da\/wp-json\/wp\/v2\/media?parent=14888"}],"curies":[{"name":"wp","href":"https:\/\/api.w.org\/{rel}","templated":true}]}}