{"id":14884,"date":"2024-05-04T18:09:25","date_gmt":"2024-05-04T18:09:25","guid":{"rendered":"http:\/\/maldives-paradise.com\/?page_id=14884"},"modified":"2024-09-14T08:17:34","modified_gmt":"2024-09-14T08:17:34","slug":"arstider-pa-maldiverne","status":"publish","type":"page","link":"http:\/\/maldives-paradise.com\/da\/arstider-pa-maldiverne\/","title":{"rendered":"\u00c5rstider p\u00e5 Maldiverne"},"content":{"rendered":"<div class=\"wpb-content-wrapper\"><div class=\"vc_row wpb_row vc_row-fluid\"><div class=\"wpb_column vc_column_container vc_col-sm-12\"><div class=\"vc_column-inner\"><div class=\"wpb_wrapper\">\n\t<div  class=\"wpb_single_image wpb_content_element vc_align_left wpb_content_element\">\n\t\t\n\t\t<figure class=\"wpb_wrapper vc_figure\">\n\t\t\t<div class=\"vc_single_image-wrapper   vc_box_border_grey\"><img decoding=\"async\" class=\"vc_single_image-img\" src=\"https:\/\/maldives-paradise.com\/wp-content\/uploads\/2024\/05\/maldives-beach.jpg\" width=\"780\" height=\"501\" alt=\"Maldivernes strand\" title=\"maldiverne-strand\" loading=\"lazy\" \/><\/div>\n\t\t<\/figure>\n\t<\/div>\n<\/div><\/div><\/div><\/div><div class=\"vc_row wpb_row vc_row-fluid\"><div class=\"wpb_column vc_column_container vc_col-sm-12\"><div class=\"vc_column-inner\"><div class=\"wpb_wrapper\">\n\t<div class=\"wpb_text_column wpb_content_element\" >\n\t\t<div class=\"wpb_wrapper\">\n\t\t\t<p>Maldiverne er kendt for sit betagende klare vand, pulserende koralrev og luksuri\u00f8se feriesteder. Hvad mange bes\u00f8gende m\u00e5ske ikke er klar over er, at det idylliske vejr p\u00e5 Maldiverne er pr\u00e6get af to forskellige \u00e5rstider: den t\u00f8rre s\u00e6son og den v\u00e5de s\u00e6son. Hver s\u00e6son byder p\u00e5 en unik charme og et s\u00e6t aktiviteter, der er skr\u00e6ddersyet til det skiftende klima.<\/p>\n<p><strong>The Dry Season: A Sun Seekers Haven<\/strong><\/p>\n<p>Den t\u00f8rre s\u00e6son p\u00e5 Maldiverne l\u00f8ber fra november til april og er pr\u00e6get af lavere luftfugtighed, minimal nedb\u00f8r og endel\u00f8se solskinsdage. Denne periode er p\u00e5 linje med den nord\u00f8stlige monsun, og bringer dage, der er konsekvent lyse og perfekte til udend\u00f8rsaktiviteter. I l\u00f8bet af denne s\u00e6son forbliver havet roligt og klart, hvilket g\u00f8r det ideelt til snorkling, dykning og sv\u00f8mning. Sigtbarheden under vandet \u00f8ges dramatisk, hvilket giver dykkere mulighed for fuldt ud at v\u00e6rds\u00e6tte det rige havliv og korallandskaber.<\/p>\n<p>Turister str\u00f8mmer til \u00f8erne i disse m\u00e5neder for at drage fordel af det perfekte vejr. Den t\u00f8rre s\u00e6son er ogs\u00e5 h\u00f8js\u00e6sonen for turisme, med feriesteder, der ofte har deres travleste. For dem, der \u00f8nsker at nyde den typiske maldiviske oplevelse - bungalows over vandet, solbadning p\u00e5 hvide sandstrande og romantiske solnedgangskrydstogter - er den t\u00f8rre s\u00e6son tid til at bes\u00f8ge.<\/p>\n<p><strong>Den v\u00e5de s\u00e6son: En forfriskende flugt<\/strong><\/p>\n<p>I mods\u00e6tning hertil falder den v\u00e5de s\u00e6son, der str\u00e6kker sig fra maj til oktober, sammen med den sydvestlige monsun. Denne periode ser h\u00f8jere luftfugtighed, st\u00e6rkere vinde og betydelig nedb\u00f8r, is\u00e6r i juni og juli. Selvom dette kan lyde mindre tiltalende, bringer den v\u00e5de s\u00e6son sine egne fordele. \u00d8erne er mindre overfyldte, og priserne for overnatning falder ofte, hvilket g\u00f8r det til et godt tidspunkt for budgetbevidste rejsende.<\/p>\n<p>Nedb\u00f8ren i den v\u00e5de s\u00e6son er typisk kort, men intens, ofte efterfulgt af solskin. Den frodige vegetation trives i dette vejr og byder p\u00e5 et levende udbrud af gr\u00f8nt, der forst\u00e6rker \u00f8ernes naturlige sk\u00f8nhed. Desuden er den v\u00e5de s\u00e6son ideel for surfere, da monsunen v\u00e6kker st\u00f8rre b\u00f8lger og st\u00e6rkere str\u00f8mme, hvilket giver fremragende betingelser for surfing.<\/p>\n<p>Hver s\u00e6son p\u00e5 Maldiverne byder p\u00e5 et andet perspektiv p\u00e5 paradis, der tager h\u00f8jde for forskellige interesser og aktiviteter. Uanset om det er at sole sig i den t\u00f8rre s\u00e6sons endel\u00f8se solskin eller omfavne den v\u00e5de s\u00e6sons dynamiske vejr, lover Maldiverne en mindev\u00e6rdig flugt for alle, der bes\u00f8ger.<\/p>\n\n\t\t<\/div>\n\t<\/div>\n<\/div><\/div><\/div><\/div><div class=\"vc_row wpb_row vc_row-fluid\"><div class=\"wpb_column vc_column_container vc_col-sm-12\"><div class=\"vc_column-inner\"><div class=\"wpb_wrapper\">\n\t<div class=\"wpb_text_column wpb_content_element\" >\n\t\t<div class=\"wpb_wrapper\">\n\t\t\t<p><a href=\"https:\/\/www.accuweather.com\/en\/mv\/male\/5003\/september-weather\/5003\" target=\"_blank\" rel=\"noopener\"><strong>Vejrudsigt Maldiverne<\/strong><\/a><\/p>\n\n\t\t<\/div>\n\t<\/div>\n<\/div><\/div><\/div><\/div>\n<\/div>","protected":false},"excerpt":{"rendered":"<div class=\"mh-excerpt\"><\/div>","protected":false},"author":1,"featured_media":14885,"parent":0,"menu_order":0,"comment_status":"closed","ping_status":"closed","template":"","meta":{"footnotes":""},"class_list":["post-14884","page","type-page","status-publish","has-post-thumbnail"],"aioseo_notices":[],"_links":{"self":[{"href":"http:\/\/maldives-paradise.com\/da\/wp-json\/wp\/v2\/pages\/14884","targetHints":{"allow":["GET"]}}],"collection":[{"href":"http:\/\/maldives-paradise.com\/da\/wp-json\/wp\/v2\/pages"}],"about":[{"href":"http:\/\/maldives-paradise.com\/da\/wp-json\/wp\/v2\/types\/page"}],"author":[{"embeddable":true,"href":"http:\/\/maldives-paradise.com\/da\/wp-json\/wp\/v2\/users\/1"}],"replies":[{"embeddable":true,"href":"http:\/\/maldives-paradise.com\/da\/wp-json\/wp\/v2\/comments?post=14884"}],"version-history":[{"count":3,"href":"http:\/\/maldives-paradise.com\/da\/wp-json\/wp\/v2\/pages\/14884\/revisions"}],"predecessor-version":[{"id":24641,"href":"http:\/\/maldives-paradise.com\/da\/wp-json\/wp\/v2\/pages\/14884\/revisions\/24641"}],"wp:featuredmedia":[{"embeddable":true,"href":"http:\/\/maldives-paradise.com\/da\/wp-json\/wp\/v2\/media\/14885"}],"wp:attachment":[{"href":"http:\/\/maldives-paradise.com\/da\/wp-json\/wp\/v2\/media?parent=14884"}],"curies":[{"name":"wp","href":"https:\/\/api.w.org\/{rel}","templated":true}]}}