{"id":10597,"date":"2024-02-12T20:37:41","date_gmt":"2024-02-12T20:37:41","guid":{"rendered":"http:\/\/maldives-paradise.com\/?page_id=10597"},"modified":"2025-10-15T13:58:54","modified_gmt":"2025-10-15T13:58:54","slug":"thulhagiri-island-resort","status":"publish","type":"page","link":"http:\/\/maldives-paradise.com\/da\/thulhagiri-island-resort\/","title":{"rendered":"Thulhagiri Island Resort"},"content":{"rendered":"<div class=\"wpb-content-wrapper\"><div class=\"vc_row wpb_row vc_row-fluid\"><div class=\"wpb_column vc_column_container vc_col-sm-12\"><div class=\"vc_column-inner\"><div class=\"wpb_wrapper\">\n\t<div class=\"wpb_text_column wpb_content_element\" >\n\t\t<div class=\"wpb_wrapper\">\n\t\t\t<h3>Udforsk de uovertrufne funktioner ved Thulhagiri Island Resort p\u00e5 Maldiverne<\/h3>\n\n\t\t<\/div>\n\t<\/div>\n<\/div><\/div><\/div><\/div><div class=\"vc_row wpb_row vc_row-fluid\"><div class=\"wpb_column vc_column_container vc_col-sm-12\"><div class=\"vc_column-inner\"><div class=\"wpb_wrapper\">\n\t<div class=\"wpb_video_widget wpb_content_element vc_clearfix   vc_video-aspect-ratio-169 vc_video-el-width-100 vc_video-align-left\" >\n\t\t<div class=\"wpb_wrapper\">\n\t\t\t\n\t\t\t<div class=\"wpb_video_wrapper\"><iframe loading=\"lazy\" title=\"Thulhagiri Island Maldiverne | Drone 4K\" width=\"500\" height=\"281\" src=\"https:\/\/www.youtube.com\/embed\/ZCEJuggtsFg?feature=oembed\" frameborder=\"0\" allow=\"accelerometer; autoplay; clipboard-write; encrypted-media; gyroscope; picture-in-picture; web-share\" allowfullscreen><\/iframe><\/div>\n\t\t<\/div>\n\t<\/div>\n<\/div><\/div><\/div><\/div><div class=\"vc_row wpb_row vc_row-fluid\"><div class=\"wpb_column vc_column_container vc_col-sm-12\"><div class=\"vc_column-inner\"><div class=\"wpb_wrapper\">\n\t<div class=\"wpb_text_column wpb_content_element\" >\n\t\t<div class=\"wpb_wrapper\">\n\t\t\t<p>Thulhagiri Island Resort, en oase af luksus og ro p\u00e5 Maldiverne. Beliggende p\u00e5 sin private \u00f8 i North Male Atoll, tilbyder dette uds\u00f8gte resort kr\u00e6sne rejsende et uforglemmeligt tilflugtssted omgivet af betagende naturlig sk\u00f8nhed. Lad os dykke ned i de bedste funktioner, der g\u00f8r <a href=\"https:\/\/trip.tpo.lv\/vz6LY45C\" target=\"_blank\" rel=\"noopener sponsored\"><strong>Thulhagiri Island Resort<\/strong><\/a> en destination med uovertruffen nydelse.<\/p>\n<p><strong>Uds\u00f8gte overnatningssteder:<\/strong><br \/>\nThulhagiri Island Resort tilbyder en r\u00e6kke luksuri\u00f8se indkvarteringer, fra charmerende strandbungalower til elegante overvandsvillaer, som hver er designet til at give g\u00e6sterne den ultimative komfort og afslapning. Med rummeligt interi\u00f8r, moderne bekvemmeligheder og en betagende udsigt over havet eller frodige tropiske haver er hvert v\u00e6relse et fristed af sindsro og afsondrethed.<\/p>\n<p><strong>Gourmet madoplevelser:<\/strong><br \/>\nKulinariske l\u00e6kkerier venter p\u00e5 Thulhagiri Island Resorts forskellige spisesteder, hvor talentfulde kokke laver uds\u00f8gte retter inspireret af globale smagsoplevelser. G\u00e6sterne kan nyde friskfangede fisk og skaldyr p\u00e5 grillen ved stranden, fork\u00e6le sig selv med uds\u00f8gt middag p\u00e5 resortets signaturrestaurant eller nyde afslappede retter og forfriskende cocktails i poolbaren. Med en r\u00e6kke spisemuligheder at v\u00e6lge imellem er hvert m\u00e5ltid et gastronomisk eventyr at huske.<\/p>\n<p><strong>Uber\u00f8rte private strande:<\/strong><br \/>\nDe private strande p\u00e5 Thulhagiri Island Resort er et sandt paradis med pudderhvidt sand og krystalklart vand, der inviterer g\u00e6ster til at slappe af og slappe af. Uanset om de slapper af p\u00e5 solbeskinnede kyster, sv\u00f8mmer i den turkise lagune eller snorkler blandt pulserende koralrev, kan g\u00e6sterne fordybe sig i Maldivernes naturlige sk\u00f8nhed og skabe uforglemmelige minder.<\/p>\n<p><strong>Dykker- og snorkeleventyr:<\/strong><br \/>\nMed sin n\u00e6rhed til nogle af verdens mest spektakul\u00e6re dykkersteder er Thulhagiri Island Resort et paradis for dykker- og snorkelentusiaster. G\u00e6ster kan udforske pulserende koralhaver, m\u00f8de fascinerende havliv og opdage undervandshuler og skibsvrag. Uanset om du tager p\u00e5 en guidet dykkerudflugt eller snorkler ud for resortets uber\u00f8rte husrev, er ethvert undervandseventyr en betagende oplevelse.<\/p>\n<p><strong>Luksuri\u00f8st spa- og wellness-retr\u00e6te:<\/strong><br \/>\nResortets luksuri\u00f8se spa tilbyder et fristed for afslapning og foryngelse, hvor g\u00e6sterne kan undslippe hverdagens stress og fork\u00e6le sig selv med fork\u00e6lende behandlinger inspireret af gamle helbredende traditioner. Fra beroligende massage til opkvikkende kropsscrubs giver spaens dygtige terapeuter personlige terapier, der n\u00e6rer krop, sind og sj\u00e6l.<\/p>\n<p><strong>Romantiske solnedgangskrydstogter:<\/strong><br \/>\nN\u00e5r solen g\u00e5r ned over horisonten, kan g\u00e6sterne begive sig ud p\u00e5 et romantisk solnedgangskrydstogt ombord p\u00e5 en traditionel maldivisk dhoni, nippe til champagne og nyde kanapeer, mens de beundrer den betagende udsigt. For dem, der s\u00f8ger en virkelig uforglemmelig oplevelse, tilbyder Thulhagiri Island Resort ogs\u00e5 private solnedgangsmiddage p\u00e5 afsondrede sandbanker, hvor g\u00e6sterne kan spise under stjernerne midt i havets lyde.<\/p>\n<p><strong>Up\u00e5klagelig service og g\u00e6stfrihed:<\/strong><br \/>\nP\u00e5 Thulhagiri Island Resort bliver g\u00e6sterne behandlet efter de h\u00f8jeste standarder for service og g\u00e6stfrihed, hvilket sikrer et problemfrit og uforglemmeligt ophold fra start til slut. Resortets opm\u00e6rksomme personale g\u00e5r ud over g\u00e6sternes forventninger, og yder personlig assistance med enhver anmodning og sikrer, at alle detaljer i deres ophold bliver taget h\u00e5nd om.<\/p>\n<p>Afslutningsvis tilbyder Thulhagiri Island Resort et luksuri\u00f8st tilflugtssted p\u00e5 en af verdens mest betagende destinationer, hvor g\u00e6sterne kan fordybe sig i Maldivernes naturlige sk\u00f8nhed og ro. Med sin luksuri\u00f8se indkvartering, gourmet-madoplevelser, uber\u00f8rte strande og enest\u00e5ende service lover resortet en uforglemmelig flugt til paradis for kr\u00e6sne rejsende, der s\u00f8ger den ultimative maldiviske oplevelse. Uanset om de slapper af p\u00e5 stranden, fork\u00e6ler sig med spa-behandlinger eller begiver sig ud p\u00e5 sp\u00e6ndende vandsportseventyr, inviteres g\u00e6sterne til at opdage magien ved Thulhagiri Island Resort og skabe minder, der varer hele livet.<\/p>\n\n\t\t<\/div>\n\t<\/div>\n<\/div><\/div><\/div><\/div><div class=\"vc_row wpb_row vc_row-fluid\"><div class=\"wpb_column vc_column_container vc_col-sm-12\"><div class=\"vc_column-inner\"><div class=\"wpb_wrapper\">\n\t<div class=\"wpb_text_column wpb_content_element\" >\n\t\t<div class=\"wpb_wrapper\">\n\t\t\t<h3><a title=\"Thulhagiri Island Resort\" href=\"https:\/\/trip.tpo.lv\/vz6LY45C\" target=\"blanc2\" rel=\"nofollow\">Tjek tilg\u00e6ngelighed og bedste pris p\u00e5 Thulhagiri Island Resort her &gt;&gt;<\/a><\/h3>\n\n\t\t<\/div>\n\t<\/div>\n<\/div><\/div><\/div><\/div>\n<\/div>","protected":false},"excerpt":{"rendered":"<div class=\"mh-excerpt\"><\/div>","protected":false},"author":1,"featured_media":10598,"parent":0,"menu_order":0,"comment_status":"closed","ping_status":"closed","template":"","meta":{"footnotes":""},"class_list":["post-10597","page","type-page","status-publish","has-post-thumbnail"],"aioseo_notices":[],"_links":{"self":[{"href":"http:\/\/maldives-paradise.com\/da\/wp-json\/wp\/v2\/pages\/10597","targetHints":{"allow":["GET"]}}],"collection":[{"href":"http:\/\/maldives-paradise.com\/da\/wp-json\/wp\/v2\/pages"}],"about":[{"href":"http:\/\/maldives-paradise.com\/da\/wp-json\/wp\/v2\/types\/page"}],"author":[{"embeddable":true,"href":"http:\/\/maldives-paradise.com\/da\/wp-json\/wp\/v2\/users\/1"}],"replies":[{"embeddable":true,"href":"http:\/\/maldives-paradise.com\/da\/wp-json\/wp\/v2\/comments?post=10597"}],"version-history":[{"count":3,"href":"http:\/\/maldives-paradise.com\/da\/wp-json\/wp\/v2\/pages\/10597\/revisions"}],"predecessor-version":[{"id":43712,"href":"http:\/\/maldives-paradise.com\/da\/wp-json\/wp\/v2\/pages\/10597\/revisions\/43712"}],"wp:featuredmedia":[{"embeddable":true,"href":"http:\/\/maldives-paradise.com\/da\/wp-json\/wp\/v2\/media\/10598"}],"wp:attachment":[{"href":"http:\/\/maldives-paradise.com\/da\/wp-json\/wp\/v2\/media?parent=10597"}],"curies":[{"name":"wp","href":"https:\/\/api.w.org\/{rel}","templated":true}]}}