{"id":10441,"date":"2024-02-10T09:59:44","date_gmt":"2024-02-10T09:59:44","guid":{"rendered":"http:\/\/maldives-paradise.com\/?page_id=10441"},"modified":"2024-09-14T08:23:27","modified_gmt":"2024-09-14T08:23:27","slug":"internationale-flyvninger-til-maldiverne","status":"publish","type":"page","link":"http:\/\/maldives-paradise.com\/da\/internationale-flyvninger-til-maldiverne\/","title":{"rendered":"Internationale flyvninger til Maldiverne"},"content":{"rendered":"<div class=\"wpb-content-wrapper\"><div class=\"vc_row wpb_row vc_row-fluid\"><div class=\"wpb_column vc_column_container vc_col-sm-12\"><div class=\"vc_column-inner\"><div class=\"wpb_wrapper\">\n\t<div class=\"wpb_text_column wpb_content_element\" >\n\t\t<div class=\"wpb_wrapper\">\n\t\t\t<h3>Internationale flyvninger Ankommer til Mal\u00e9s internationale lufthavn, Maldiverne<\/h3>\n\n\t\t<\/div>\n\t<\/div>\n<\/div><\/div><\/div><\/div><div class=\"vc_row wpb_row vc_row-fluid\"><div class=\"wpb_column vc_column_container vc_col-sm-12\"><div class=\"vc_column-inner\"><div class=\"wpb_wrapper\">\n\t<div  class=\"wpb_single_image wpb_content_element vc_align_left wpb_content_element\">\n\t\t\n\t\t<figure class=\"wpb_wrapper vc_figure\">\n\t\t\t<div class=\"vc_single_image-wrapper   vc_box_border_grey\"><img loading=\"lazy\" decoding=\"async\" width=\"800\" height=\"533\" src=\"https:\/\/maldives-paradise.com\/wp-content\/uploads\/2024\/02\/Emirates-plane-5855534_1280.jpg\" class=\"vc_single_image-img attachment-full\" alt=\"Emirates flyselskab\" title=\"Emirates-fly-5855534_1280\" srcset=\"https:\/\/maldives-paradise.com\/wp-content\/uploads\/2024\/02\/Emirates-plane-5855534_1280.jpg 800w, https:\/\/maldives-paradise.com\/wp-content\/uploads\/2024\/02\/Emirates-plane-5855534_1280-300x200.jpg 300w, https:\/\/maldives-paradise.com\/wp-content\/uploads\/2024\/02\/Emirates-plane-5855534_1280-768x512.jpg 768w, https:\/\/maldives-paradise.com\/wp-content\/uploads\/2024\/02\/Emirates-plane-5855534_1280-18x12.jpg 18w, https:\/\/maldives-paradise.com\/wp-content\/uploads\/2024\/02\/Emirates-plane-5855534_1280-500x333.jpg 500w\" sizes=\"auto, (max-width: 800px) 100vw, 800px\" \/><\/div>\n\t\t<\/figure>\n\t<\/div>\n<\/div><\/div><\/div><\/div><div class=\"vc_row wpb_row vc_row-fluid\"><div class=\"wpb_column vc_column_container vc_col-sm-12\"><div class=\"vc_column-inner\"><div class=\"wpb_wrapper\">\n\t<div class=\"wpb_text_column wpb_content_element\" >\n\t\t<div class=\"wpb_wrapper\">\n\t\t\t<p>Mal\u00e9 International Airport, ogs\u00e5 kendt som Velana International Airport, ligger p\u00e5 \u00f8en Hulhul\u00e9, ved siden af hovedstaden Mal\u00e9 p\u00e5 Maldiverne, og fungerer som den prim\u00e6re port til Maldiverne.<\/p>\n<p>Maldiverne byder velkommen til bes\u00f8gende fra forskellige hj\u00f8rner af verden. Internationale flyvninger til Mal\u00e9 International Airport kommer fra store knudepunkter, herunder Dubai, Doha, Abu Dhabi, Singapore, Istanbul, Moskva og Kuala Lumpur. Flyselskaber som Emirates, Qatar Airways, Etihad, Singapore Airlines, Turkish Airlines, Aeroflot og Malaysia Airlines flyver hyppige til dette tropiske paradis. Hong Kong Airlines har ogs\u00e5 for nylig \u00e5bnet et direkte fly fra Hong Kong.<\/p>\n<p>Disse internationale fly bringer rejsende til Mal\u00e9s internationale lufthavn. Selvom lufthavnen er relativt lille i st\u00f8rrelse, tilbyder den moderne faciliteter og tjenester, der opfylder behovene hos indkommende passagerer. Fra toldfrie butikker, der tilbyder souvenirs og luksusvarer til restauranter, der serverer l\u00e6kre maldiviske retter, kan rejsende fordybe sig i den lokale kultur, selv f\u00f8r de tr\u00e6der deres fod p\u00e5 \u00f8erne.<\/p>\n<p>Ved ankomsten bliver passagererne m\u00f8dt af det maldiviske folks varme g\u00e6stfrihed og den betagende udsigt over det krystalklare turkise vand omkring lufthavnen. Transfer til de forskellige \u00f8-resorts arrangeres typisk via speedb\u00e5d eller vandfly, hvilket tilf\u00f8jer et element af sp\u00e6nding til rejsen.<\/p>\n<p>Maldivernes popularitet som turistdestination har set en st\u00f8t stigning i internationale ankomster gennem \u00e5rene. F\u00f8r den globale pandemi registrerede Mal\u00e9 International Airport over 4 millioner passagerer \u00e5rligt, hvor st\u00f8rstedelen af rejsende kom fra Europa, Asien og Mellem\u00f8sten. Mens rejserestriktioner i 2020 og 2021 f\u00f8rte til et midlertidigt fald i passagertallet, har Maldiverne gradvist gen\u00e5bnet sine gr\u00e6nser og byder internationale bes\u00f8gende velkommen med forbedrede sikkerhedsforanstaltninger p\u00e5 plads.<\/p>\n<p>Emirates Airline har flere flyvninger fra Dubai til Mal\u00e9 hver dag. S\u00f8g fly kl <a href=\"https:\/\/lamp.glopss.com\/aff_c?offer_id=199&amp;aff_id=1834\" target=\"_blank\" rel=\"nofollow noopener\">Emirater her<\/a>.<\/p>\n\n\t\t<\/div>\n\t<\/div>\n<\/div><\/div><\/div><\/div><div class=\"vc_row wpb_row vc_row-fluid\"><div class=\"wpb_column vc_column_container vc_col-sm-12\"><div class=\"vc_column-inner\"><div class=\"wpb_wrapper\">\n\t<div class=\"wpb_text_column wpb_content_element\" >\n\t\t<div class=\"wpb_wrapper\">\n\t\t\t<h3><a href=\"http:\/\/maldives-paradise.com\/da\/2024\/02\/flyvninger\/\">S\u00f8g efter alle fly til Maldiverne her &gt;&gt;<\/a><\/h3>\n\n\t\t<\/div>\n\t<\/div>\n<\/div><\/div><\/div><\/div>\n<\/div>","protected":false},"excerpt":{"rendered":"<div class=\"mh-excerpt\"><\/div>","protected":false},"author":1,"featured_media":10442,"parent":0,"menu_order":0,"comment_status":"closed","ping_status":"closed","template":"","meta":{"footnotes":""},"class_list":["post-10441","page","type-page","status-publish","has-post-thumbnail"],"aioseo_notices":[],"_links":{"self":[{"href":"http:\/\/maldives-paradise.com\/da\/wp-json\/wp\/v2\/pages\/10441","targetHints":{"allow":["GET"]}}],"collection":[{"href":"http:\/\/maldives-paradise.com\/da\/wp-json\/wp\/v2\/pages"}],"about":[{"href":"http:\/\/maldives-paradise.com\/da\/wp-json\/wp\/v2\/types\/page"}],"author":[{"embeddable":true,"href":"http:\/\/maldives-paradise.com\/da\/wp-json\/wp\/v2\/users\/1"}],"replies":[{"embeddable":true,"href":"http:\/\/maldives-paradise.com\/da\/wp-json\/wp\/v2\/comments?post=10441"}],"version-history":[{"count":3,"href":"http:\/\/maldives-paradise.com\/da\/wp-json\/wp\/v2\/pages\/10441\/revisions"}],"predecessor-version":[{"id":10968,"href":"http:\/\/maldives-paradise.com\/da\/wp-json\/wp\/v2\/pages\/10441\/revisions\/10968"}],"wp:featuredmedia":[{"embeddable":true,"href":"http:\/\/maldives-paradise.com\/da\/wp-json\/wp\/v2\/media\/10442"}],"wp:attachment":[{"href":"http:\/\/maldives-paradise.com\/da\/wp-json\/wp\/v2\/media?parent=10441"}],"curies":[{"name":"wp","href":"https:\/\/api.w.org\/{rel}","templated":true}]}}