{"id":10378,"date":"2024-02-09T17:00:02","date_gmt":"2024-02-09T17:00:02","guid":{"rendered":"http:\/\/maldives-paradise.com\/?page_id=10378"},"modified":"2024-09-14T08:09:28","modified_gmt":"2024-09-14T08:09:28","slug":"geografi-og-vejr","status":"publish","type":"page","link":"http:\/\/maldives-paradise.com\/da\/geografi-og-vejr\/","title":{"rendered":"Geografi og vejr"},"content":{"rendered":"<div class=\"wpb-content-wrapper\"><div class=\"vc_row wpb_row vc_row-fluid\"><div class=\"wpb_column vc_column_container vc_col-sm-12\"><div class=\"vc_column-inner\"><div class=\"wpb_wrapper\">\n\t<div class=\"wpb_text_column wpb_content_element\" >\n\t\t<div class=\"wpb_wrapper\">\n\t\t\t<h3>Geografi og vejr p\u00e5 Maldiverne<\/h3>\n\n\t\t<\/div>\n\t<\/div>\n<\/div><\/div><\/div><\/div><div class=\"vc_row wpb_row vc_row-fluid\"><div class=\"wpb_column vc_column_container vc_col-sm-12\"><div class=\"vc_column-inner\"><div class=\"wpb_wrapper\">\n\t<div  class=\"wpb_single_image wpb_content_element vc_align_left wpb_content_element\">\n\t\t\n\t\t<figure class=\"wpb_wrapper vc_figure\">\n\t\t\t<div class=\"vc_single_image-wrapper   vc_box_border_grey\"><img loading=\"lazy\" decoding=\"async\" width=\"800\" height=\"600\" src=\"https:\/\/maldives-paradise.com\/wp-content\/uploads\/2024\/02\/maldives-1095102_1280.jpg\" class=\"vc_single_image-img attachment-full\" alt=\"En atol p\u00e5 Maldiverne\" title=\"maldiverne-1095102_1280\" srcset=\"https:\/\/maldives-paradise.com\/wp-content\/uploads\/2024\/02\/maldives-1095102_1280.jpg 800w, https:\/\/maldives-paradise.com\/wp-content\/uploads\/2024\/02\/maldives-1095102_1280-300x225.jpg 300w, https:\/\/maldives-paradise.com\/wp-content\/uploads\/2024\/02\/maldives-1095102_1280-768x576.jpg 768w, https:\/\/maldives-paradise.com\/wp-content\/uploads\/2024\/02\/maldives-1095102_1280-16x12.jpg 16w, https:\/\/maldives-paradise.com\/wp-content\/uploads\/2024\/02\/maldives-1095102_1280-678x509.jpg 678w, https:\/\/maldives-paradise.com\/wp-content\/uploads\/2024\/02\/maldives-1095102_1280-326x245.jpg 326w, https:\/\/maldives-paradise.com\/wp-content\/uploads\/2024\/02\/maldives-1095102_1280-80x60.jpg 80w, https:\/\/maldives-paradise.com\/wp-content\/uploads\/2024\/02\/maldives-1095102_1280-500x375.jpg 500w\" sizes=\"auto, (max-width: 800px) 100vw, 800px\" \/><\/div>\n\t\t<\/figure>\n\t<\/div>\n<\/div><\/div><\/div><\/div><div class=\"vc_row wpb_row vc_row-fluid\"><div class=\"wpb_column vc_column_container vc_col-sm-12\"><div class=\"vc_column-inner\"><div class=\"wpb_wrapper\">\n\t<div class=\"wpb_text_column wpb_content_element\" >\n\t\t<div class=\"wpb_wrapper\">\n\t\t\t<p><strong>Geografi<\/strong><\/p>\n<p>Maldiverne er et land og en \u00f8gruppe beliggende i Det Indiske Ocean, omkring 2000 km syd for Indiens kystlinje og sydvest for Sri Lanka. Den strakte sig over 900 kilometer fra nord til syd. Denne fantastiske \u00f8gruppe, der omfatter 26 atoller og over 1.000 koral\u00f8er. Disse atoller, dannet af koralrev. Det er kendt over hele verden for sin betagende naturlige sk\u00f8nhed og enest\u00e5ende luksus. Maldiverne er et tropisk paradis, der lokker rejsende med sine uber\u00f8rte strande, azurbl\u00e5 vand og pulserende havliv.<\/p>\n<p><strong>Klima<\/strong><\/p>\n<p>Maldiverne har et tropisk klima pr\u00e6get af to adskilte \u00e5rstider - den t\u00f8rre s\u00e6son (nord\u00f8stmonsun) og den v\u00e5de s\u00e6son (sydvestlig monsun).<br \/>\nDen t\u00f8rre s\u00e6son, som typisk str\u00e6kker sig fra december til april, kan prale af klar himmel, rigeligt solskin og stille hav, hvilket g\u00f8r det til det perfekte tidspunkt for strandelskere og vansentusiaster at bes\u00f8ge. I denne periode varierer temperaturerne fra 25\u00b0C til 31\u00b0C (77\u00b0F til 88\u00b0F), hvilket skaber ideelle forhold for snorkling, dykning og andre vandaktiviteter.<\/p>\n<p>Omvendt bringer den v\u00e5de s\u00e6son, der opst\u00e5r fra maj til november, lejlighedsvis nedb\u00f8r og st\u00e6rkere vinde. P\u00e5 trods af de sporadiske regnskyl forbliver temperaturerne varme, der sp\u00e6nder fra 26\u00b0C til 30\u00b0C (79\u00b0F til 86\u00b0F). Mens nogle m\u00e5ske viger tilbage fra at bes\u00f8ge i l\u00f8bet af denne tid, byder den v\u00e5de s\u00e6son p\u00e5 sin egen tiltr\u00e6kningskraft, herunder lavere priser, f\u00e6rre menneskem\u00e6ngder og chancen for at se Maldiverne i en mere rolig tilstand.<\/p>\n<p><a href=\"https:\/\/maldives-paradise.com\/da\/arstider-pa-maldiverne\/\">\u00c5rstider p\u00e5 Maldiverne<\/a><\/p>\n\n\t\t<\/div>\n\t<\/div>\n<\/div><\/div><\/div><\/div>\n<\/div>","protected":false},"excerpt":{"rendered":"<div class=\"mh-excerpt\"><\/div>","protected":false},"author":1,"featured_media":10379,"parent":0,"menu_order":0,"comment_status":"closed","ping_status":"closed","template":"","meta":{"footnotes":""},"class_list":["post-10378","page","type-page","status-publish","has-post-thumbnail"],"aioseo_notices":[],"_links":{"self":[{"href":"http:\/\/maldives-paradise.com\/da\/wp-json\/wp\/v2\/pages\/10378","targetHints":{"allow":["GET"]}}],"collection":[{"href":"http:\/\/maldives-paradise.com\/da\/wp-json\/wp\/v2\/pages"}],"about":[{"href":"http:\/\/maldives-paradise.com\/da\/wp-json\/wp\/v2\/types\/page"}],"author":[{"embeddable":true,"href":"http:\/\/maldives-paradise.com\/da\/wp-json\/wp\/v2\/users\/1"}],"replies":[{"embeddable":true,"href":"http:\/\/maldives-paradise.com\/da\/wp-json\/wp\/v2\/comments?post=10378"}],"version-history":[{"count":2,"href":"http:\/\/maldives-paradise.com\/da\/wp-json\/wp\/v2\/pages\/10378\/revisions"}],"predecessor-version":[{"id":24639,"href":"http:\/\/maldives-paradise.com\/da\/wp-json\/wp\/v2\/pages\/10378\/revisions\/24639"}],"wp:featuredmedia":[{"embeddable":true,"href":"http:\/\/maldives-paradise.com\/da\/wp-json\/wp\/v2\/media\/10379"}],"wp:attachment":[{"href":"http:\/\/maldives-paradise.com\/da\/wp-json\/wp\/v2\/media?parent=10378"}],"curies":[{"name":"wp","href":"https:\/\/api.w.org\/{rel}","templated":true}]}}