{"id":10340,"date":"2024-02-08T19:07:28","date_gmt":"2024-02-08T19:07:28","guid":{"rendered":"http:\/\/maldives-paradise.com\/?page_id=10340"},"modified":"2025-01-06T09:09:08","modified_gmt":"2025-01-06T09:09:08","slug":"populaere-aktiviteter-at-lave-pa-maldiverne","status":"publish","type":"page","link":"http:\/\/maldives-paradise.com\/da\/populaere-aktiviteter-at-lave-pa-maldiverne\/","title":{"rendered":"Popul\u00e6re aktiviteter p\u00e5 Maldiverne"},"content":{"rendered":"<div class=\"wpb-content-wrapper\"><div class=\"vc_row wpb_row vc_row-fluid\"><div class=\"wpb_column vc_column_container vc_col-sm-12\"><div class=\"vc_column-inner\"><div class=\"wpb_wrapper\">\n\t<div  class=\"wpb_single_image wpb_content_element vc_align_left wpb_content_element\">\n\t\t\n\t\t<figure class=\"wpb_wrapper vc_figure\">\n\t\t\t<div class=\"vc_single_image-wrapper   vc_box_border_grey\"><img loading=\"lazy\" decoding=\"async\" width=\"1280\" height=\"850\" src=\"https:\/\/maldives-paradise.com\/wp-content\/uploads\/2024\/02\/atoll-2179281_1280.jpg\" class=\"vc_single_image-img attachment-full\" alt=\"Popul\u00e6re ting at g\u00f8re\" title=\"atoll-2179281_1280\" srcset=\"https:\/\/maldives-paradise.com\/wp-content\/uploads\/2024\/02\/atoll-2179281_1280.jpg 1280w, https:\/\/maldives-paradise.com\/wp-content\/uploads\/2024\/02\/atoll-2179281_1280-300x199.jpg 300w, https:\/\/maldives-paradise.com\/wp-content\/uploads\/2024\/02\/atoll-2179281_1280-1024x680.jpg 1024w, https:\/\/maldives-paradise.com\/wp-content\/uploads\/2024\/02\/atoll-2179281_1280-768x510.jpg 768w, https:\/\/maldives-paradise.com\/wp-content\/uploads\/2024\/02\/atoll-2179281_1280-18x12.jpg 18w, https:\/\/maldives-paradise.com\/wp-content\/uploads\/2024\/02\/atoll-2179281_1280-500x332.jpg 500w, https:\/\/maldives-paradise.com\/wp-content\/uploads\/2024\/02\/atoll-2179281_1280-800x531.jpg 800w\" sizes=\"auto, (max-width: 1280px) 100vw, 1280px\" \/><\/div>\n\t\t<\/figure>\n\t<\/div>\n<\/div><\/div><\/div><\/div><div class=\"vc_row wpb_row vc_row-fluid\"><div class=\"wpb_column vc_column_container vc_col-sm-12\"><div class=\"vc_column-inner\"><div class=\"wpb_wrapper\">\n\t<div class=\"wpb_text_column wpb_content_element\" >\n\t\t<div class=\"wpb_wrapper\">\n\t\t\t<p>Maldiverne er med sine fantastiske koralatoller, turkisbl\u00e5 vand og palmekantede strande en dr\u00f8mmedestination for rejsende, der s\u00f8ger en tropisk flugt som ingen anden. Ud over sin betagende sk\u00f8nhed byder Maldiverne p\u00e5 mange aktiviteter og oplevelser, der henvender sig til enhver type rejsende. Fra sp\u00e6ndende vandsport til afslappende feriesteder ved stranden, her er de mest popul\u00e6re aktiviteter at lave p\u00e5 Maldiverne:<\/p>\n<p><strong>Snorkling og dykning:<\/strong><\/p>\n<p>Maldiverne er kendt for sine pulserende koralrev og mangfoldige havliv, hvilket g\u00f8r det til et paradis for snorklere og dykkere. Udforsk undervandshaver, der vrimler med farverige fisk, majest\u00e6tiske manta-rokker og yndefulde havskildpadder. Med adskillige dykkersteder spredt over hele \u00f8gruppen, herunder ber\u00f8mte steder som Maaya Thila og Fish Head, er der ingen mangel p\u00e5 undervandsvidundere at opdage.<\/p>\n<p><strong>Vandsport:<br \/>\n<\/strong><br \/>\nFor adrenalinjunkier og vandsportsentusiaster byder Maldiverne p\u00e5 en bred vifte af aktiviteter for at f\u00e5 dit hjerte til at springe. Pr\u00f8v din h\u00e5nd p\u00e5 windsurfing, kiteboarding eller parasailing, og oplev sp\u00e6ndingen ved at glide over det krystalklare vand i Det Indiske Ocean. Kajaksejlads, paddleboarding og jetski er ogs\u00e5 popul\u00e6re muligheder for dem, der \u00f8nsker at udforske \u00f8ens laguner og mangroveskove.<\/p>\n<p><strong>Sunset Cruises:<\/strong><\/p>\n<p>F\u00e5 oplevelser kan sammenlignes med at se solnedgangen over den maldiviske horisont fra d\u00e6kket af en traditionel dhoni-b\u00e5d. Solnedgangskrydstogter giver den perfekte mulighed for at slappe af og slappe af, mens du nyder \u00f8ernes betagende sk\u00f8nhed. Nyd en forfriskende cocktail, m\u00e6rk den blide havbrise p\u00e5 din hud, og v\u00e6r vidne til naturens spektakul\u00e6re show, mens himlen bryder ud i nuancer af orange, pink og lilla.<\/p>\n<p><strong>\u00d8hop:<\/strong><\/p>\n<p>Med over 1.000 \u00f8er spredt ud over Maldiverne, er \u00f8-hop en must-do-aktivitet for bes\u00f8gende, der \u00f8nsker at udforske \u00f8gruppens mangfoldige landskaber og kulturer. Hop ombord p\u00e5 en speedb\u00e5d eller vandflyver, og tag p\u00e5 en rejse til ubeboede \u00f8er, lokale fiskerlandsbyer og luksusresorts. Hver \u00f8 byder p\u00e5 sin egen unikke charme, fra uber\u00f8rte strande og frodig vegetation til pulserende koralrev og krystalklare laguner.<\/p>\n<p><strong>Spa Retreats:<\/strong><\/p>\n<p>Efter en dag med udforskning af Maldivernes naturlige vidundere, kan du fork\u00e6le dig selv med en foryngende spa-oplevelse p\u00e5 et af \u00f8ens feriesteder i verdensklasse. Fork\u00e6l dig med luksuri\u00f8se behandlinger inspireret af traditionelle maldiviske ritualer, s\u00e5som kokosmassage, havsaltscrubs og aromatiske blomsterbade. Afslapning kommer let p\u00e5 Maldiverne, hvor de beroligende lyde fra havet og blide havbrise skaber den perfekte stemning til ultimativ fork\u00e6lelse.<\/p>\n<p><strong>Delfinsafari:<\/strong><\/p>\n<p>Ingen tur til Maldiverne er komplet uden at v\u00e6re vidne til de legende narrestreger hos de herboende spinnerdelfiner. Tag med p\u00e5 en delfinudflugt, og s\u00e6t sejl p\u00e5 jagt efter disse karismatiske havpattedyr, mens de boltrer sig og springer gennem b\u00f8lgerne. Uanset om du sejler ved solnedgang eller solopgang, vil synet af delfiner, der danser i det varme vand i Det Indiske Ocean, helt sikkert efterlade et varigt indtryk.<\/p>\n<p><strong>Konklusion:<\/strong><\/p>\n<p>Fra undervandseventyr til solnedgangskrydstogter og spa-retreater byder Maldiverne p\u00e5 et v\u00e6ld af oplevelser, der im\u00f8dekommer enhver rejsendes \u00f8nsker. Uanset om du leder efter sp\u00e6nding, afslapning eller kulturel fordybelse, har dette tropiske paradis noget for enhver smag. S\u00e5 pak dine kufferter, begiv dig ud p\u00e5 et eventyr, og oplev selv Maldivernes magi.<\/p>\n\n\t\t<\/div>\n\t<\/div>\n<\/div><\/div><\/div><\/div><div class=\"vc_row wpb_row vc_row-fluid\"><div class=\"wpb_column vc_column_container vc_col-sm-12\"><div class=\"vc_column-inner\"><div class=\"wpb_wrapper\">\n\t<div class=\"wpb_text_column wpb_content_element\" >\n\t\t<div class=\"wpb_wrapper\">\n\t\t\t<p><a title=\"Bedste dykkersteder i Maldiverne\" href=\"https:\/\/maldives-paradise.com\/da\/2024\/01\/bedste-dykkersteder-i-maldiverne\/\"><strong>Bedste dykkersteder i Maldiverne<\/strong><\/a><\/p>\n\n\t\t<\/div>\n\t<\/div>\n<\/div><\/div><\/div><\/div>\n<\/div>","protected":false},"excerpt":{"rendered":"<div class=\"mh-excerpt\"><\/div>","protected":false},"author":1,"featured_media":10341,"parent":0,"menu_order":0,"comment_status":"closed","ping_status":"closed","template":"","meta":{"footnotes":""},"class_list":["post-10340","page","type-page","status-publish","has-post-thumbnail"],"aioseo_notices":[],"_links":{"self":[{"href":"http:\/\/maldives-paradise.com\/da\/wp-json\/wp\/v2\/pages\/10340","targetHints":{"allow":["GET"]}}],"collection":[{"href":"http:\/\/maldives-paradise.com\/da\/wp-json\/wp\/v2\/pages"}],"about":[{"href":"http:\/\/maldives-paradise.com\/da\/wp-json\/wp\/v2\/types\/page"}],"author":[{"embeddable":true,"href":"http:\/\/maldives-paradise.com\/da\/wp-json\/wp\/v2\/users\/1"}],"replies":[{"embeddable":true,"href":"http:\/\/maldives-paradise.com\/da\/wp-json\/wp\/v2\/comments?post=10340"}],"version-history":[{"count":6,"href":"http:\/\/maldives-paradise.com\/da\/wp-json\/wp\/v2\/pages\/10340\/revisions"}],"predecessor-version":[{"id":32109,"href":"http:\/\/maldives-paradise.com\/da\/wp-json\/wp\/v2\/pages\/10340\/revisions\/32109"}],"wp:featuredmedia":[{"embeddable":true,"href":"http:\/\/maldives-paradise.com\/da\/wp-json\/wp\/v2\/media\/10341"}],"wp:attachment":[{"href":"http:\/\/maldives-paradise.com\/da\/wp-json\/wp\/v2\/media?parent=10340"}],"curies":[{"name":"wp","href":"https:\/\/api.w.org\/{rel}","templated":true}]}}