{"id":10316,"date":"2024-02-08T06:52:54","date_gmt":"2024-02-08T06:52:54","guid":{"rendered":"http:\/\/maldives-paradise.com\/?page_id=10316"},"modified":"2024-02-08T06:52:54","modified_gmt":"2024-02-08T06:52:54","slug":"reethi-strandresort","status":"publish","type":"page","link":"http:\/\/maldives-paradise.com\/da\/reethi-strandresort\/","title":{"rendered":"Reethi Beach Resort"},"content":{"rendered":"<div class=\"wpb-content-wrapper\"><div class=\"vc_row wpb_row vc_row-fluid\"><div class=\"wpb_column vc_column_container vc_col-sm-12\"><div class=\"vc_column-inner\"><div class=\"wpb_wrapper\">\n\t<div class=\"wpb_text_column wpb_content_element\" >\n\t\t<div class=\"wpb_wrapper\">\n\t\t\t<h3>Reethi Beach Resort: Din indgang til paradis<\/h3>\n\n\t\t<\/div>\n\t<\/div>\n<\/div><\/div><\/div><\/div><div class=\"vc_row wpb_row vc_row-fluid\"><div class=\"wpb_column vc_column_container vc_col-sm-12\"><div class=\"vc_column-inner\"><div class=\"wpb_wrapper\">\n\t<div class=\"wpb_video_widget wpb_content_element vc_clearfix   vc_video-aspect-ratio-169 vc_video-el-width-100 vc_video-align-left\" >\n\t\t<div class=\"wpb_wrapper\">\n\t\t\t\n\t\t\t<div class=\"wpb_video_wrapper\"><iframe loading=\"lazy\" title=\"VELKOMMEN TIL REETHI BEACH\" width=\"500\" height=\"281\" src=\"https:\/\/www.youtube.com\/embed\/3GYrAkbyxW0?feature=oembed\" frameborder=\"0\" allow=\"accelerometer; autoplay; clipboard-write; encrypted-media; gyroscope; picture-in-picture; web-share\" allowfullscreen><\/iframe><\/div>\n\t\t<\/div>\n\t<\/div>\n<\/div><\/div><\/div><\/div><div class=\"vc_row wpb_row vc_row-fluid\"><div class=\"wpb_column vc_column_container vc_col-sm-12\"><div class=\"vc_column-inner\"><div class=\"wpb_wrapper\">\n\t<div class=\"wpb_text_column wpb_content_element\" >\n\t\t<div class=\"wpb_wrapper\">\n\t\t\t<p>Maldiverne, der er kendt for sine uds\u00f8gte koralatoller, uber\u00f8rte strande og turkisbl\u00e5 vand, er en dr\u00f8mmedestination for rejsende, der s\u00f8ger den perfekte tropiske flugt. Midt i denne fortryllende \u00f8gruppe ligger <strong>Reethi Beach Resort<\/strong>, et roligt tilflugtssted, der tilbyder en enest\u00e5ende blanding af luksus, afslapning og maldivisk charme.<\/p>\n<p><strong>Beliggenhed og tilg\u00e6ngelighed<\/strong><\/p>\n<p>Reethi Beach Resort er ideelt beliggende p\u00e5 \u00f8en Fonimagoodhoo i Baa-atollen, et UNESCO-biosf\u00e6rereservat. Adgang til dette tropiske paradis er lettet af en bekvem 35-minutters vandflyverrejse fra Velana International Airport. Denne s\u00f8ml\u00f8se og natursk\u00f8nne flyvning giver g\u00e6sterne mulighed for at begynde deres maldiviske eventyr, s\u00e5 snart de ankommer.<\/p>\n<p><strong>Indkvartering<\/strong><\/p>\n<p>Resortet tilbyder en r\u00e6kke luksuri\u00f8se overnatningsmuligheder, der hver is\u00e6r er omhyggeligt designet til at give den perfekte blanding af komfort og moderne luksus. Fra elegante villaer ved stranden til uds\u00f8gte bungalows over vandet, kan g\u00e6sterne v\u00e6lge deres ideelle tilflugtssted. Overvandsbungalowerne tilbyder direkte adgang til den azurbl\u00e5 lagune, der fordyber dig i Det Indiske Oceans f\u00e6ngslende sk\u00f8nhed.<\/p>\n<p><strong>Spisning<\/strong><\/p>\n<p>Reethi Beach Resort frister dine smagsl\u00f8g med et varieret udvalg af kulinariske oplevelser. Resortets hovedrestaurant, Reethi Grill, tilbyder en dejlig blanding af internationale og maldiviske retter. G\u00e6sterne kan ogs\u00e5 nyde asiatisk-inspirerede retter p\u00e5 Saima Garden, specialrestauranten. Med en dedikation til at levere uds\u00f8gt k\u00f8kken er hvert m\u00e5ltid p\u00e5 resortet et kulinarisk eventyr.<\/p>\n<p><strong>Aktiviteter og eventyr<\/strong><\/p>\n<p>Uanset om du er en eventyrentusiast eller s\u00f8ger afslapning, tilbyder resortet aktiviteter for enhver smag. Udforsk den pulserende undervandsverden med snorkling og dykkeeventyr. Deltag i forskellige vandsportsaktiviteter s\u00e5som windsurfing, kajaksejlads og paddleboarding. For dem, der er p\u00e5 jagt efter afslapning, tilbyder resortets spa en r\u00e6kke foryngende behandlinger og wellness-aktiviteter.<\/p>\n<p><strong>B\u00e6redygtighed og bevaring<\/strong><\/p>\n<p>Reethi Beach Resort er dybt engageret i b\u00e6redygtig praksis og havbevaring. Resortet deltager aktivt i initiativer til genopretning af koraller, rensning af havet og st\u00f8tter lokale milj\u00f8initiativer. G\u00e6ster opfordres til at deltage i disse aktiviteter, hvilket bidrager positivt til bevarelsen af Maldivernes dyrebare marine \u00f8kosystem.<\/p>\n<p><strong>Unikke oplevelser<\/strong><\/p>\n<p>For at g\u00f8re dit ophold helt specielt tilbyder resortet unikke oplevelser s\u00e5som solnedgangskrydstogter, delfinsafari og guidede snorkelture til n\u00e6rliggende koralrev. Uanset om du vil fordybe dig i den lokale kultur, opleve betagende solnedgange eller blot slappe af i paradis, sikrer Reethi Beach Resort, at der er noget for enhver smag.<\/p>\n<p><strong>Konklusion<\/strong><\/p>\n<p>Afslutningsvis er Reethi Beach Resort et tropisk fristed, der lover en ekstraordin\u00e6r tilflugtssted. Dens idylliske beliggenhed, luksuri\u00f8se indkvartering, varieret k\u00f8kken og dedikation til b\u00e6redygtighed g\u00f8r det til det ideelle valg for rejsende, der s\u00f8ger afslapning og eventyr. Uanset om du fejrer en s\u00e6rlig lejlighed eller s\u00f8ger en foryngende flugt, tilbyder Reethi Beach Resort en oplevelse, der skaber elskede minder. Book dit ophold i dag, og tag p\u00e5 en uforglemmelig rejse til paradis p\u00e5 Maldiverne.<\/p>\n\n\t\t<\/div>\n\t<\/div>\n<\/div><\/div><\/div><\/div><div class=\"vc_row wpb_row vc_row-fluid\"><div class=\"wpb_column vc_column_container vc_col-sm-12\"><div class=\"vc_column-inner\"><div class=\"wpb_wrapper\"><div class=\"vc_btn3-container vc_btn3-inline vc_do_btn\" ><a class=\"vc_general vc_btn3 vc_btn3-size-lg vc_btn3-shape-rounded vc_btn3-style-modern vc_btn3-color-danger\" href=\"https:\/\/lamp.glopss.com\/aff_c?offer_id=366&#038;aff_id=1834&#038;url=https%3A%2F%2Fwww.reethibeach.com%2F%3Futm_source%3Dglopss%26utm_medium%3Dpartners%26utm_content%3Dcountry_code\" title=\"\" target=\"_blank\">L\u00e6s mere og book med den bedste pris her &gt;&gt;<\/a><\/div><\/div><\/div><\/div><\/div>\n<\/div>","protected":false},"excerpt":{"rendered":"<div class=\"mh-excerpt\"><\/div>","protected":false},"author":1,"featured_media":10317,"parent":0,"menu_order":0,"comment_status":"closed","ping_status":"closed","template":"","meta":{"footnotes":""},"class_list":["post-10316","page","type-page","status-publish","has-post-thumbnail"],"aioseo_notices":[],"_links":{"self":[{"href":"http:\/\/maldives-paradise.com\/da\/wp-json\/wp\/v2\/pages\/10316","targetHints":{"allow":["GET"]}}],"collection":[{"href":"http:\/\/maldives-paradise.com\/da\/wp-json\/wp\/v2\/pages"}],"about":[{"href":"http:\/\/maldives-paradise.com\/da\/wp-json\/wp\/v2\/types\/page"}],"author":[{"embeddable":true,"href":"http:\/\/maldives-paradise.com\/da\/wp-json\/wp\/v2\/users\/1"}],"replies":[{"embeddable":true,"href":"http:\/\/maldives-paradise.com\/da\/wp-json\/wp\/v2\/comments?post=10316"}],"version-history":[{"count":2,"href":"http:\/\/maldives-paradise.com\/da\/wp-json\/wp\/v2\/pages\/10316\/revisions"}],"predecessor-version":[{"id":10319,"href":"http:\/\/maldives-paradise.com\/da\/wp-json\/wp\/v2\/pages\/10316\/revisions\/10319"}],"wp:featuredmedia":[{"embeddable":true,"href":"http:\/\/maldives-paradise.com\/da\/wp-json\/wp\/v2\/media\/10317"}],"wp:attachment":[{"href":"http:\/\/maldives-paradise.com\/da\/wp-json\/wp\/v2\/media?parent=10316"}],"curies":[{"name":"wp","href":"https:\/\/api.w.org\/{rel}","templated":true}]}}