{"id":10281,"date":"2024-02-07T15:43:14","date_gmt":"2024-02-07T15:43:14","guid":{"rendered":"http:\/\/maldives-paradise.com\/?page_id=10281"},"modified":"2025-10-10T14:50:48","modified_gmt":"2025-10-10T14:50:48","slug":"plumeria-maldives","status":"publish","type":"page","link":"http:\/\/maldives-paradise.com\/da\/plumeria-maldives\/","title":{"rendered":"Plumeria Maldiverne"},"content":{"rendered":"<div class=\"wpb-content-wrapper\"><div class=\"vc_row wpb_row vc_row-fluid\"><div class=\"wpb_column vc_column_container vc_col-sm-12\"><div class=\"vc_column-inner\"><div class=\"wpb_wrapper\">\n\t<div class=\"wpb_text_column wpb_content_element\" >\n\t\t<div class=\"wpb_wrapper\">\n\t\t\t<h3>Plumeria Maldiverne: Din port til tropisk luksus<\/h3>\n\n\t\t<\/div>\n\t<\/div>\n<\/div><\/div><\/div><\/div><div class=\"vc_row wpb_row vc_row-fluid\"><div class=\"wpb_column vc_column_container vc_col-sm-12\"><div class=\"vc_column-inner\"><div class=\"wpb_wrapper\">\n\t<div class=\"wpb_video_widget wpb_content_element vc_clearfix   vc_video-aspect-ratio-169 vc_video-el-width-100 vc_video-align-left\" >\n\t\t<div class=\"wpb_wrapper\">\n\t\t\t\n\t\t\t<div class=\"wpb_video_wrapper\"><iframe loading=\"lazy\" title=\"Plumeria Maldiverne Thinadhoo Vaavu Atoll\" width=\"500\" height=\"281\" src=\"https:\/\/www.youtube.com\/embed\/_TuZkWxHK5s?feature=oembed\" frameborder=\"0\" allow=\"accelerometer; autoplay; clipboard-write; encrypted-media; gyroscope; picture-in-picture; web-share\" allowfullscreen><\/iframe><\/div>\n\t\t<\/div>\n\t<\/div>\n<\/div><\/div><\/div><\/div><div class=\"vc_row wpb_row vc_row-fluid\"><div class=\"wpb_column vc_column_container vc_col-sm-12\"><div class=\"vc_column-inner\"><div class=\"wpb_wrapper\">\n\t<div class=\"wpb_text_column wpb_content_element\" >\n\t\t<div class=\"wpb_wrapper\">\n\t\t\t<p>Maldiverne, kendt for sine betagende koralatoller, uber\u00f8rte strande og turkisbl\u00e5 vand, er en eftertragtet destination for rejsende, der s\u00f8ger den ultimative tropiske flugt. <strong>Plumeria Maldiverne<\/strong> er et luksuri\u00f8st resort, der lover en uovertruffen blanding af afslapning, eventyr og maldivisk charme.<\/p>\n<p><strong>Beliggenhed og tilg\u00e6ngelighed<\/strong><\/p>\n<p>Plumeria Maldives er strategisk placeret p\u00e5 den fantastiske \u00f8 Dhigurah i den sydlige Ari-atoll. Adgang til dette tropiske paradis er mulig via en natursk\u00f8n 20-minutters indenrigsflyvning fra Velana International Airport til Maamigili Airport, efterfulgt af en kort speedb\u00e5dstur til resortet. Denne problemfri rejse sikrer, at dit maldiviske eventyr begynder, s\u00e5 snart du ankommer.<\/p>\n<p><strong>Indkvartering<\/strong><\/p>\n<p>Resortet tilbyder en r\u00e6kke luksuri\u00f8se indkvarteringsmuligheder, der hver is\u00e6r er designet til at give den perfekte blanding af komfort og moderne luksus. Fra strandvillaer til bungalows over vandet kan g\u00e6sterne v\u00e6lge deres ideelle tilflugtssted. Bungalowerne over vandet tilbyder direkte adgang til den krystalklare lagune, der fordyber dig i Det Indiske Oceans fascinerende sk\u00f8nhed.<\/p>\n<p><strong>Spisning<\/strong><\/p>\n<p>Plumeria Maldives frister dine smagsl\u00f8g med et varieret udvalg af kulinariske oplevelser. Resortets hovedrestaurant, Palms, tilbyder en l\u00e6kker blanding af internationale og maldiviske retter. G\u00e6sterne kan ogs\u00e5 nyde fiske- og skaldyrsspecialiteter p\u00e5 specialrestauranten Saffron. Med fokus p\u00e5 uds\u00f8gt mad er hvert m\u00e5ltid p\u00e5 resortet en mindev\u00e6rdig oplevelse.<\/p>\n<p><strong>Aktiviteter og eventyr<\/strong><\/p>\n<p>Uanset om du er eventyrlysten eller s\u00f8ger afslapning, tilbyder resortet aktiviteter for enhver smag. Udforsk den pulserende undervandsverden med snorkling og dykning. Deltag i forskellige vandsportsgrene s\u00e5som windsurfing, kajaksejlads og paddleboarding. For dem, der s\u00f8ger afslapning, tilbyder resortets spa en r\u00e6kke foryngende behandlinger og wellness-aktiviteter.<\/p>\n<p><strong>B\u00e6redygtighed og bevaring<\/strong><\/p>\n<p>Plumeria Maldives er dybt engageret i b\u00e6redygtige metoder og bevarelse af havet. Resortet deltager aktivt i initiativer til restaurering af koraller, oprydning af havet og st\u00f8tter lokale milj\u00f8initiativer. G\u00e6ster opfordres til at deltage i disse aktiviteter og bidrage positivt til bevarelsen af Maldivernes dyrebare marine \u00f8kosystem.<\/p>\n<p><strong>Unikke oplevelser<\/strong><\/p>\n<p>For at g\u00f8re dit ophold helt specielt tilbyder resortet unikke oplevelser s\u00e5som delfinkrydstogter, picnics p\u00e5 sandbanker og guidede snorkelture til n\u00e6rliggende koralrev. Uanset om du vil opleve betagende solnedgange, fordybe dig i den lokale kultur eller blot slappe af i paradis, s\u00f8rger Plumeria Maldives for, at der er noget for enhver smag.<\/p>\n<p><strong>Konklusion<\/strong><\/p>\n<p>Afslutningsvis er Plumeria Maldives et tropisk fristed, der lover en ekstraordin\u00e6r ferie. Dens idylliske beliggenhed, luksuri\u00f8se indkvartering, varierede k\u00f8kken og dedikation til b\u00e6redygtighed g\u00f8r det til det ideelle valg for rejsende, der s\u00f8ger afslapning og eventyr. Uanset om du fejrer en s\u00e6rlig lejlighed eller s\u00f8ger en foryngende flugt, tilbyder Plumeria Maldives en oplevelse, der skaber dyrebare minder. Book dit ophold i dag, og begiv dig ud p\u00e5 en uforglemmelig rejse til paradis p\u00e5 Maldiverne.<\/p>\n\n\t\t<\/div>\n\t<\/div>\n<\/div><\/div><\/div><\/div><div class=\"vc_row wpb_row vc_row-fluid\"><div class=\"wpb_column vc_column_container vc_col-sm-12\"><div class=\"vc_column-inner\"><div class=\"wpb_wrapper\">\n\t<div class=\"wpb_text_column wpb_content_element\" >\n\t\t<div class=\"wpb_wrapper\">\n\t\t\t<h3><a title=\"Plumeria Maldiverne\" href=\"https:\/\/trip.tpo.lv\/NkQ8x6J8\" target=\"blanc2\" rel=\"nofollow\">Tjek tilg\u00e6ngelighed og bedste pris p\u00e5 Plumeria Maldives her &gt;&gt;<\/a><\/h3>\n\n\t\t<\/div>\n\t<\/div>\n<\/div><\/div><\/div><\/div>\n<\/div>","protected":false},"excerpt":{"rendered":"<div class=\"mh-excerpt\"><\/div>","protected":false},"author":1,"featured_media":10282,"parent":0,"menu_order":0,"comment_status":"closed","ping_status":"closed","template":"","meta":{"footnotes":""},"class_list":["post-10281","page","type-page","status-publish","has-post-thumbnail"],"aioseo_notices":[],"_links":{"self":[{"href":"http:\/\/maldives-paradise.com\/da\/wp-json\/wp\/v2\/pages\/10281","targetHints":{"allow":["GET"]}}],"collection":[{"href":"http:\/\/maldives-paradise.com\/da\/wp-json\/wp\/v2\/pages"}],"about":[{"href":"http:\/\/maldives-paradise.com\/da\/wp-json\/wp\/v2\/types\/page"}],"author":[{"embeddable":true,"href":"http:\/\/maldives-paradise.com\/da\/wp-json\/wp\/v2\/users\/1"}],"replies":[{"embeddable":true,"href":"http:\/\/maldives-paradise.com\/da\/wp-json\/wp\/v2\/comments?post=10281"}],"version-history":[{"count":3,"href":"http:\/\/maldives-paradise.com\/da\/wp-json\/wp\/v2\/pages\/10281\/revisions"}],"predecessor-version":[{"id":43498,"href":"http:\/\/maldives-paradise.com\/da\/wp-json\/wp\/v2\/pages\/10281\/revisions\/43498"}],"wp:featuredmedia":[{"embeddable":true,"href":"http:\/\/maldives-paradise.com\/da\/wp-json\/wp\/v2\/media\/10282"}],"wp:attachment":[{"href":"http:\/\/maldives-paradise.com\/da\/wp-json\/wp\/v2\/media?parent=10281"}],"curies":[{"name":"wp","href":"https:\/\/api.w.org\/{rel}","templated":true}]}}