{"id":10263,"date":"2024-02-06T19:56:25","date_gmt":"2024-02-06T19:56:25","guid":{"rendered":"http:\/\/maldives-paradise.com\/?page_id=10263"},"modified":"2025-10-10T14:46:51","modified_gmt":"2025-10-10T14:46:51","slug":"perlesand-fra-maldiverne","status":"publish","type":"page","link":"http:\/\/maldives-paradise.com\/da\/perlesand-fra-maldiverne\/","title":{"rendered":"Perlesand fra Maldiverne"},"content":{"rendered":"<div class=\"wpb-content-wrapper\"><div class=\"vc_row wpb_row vc_row-fluid\"><div class=\"wpb_column vc_column_container vc_col-sm-12\"><div class=\"vc_column-inner\"><div class=\"wpb_wrapper\">\n\t<div class=\"wpb_text_column wpb_content_element\" >\n\t\t<div class=\"wpb_wrapper\">\n\t\t\t<h3>Pearl Sands of Maldives: Afsl\u00f8ring af et tropisk paradis<\/h3>\n\n\t\t<\/div>\n\t<\/div>\n<\/div><\/div><\/div><\/div><div class=\"vc_row wpb_row vc_row-fluid\"><div class=\"wpb_column vc_column_container vc_col-sm-12\"><div class=\"vc_column-inner\"><div class=\"wpb_wrapper\">\n\t<div class=\"wpb_video_widget wpb_content_element vc_clearfix   vc_video-aspect-ratio-169 vc_video-el-width-100 vc_video-align-left\" >\n\t\t<div class=\"wpb_wrapper\">\n\t\t\t\n\t\t\t<div class=\"wpb_video_wrapper\"><iframe loading=\"lazy\" title=\"PERLESAND FRA MALDIVERNE | PARADIS P\u00c5 JORDEN\" width=\"500\" height=\"281\" src=\"https:\/\/www.youtube.com\/embed\/o_gO41sZBuY?feature=oembed\" frameborder=\"0\" allow=\"accelerometer; autoplay; clipboard-write; encrypted-media; gyroscope; picture-in-picture; web-share\" allowfullscreen><\/iframe><\/div>\n\t\t<\/div>\n\t<\/div>\n<\/div><\/div><\/div><\/div><div class=\"vc_row wpb_row vc_row-fluid\"><div class=\"wpb_column vc_column_container vc_col-sm-12\"><div class=\"vc_column-inner\"><div class=\"wpb_wrapper\">\n\t<div class=\"wpb_text_column wpb_content_element\" >\n\t\t<div class=\"wpb_wrapper\">\n\t\t\t<p>Maldiverne er med sine fantastiske koralatoller, uber\u00f8rte strande og krystalklare vand en eftertragtet destination for rejsende, der s\u00f8ger den ultimative tropiske flugt.<\/p>\n<p><strong>Beliggenhed og tilg\u00e6ngelighed<\/strong><\/p>\n<p>Pearl Sands of Maldives er perfekt beliggende p\u00e5 \u00f8en Fodhdhoo, i Baa-atollen, kendt for sin UNESCO-biosf\u00e6rereservatstatus. Adgang til dette afsidesliggende paradis er muligt ved at tage en 45-minutters indenrigsflyvning fra Velana International Airport til Dharavandhoo Airport, efterfulgt af en kort speedb\u00e5dstur til resortet. Denne problemfri rejse giver rejsende et glimt af Maldivernes naturlige sk\u00f8nhed fra det \u00f8jeblik, de ankommer.<\/p>\n<p><strong>Indkvartering<\/strong><\/p>\n<p>Resortet tilbyder en r\u00e6kke luksuri\u00f8se overnatningsmuligheder, der hver is\u00e6r er designet til at give den perfekte blanding af komfort og moderne luksus. Fra villaer ved stranden til bungalows over vandet kan g\u00e6sterne v\u00e6lge deres ideelle tilflugtssted. Is\u00e6r bungalowerne over vandet tilbyder direkte adgang til den turkise lagune, der fordyber dig i Det Indiske Oceans fascinerende sk\u00f8nhed.<\/p>\n<p><strong>Spisning<\/strong><\/p>\n<p><strong>Perlesand fra Maldiverne<\/strong> im\u00f8dekommer dine kulinariske \u00f8nsker med et mangfoldigt udvalg af madoplevelser. Resortets hovedrestaurant, The Sand Kitchen, tilbyder en l\u00e6kker blanding af internationale og maldiviske retter. G\u00e6sterne kan ogs\u00e5 nyde fiske- og skaldyrsspecialiteter p\u00e5 The Pearl Grill, specialrestauranten. Med fokus p\u00e5 at tilbyde uds\u00f8gt k\u00f8kken, er hvert m\u00e5ltid p\u00e5 resortet en mindev\u00e6rdig oplevelse.<\/p>\n<p><strong>Aktiviteter og eventyr<\/strong><\/p>\n<p>Uanset om du s\u00f8ger eventyr eller afslapning, tilbyder Pearl Sands of Maldives aktiviteter for enhver smag. Udforsk den pulserende undervandsverden med snorkling og dykkeeventyr. Deltag i forskellige vandsportsaktiviteter s\u00e5som windsurfing, kajaksejlads og paddleboarding. For dem, der s\u00f8ger afslapning, tilbyder feriestedets spa en r\u00e6kke foryngende behandlinger og wellness-aktiviteter.<\/p>\n<p><strong>B\u00e6redygtighed og bevaring<\/strong><\/p>\n<p>Pearl Sands of Maldives er dedikeret til b\u00e6redygtig praksis og havbevaring. Resortet deltager aktivt i initiativer til genopretning af koraller, rensning af havet og st\u00f8tter lokale milj\u00f8initiativer. G\u00e6ster opfordres til at deltage i disse aktiviteter, hvilket bidrager positivt til bevarelsen af Maldivernes dyrebare marine \u00f8kosystem.<\/p>\n<p><strong>Unikke oplevelser<\/strong><\/p>\n<p>For at g\u00f8re dit ophold helt specielt tilbyder resortet unikke oplevelser s\u00e5som stjernekiggeri, kulturelle udflugter til lokale \u00f8er og guidede snorkelture til n\u00e6rliggende koralrev. Uanset om du \u00f8nsker at fordybe dig i den lokale kultur, opleve betagende stjerneklar himmel eller blot slappe af i paradis, sikrer Pearl Sands of Maldives, at der er noget for enhver smag.<\/p>\n<p><strong>Konklusion<\/strong><\/p>\n<p>Som konklusion er Pearl Sands of Maldives en skjult tropisk perle, der lover et ekstraordin\u00e6rt tilflugtssted. Dens afsides beliggenhed, luksuri\u00f8se indkvartering, varieret k\u00f8kken og engagement i b\u00e6redygtighed g\u00f8r det til det ideelle valg for rejsende, der s\u00f8ger afslapning og eventyr. Uanset om du fejrer en s\u00e6rlig lejlighed eller s\u00f8ger en foryngende flugt, tilbyder Pearl Sands of Maldives en oplevelse, der skaber elskede minder. Book dit ophold i dag, og tag p\u00e5 en uforglemmelig rejse til paradis p\u00e5 Maldiverne.<\/p>\n\n\t\t<\/div>\n\t<\/div>\n<\/div><\/div><\/div><\/div><div class=\"vc_row wpb_row vc_row-fluid\"><div class=\"wpb_column vc_column_container vc_col-sm-12\"><div class=\"vc_column-inner\"><div class=\"wpb_wrapper\">\n\t<div class=\"wpb_text_column wpb_content_element\" >\n\t\t<div class=\"wpb_wrapper\">\n\t\t\t<h3><a title=\"Perlesand fra Maldiverne\" href=\"https:\/\/trip.tpo.lv\/XsJ2XyY1\" target=\"blanc2\" rel=\"nofollow\">Tjek tilg\u00e6ngelighed og bedste pris p\u00e5 Pearl Sands of Maldives her &gt;&gt;<\/a><\/h3>\n\n\t\t<\/div>\n\t<\/div>\n<\/div><\/div><\/div><\/div>\n<\/div>","protected":false},"excerpt":{"rendered":"<div class=\"mh-excerpt\"><\/div>","protected":false},"author":1,"featured_media":10264,"parent":0,"menu_order":0,"comment_status":"closed","ping_status":"closed","template":"","meta":{"footnotes":""},"class_list":["post-10263","page","type-page","status-publish","has-post-thumbnail"],"aioseo_notices":[],"_links":{"self":[{"href":"http:\/\/maldives-paradise.com\/da\/wp-json\/wp\/v2\/pages\/10263","targetHints":{"allow":["GET"]}}],"collection":[{"href":"http:\/\/maldives-paradise.com\/da\/wp-json\/wp\/v2\/pages"}],"about":[{"href":"http:\/\/maldives-paradise.com\/da\/wp-json\/wp\/v2\/types\/page"}],"author":[{"embeddable":true,"href":"http:\/\/maldives-paradise.com\/da\/wp-json\/wp\/v2\/users\/1"}],"replies":[{"embeddable":true,"href":"http:\/\/maldives-paradise.com\/da\/wp-json\/wp\/v2\/comments?post=10263"}],"version-history":[{"count":3,"href":"http:\/\/maldives-paradise.com\/da\/wp-json\/wp\/v2\/pages\/10263\/revisions"}],"predecessor-version":[{"id":43497,"href":"http:\/\/maldives-paradise.com\/da\/wp-json\/wp\/v2\/pages\/10263\/revisions\/43497"}],"wp:featuredmedia":[{"embeddable":true,"href":"http:\/\/maldives-paradise.com\/da\/wp-json\/wp\/v2\/media\/10264"}],"wp:attachment":[{"href":"http:\/\/maldives-paradise.com\/da\/wp-json\/wp\/v2\/media?parent=10263"}],"curies":[{"name":"wp","href":"https:\/\/api.w.org\/{rel}","templated":true}]}}