{"id":10248,"date":"2024-02-06T17:56:03","date_gmt":"2024-02-06T17:56:03","guid":{"rendered":"http:\/\/maldives-paradise.com\/?page_id=10248"},"modified":"2025-10-10T14:09:23","modified_gmt":"2025-10-10T14:09:23","slug":"nakai-alimatha-resort-maldiverne","status":"publish","type":"page","link":"http:\/\/maldives-paradise.com\/da\/nakai-alimatha-resort-maldiverne\/","title":{"rendered":"Nakai Alimat\u00e0 Resort Maldiverne"},"content":{"rendered":"<div class=\"wpb-content-wrapper\"><div class=\"vc_row wpb_row vc_row-fluid\"><div class=\"wpb_column vc_column_container vc_col-sm-12\"><div class=\"vc_column-inner\"><div class=\"wpb_wrapper\">\n\t<div class=\"wpb_text_column wpb_content_element\" >\n\t\t<div class=\"wpb_wrapper\">\n\t\t\t<h3>Nakai Alimat\u00e0 Resort Maldives: Et unikt paradis i Det Indiske Ocean<\/h3>\n\n\t\t<\/div>\n\t<\/div>\n<\/div><\/div><\/div><\/div><div class=\"vc_row wpb_row vc_row-fluid\"><div class=\"wpb_column vc_column_container vc_col-sm-12\"><div class=\"vc_column-inner\"><div class=\"wpb_wrapper\">\n\t<div class=\"wpb_video_widget wpb_content_element vc_clearfix   vc_video-aspect-ratio-169 vc_video-el-width-100 vc_video-align-left\" >\n\t\t<div class=\"wpb_wrapper\">\n\t\t\t\n\t\t\t<div class=\"wpb_video_wrapper\"><iframe loading=\"lazy\" title=\"NAKAI Alimath\u00e0 Resort - En piedi nudi i Paradiso\" width=\"500\" height=\"281\" src=\"https:\/\/www.youtube.com\/embed\/LSL8uL2IHEU?feature=oembed\" frameborder=\"0\" allow=\"accelerometer; autoplay; clipboard-write; encrypted-media; gyroscope; picture-in-picture; web-share\" allowfullscreen><\/iframe><\/div>\n\t\t<\/div>\n\t<\/div>\n<\/div><\/div><\/div><\/div><div class=\"vc_row wpb_row vc_row-fluid\"><div class=\"wpb_column vc_column_container vc_col-sm-12\"><div class=\"vc_column-inner\"><div class=\"wpb_wrapper\">\n\t<div class=\"wpb_text_column wpb_content_element\" >\n\t\t<div class=\"wpb_wrapper\">\n\t\t\t<p>Maldiverne, kendt for sine uber\u00f8rte strande og pulserende havliv, er en dr\u00f8mmedestination for rejsende, der s\u00f8ger den perfekte tropiske flugt. Midt i denne betagende \u00f8gruppe ligger <strong>Nakai Alimat\u00e0 Resort<\/strong>, en skjult perle, der tilbyder en karakteristisk blanding af afslapning, eventyr og maldivisk charme.<\/p>\n<p><strong>Beliggenhed og tilg\u00e6ngelighed<\/strong><\/p>\n<p>Nakai Alimatha Resort er strategisk placeret p\u00e5 \u00f8en Alimat\u00e0 i Vaavu-atollen. For at n\u00e5 dette afsondrede paradis kan g\u00e6sterne v\u00e6lge en 30-minutters indenrigsflyvning fra Velana International Airport til Gan International Airport, efterfulgt af en 20-minutters speedb\u00e5dstransport til resortet. Selve rejsen er en introduktion til Maldivernes naturlige sk\u00f8nhed og s\u00e6tter tonen for din tropiske ferie.<\/p>\n<p><strong>Bungalows ved stranden og overvandsvillaer<\/strong><\/p>\n<p>Resortet tilbyder en r\u00e6kke komfortable og velindrettede overnatningsmuligheder. Fra bungalows ved stranden til villaer over vandet er hver enhed designet til at give den perfekte blanding af komfort og moderne luksus. Is\u00e6r overvandsvillaerne tilbyder direkte adgang til den krystalklare lagune, s\u00e5 du kan fordybe dig i Det Indiske Oceans sk\u00f8nhed.<\/p>\n<p><strong>Spisning<\/strong><\/p>\n<p>Nakai Alimath\u00e0 Resort pirrer dine smagsl\u00f8g med et dejligt udvalg af kulinariske oplevelser. Resortets hovedrestaurant, Falhu, serverer en l\u00e6kker blanding af internationale og maldiviske retter. G\u00e6sterne kan ogs\u00e5 nyde asiatiske fusionsretter p\u00e5 Dhonakulhi, feriestedets specialrestaurant. Uanset om du nyder internationale smagsoplevelser eller lokale specialiteter, vil resortets kulinariske tilbud helt sikkert tilfredsstille din gane.<\/p>\n<p><strong>Aktiviteter og eventyr<\/strong><\/p>\n<p>Eventyrs\u00f8gere og afslapningsentusiaster vil finde en overflod af aktiviteter at nyde p\u00e5 Nakai Alimat\u00e0 Resort. Udforsk den pulserende undervandsverden med snorkling og dykkeeventyr. Deltag i forskellige vandsportsaktiviteter s\u00e5som windsurfing, kajaksejlads og paddleboarding. For dem, der s\u00f8ger afslapning, tilbyder feriestedets spa en r\u00e6kke foryngende behandlinger og wellness-aktiviteter.<\/p>\n<p><strong>B\u00e6redygtighed og bevaring<\/strong><\/p>\n<p>Resortet er dybt engageret i b\u00e6redygtig praksis og havbevaring. Nakai Alimat\u00e0 Resort deltager aktivt i initiativer til genopretning af koraller, rensning af havet og st\u00f8tter lokale milj\u00f8initiativer. G\u00e6ster opfordres til at deltage i disse aktiviteter, hvilket bidrager positivt til bevarelsen af Maldivernes dyrebare marine \u00f8kosystem.<\/p>\n<p><strong>Unikke oplevelser<\/strong><\/p>\n<p>For at g\u00f8re dit ophold helt specielt tilbyder resortet unikke oplevelser s\u00e5som solnedgangsfiskeri, \u00f8-hop og guidede snorkelture til n\u00e6rliggende koralrev. Uanset om du vil fordybe dig i den lokale kultur, opleve betagende solnedgange eller blot slappe af i paradis, sikrer Nakai Alimat\u00e0 Resort, at der er noget for enhver smag.<\/p>\n<p><strong>Konklusion<\/strong><\/p>\n<p>Afslutningsvis er Nakai Alimat\u00e0 Resort en skjult tropisk perle, der lover en ekstraordin\u00e6r tilflugtssted. Dens afsides beliggenhed, komfortable indkvartering, varierede k\u00f8kken og dedikation til b\u00e6redygtighed g\u00f8r det til det ideelle valg for rejsende, der s\u00f8ger afslapning og eventyr. Uanset om du fejrer en s\u00e6rlig lejlighed eller s\u00f8ger en foryngende flugt, tilbyder Nakai Alimath\u00e0 Resort en oplevelse, der skaber elskede minder. Book dit ophold i dag, og tag p\u00e5 en uforglemmelig rejse til paradis p\u00e5 Maldiverne.<\/p>\n\n\t\t<\/div>\n\t<\/div>\n<\/div><\/div><\/div><\/div><div class=\"vc_row wpb_row vc_row-fluid\"><div class=\"wpb_column vc_column_container vc_col-sm-12\"><div class=\"vc_column-inner\"><div class=\"wpb_wrapper\">\n\t<div class=\"wpb_text_column wpb_content_element\" >\n\t\t<div class=\"wpb_wrapper\">\n\t\t\t<h3><a title=\"Nakai Alimatha Resort\" href=\"https:\/\/trip.tpo.lv\/trGfhPM3\" target=\"blanc2\" rel=\"nofollow\">Check availability and best price at Nakai Alimatha Resort here &gt;&gt;<\/a><\/h3>\n\n\t\t<\/div>\n\t<\/div>\n<\/div><\/div><\/div><\/div>\n<\/div>","protected":false},"excerpt":{"rendered":"<div class=\"mh-excerpt\"><\/div>","protected":false},"author":1,"featured_media":10249,"parent":0,"menu_order":0,"comment_status":"closed","ping_status":"closed","template":"","meta":{"footnotes":""},"class_list":["post-10248","page","type-page","status-publish","has-post-thumbnail"],"aioseo_notices":[],"_links":{"self":[{"href":"http:\/\/maldives-paradise.com\/da\/wp-json\/wp\/v2\/pages\/10248","targetHints":{"allow":["GET"]}}],"collection":[{"href":"http:\/\/maldives-paradise.com\/da\/wp-json\/wp\/v2\/pages"}],"about":[{"href":"http:\/\/maldives-paradise.com\/da\/wp-json\/wp\/v2\/types\/page"}],"author":[{"embeddable":true,"href":"http:\/\/maldives-paradise.com\/da\/wp-json\/wp\/v2\/users\/1"}],"replies":[{"embeddable":true,"href":"http:\/\/maldives-paradise.com\/da\/wp-json\/wp\/v2\/comments?post=10248"}],"version-history":[{"count":3,"href":"http:\/\/maldives-paradise.com\/da\/wp-json\/wp\/v2\/pages\/10248\/revisions"}],"predecessor-version":[{"id":43471,"href":"http:\/\/maldives-paradise.com\/da\/wp-json\/wp\/v2\/pages\/10248\/revisions\/43471"}],"wp:featuredmedia":[{"embeddable":true,"href":"http:\/\/maldives-paradise.com\/da\/wp-json\/wp\/v2\/media\/10249"}],"wp:attachment":[{"href":"http:\/\/maldives-paradise.com\/da\/wp-json\/wp\/v2\/media?parent=10248"}],"curies":[{"name":"wp","href":"https:\/\/api.w.org\/{rel}","templated":true}]}}