{"id":10054,"date":"2024-02-04T10:24:31","date_gmt":"2024-02-04T10:24:31","guid":{"rendered":"http:\/\/maldives-paradise.com\/?page_id=10054"},"modified":"2025-02-21T07:26:27","modified_gmt":"2025-02-21T07:26:27","slug":"4-stjernede-hoteller-resorts-i-maldiverne-2","status":"publish","type":"page","link":"http:\/\/maldives-paradise.com\/da\/4-stjernede-hoteller-resorts-i-maldiverne-2\/","title":{"rendered":"4-stjernede hoteller og feriesteder i Maldiverne 2"},"content":{"rendered":"<div class=\"wpb-content-wrapper\"><div class=\"vc_row wpb_row vc_row-fluid\"><div class=\"wpb_column vc_column_container vc_col-sm-12\"><div class=\"vc_column-inner\"><div class=\"wpb_wrapper\">\n\t<div class=\"wpb_text_column wpb_content_element\" >\n\t\t<div class=\"wpb_wrapper\">\n\t\t\t<h3>Et udvalg af 4-stjernede hoteller og resorts p\u00e5 Maldiverne<\/h3>\n<p>Maldiverne er hjemsted for talrige <strong data-start=\"82\" data-end=\"111\">4-stjernede hoteller og resorts<\/strong>, der tilbyder en perfekt balance mellem <strong data-start=\"143\" data-end=\"181\">luksus, komfort og overkommelighed<\/strong>. Disse feriesteder giver <strong data-start=\"205\" data-end=\"282\">fantastiske villaer ved stranden, bungalows over vandet og fremragende faciliteter<\/strong>, herunder <strong data-start=\"294\" data-end=\"338\">pools, kurbade og flere spisemuligheder<\/strong>. G\u00e6sterne kan fork\u00e6le sig selv <strong data-start=\"362\" data-end=\"404\">snorkling, dykning og krydstogter i solnedgang<\/strong>, alt imens du nyder <strong data-start=\"425\" data-end=\"481\">enest\u00e5ende g\u00e6stfrihed og betagende havudsigt<\/strong>. Med en blanding af <strong data-start=\"499\" data-end=\"538\">moderne bekvemmeligheder og naturlig sk\u00f8nhed<\/strong>, <strong data-start=\"540\" data-end=\"574\">4-stjernede feriesteder p\u00e5 Maldiverne<\/strong> lover et uforglemmeligt \u00f8-tilflugtssted uden den f\u00f8rsteklasses pris fra ultra-luksusresorts.<\/p>\n\n\t\t<\/div>\n\t<\/div>\n<\/div><\/div><\/div><\/div><div class=\"vc_row wpb_row vc_row-fluid\"><div class=\"wpb_column vc_column_container vc_col-sm-3\"><div class=\"vc_column-inner\"><div class=\"wpb_wrapper\">\n\t<div  class=\"wpb_single_image wpb_content_element vc_align_left wpb_content_element\">\n\t\t\n\t\t<figure class=\"wpb_wrapper vc_figure\">\n\t\t\t<a href=\"http:\/\/maldives-paradise.com\/da\/fiyavalhu-resort-maldiverne\/\" target=\"_self\" class=\"vc_single_image-wrapper   vc_box_border_grey\"><img loading=\"lazy\" decoding=\"async\" width=\"150\" height=\"150\" src=\"https:\/\/maldives-paradise.com\/wp-content\/uploads\/2024\/02\/fiyavalhu-150x150.jpg\" class=\"vc_single_image-img attachment-thumbnail\" alt=\"Fiyavalhu Resort Maldiverne\" title=\"fiyavalhu\" \/><\/a>\n\t\t<\/figure>\n\t<\/div>\n<\/div><\/div><\/div><div class=\"wpb_column vc_column_container vc_col-sm-9\"><div class=\"vc_column-inner\"><div class=\"wpb_wrapper\">\n\t<div class=\"wpb_text_column wpb_content_element\" >\n\t\t<div class=\"wpb_wrapper\">\n\t\t\t<h4><a href=\"http:\/\/maldives-paradise.com\/da\/fiyavalhu-resort-maldiverne\/\">Fiyavalhu Resort Maldiverne<\/a><\/h4>\n<p>Fiyavalhu Resort Maldives er et tropisk paradis, der lover en uforglemmelig ferie. Dens fantastiske beliggenhed, luksuri\u00f8se indkvartering, l\u00e6kre retter og engagement i b\u00e6redygtighed g\u00f8r det til et ideelt valg for rejsende, der \u00f8nsker at flygte til en verden af naturlig sk\u00f8nhed og sindsro.<\/p>\n\n\t\t<\/div>\n\t<\/div>\n<\/div><\/div><\/div><\/div><div class=\"vc_row wpb_row vc_row-fluid\"><div class=\"wpb_column vc_column_container vc_col-sm-3\"><div class=\"vc_column-inner\"><div class=\"wpb_wrapper\">\n\t<div  class=\"wpb_single_image wpb_content_element vc_align_left wpb_content_element\">\n\t\t\n\t\t<figure class=\"wpb_wrapper vc_figure\">\n\t\t\t<a href=\"http:\/\/maldives-paradise.com\/da\/holiday-inn-resort-kandooma-maldiverne\/\" target=\"_self\" class=\"vc_single_image-wrapper   vc_box_border_grey\"><img loading=\"lazy\" decoding=\"async\" width=\"150\" height=\"150\" src=\"https:\/\/maldives-paradise.com\/wp-content\/uploads\/2024\/02\/kandooma2-150x150.jpg\" class=\"vc_single_image-img attachment-thumbnail\" alt=\"Holiday Inn Resort Kandooma Maldiverne\" title=\"kandooma2\" \/><\/a>\n\t\t<\/figure>\n\t<\/div>\n<\/div><\/div><\/div><div class=\"wpb_column vc_column_container vc_col-sm-9\"><div class=\"vc_column-inner\"><div class=\"wpb_wrapper\">\n\t<div class=\"wpb_text_column wpb_content_element\" >\n\t\t<div class=\"wpb_wrapper\">\n\t\t\t<h4><a href=\"http:\/\/maldives-paradise.com\/da\/holiday-inn-resort-kandooma-maldiverne\/\">Holiday Inn Resort Kandooma Maldiverne<\/a><\/h4>\n<p>Med sin betagende beliggenhed, luksuri\u00f8se indkvartering, l\u00e6kkert k\u00f8kken og dedikation til b\u00e6redygtighed, er det det perfekte valg for rejsende, der s\u00f8ger afslapning og eventyr i lige grad.<\/p>\n\n\t\t<\/div>\n\t<\/div>\n<\/div><\/div><\/div><\/div><div class=\"vc_row wpb_row vc_row-fluid\"><div class=\"wpb_column vc_column_container vc_col-sm-3\"><div class=\"vc_column-inner\"><div class=\"wpb_wrapper\">\n\t<div  class=\"wpb_single_image wpb_content_element vc_align_left wpb_content_element\">\n\t\t\n\t\t<figure class=\"wpb_wrapper vc_figure\">\n\t\t\t<a href=\"http:\/\/maldives-paradise.com\/da\/ferieo-resort-maldiverne\/\" target=\"_self\" class=\"vc_single_image-wrapper   vc_box_border_grey\"><img loading=\"lazy\" decoding=\"async\" width=\"150\" height=\"150\" src=\"https:\/\/maldives-paradise.com\/wp-content\/uploads\/2024\/02\/holiday-island-resort-slides-7831-150x150.jpg\" class=\"vc_single_image-img attachment-thumbnail\" alt=\"Ferie Island Resort\" title=\"ferie-\u00f8-resort-rutschebaner-7831\" \/><\/a>\n\t\t<\/figure>\n\t<\/div>\n<\/div><\/div><\/div><div class=\"wpb_column vc_column_container vc_col-sm-9\"><div class=\"vc_column-inner\"><div class=\"wpb_wrapper\">\n\t<div class=\"wpb_text_column wpb_content_element\" >\n\t\t<div class=\"wpb_wrapper\">\n\t\t\t<h4><a href=\"http:\/\/maldives-paradise.com\/da\/ferieo-resort-maldiverne\/\">Ferie Island Resort<\/a><\/h4>\n<p>Holiday Island Resort p\u00e5 Maldiverne er et fortryllende tropisk tilflugtssted, der lover en uforglemmelig ferie. Dens betagende beliggenhed, luksuri\u00f8se indkvartering, l\u00e6kre retter og dedikation til b\u00e6redygtighed g\u00f8r det til det ideelle valg for rejsende, der s\u00f8ger en harmonisk blanding af afslapning og eventyr.<\/p>\n\n\t\t<\/div>\n\t<\/div>\n<\/div><\/div><\/div><\/div><div class=\"vc_row wpb_row vc_row-fluid\"><div class=\"wpb_column vc_column_container vc_col-sm-3\"><div class=\"vc_column-inner\"><div class=\"wpb_wrapper\">\n\t<div  class=\"wpb_single_image wpb_content_element vc_align_left wpb_content_element\">\n\t\t\n\t\t<figure class=\"wpb_wrapper vc_figure\">\n\t\t\t<a href=\"http:\/\/maldives-paradise.com\/da\/hotel-riu-atollen\/\" target=\"_self\" class=\"vc_single_image-wrapper   vc_box_border_grey\"><img loading=\"lazy\" decoding=\"async\" width=\"150\" height=\"150\" src=\"https:\/\/maldives-paradise.com\/wp-content\/uploads\/2024\/01\/Cora-Cora-maldives-2-150x150.jpg\" class=\"vc_single_image-img attachment-thumbnail\" alt=\"Cora Cora Maldiverne\" title=\"Cora-Cora-maldiverne-2\" \/><\/a>\n\t\t<\/figure>\n\t<\/div>\n<\/div><\/div><\/div><div class=\"wpb_column vc_column_container vc_col-sm-9\"><div class=\"vc_column-inner\"><div class=\"wpb_wrapper\">\n\t<div class=\"wpb_text_column wpb_content_element\" >\n\t\t<div class=\"wpb_wrapper\">\n\t\t\t<h4><a href=\"http:\/\/maldives-paradise.com\/da\/hotel-riu-atollen\/\">Hotel Riu Atoll<\/a><\/h4>\n<p>Hotel Riu Atoll er strategisk placeret p\u00e5 Maafushi Island, en del af den sydlige Mal\u00e9 Atoll. Resortet er tilg\u00e6ngeligt via en natursk\u00f8n 45-minutters speedb\u00e5dstur fra Velana International Airport, hvilket g\u00f8r det bekvemt for g\u00e6sterne at starte deres ferie lige efter ankomsten.<\/p>\n\n\t\t<\/div>\n\t<\/div>\n<\/div><\/div><\/div><\/div><div class=\"vc_row wpb_row vc_row-fluid\"><div class=\"wpb_column vc_column_container vc_col-sm-3\"><div class=\"vc_column-inner\"><div class=\"wpb_wrapper\">\n\t<div  class=\"wpb_single_image wpb_content_element vc_align_left wpb_content_element\">\n\t\t\n\t\t<figure class=\"wpb_wrapper vc_figure\">\n\t\t\t<a href=\"http:\/\/maldives-paradise.com\/da\/innahura-maldiverne-resort\/\" target=\"_self\" class=\"vc_single_image-wrapper   vc_box_border_grey\"><img loading=\"lazy\" decoding=\"async\" width=\"150\" height=\"150\" src=\"https:\/\/maldives-paradise.com\/wp-content\/uploads\/2024\/02\/innahura-maldives-resort-150x150.jpg\" class=\"vc_single_image-img attachment-thumbnail\" alt=\"Innahura Maldives Resort\" title=\"innahura-maldiverne-resort\" \/><\/a>\n\t\t<\/figure>\n\t<\/div>\n<\/div><\/div><\/div><div class=\"wpb_column vc_column_container vc_col-sm-9\"><div class=\"vc_column-inner\"><div class=\"wpb_wrapper\">\n\t<div class=\"wpb_text_column wpb_content_element\" >\n\t\t<div class=\"wpb_wrapper\">\n\t\t\t<h4><a href=\"http:\/\/maldives-paradise.com\/da\/innahura-maldiverne-resort\/\">Innahura Maldives Resort<\/a><\/h4>\n<p>Resortet tilbyder en r\u00e6kke komfortable og charmerende overnatningsmuligheder for at im\u00f8dekomme alle pr\u00e6ferencer. Fra strandbungalower til overvandsvillaer, hver enhed er gennemt\u00e6nkt designet til at give en blanding af komfort og \u00f8-stil luksus. Med moderne bekvemmeligheder og private terrasser, der har udsigt over det turkise vand, vil du finde ro og afslapning i hvert hj\u00f8rne.<\/p>\n\n\t\t<\/div>\n\t<\/div>\n<\/div><\/div><\/div><\/div><div class=\"vc_row wpb_row vc_row-fluid\"><div class=\"wpb_column vc_column_container vc_col-sm-3\"><div class=\"vc_column-inner\"><div class=\"wpb_wrapper\">\n\t<div  class=\"wpb_single_image wpb_content_element vc_align_left wpb_content_element\">\n\t\t\n\t\t<figure class=\"wpb_wrapper vc_figure\">\n\t\t\t<a href=\"http:\/\/maldives-paradise.com\/da\/komandoo-island-resort-spa\/\" target=\"_self\" class=\"vc_single_image-wrapper   vc_box_border_grey\"><img loading=\"lazy\" decoding=\"async\" width=\"150\" height=\"150\" src=\"https:\/\/maldives-paradise.com\/wp-content\/uploads\/2024\/01\/komandoo3.-150x150.jpg\" class=\"vc_single_image-img attachment-thumbnail\" alt=\"Komandoo Island Resort &amp; Spa\" title=\"Komandoo Infinity Pool\" \/><\/a>\n\t\t<\/figure>\n\t<\/div>\n<\/div><\/div><\/div><div class=\"wpb_column vc_column_container vc_col-sm-9\"><div class=\"vc_column-inner\"><div class=\"wpb_wrapper\">\n\t<div class=\"wpb_text_column wpb_content_element\" >\n\t\t<div class=\"wpb_wrapper\">\n\t\t\t<h4><a href=\"http:\/\/maldives-paradise.com\/da\/komandoo-island-resort-spa\/\">Komandoo Island Resort &amp; Spa<\/a><\/h4>\n<p>Flugt til en verden af overflod og ro kl <strong>Komandoo Island Resort &amp; Spa<\/strong>, et uds\u00f8gt tilflugtssted kun for voksne beliggende i hjertet af Maldiverne. Dette luksusresort, der er kendt for sin enest\u00e5ende sk\u00f8nhed og enest\u00e5ende service, lover et idyllisk tilflugtssted for dem, der s\u00f8ger indbegrebet af et tropisk paradis.<\/p>\n\n\t\t<\/div>\n\t<\/div>\n<\/div><\/div><\/div><\/div><div class=\"vc_row wpb_row vc_row-fluid\"><div class=\"wpb_column vc_column_container vc_col-sm-3\"><div class=\"vc_column-inner\"><div class=\"wpb_wrapper\">\n\t<div  class=\"wpb_single_image wpb_content_element vc_align_left wpb_content_element\">\n\t\t\n\t\t<figure class=\"wpb_wrapper vc_figure\">\n\t\t\t<a href=\"http:\/\/maldives-paradise.com\/da\/kuramathi-island-resort\/\" target=\"_self\" class=\"vc_single_image-wrapper   vc_box_border_grey\"><img loading=\"lazy\" decoding=\"async\" width=\"150\" height=\"150\" src=\"https:\/\/maldives-paradise.com\/wp-content\/uploads\/2024\/02\/Kuramathi_Sandbank-400-150x150.jpg\" class=\"vc_single_image-img attachment-thumbnail\" alt=\"Kuramathi Island Resort\" title=\"Kuramathi_Sandbank-400\" \/><\/a>\n\t\t<\/figure>\n\t<\/div>\n<\/div><\/div><\/div><div class=\"wpb_column vc_column_container vc_col-sm-9\"><div class=\"vc_column-inner\"><div class=\"wpb_wrapper\">\n\t<div class=\"wpb_text_column wpb_content_element\" >\n\t\t<div class=\"wpb_wrapper\">\n\t\t\t<h4><a href=\"http:\/\/maldives-paradise.com\/da\/kuramathi-island-resort\/\">Kuramathi Island Resort<\/a><\/h4>\n<p>Kuramathi Island Resort er et fristed af naturlig sk\u00f8nhed, luksus og ro. Det er en uimodst\u00e5elig destination for rejsende, der l\u00e6nges efter en perfekt blanding af afslapning, eventyr og den betagende tiltr\u00e6kning fra den maldiviske \u00f8gruppe.<\/p>\n\n\t\t<\/div>\n\t<\/div>\n<\/div><\/div><\/div><\/div><div class=\"vc_row wpb_row vc_row-fluid\"><div class=\"wpb_column vc_column_container vc_col-sm-3\"><div class=\"vc_column-inner\"><div class=\"wpb_wrapper\">\n\t<div  class=\"wpb_single_image wpb_content_element vc_align_left wpb_content_element\">\n\t\t\n\t\t<figure class=\"wpb_wrapper vc_figure\">\n\t\t\t<a href=\"http:\/\/maldives-paradise.com\/da\/kuredu-island-resort-spa\/\" target=\"_self\" class=\"vc_single_image-wrapper   vc_box_border_grey\"><img loading=\"lazy\" decoding=\"async\" width=\"150\" height=\"150\" src=\"https:\/\/maldives-paradise.com\/wp-content\/uploads\/2024\/02\/kuredu3-150x150.jpg\" class=\"vc_single_image-img attachment-thumbnail\" alt=\"Kuredu Island Resort &amp; Spa\" title=\"kuredu3\" \/><\/a>\n\t\t<\/figure>\n\t<\/div>\n<\/div><\/div><\/div><div class=\"wpb_column vc_column_container vc_col-sm-9\"><div class=\"vc_column-inner\"><div class=\"wpb_wrapper\">\n\t<div class=\"wpb_text_column wpb_content_element\" >\n\t\t<div class=\"wpb_wrapper\">\n\t\t\t<h4><a href=\"http:\/\/maldives-paradise.com\/da\/kuredu-island-resort-spa\/\">Kuredu Island Resort &amp; Spa<\/a><\/h4>\n<p>Kuredu Island Resort &amp; Spa ligger p\u00e5 den maleriske \u00f8 Kuredu, beliggende inden for Lhaviyani-atollen. For at n\u00e5 dette \u00f8-paradis kan g\u00e6sterne v\u00e6lge en 40-minutters natursk\u00f8n transport med vandflyver. Fra bungalows ved stranden til villaer over vandet, hver enhed er omhyggeligt designet til at give den perfekte blanding af komfort og luksus.<\/p>\n\n\t\t<\/div>\n\t<\/div>\n<\/div><\/div><\/div><\/div><div class=\"vc_row wpb_row vc_row-fluid\"><div class=\"wpb_column vc_column_container vc_col-sm-3\"><div class=\"vc_column-inner\"><div class=\"wpb_wrapper\">\n\t<div  class=\"wpb_single_image wpb_content_element vc_align_left wpb_content_element\">\n\t\t\n\t\t<figure class=\"wpb_wrapper vc_figure\">\n\t\t\t<a href=\"http:\/\/maldives-paradise.com\/da\/makunudu-o\/\" target=\"_self\" class=\"vc_single_image-wrapper   vc_box_border_grey\"><img loading=\"lazy\" decoding=\"async\" width=\"150\" height=\"150\" src=\"https:\/\/maldives-paradise.com\/wp-content\/uploads\/2024\/02\/makundu-island-150x150.jpg\" class=\"vc_single_image-img attachment-thumbnail\" alt=\"Makunudu Island\" title=\"makundu-\u00f8en\" \/><\/a>\n\t\t<\/figure>\n\t<\/div>\n<\/div><\/div><\/div><div class=\"wpb_column vc_column_container vc_col-sm-9\"><div class=\"vc_column-inner\"><div class=\"wpb_wrapper\">\n\t<div class=\"wpb_text_column wpb_content_element\" >\n\t\t<div class=\"wpb_wrapper\">\n\t\t\t<h4><a href=\"http:\/\/maldives-paradise.com\/da\/makunudu-o\/\">Makunudu Island<\/a><\/h4>\n<p>Makunudu Island er et skjult paradis, der lover en uforglemmelig flugt. Dens afsondrede beliggenhed, rustikke indkvartering, dejlige retter og dedikation til b\u00e6redygtighed g\u00f8r det til det ideelle valg for rejsende, der s\u00f8ger en fredelig og autentisk maldivisk oplevelse.<\/p>\n\n\t\t<\/div>\n\t<\/div>\n<\/div><\/div><\/div><\/div><div class=\"vc_row wpb_row vc_row-fluid\"><div class=\"wpb_column vc_column_container vc_col-sm-3\"><div class=\"vc_column-inner\"><div class=\"wpb_wrapper\">\n\t<div  class=\"wpb_single_image wpb_content_element vc_align_left wpb_content_element\">\n\t\t\n\t\t<figure class=\"wpb_wrapper vc_figure\">\n\t\t\t<a href=\"http:\/\/maldives-paradise.com\/da\/malahini-kuda-bandos-resort\/\" target=\"_self\" class=\"vc_single_image-wrapper   vc_box_border_grey\"><img loading=\"lazy\" decoding=\"async\" width=\"150\" height=\"150\" src=\"https:\/\/maldives-paradise.com\/wp-content\/uploads\/2024\/02\/malahini-kuda-bandos400-150x150.jpg\" class=\"vc_single_image-img attachment-thumbnail\" alt=\"Malahini Kuda Bandos Resort\" title=\"malahini-kuda-bandos400\" \/><\/a>\n\t\t<\/figure>\n\t<\/div>\n<\/div><\/div><\/div><div class=\"wpb_column vc_column_container vc_col-sm-9\"><div class=\"vc_column-inner\"><div class=\"wpb_wrapper\">\n\t<div class=\"wpb_text_column wpb_content_element\" >\n\t\t<div class=\"wpb_wrapper\">\n\t\t\t<h4><a href=\"http:\/\/maldives-paradise.com\/da\/malahini-kuda-bandos-resort\/\">Malahini Kuda Bandos Resort<\/a><\/h4>\n<p>Malahini Kuda Bandos Resort er et tropisk fristed, der lover en ekstraordin\u00e6r tilflugtssted. Dens bekvemme beliggenhed, komfortable indkvartering, l\u00e6kre retter og engagement i b\u00e6redygtighed g\u00f8r det til det perfekte valg for rejsende, der s\u00f8ger afslapning og eventyr.<\/p>\n\n\t\t<\/div>\n\t<\/div>\n<\/div><\/div><\/div><\/div><div class=\"vc_row wpb_row vc_row-fluid\"><div class=\"wpb_column vc_column_container vc_col-sm-3\"><div class=\"vc_column-inner\"><div class=\"wpb_wrapper\">\n\t<div  class=\"wpb_single_image wpb_content_element vc_align_left wpb_content_element\">\n\t\t\n\t\t<figure class=\"wpb_wrapper vc_figure\">\n\t\t\t<a href=\"http:\/\/maldives-paradise.com\/da\/medhufushi-island-resort\/\" target=\"_self\" class=\"vc_single_image-wrapper   vc_box_border_grey\"><img loading=\"lazy\" decoding=\"async\" width=\"150\" height=\"150\" src=\"https:\/\/maldives-paradise.com\/wp-content\/uploads\/2024\/02\/medhufushi-island-resort-150x150.jpg\" class=\"vc_single_image-img attachment-thumbnail\" alt=\"Medhufushi Island Resort\" title=\"medhufushi-\u00f8-resort\" \/><\/a>\n\t\t<\/figure>\n\t<\/div>\n<\/div><\/div><\/div><div class=\"wpb_column vc_column_container vc_col-sm-9\"><div class=\"vc_column-inner\"><div class=\"wpb_wrapper\">\n\t<div class=\"wpb_text_column wpb_content_element\" >\n\t\t<div class=\"wpb_wrapper\">\n\t\t\t<h4><a href=\"http:\/\/maldives-paradise.com\/da\/medhufushi-island-resort\/\">Medhufushi Island Resort<\/a><\/h4>\n<p>Beliggende i dette paradis er <strong>Medhufushi Island Resort<\/strong>, et idyllisk tilflugtssted, der lover sindsro, eventyr og Maldivernes enest\u00e5ende sk\u00f8nhed. I denne artikel vil vi udforske, hvad der g\u00f8r Medhufushi Island Resort til en uimodst\u00e5elig destination for dem, der l\u00e6nges efter afslapning, eventyr og en smag af paradis.<\/p>\n\n\t\t<\/div>\n\t<\/div>\n<\/div><\/div><\/div><\/div><div class=\"vc_row wpb_row vc_row-fluid\"><div class=\"wpb_column vc_column_container vc_col-sm-3\"><div class=\"vc_column-inner\"><div class=\"wpb_wrapper\">\n\t<div  class=\"wpb_single_image wpb_content_element vc_align_left wpb_content_element\">\n\t\t\n\t\t<figure class=\"wpb_wrapper vc_figure\">\n\t\t\t<a href=\"http:\/\/maldives-paradise.com\/da\/meeru-maldiverne-resort-o\/\" target=\"_self\" class=\"vc_single_image-wrapper   vc_box_border_grey\"><img loading=\"lazy\" decoding=\"async\" width=\"150\" height=\"150\" src=\"https:\/\/maldives-paradise.com\/wp-content\/uploads\/2024\/02\/meeru2-150x150.jpg\" class=\"vc_single_image-img attachment-thumbnail\" alt=\"Meeru Maldives Resort Island\" title=\"meeru2\" \/><\/a>\n\t\t<\/figure>\n\t<\/div>\n<\/div><\/div><\/div><div class=\"wpb_column vc_column_container vc_col-sm-9\"><div class=\"vc_column-inner\"><div class=\"wpb_wrapper\">\n\t<div class=\"wpb_text_column wpb_content_element\" >\n\t\t<div class=\"wpb_wrapper\">\n\t\t\t<h4><a href=\"http:\/\/maldives-paradise.com\/da\/meeru-maldiverne-resort-o\/\">Meeru Maldives Resort Island<\/a><\/h4>\n<p>Meeru Maldives Resort Island er en <strong>Kun voksne<\/strong> og et idyllisk tilflugtssted, der lover en unik blanding af afslapning, eventyr og Maldivernes enest\u00e5ende sk\u00f8nhed. Resortet tilbyder en bred vifte af luksuri\u00f8se overnatningsmuligheder for at im\u00f8dekomme forskellige smag og pr\u00e6ferencer. Fra villaer ved stranden til bungalows over vandet.<\/p>\n\n\t\t<\/div>\n\t<\/div>\n<\/div><\/div><\/div><\/div><div class=\"vc_row wpb_row vc_row-fluid\"><div class=\"wpb_column vc_column_container vc_col-sm-12\"><div class=\"vc_column-inner\"><div class=\"wpb_wrapper\">\n\t<div class=\"wpb_text_column wpb_content_element\" >\n\t\t<div class=\"wpb_wrapper\">\n\t\t\t<h3>4-stjernede hoteller og feriesteder i Maldiverne\u00a0\u00a0<a href=\"http:\/\/maldives-paradise.com\/da\/4-stjernede-hoteller-resorts-i-maldiverne\/\">Side 1<\/a>\u00a0\u00a0 <a href=\"http:\/\/maldives-paradise.com\/da\/4-stjernede-hoteller-resorts-i-maldiverne-3\/\">Side 3<\/a>\u00a0 <a href=\"http:\/\/maldives-paradise.com\/da\/4-stjernede-hoteller-resorts-i-maldiverne-4\/\">Side 4<\/a><\/h3>\n\n\t\t<\/div>\n\t<\/div>\n<\/div><\/div><\/div><\/div>\n<\/div>","protected":false},"excerpt":{"rendered":"<div class=\"mh-excerpt\"><\/div>","protected":false},"author":1,"featured_media":10050,"parent":0,"menu_order":0,"comment_status":"closed","ping_status":"closed","template":"","meta":{"footnotes":""},"class_list":["post-10054","page","type-page","status-publish","has-post-thumbnail"],"aioseo_notices":[],"_links":{"self":[{"href":"http:\/\/maldives-paradise.com\/da\/wp-json\/wp\/v2\/pages\/10054","targetHints":{"allow":["GET"]}}],"collection":[{"href":"http:\/\/maldives-paradise.com\/da\/wp-json\/wp\/v2\/pages"}],"about":[{"href":"http:\/\/maldives-paradise.com\/da\/wp-json\/wp\/v2\/types\/page"}],"author":[{"embeddable":true,"href":"http:\/\/maldives-paradise.com\/da\/wp-json\/wp\/v2\/users\/1"}],"replies":[{"embeddable":true,"href":"http:\/\/maldives-paradise.com\/da\/wp-json\/wp\/v2\/comments?post=10054"}],"version-history":[{"count":6,"href":"http:\/\/maldives-paradise.com\/da\/wp-json\/wp\/v2\/pages\/10054\/revisions"}],"predecessor-version":[{"id":34285,"href":"http:\/\/maldives-paradise.com\/da\/wp-json\/wp\/v2\/pages\/10054\/revisions\/34285"}],"wp:featuredmedia":[{"embeddable":true,"href":"http:\/\/maldives-paradise.com\/da\/wp-json\/wp\/v2\/media\/10050"}],"wp:attachment":[{"href":"http:\/\/maldives-paradise.com\/da\/wp-json\/wp\/v2\/media?parent=10054"}],"curies":[{"name":"wp","href":"https:\/\/api.w.org\/{rel}","templated":true}]}}